{"id":2905,"date":"2023-04-03T13:32:21","date_gmt":"2023-04-03T10:32:21","guid":{"rendered":"https:\/\/pickaqua.com\/entdecke-lerne\/"},"modified":"2023-04-20T10:52:38","modified_gmt":"2023-04-20T07:52:38","slug":"entdecke-lerne","status":"publish","type":"page","link":"https:\/\/pickaqua.com\/de\/entdecke-lerne\/","title":{"rendered":"Entdecke &amp; Lerne"},"content":{"rendered":"\t\t<div data-elementor-type=\"wp-page\" data-elementor-id=\"2905\" class=\"elementor elementor-2905 elementor-2853\" data-elementor-post-type=\"page\">\n\t\t\t\t\t\t\t\t\t<section class=\"elementor-section elementor-top-section elementor-element elementor-element-85ab455 elementor-section-boxed elementor-section-height-default elementor-section-height-default\" data-id=\"85ab455\" data-element_type=\"section\" data-settings=\"{&quot;jet_parallax_layout_list&quot;:[]}\">\n\t\t\t\t\t\t<div class=\"elementor-container elementor-column-gap-default\">\n\t\t\t\t\t<div class=\"elementor-column elementor-col-100 elementor-top-column elementor-element elementor-element-234a4e5\" data-id=\"234a4e5\" data-element_type=\"column\">\n\t\t\t<div class=\"elementor-widget-wrap elementor-element-populated\">\n\t\t\t\t\t\t\t\t<div class=\"elementor-element elementor-element-2efe3bb elementor-widget elementor-widget-text-editor\" data-id=\"2efe3bb\" data-element_type=\"widget\" data-widget_type=\"text-editor.default\">\n\t\t\t\t<div class=\"elementor-widget-container\">\n\t\t\t<style>\/*! elementor - v3.14.0 - 26-06-2023 *\/\n.elementor-widget-text-editor.elementor-drop-cap-view-stacked .elementor-drop-cap{background-color:#69727d;color:#fff}.elementor-widget-text-editor.elementor-drop-cap-view-framed .elementor-drop-cap{color:#69727d;border:3px solid;background-color:transparent}.elementor-widget-text-editor:not(.elementor-drop-cap-view-default) .elementor-drop-cap{margin-top:8px}.elementor-widget-text-editor:not(.elementor-drop-cap-view-default) .elementor-drop-cap-letter{width:1em;height:1em}.elementor-widget-text-editor .elementor-drop-cap{float:left;text-align:center;line-height:1;font-size:50px}.elementor-widget-text-editor .elementor-drop-cap-letter{display:inline-block}<\/style>\t\t\t\t<p>Dieser Bereich ist speziell darauf ausgerichtet, Ihr Wissen und Verst\u00e4ndnis f\u00fcr Wasser und bestimmte Wasserparameter zu erweitern. Wir haben eine Vielzahl von Informationen und Lernmaterialien zusammengestellt, die ein breites Spektrum von Wasserparametern abdecken, um Ihnen zu helfen, die vielen Feinheiten dieser unglaublichen Ressource zu verstehen. <\/p>\n<p>In den Lernmaterialien finden Sie ausf\u00fchrliche Erkl\u00e4rungen zu allen Mineralien, die im Wasser vorkommen k\u00f6nnen, und zu ihren Auswirkungen auf unsere Gesundheit. Die Kombinationen dieser Mineralien und Spurenelemente bestimmen die Beschaffenheit, den Geschmack und die Heilkraft des Wassers. Um das perfekte Wasser zu w\u00e4hlen, muss man das Ziel kennen, das man erreichen will, und dann das Wasser nach seinen Eigenschaften ausw\u00e4hlen. Wie wir sagen, gibt es nicht das beste Wasser der Welt, aber es gibt das beste Wasser speziell f\u00fcr Sie, f\u00fcr einen bestimmten Zweck. Wenn Sie zum Beispiel den besten Tee der Welt zubereiten wollen, brauchen Sie ein Wasser, das dem Tee hilft, sein maximales Geschmacks- und Aromapotenzial zu entfalten, und es nicht blockiert, wie es die meisten harten W\u00e4sser tun. Andererseits ben\u00f6tigen Sie f\u00fcr die Erholung nach dem Sport mineralreiches und hartes Wasser. Die Bioverf\u00fcgbarkeit der Mineralien im Wasser h\u00e4ngt auch von den Anteilen der Mineralien ab.      <\/p>\n\t\t\t\t\t\t<\/div>\n\t\t\t\t<\/div>\n\t\t\t\t<div class=\"elementor-element elementor-element-4b98fea elementor-widget elementor-widget-heading\" data-id=\"4b98fea\" data-element_type=\"widget\" data-widget_type=\"heading.default\">\n\t\t\t\t<div class=\"elementor-widget-container\">\n\t\t\t<style>\/*! elementor - v3.14.0 - 26-06-2023 *\/\n.elementor-heading-title{padding:0;margin:0;line-height:1}.elementor-widget-heading .elementor-heading-title[class*=elementor-size-]>a{color:inherit;font-size:inherit;line-height:inherit}.elementor-widget-heading .elementor-heading-title.elementor-size-small{font-size:15px}.elementor-widget-heading .elementor-heading-title.elementor-size-medium{font-size:19px}.elementor-widget-heading .elementor-heading-title.elementor-size-large{font-size:29px}.elementor-widget-heading .elementor-heading-title.elementor-size-xl{font-size:39px}.elementor-widget-heading .elementor-heading-title.elementor-size-xxl{font-size:59px}<\/style><h2 class=\"elementor-heading-title elementor-size-default\">Was ist das beste Wasser?<\/h2>\t\t<\/div>\n\t\t\t\t<\/div>\n\t\t\t\t<div class=\"elementor-element elementor-element-3cff6b3 elementor-widget__width-initial elementor-widget elementor-widget-video\" data-id=\"3cff6b3\" data-element_type=\"widget\" data-settings=\"{&quot;youtube_url&quot;:&quot;https:\\\/\\\/youtu.be\\\/-TaZA1xDAXE&quot;,&quot;video_type&quot;:&quot;youtube&quot;,&quot;controls&quot;:&quot;yes&quot;}\" data-widget_type=\"video.default\">\n\t\t\t\t<div class=\"elementor-widget-container\">\n\t\t\t<style>\/*! elementor - v3.14.0 - 26-06-2023 *\/\n.elementor-widget-video .elementor-widget-container{overflow:hidden;transform:translateZ(0)}.elementor-widget-video .elementor-wrapper{aspect-ratio:var(--video-aspect-ratio)}.elementor-widget-video .elementor-wrapper iframe,.elementor-widget-video .elementor-wrapper video{height:100%;width:100%;display:flex;border:none;background-color:#000}@supports not (aspect-ratio:1\/1){.elementor-widget-video .elementor-wrapper{position:relative;overflow:hidden;height:0;padding-bottom:calc(100% \/ var(--video-aspect-ratio))}.elementor-widget-video .elementor-wrapper iframe,.elementor-widget-video .elementor-wrapper video{position:absolute;top:0;right:0;bottom:0;left:0}}.elementor-widget-video .elementor-open-inline .elementor-custom-embed-image-overlay{position:absolute;top:0;left:0;width:100%;height:100%;background-size:cover;background-position:50%}.elementor-widget-video .elementor-custom-embed-image-overlay{cursor:pointer;text-align:center}.elementor-widget-video .elementor-custom-embed-image-overlay:hover .elementor-custom-embed-play i{opacity:1}.elementor-widget-video .elementor-custom-embed-image-overlay img{display:block;width:100%}.elementor-widget-video .e-hosted-video .elementor-video{-o-object-fit:cover;object-fit:cover}.e-con-inner>.elementor-widget-video,.e-con>.elementor-widget-video{width:var(--container-widget-width);--flex-grow:var(--container-widget-flex-grow)}<\/style>\t\t<div class=\"elementor-wrapper elementor-open-inline\">\n\t\t\t<div class=\"elementor-video\"><\/div>\t\t<\/div>\n\t\t\t\t<\/div>\n\t\t\t\t<\/div>\n\t\t\t\t<div class=\"elementor-element elementor-element-3e57412 elementor-widget elementor-widget-text-editor\" data-id=\"3e57412\" data-element_type=\"widget\" data-widget_type=\"text-editor.default\">\n\t\t\t\t<div class=\"elementor-widget-container\">\n\t\t\t\t\t\t\t<p>Wenn Sie also die Kombinationen und Heilf\u00e4higkeiten der einzelnen Wassertypen kennen, k\u00f6nnen Sie das Wasser mit seinem maximalen Potenzial nutzen. Wasser muss nicht reich an Mineralien sein, um eine heilende Wirkung zu haben, jedes Wasser hat seine eigenen Kr\u00e4fte. Unsere Aufgabe ist es, die wirkliche und wahre Natur der Wassereigenschaften zu erkl\u00e4ren.  <\/p>\n\t\t\t\t\t\t<\/div>\n\t\t\t\t<\/div>\n\t\t\t\t<div class=\"elementor-element elementor-element-6f281d0 elementor-widget__width-initial elementor-widget elementor-widget-video\" data-id=\"6f281d0\" data-element_type=\"widget\" data-settings=\"{&quot;youtube_url&quot;:&quot;https:\\\/\\\/www.youtube.com\\\/watch?v=nYkYm-LcrV8&amp;t=25s&amp;ab_channel=PickAqua &quot;,&quot;video_type&quot;:&quot;youtube&quot;,&quot;controls&quot;:&quot;yes&quot;}\" data-widget_type=\"video.default\">\n\t\t\t\t<div class=\"elementor-widget-container\">\n\t\t\t\t\t<div class=\"elementor-wrapper elementor-open-inline\">\n\t\t\t<div class=\"elementor-video\"><\/div>\t\t<\/div>\n\t\t\t\t<\/div>\n\t\t\t\t<\/div>\n\t\t\t\t<div class=\"elementor-element elementor-element-072258a elementor-widget elementor-widget-text-editor\" data-id=\"072258a\" data-element_type=\"widget\" data-widget_type=\"text-editor.default\">\n\t\t\t\t<div class=\"elementor-widget-container\">\n\t\t\t\t\t\t\t<p>Hier finden Sie Informationen zu verschiedenen Begriffen und Vorschriften im Zusammenhang mit Wasser. Bestimmte Begriffe werden in den einzelnen L\u00e4ndern unterschiedlich verwendet, und auch die Vorschriften \u00fcber den Gehalt an Mineralien und Spurenelementen im Wasser sind in den einzelnen L\u00e4ndern unterschiedlich. Dies f\u00fchrt sehr oft dazu, dass der Endverbraucher die wahre Bedeutung der Informationen aus verschiedenen Quellen nicht richtig versteht. In der <a href=\"\">PickAqua-App<\/a> finden Sie stets alle notwendigen Erkl\u00e4rungen zum Wassergehalt, die sich vor allem an den europ\u00e4ischen Gesetzen und Vorschriften orientieren.   <\/p>\n<p>In der Rubrik &#8222;H\u00e4ufig gestellte Fragen&#8220; finden Sie sicher wertvolle Informationen und Antworten auf Fragen, die Ihr Verst\u00e4ndnis von Wasser erweitern.<\/p>\n<\/p>\n<p>Wer sein Wissen in Begleitung von Fachleuten erweitern m\u00f6chte, nimmt am besten an einer Online- oder Pr\u00e4senzschulung teil. <a href=\"https:\/\/waterambassador.org\/en\/front-en\/\">Hier k\u00f6nnen Sie sich mit dem Schulungsprogramm und den aktuell verf\u00fcgbaren Materialien vertraut machen<\/a>.<\/p>\n\t\t\t\t\t\t<\/div>\n\t\t\t\t<\/div>\n\t\t\t\t\t<\/div>\n\t\t<\/div>\n\t\t\t\t\t\t\t<\/div>\n\t\t<\/section>\n\t\t\t\t\t\t\t<\/div>\n\t\t","protected":false},"excerpt":{"rendered":"<p>Dieser Bereich ist speziell darauf ausgerichtet, Ihr Wissen und Verst\u00e4ndnis f\u00fcr Wasser und bestimmte Wasserparameter zu erweitern. Wir haben eine Vielzahl von Informationen und Lernmaterialien zusammengestellt, die ein breites Spektrum von Wasserparametern abdecken, um Ihnen zu helfen, die vielen Feinheiten dieser unglaublichen Ressource zu verstehen. In den Lernmaterialien finden Sie ausf\u00fchrliche Erkl\u00e4rungen zu allen Mineralien, [&hellip;]<\/p>\n","protected":false},"author":1,"featured_media":5785,"parent":0,"menu_order":0,"comment_status":"closed","ping_status":"closed","template":"","meta":{"footnotes":""},"acf":[],"yoast_head":"<!-- This site is optimized with the Yoast SEO plugin v21.2 - https:\/\/yoast.com\/wordpress\/plugins\/seo\/ -->\n<title>Entdecke &amp; Lerne - PickAqua<\/title>\n<meta name=\"robots\" content=\"index, follow, max-snippet:-1, max-image-preview:large, max-video-preview:-1\" \/>\n<link rel=\"canonical\" href=\"https:\/\/pickaqua.com\/de\/entdecke-lerne\/\" \/>\n<meta property=\"og:locale\" content=\"de_DE\" \/>\n<meta property=\"og:type\" content=\"article\" \/>\n<meta property=\"og:title\" content=\"Entdecke &amp; Lerne - PickAqua\" \/>\n<meta property=\"og:description\" content=\"Dieser Bereich ist speziell darauf ausgerichtet, Ihr Wissen und Verst\u00e4ndnis f\u00fcr Wasser und bestimmte Wasserparameter zu erweitern. Wir haben eine Vielzahl von Informationen und Lernmaterialien zusammengestellt, die ein breites Spektrum von Wasserparametern abdecken, um Ihnen zu helfen, die vielen Feinheiten dieser unglaublichen Ressource zu verstehen. In den Lernmaterialien finden Sie ausf\u00fchrliche Erkl\u00e4rungen zu allen Mineralien, [&hellip;]\" \/>\n<meta property=\"og:url\" content=\"https:\/\/pickaqua.com\/de\/entdecke-lerne\/\" \/>\n<meta property=\"og:site_name\" content=\"PickAqua\" \/>\n<meta property=\"article:publisher\" content=\"https:\/\/www.facebook.com\/pickaquaapp\/\" \/>\n<meta property=\"article:modified_time\" content=\"2023-04-20T07:52:38+00:00\" \/>\n<meta property=\"og:image\" content=\"https:\/\/pickaqua.com\/wp-content\/uploads\/2023\/07\/watershop.jpg\" \/>\n\t<meta property=\"og:image:width\" content=\"867\" \/>\n\t<meta property=\"og:image:height\" content=\"528\" \/>\n\t<meta property=\"og:image:type\" content=\"image\/jpeg\" \/>\n<meta name=\"twitter:card\" content=\"summary_large_image\" \/>\n<meta name=\"twitter:label1\" content=\"Gesch\u00e4tzte Lesezeit\" \/>\n\t<meta name=\"twitter:data1\" content=\"2 Minuten\" \/>\n<script type=\"application\/ld+json\" class=\"yoast-schema-graph\">{\"@context\":\"https:\/\/schema.org\",\"@graph\":[{\"@type\":\"WebPage\",\"@id\":\"https:\/\/pickaqua.com\/de\/entdecke-lerne\/\",\"url\":\"https:\/\/pickaqua.com\/de\/entdecke-lerne\/\",\"name\":\"Entdecke &amp; Lerne - PickAqua\",\"isPartOf\":{\"@id\":\"https:\/\/pickaqua.com\/#website\"},\"datePublished\":\"2023-04-03T10:32:21+00:00\",\"dateModified\":\"2023-04-20T07:52:38+00:00\",\"breadcrumb\":{\"@id\":\"https:\/\/pickaqua.com\/de\/entdecke-lerne\/#breadcrumb\"},\"inLanguage\":\"de-DE\",\"potentialAction\":[{\"@type\":\"ReadAction\",\"target\":[\"https:\/\/pickaqua.com\/de\/entdecke-lerne\/\"]}]},{\"@type\":\"BreadcrumbList\",\"@id\":\"https:\/\/pickaqua.com\/de\/entdecke-lerne\/#breadcrumb\",\"itemListElement\":[{\"@type\":\"ListItem\",\"position\":1,\"name\":\"Home\",\"item\":\"https:\/\/pickaqua.com\/de\/\"},{\"@type\":\"ListItem\",\"position\":2,\"name\":\"Entdecke &amp; Lerne\"}]},{\"@type\":\"WebSite\",\"@id\":\"https:\/\/pickaqua.com\/#website\",\"url\":\"https:\/\/pickaqua.com\/\",\"name\":\"PickAqua\",\"description\":\"World&#039;s first water choice app\",\"publisher\":{\"@id\":\"https:\/\/pickaqua.com\/#organization\"},\"potentialAction\":[{\"@type\":\"SearchAction\",\"target\":{\"@type\":\"EntryPoint\",\"urlTemplate\":\"https:\/\/pickaqua.com\/?s={search_term_string}\"},\"query-input\":\"required name=search_term_string\"}],\"inLanguage\":\"de-DE\"},{\"@type\":\"Organization\",\"@id\":\"https:\/\/pickaqua.com\/#organization\",\"name\":\"PickAqua\",\"url\":\"https:\/\/pickaqua.com\/\",\"logo\":{\"@type\":\"ImageObject\",\"inLanguage\":\"de-DE\",\"@id\":\"https:\/\/pickaqua.com\/#\/schema\/logo\/image\/\",\"url\":\"https:\/\/pickaqua.com\/wp-content\/uploads\/2023\/03\/Horizontal-logo_blue1-1.png\",\"contentUrl\":\"https:\/\/pickaqua.com\/wp-content\/uploads\/2023\/03\/Horizontal-logo_blue1-1.png\",\"width\":177,\"height\":176,\"caption\":\"PickAqua\"},\"image\":{\"@id\":\"https:\/\/pickaqua.com\/#\/schema\/logo\/image\/\"},\"sameAs\":[\"https:\/\/www.facebook.com\/pickaquaapp\/\",\"https:\/\/www.instagram.com\/pickaqua\/\"]}]}<\/script>\n<!-- \/ Yoast SEO plugin. -->","yoast_head_json":{"title":"Entdecke &amp; Lerne - PickAqua","robots":{"index":"index","follow":"follow","max-snippet":"max-snippet:-1","max-image-preview":"max-image-preview:large","max-video-preview":"max-video-preview:-1"},"canonical":"https:\/\/pickaqua.com\/de\/entdecke-lerne\/","og_locale":"de_DE","og_type":"article","og_title":"Entdecke &amp; Lerne - PickAqua","og_description":"Dieser Bereich ist speziell darauf ausgerichtet, Ihr Wissen und Verst\u00e4ndnis f\u00fcr Wasser und bestimmte Wasserparameter zu erweitern. Wir haben eine Vielzahl von Informationen und Lernmaterialien zusammengestellt, die ein breites Spektrum von Wasserparametern abdecken, um Ihnen zu helfen, die vielen Feinheiten dieser unglaublichen Ressource zu verstehen. In den Lernmaterialien finden Sie ausf\u00fchrliche Erkl\u00e4rungen zu allen Mineralien, [&hellip;]","og_url":"https:\/\/pickaqua.com\/de\/entdecke-lerne\/","og_site_name":"PickAqua","article_publisher":"https:\/\/www.facebook.com\/pickaquaapp\/","article_modified_time":"2023-04-20T07:52:38+00:00","og_image":[{"width":867,"height":528,"url":"https:\/\/pickaqua.com\/wp-content\/uploads\/2023\/07\/watershop.jpg","type":"image\/jpeg"}],"twitter_card":"summary_large_image","twitter_misc":{"Gesch\u00e4tzte Lesezeit":"2 Minuten"},"schema":{"@context":"https:\/\/schema.org","@graph":[{"@type":"WebPage","@id":"https:\/\/pickaqua.com\/de\/entdecke-lerne\/","url":"https:\/\/pickaqua.com\/de\/entdecke-lerne\/","name":"Entdecke &amp; Lerne - PickAqua","isPartOf":{"@id":"https:\/\/pickaqua.com\/#website"},"datePublished":"2023-04-03T10:32:21+00:00","dateModified":"2023-04-20T07:52:38+00:00","breadcrumb":{"@id":"https:\/\/pickaqua.com\/de\/entdecke-lerne\/#breadcrumb"},"inLanguage":"de-DE","potentialAction":[{"@type":"ReadAction","target":["https:\/\/pickaqua.com\/de\/entdecke-lerne\/"]}]},{"@type":"BreadcrumbList","@id":"https:\/\/pickaqua.com\/de\/entdecke-lerne\/#breadcrumb","itemListElement":[{"@type":"ListItem","position":1,"name":"Home","item":"https:\/\/pickaqua.com\/de\/"},{"@type":"ListItem","position":2,"name":"Entdecke &amp; Lerne"}]},{"@type":"WebSite","@id":"https:\/\/pickaqua.com\/#website","url":"https:\/\/pickaqua.com\/","name":"PickAqua","description":"World&#039;s first water choice app","publisher":{"@id":"https:\/\/pickaqua.com\/#organization"},"potentialAction":[{"@type":"SearchAction","target":{"@type":"EntryPoint","urlTemplate":"https:\/\/pickaqua.com\/?s={search_term_string}"},"query-input":"required name=search_term_string"}],"inLanguage":"de-DE"},{"@type":"Organization","@id":"https:\/\/pickaqua.com\/#organization","name":"PickAqua","url":"https:\/\/pickaqua.com\/","logo":{"@type":"ImageObject","inLanguage":"de-DE","@id":"https:\/\/pickaqua.com\/#\/schema\/logo\/image\/","url":"https:\/\/pickaqua.com\/wp-content\/uploads\/2023\/03\/Horizontal-logo_blue1-1.png","contentUrl":"https:\/\/pickaqua.com\/wp-content\/uploads\/2023\/03\/Horizontal-logo_blue1-1.png","width":177,"height":176,"caption":"PickAqua"},"image":{"@id":"https:\/\/pickaqua.com\/#\/schema\/logo\/image\/"},"sameAs":["https:\/\/www.facebook.com\/pickaquaapp\/","https:\/\/www.instagram.com\/pickaqua\/"]}]}},"_links":{"self":[{"href":"https:\/\/pickaqua.com\/de\/wp-json\/wp\/v2\/pages\/2905"}],"collection":[{"href":"https:\/\/pickaqua.com\/de\/wp-json\/wp\/v2\/pages"}],"about":[{"href":"https:\/\/pickaqua.com\/de\/wp-json\/wp\/v2\/types\/page"}],"author":[{"embeddable":true,"href":"https:\/\/pickaqua.com\/de\/wp-json\/wp\/v2\/users\/1"}],"replies":[{"embeddable":true,"href":"https:\/\/pickaqua.com\/de\/wp-json\/wp\/v2\/comments?post=2905"}],"version-history":[{"count":5,"href":"https:\/\/pickaqua.com\/de\/wp-json\/wp\/v2\/pages\/2905\/revisions"}],"predecessor-version":[{"id":3361,"href":"https:\/\/pickaqua.com\/de\/wp-json\/wp\/v2\/pages\/2905\/revisions\/3361"}],"wp:featuredmedia":[{"embeddable":true,"href":"https:\/\/pickaqua.com\/de\/wp-json\/wp\/v2\/media\/5785"}],"wp:attachment":[{"href":"https:\/\/pickaqua.com\/de\/wp-json\/wp\/v2\/media?parent=2905"}],"curies":[{"name":"wp","href":"https:\/\/api.w.org\/{rel}","templated":true}]}}