{"id":2917,"date":"2023-04-03T14:59:37","date_gmt":"2023-04-03T11:59:37","guid":{"rendered":"https:\/\/pickaqua.com\/online-kurs\/"},"modified":"2024-02-06T18:52:00","modified_gmt":"2024-02-06T15:52:00","slug":"online-kurs","status":"publish","type":"page","link":"https:\/\/pickaqua.com\/de\/entdecke-lerne\/online-kurs\/","title":{"rendered":"Online-Kurs"},"content":{"rendered":"\t\t<div data-elementor-type=\"wp-page\" data-elementor-id=\"2917\" class=\"elementor elementor-2917 elementor-2891\" data-elementor-post-type=\"page\">\n\t\t\t\t\t\t\t\t\t<section class=\"elementor-section elementor-top-section elementor-element elementor-element-7d35476 elementor-section-boxed elementor-section-height-default elementor-section-height-default\" data-id=\"7d35476\" data-element_type=\"section\" data-settings=\"{&quot;jet_parallax_layout_list&quot;:[]}\">\n\t\t\t\t\t\t<div class=\"elementor-container elementor-column-gap-default\">\n\t\t\t\t\t<div class=\"elementor-column elementor-col-100 elementor-top-column elementor-element elementor-element-7624f9f\" data-id=\"7624f9f\" data-element_type=\"column\">\n\t\t\t<div class=\"elementor-widget-wrap elementor-element-populated\">\n\t\t\t\t\t\t\t\t<div class=\"elementor-element elementor-element-df68bec elementor-widget elementor-widget-image\" data-id=\"df68bec\" data-element_type=\"widget\" data-widget_type=\"image.default\">\n\t\t\t\t<div class=\"elementor-widget-container\">\n\t\t\t<style>\/*! elementor - v3.14.0 - 26-06-2023 *\/\n.elementor-widget-image{text-align:center}.elementor-widget-image a{display:inline-block}.elementor-widget-image a img[src$=\".svg\"]{width:48px}.elementor-widget-image img{vertical-align:middle;display:inline-block}<\/style>\t\t\t\t\t\t\t\t\t\t\t\t<img decoding=\"async\" loading=\"lazy\" width=\"600\" height=\"400\" src=\"https:\/\/pickaqua.com\/wp-content\/uploads\/2023\/05\/photo_2023-05-08_15-51-16-600x400.jpg\" class=\"attachment-woocommerce_single size-woocommerce_single wp-image-4016\" alt=\"\" srcset=\"https:\/\/pickaqua.com\/wp-content\/uploads\/2023\/05\/photo_2023-05-08_15-51-16-600x400.jpg 600w, https:\/\/pickaqua.com\/wp-content\/uploads\/2023\/05\/photo_2023-05-08_15-51-16-300x200.jpg 300w, https:\/\/pickaqua.com\/wp-content\/uploads\/2023\/05\/photo_2023-05-08_15-51-16-1024x682.jpg 1024w, https:\/\/pickaqua.com\/wp-content\/uploads\/2023\/05\/photo_2023-05-08_15-51-16-768x512.jpg 768w, https:\/\/pickaqua.com\/wp-content\/uploads\/2023\/05\/photo_2023-05-08_15-51-16.jpg 1280w\" sizes=\"(max-width: 600px) 100vw, 600px\" \/>\t\t\t\t\t\t\t\t\t\t\t\t\t\t\t<\/div>\n\t\t\t\t<\/div>\n\t\t\t\t<div class=\"elementor-element elementor-element-1a073ec elementor-widget elementor-widget-text-editor\" data-id=\"1a073ec\" data-element_type=\"widget\" data-widget_type=\"text-editor.default\">\n\t\t\t\t<div class=\"elementor-widget-container\">\n\t\t\t<style>\/*! elementor - v3.14.0 - 26-06-2023 *\/\n.elementor-widget-text-editor.elementor-drop-cap-view-stacked .elementor-drop-cap{background-color:#69727d;color:#fff}.elementor-widget-text-editor.elementor-drop-cap-view-framed .elementor-drop-cap{color:#69727d;border:3px solid;background-color:transparent}.elementor-widget-text-editor:not(.elementor-drop-cap-view-default) .elementor-drop-cap{margin-top:8px}.elementor-widget-text-editor:not(.elementor-drop-cap-view-default) .elementor-drop-cap-letter{width:1em;height:1em}.elementor-widget-text-editor .elementor-drop-cap{float:left;text-align:center;line-height:1;font-size:50px}.elementor-widget-text-editor .elementor-drop-cap-letter{display:inline-block}<\/style>\t\t\t\t<p>&#8222;The Art of Water Choice&#8220; ist ein Online-Kurs, der Ihnen helfen soll, das f\u00fcr Ihre Bed\u00fcrfnisse am besten geeignete Wasser auszuw\u00e4hlen. Wasser ist ein wesentlicher Bestandteil unseres t\u00e4glichen Lebens, doch die meisten Menschen haben keine Ahnung, wie sie das richtige Wasser f\u00fcr ihre Gesundheit ausw\u00e4hlen sollen. Das Trinken der empfohlenen Mindestmenge von 2 Litern ist ebenso wichtig wie die mineralische Zusammensetzung des Wassers, seine Reinheit und die Trinktechnik selbst, um eine maximale Hydratation des K\u00f6rpers von innen heraus zu erreichen.  <\/p>\n<p>In diesem Kurs f\u00fchrt Sie der Top-Experte auf dem Gebiet der Wasserauswahl, der Wassersommelier Dan Volevah, durch den Prozess der Auswahl des besten Qualit\u00e4tswassers, das auf Ihre spezifischen Bed\u00fcrfnisse zugeschnitten ist. Dieser Kurs ist perfekt f\u00fcr alle, die gesundheitsbewusst sind und ihre allgemeine Gesundheit und ihr Wohlbefinden optimieren m\u00f6chten. <\/p>\n\t\t\t\t\t\t<\/div>\n\t\t\t\t<\/div>\n\t\t\t\t<div class=\"elementor-element elementor-element-8bbb50d elementor-widget elementor-widget-heading\" data-id=\"8bbb50d\" data-element_type=\"widget\" data-widget_type=\"heading.default\">\n\t\t\t\t<div class=\"elementor-widget-container\">\n\t\t\t<style>\/*! elementor - v3.14.0 - 26-06-2023 *\/\n.elementor-heading-title{padding:0;margin:0;line-height:1}.elementor-widget-heading .elementor-heading-title[class*=elementor-size-]>a{color:inherit;font-size:inherit;line-height:inherit}.elementor-widget-heading .elementor-heading-title.elementor-size-small{font-size:15px}.elementor-widget-heading .elementor-heading-title.elementor-size-medium{font-size:19px}.elementor-widget-heading .elementor-heading-title.elementor-size-large{font-size:29px}.elementor-widget-heading .elementor-heading-title.elementor-size-xl{font-size:39px}.elementor-widget-heading .elementor-heading-title.elementor-size-xxl{font-size:59px}<\/style><h2 class=\"elementor-heading-title elementor-size-default\"> Wasser ist definitiv die mysteri\u00f6seste Substanz im gesamten Universum.<\/h2>\t\t<\/div>\n\t\t\t\t<\/div>\n\t\t\t\t<div class=\"elementor-element elementor-element-4aac58a elementor-widget__width-initial elementor-widget elementor-widget-video\" data-id=\"4aac58a\" data-element_type=\"widget\" data-settings=\"{&quot;youtube_url&quot;:&quot;https:\\\/\\\/youtu.be\\\/E5eExG1uUZU&quot;,&quot;video_type&quot;:&quot;youtube&quot;,&quot;controls&quot;:&quot;yes&quot;}\" data-widget_type=\"video.default\">\n\t\t\t\t<div class=\"elementor-widget-container\">\n\t\t\t<style>\/*! elementor - v3.14.0 - 26-06-2023 *\/\n.elementor-widget-video .elementor-widget-container{overflow:hidden;transform:translateZ(0)}.elementor-widget-video .elementor-wrapper{aspect-ratio:var(--video-aspect-ratio)}.elementor-widget-video .elementor-wrapper iframe,.elementor-widget-video .elementor-wrapper video{height:100%;width:100%;display:flex;border:none;background-color:#000}@supports not (aspect-ratio:1\/1){.elementor-widget-video .elementor-wrapper{position:relative;overflow:hidden;height:0;padding-bottom:calc(100% \/ var(--video-aspect-ratio))}.elementor-widget-video .elementor-wrapper iframe,.elementor-widget-video .elementor-wrapper video{position:absolute;top:0;right:0;bottom:0;left:0}}.elementor-widget-video .elementor-open-inline .elementor-custom-embed-image-overlay{position:absolute;top:0;left:0;width:100%;height:100%;background-size:cover;background-position:50%}.elementor-widget-video .elementor-custom-embed-image-overlay{cursor:pointer;text-align:center}.elementor-widget-video .elementor-custom-embed-image-overlay:hover .elementor-custom-embed-play i{opacity:1}.elementor-widget-video .elementor-custom-embed-image-overlay img{display:block;width:100%}.elementor-widget-video .e-hosted-video .elementor-video{-o-object-fit:cover;object-fit:cover}.e-con-inner>.elementor-widget-video,.e-con>.elementor-widget-video{width:var(--container-widget-width);--flex-grow:var(--container-widget-flex-grow)}<\/style>\t\t<div class=\"elementor-wrapper elementor-open-inline\">\n\t\t\t<div class=\"elementor-video\"><\/div>\t\t<\/div>\n\t\t\t\t<\/div>\n\t\t\t\t<\/div>\n\t\t\t\t<div class=\"elementor-element elementor-element-6904616 elementor-align-left elementor-widget elementor-widget-button\" data-id=\"6904616\" data-element_type=\"widget\" data-widget_type=\"button.default\">\n\t\t\t\t<div class=\"elementor-widget-container\">\n\t\t\t\t\t<div class=\"elementor-button-wrapper\">\n\t\t\t<a class=\"elementor-button elementor-button-link elementor-size-sm\" href=\"https:\/\/waterambassador.org\/en\/front-en\/\">\n\t\t\t\t\t\t<span class=\"elementor-button-content-wrapper\">\n\t\t\t\t\t\t<span class=\"elementor-button-text\">Werden Sie Wasser-Botschafter<\/span>\n\t\t<\/span>\n\t\t\t\t\t<\/a>\n\t\t<\/div>\n\t\t\t\t<\/div>\n\t\t\t\t<\/div>\n\t\t\t\t\t<\/div>\n\t\t<\/div>\n\t\t\t\t\t\t\t<\/div>\n\t\t<\/section>\n\t\t\t\t<section class=\"elementor-section elementor-top-section elementor-element elementor-element-7a3ca48 elementor-section-boxed elementor-section-height-default elementor-section-height-default\" data-id=\"7a3ca48\" data-element_type=\"section\" data-settings=\"{&quot;jet_parallax_layout_list&quot;:[]}\">\n\t\t\t\t\t\t<div class=\"elementor-container elementor-column-gap-default\">\n\t\t\t\t\t<div class=\"elementor-column elementor-col-100 elementor-top-column elementor-element elementor-element-1961347\" data-id=\"1961347\" data-element_type=\"column\">\n\t\t\t<div class=\"elementor-widget-wrap elementor-element-populated\">\n\t\t\t\t\t\t\t\t<div class=\"elementor-element elementor-element-ad39d13 elementor-widget elementor-widget-text-editor\" data-id=\"ad39d13\" data-element_type=\"widget\" data-widget_type=\"text-editor.default\">\n\t\t\t\t<div class=\"elementor-widget-container\">\n\t\t\t\t\t\t\t<p><strong>&#8222;W\u00e4hrend unseres Lebens trinken wir etwa 50 Tausend Liter Wasser, und unser K\u00f6rper ist der Filter dieses Wassers. Die mineralische Zusammensetzung und die allgemeine Qualit\u00e4t des Wassers spielen eine gro\u00dfe Rolle.&#8220; Dan Volevah <\/p>\n<p><\/strong><\/p>\n<p><a href=\"https:\/\/pickaqua.com\/de\/contactos\/\">Es gibt auch eine Abk\u00fcrzung, indem Sie sich direkt mit unseren Spezialisten in Verbindung setzen und eine pers\u00f6nliche Beratung \u00fcber die in Ihrem Land verf\u00fcgbare Wasserauswahl erhalten. Z\u00f6gern Sie nicht, sich mit uns in Verbindung zu setzen. <\/a><\/p>\n<p>Wir sind davon \u00fcberzeugt, dass der menschliche K\u00f6rper von der richtigen Wahl des Wassers profitiert, und bei &#8222;The Art of Water Choice&#8220; haben wir uns zum Ziel gesetzt, Sie dabei zu unterst\u00fctzen.<\/p>\n<p>In einer Reihe von augen\u00f6ffnenden Modulen lernen Sie die verschiedenen Arten von abgef\u00fclltem Wasser auf dem Markt, ihre Vorteile und die wesentlichen Faktoren kennen, die erforderlich sind, um fundierte Kaufentscheidungen zu treffen, die auf Ihren individuellen Bed\u00fcrfnissen basieren. Wir bringen Ihnen die Grundlagen bei, wie z. B. das Verstehen von Wasseretiketten und die Vorteile jedes Wassers, aber auch die differenzierteren Aspekte, wie z. B. die Auswahl von Wasser entsprechend Ihrem Lebensstil und Ihren Ern\u00e4hrungsbed\u00fcrfnissen. <\/p>\n<p>Unser Kurs bietet Ihnen einen umfassenden Fahrplan, um ein Experte in der Kunst der Wasserauswahl zu werden. Am Ende des Programms werden Sie in der Lage sein, selbstbewusst das beste Wasser f\u00fcr Ihre Gesundheit und Ihren Lebensstil zu finden und zu kaufen. <\/p>\n<p>Die Vorteile des Konsums von hochwertigem Wasser sind endlos. Bewusste Entscheidungen und das Trinken der richtigen Art von Wasser k\u00f6nnen Ihr Immunsystem und Ihre sportliche Leistung erheblich verbessern, Ihre Energie steigern, Ihre Verdauung verbessern und Ihre allgemeine Gesundheit f\u00f6rdern. <\/p>\n<p>Die Teilnahme an &#8222;The Art of Water Choice&#8220; (Die Kunst der Wasserwahl) ist ein unbedingtes Muss, wenn Sie das bestm\u00f6gliche Ergebnis f\u00fcr Ihre Gesundheit erreichen wollen. Der Kurs bietet Ihnen die einmalige Gelegenheit, von Experten auf diesem Gebiet zu lernen und umsetzbares Wissen zu erwerben, das Ihren Wasserkonsum in Zukunft revolutionieren kann. <\/p>\n<p>Lassen Sie sich diese Gelegenheit nicht entgehen. Beginnen Sie Ihre Reise zu optimaler Gesundheit noch heute, denn Sie trinken jeden Tag Wasser &#8211; melden Sie sich jetzt f\u00fcr &#8222;The Art of Water Choice&#8220; an! <\/p>\n\t\t\t\t\t\t<\/div>\n\t\t\t\t<\/div>\n\t\t\t\t<div class=\"elementor-element elementor-element-b89e52b elementor-widget elementor-widget-heading\" data-id=\"b89e52b\" data-element_type=\"widget\" data-widget_type=\"heading.default\">\n\t\t\t\t<div class=\"elementor-widget-container\">\n\t\t\t<h2 class=\"elementor-heading-title elementor-size-default\">Wassersommelier Dan Volevah in der Talent Show \"The Brain\"<\/h2>\t\t<\/div>\n\t\t\t\t<\/div>\n\t\t\t\t<div class=\"elementor-element elementor-element-43c7c12 elementor-widget__width-initial elementor-widget elementor-widget-video\" data-id=\"43c7c12\" data-element_type=\"widget\" data-settings=\"{&quot;youtube_url&quot;:&quot;https:\\\/\\\/www.youtube.com\\\/watch?v=VOYR3axBKxw&amp;t=11s&amp;ab_channel=PickAqua&quot;,&quot;video_type&quot;:&quot;youtube&quot;,&quot;controls&quot;:&quot;yes&quot;}\" data-widget_type=\"video.default\">\n\t\t\t\t<div class=\"elementor-widget-container\">\n\t\t\t\t\t<div class=\"elementor-wrapper elementor-open-inline\">\n\t\t\t<div class=\"elementor-video\"><\/div>\t\t<\/div>\n\t\t\t\t<\/div>\n\t\t\t\t<\/div>\n\t\t\t\t\t<\/div>\n\t\t<\/div>\n\t\t\t\t\t\t\t<\/div>\n\t\t<\/section>\n\t\t\t\t\t\t\t<\/div>\n\t\t","protected":false},"excerpt":{"rendered":"<p>&#8222;The Art of Water Choice&#8220; ist ein Online-Kurs, der Ihnen helfen soll, das f\u00fcr Ihre Bed\u00fcrfnisse am besten geeignete Wasser auszuw\u00e4hlen. Wasser ist ein wesentlicher Bestandteil unseres t\u00e4glichen Lebens, doch die meisten Menschen haben keine Ahnung, wie sie das richtige Wasser f\u00fcr ihre Gesundheit ausw\u00e4hlen sollen. Das Trinken der empfohlenen Mindestmenge von 2 Litern ist [&hellip;]<\/p>\n","protected":false},"author":1,"featured_media":5785,"parent":2905,"menu_order":0,"comment_status":"closed","ping_status":"closed","template":"","meta":{"footnotes":""},"acf":[],"yoast_head":"<!-- This site is optimized with the Yoast SEO plugin v21.2 - https:\/\/yoast.com\/wordpress\/plugins\/seo\/ -->\n<title>Online-Kurs - PickAqua<\/title>\n<meta name=\"robots\" content=\"index, follow, max-snippet:-1, max-image-preview:large, max-video-preview:-1\" \/>\n<link rel=\"canonical\" href=\"https:\/\/pickaqua.com\/de\/entdecke-lerne\/online-kurs\/\" \/>\n<meta property=\"og:locale\" content=\"de_DE\" \/>\n<meta property=\"og:type\" content=\"article\" \/>\n<meta property=\"og:title\" content=\"Online-Kurs - PickAqua\" \/>\n<meta property=\"og:description\" content=\"&#8222;The Art of Water Choice&#8220; ist ein Online-Kurs, der Ihnen helfen soll, das f\u00fcr Ihre Bed\u00fcrfnisse am besten geeignete Wasser auszuw\u00e4hlen. Wasser ist ein wesentlicher Bestandteil unseres t\u00e4glichen Lebens, doch die meisten Menschen haben keine Ahnung, wie sie das richtige Wasser f\u00fcr ihre Gesundheit ausw\u00e4hlen sollen. Das Trinken der empfohlenen Mindestmenge von 2 Litern ist [&hellip;]\" \/>\n<meta property=\"og:url\" content=\"https:\/\/pickaqua.com\/de\/entdecke-lerne\/online-kurs\/\" \/>\n<meta property=\"og:site_name\" content=\"PickAqua\" \/>\n<meta property=\"article:publisher\" content=\"https:\/\/www.facebook.com\/pickaquaapp\/\" \/>\n<meta property=\"article:modified_time\" content=\"2024-02-06T15:52:00+00:00\" \/>\n<meta property=\"og:image\" content=\"https:\/\/pickaqua.com\/wp-content\/uploads\/2023\/07\/watershop.jpg\" \/>\n\t<meta property=\"og:image:width\" content=\"867\" \/>\n\t<meta property=\"og:image:height\" content=\"528\" \/>\n\t<meta property=\"og:image:type\" content=\"image\/jpeg\" \/>\n<meta name=\"twitter:card\" content=\"summary_large_image\" \/>\n<meta name=\"twitter:label1\" content=\"Gesch\u00e4tzte Lesezeit\" \/>\n\t<meta name=\"twitter:data1\" content=\"3 Minuten\" \/>\n<script type=\"application\/ld+json\" class=\"yoast-schema-graph\">{\"@context\":\"https:\/\/schema.org\",\"@graph\":[{\"@type\":\"WebPage\",\"@id\":\"https:\/\/pickaqua.com\/de\/entdecke-lerne\/online-kurs\/\",\"url\":\"https:\/\/pickaqua.com\/de\/entdecke-lerne\/online-kurs\/\",\"name\":\"Online-Kurs - PickAqua\",\"isPartOf\":{\"@id\":\"https:\/\/pickaqua.com\/#website\"},\"datePublished\":\"2023-04-03T11:59:37+00:00\",\"dateModified\":\"2024-02-06T15:52:00+00:00\",\"breadcrumb\":{\"@id\":\"https:\/\/pickaqua.com\/de\/entdecke-lerne\/online-kurs\/#breadcrumb\"},\"inLanguage\":\"de-DE\",\"potentialAction\":[{\"@type\":\"ReadAction\",\"target\":[\"https:\/\/pickaqua.com\/de\/entdecke-lerne\/online-kurs\/\"]}]},{\"@type\":\"BreadcrumbList\",\"@id\":\"https:\/\/pickaqua.com\/de\/entdecke-lerne\/online-kurs\/#breadcrumb\",\"itemListElement\":[{\"@type\":\"ListItem\",\"position\":1,\"name\":\"Home\",\"item\":\"https:\/\/pickaqua.com\/de\/\"},{\"@type\":\"ListItem\",\"position\":2,\"name\":\"Entdecke &amp; Lerne\",\"item\":\"https:\/\/pickaqua.com\/de\/entdecke-lerne\/\"},{\"@type\":\"ListItem\",\"position\":3,\"name\":\"Online-Kurs\"}]},{\"@type\":\"WebSite\",\"@id\":\"https:\/\/pickaqua.com\/#website\",\"url\":\"https:\/\/pickaqua.com\/\",\"name\":\"PickAqua\",\"description\":\"World&#039;s first water choice app\",\"publisher\":{\"@id\":\"https:\/\/pickaqua.com\/#organization\"},\"potentialAction\":[{\"@type\":\"SearchAction\",\"target\":{\"@type\":\"EntryPoint\",\"urlTemplate\":\"https:\/\/pickaqua.com\/?s={search_term_string}\"},\"query-input\":\"required name=search_term_string\"}],\"inLanguage\":\"de-DE\"},{\"@type\":\"Organization\",\"@id\":\"https:\/\/pickaqua.com\/#organization\",\"name\":\"PickAqua\",\"url\":\"https:\/\/pickaqua.com\/\",\"logo\":{\"@type\":\"ImageObject\",\"inLanguage\":\"de-DE\",\"@id\":\"https:\/\/pickaqua.com\/#\/schema\/logo\/image\/\",\"url\":\"https:\/\/pickaqua.com\/wp-content\/uploads\/2023\/03\/Horizontal-logo_blue1-1.png\",\"contentUrl\":\"https:\/\/pickaqua.com\/wp-content\/uploads\/2023\/03\/Horizontal-logo_blue1-1.png\",\"width\":177,\"height\":176,\"caption\":\"PickAqua\"},\"image\":{\"@id\":\"https:\/\/pickaqua.com\/#\/schema\/logo\/image\/\"},\"sameAs\":[\"https:\/\/www.facebook.com\/pickaquaapp\/\",\"https:\/\/www.instagram.com\/pickaqua\/\"]}]}<\/script>\n<!-- \/ Yoast SEO plugin. -->","yoast_head_json":{"title":"Online-Kurs - PickAqua","robots":{"index":"index","follow":"follow","max-snippet":"max-snippet:-1","max-image-preview":"max-image-preview:large","max-video-preview":"max-video-preview:-1"},"canonical":"https:\/\/pickaqua.com\/de\/entdecke-lerne\/online-kurs\/","og_locale":"de_DE","og_type":"article","og_title":"Online-Kurs - PickAqua","og_description":"&#8222;The Art of Water Choice&#8220; ist ein Online-Kurs, der Ihnen helfen soll, das f\u00fcr Ihre Bed\u00fcrfnisse am besten geeignete Wasser auszuw\u00e4hlen. Wasser ist ein wesentlicher Bestandteil unseres t\u00e4glichen Lebens, doch die meisten Menschen haben keine Ahnung, wie sie das richtige Wasser f\u00fcr ihre Gesundheit ausw\u00e4hlen sollen. Das Trinken der empfohlenen Mindestmenge von 2 Litern ist [&hellip;]","og_url":"https:\/\/pickaqua.com\/de\/entdecke-lerne\/online-kurs\/","og_site_name":"PickAqua","article_publisher":"https:\/\/www.facebook.com\/pickaquaapp\/","article_modified_time":"2024-02-06T15:52:00+00:00","og_image":[{"width":867,"height":528,"url":"https:\/\/pickaqua.com\/wp-content\/uploads\/2023\/07\/watershop.jpg","type":"image\/jpeg"}],"twitter_card":"summary_large_image","twitter_misc":{"Gesch\u00e4tzte Lesezeit":"3 Minuten"},"schema":{"@context":"https:\/\/schema.org","@graph":[{"@type":"WebPage","@id":"https:\/\/pickaqua.com\/de\/entdecke-lerne\/online-kurs\/","url":"https:\/\/pickaqua.com\/de\/entdecke-lerne\/online-kurs\/","name":"Online-Kurs - PickAqua","isPartOf":{"@id":"https:\/\/pickaqua.com\/#website"},"datePublished":"2023-04-03T11:59:37+00:00","dateModified":"2024-02-06T15:52:00+00:00","breadcrumb":{"@id":"https:\/\/pickaqua.com\/de\/entdecke-lerne\/online-kurs\/#breadcrumb"},"inLanguage":"de-DE","potentialAction":[{"@type":"ReadAction","target":["https:\/\/pickaqua.com\/de\/entdecke-lerne\/online-kurs\/"]}]},{"@type":"BreadcrumbList","@id":"https:\/\/pickaqua.com\/de\/entdecke-lerne\/online-kurs\/#breadcrumb","itemListElement":[{"@type":"ListItem","position":1,"name":"Home","item":"https:\/\/pickaqua.com\/de\/"},{"@type":"ListItem","position":2,"name":"Entdecke &amp; Lerne","item":"https:\/\/pickaqua.com\/de\/entdecke-lerne\/"},{"@type":"ListItem","position":3,"name":"Online-Kurs"}]},{"@type":"WebSite","@id":"https:\/\/pickaqua.com\/#website","url":"https:\/\/pickaqua.com\/","name":"PickAqua","description":"World&#039;s first water choice app","publisher":{"@id":"https:\/\/pickaqua.com\/#organization"},"potentialAction":[{"@type":"SearchAction","target":{"@type":"EntryPoint","urlTemplate":"https:\/\/pickaqua.com\/?s={search_term_string}"},"query-input":"required name=search_term_string"}],"inLanguage":"de-DE"},{"@type":"Organization","@id":"https:\/\/pickaqua.com\/#organization","name":"PickAqua","url":"https:\/\/pickaqua.com\/","logo":{"@type":"ImageObject","inLanguage":"de-DE","@id":"https:\/\/pickaqua.com\/#\/schema\/logo\/image\/","url":"https:\/\/pickaqua.com\/wp-content\/uploads\/2023\/03\/Horizontal-logo_blue1-1.png","contentUrl":"https:\/\/pickaqua.com\/wp-content\/uploads\/2023\/03\/Horizontal-logo_blue1-1.png","width":177,"height":176,"caption":"PickAqua"},"image":{"@id":"https:\/\/pickaqua.com\/#\/schema\/logo\/image\/"},"sameAs":["https:\/\/www.facebook.com\/pickaquaapp\/","https:\/\/www.instagram.com\/pickaqua\/"]}]}},"_links":{"self":[{"href":"https:\/\/pickaqua.com\/de\/wp-json\/wp\/v2\/pages\/2917"}],"collection":[{"href":"https:\/\/pickaqua.com\/de\/wp-json\/wp\/v2\/pages"}],"about":[{"href":"https:\/\/pickaqua.com\/de\/wp-json\/wp\/v2\/types\/page"}],"author":[{"embeddable":true,"href":"https:\/\/pickaqua.com\/de\/wp-json\/wp\/v2\/users\/1"}],"replies":[{"embeddable":true,"href":"https:\/\/pickaqua.com\/de\/wp-json\/wp\/v2\/comments?post=2917"}],"version-history":[{"count":9,"href":"https:\/\/pickaqua.com\/de\/wp-json\/wp\/v2\/pages\/2917\/revisions"}],"predecessor-version":[{"id":9264,"href":"https:\/\/pickaqua.com\/de\/wp-json\/wp\/v2\/pages\/2917\/revisions\/9264"}],"up":[{"embeddable":true,"href":"https:\/\/pickaqua.com\/de\/wp-json\/wp\/v2\/pages\/2905"}],"wp:featuredmedia":[{"embeddable":true,"href":"https:\/\/pickaqua.com\/de\/wp-json\/wp\/v2\/media\/5785"}],"wp:attachment":[{"href":"https:\/\/pickaqua.com\/de\/wp-json\/wp\/v2\/media?parent=2917"}],"curies":[{"name":"wp","href":"https:\/\/api.w.org\/{rel}","templated":true}]}}