{"id":2938,"date":"2023-04-03T13:58:48","date_gmt":"2023-04-03T10:58:48","guid":{"rendered":"https:\/\/pickaqua.com\/wassermarken\/"},"modified":"2023-05-02T13:09:51","modified_gmt":"2023-05-02T10:09:51","slug":"wassermarken","status":"publish","type":"page","link":"https:\/\/pickaqua.com\/de\/wassermarken\/","title":{"rendered":"Wassermarken"},"content":{"rendered":"\t\t<div data-elementor-type=\"wp-page\" data-elementor-id=\"2938\" class=\"elementor elementor-2938 elementor-2859\" data-elementor-post-type=\"page\">\n\t\t\t\t\t\t\t\t\t<section class=\"elementor-section elementor-top-section elementor-element elementor-element-2621bbb elementor-section-boxed elementor-section-height-default elementor-section-height-default\" data-id=\"2621bbb\" data-element_type=\"section\" data-settings=\"{&quot;jet_parallax_layout_list&quot;:[]}\">\n\t\t\t\t\t\t<div class=\"elementor-container elementor-column-gap-default\">\n\t\t\t\t\t<div class=\"elementor-column elementor-col-100 elementor-top-column elementor-element elementor-element-4fa154a\" data-id=\"4fa154a\" data-element_type=\"column\">\n\t\t\t<div class=\"elementor-widget-wrap elementor-element-populated\">\n\t\t\t\t\t\t\t\t<div class=\"elementor-element elementor-element-4910f63 elementor-widget elementor-widget-heading\" data-id=\"4910f63\" data-element_type=\"widget\" data-widget_type=\"heading.default\">\n\t\t\t\t<div class=\"elementor-widget-container\">\n\t\t\t<style>\/*! elementor - v3.14.0 - 26-06-2023 *\/\n.elementor-heading-title{padding:0;margin:0;line-height:1}.elementor-widget-heading .elementor-heading-title[class*=elementor-size-]>a{color:inherit;font-size:inherit;line-height:inherit}.elementor-widget-heading .elementor-heading-title.elementor-size-small{font-size:15px}.elementor-widget-heading .elementor-heading-title.elementor-size-medium{font-size:19px}.elementor-widget-heading .elementor-heading-title.elementor-size-large{font-size:29px}.elementor-widget-heading .elementor-heading-title.elementor-size-xl{font-size:39px}.elementor-widget-heading .elementor-heading-title.elementor-size-xxl{font-size:59px}<\/style><h2 class=\"elementor-heading-title elementor-size-default\">Sind Sie ein Wasserliebhaber? <\/h2>\t\t<\/div>\n\t\t\t\t<\/div>\n\t\t\t\t\t<\/div>\n\t\t<\/div>\n\t\t\t\t\t\t\t<\/div>\n\t\t<\/section>\n\t\t\t\t<section class=\"elementor-section elementor-top-section elementor-element elementor-element-fbb7486 elementor-section-boxed elementor-section-height-default elementor-section-height-default\" data-id=\"fbb7486\" data-element_type=\"section\" data-settings=\"{&quot;jet_parallax_layout_list&quot;:[]}\">\n\t\t\t\t\t\t<div class=\"elementor-container elementor-column-gap-default\">\n\t\t\t\t\t<div class=\"elementor-column elementor-col-100 elementor-top-column elementor-element elementor-element-503aea3\" data-id=\"503aea3\" data-element_type=\"column\">\n\t\t\t<div class=\"elementor-widget-wrap elementor-element-populated\">\n\t\t\t\t\t\t\t\t<div class=\"elementor-element elementor-element-1804b9b elementor-widget elementor-widget-text-editor\" data-id=\"1804b9b\" data-element_type=\"widget\" data-widget_type=\"text-editor.default\">\n\t\t\t\t<div class=\"elementor-widget-container\">\n\t\t\t<style>\/*! elementor - v3.14.0 - 26-06-2023 *\/\n.elementor-widget-text-editor.elementor-drop-cap-view-stacked .elementor-drop-cap{background-color:#69727d;color:#fff}.elementor-widget-text-editor.elementor-drop-cap-view-framed .elementor-drop-cap{color:#69727d;border:3px solid;background-color:transparent}.elementor-widget-text-editor:not(.elementor-drop-cap-view-default) .elementor-drop-cap{margin-top:8px}.elementor-widget-text-editor:not(.elementor-drop-cap-view-default) .elementor-drop-cap-letter{width:1em;height:1em}.elementor-widget-text-editor .elementor-drop-cap{float:left;text-align:center;line-height:1;font-size:50px}.elementor-widget-text-editor .elementor-drop-cap-letter{display:inline-block}<\/style>\t\t\t\t<p>Suchen Sie nicht weiter! Unsere Webseite hat die ultimative Information f\u00fcr Sie: <strong>&#8222;Weltwasserdatenbank&#8220;<\/strong>. <\/p>\n<p>Wir haben sorgf\u00e4ltig eine umfangreiche Liste von in Flaschen abgef\u00fcllten Wassermarken zusammengestellt, die in Ihrem Land und weltweit erh\u00e4ltlich sind. Wir decken alles ab, was Sie \u00fcber Ihr Wasser wissen m\u00fcssen. Angefangen bei Erkl\u00e4rungen zu wasserspezifischen Parametern, \u00fcber den Wassergeschmack bis hin zu den Superkr\u00e4ften und Auswirkungen auf unser Wohlbefinden.  <\/p>\n\t\t\t\t\t\t<\/div>\n\t\t\t\t<\/div>\n\t\t\t\t<section class=\"elementor-section elementor-inner-section elementor-element elementor-element-c9d7707 elementor-section-boxed elementor-section-height-default elementor-section-height-default\" data-id=\"c9d7707\" data-element_type=\"section\" data-settings=\"{&quot;jet_parallax_layout_list&quot;:[]}\">\n\t\t\t\t\t\t<div class=\"elementor-container elementor-column-gap-default\">\n\t\t\t\t\t<div class=\"elementor-column elementor-col-50 elementor-inner-column elementor-element elementor-element-5442d62\" data-id=\"5442d62\" data-element_type=\"column\">\n\t\t\t<div class=\"elementor-widget-wrap elementor-element-populated\">\n\t\t\t\t\t\t\t\t<div class=\"elementor-element elementor-element-30634d5 elementor-widget elementor-widget-text-editor\" data-id=\"30634d5\" data-element_type=\"widget\" data-widget_type=\"text-editor.default\">\n\t\t\t\t<div class=\"elementor-widget-container\">\n\t\t\t\t\t\t\t<h4><span style=\"color: #0192ed;\"><strong>Treffen Sie den weltweit ersten digitalen Wassersommelier Jean<\/strong><\/span><\/h4>\n<p>Unser digitaler Wassersommelier Jean steht Ihnen rund um die Uhr zur Verf\u00fcgung, um Ihnen zu helfen, den Inhalt des Wassers zu verstehen. Wir sind der Meinung, dass Wissen Macht ist und dass das Wissen \u00fcber das Wasser, das Sie konsumieren, von entscheidender Bedeutung ist, da Sie es mit maximaler Leistung als gesundheitsf\u00f6rderndes Instrument nutzen k\u00f6nnen. <\/p>\n<h4><span style=\"color: #0192ed;\"><strong>Fragen Sie Jean einfach nach dem Wasser, \u00fcber das Sie mehr wissen m\u00f6chten.<\/strong><\/span><\/h4>\n<p>Der digitale Wassersommelier Jean erkl\u00e4rt Ihnen den Inhalt des Wassers, einschlie\u00dflich des Mineralienanteils, der Reinheit, der Verwendungsempfehlungen und anderer Eigenschaften. So k\u00f6nnen Sie eine fundierte Entscheidung bei der Wahl Ihrer n\u00e4chsten Wasserquelle treffen. <\/p>\n<h4><span style=\"color: #0192ed;\"><strong>Die heilenden Kr\u00e4fte des Wassers sind seit Jahrhunderten dokumentiert.<\/strong><\/span><\/h4>\n<p>Durch die Wahl des richtigen Wassers mit den ben\u00f6tigten dominanten Mineralien, um Ihre Ziele zu erreichen, kann Wasser als echtes Booster-Instrument eingesetzt werden. In der PickAqua-App sind 60 verschiedene Programme beschrieben, die Sie allein durch die richtige Entscheidung verbessern k\u00f6nnen. Es war noch nie so einfach, sich in der Welt des Wassers zurechtzufinden. Sie k\u00f6nnen zum Beispiel Ihr Wasser f\u00fcr die Ausdauer beim Sport, f\u00fcr die Verdauung, f\u00fcr die Sch\u00f6nheit der Haut, f\u00fcr das Nervensystem, f\u00fcr die Gewichtsreduzierung w\u00e4hlen und sogar den besten Tee oder Kaffee der Welt zubereiten, indem Sie das richtige Wasser mit dem optimalen Mineralienverh\u00e4ltnis w\u00e4hlen.   <\/p>\n<p>F\u00fcr das ultimative Erlebnis empfehlen wir das Herunterladen der Wasserauswahl-App PickAqua. Mit dieser App k\u00f6nnen Sie Informationen \u00fcber Ihr Wasser abrufen, indem Sie einfach den Barcode des Wassers scannen. Sie k\u00f6nnen sich \u00fcber die Quelle und die besten Praktiken bei der Verwendung des Wassers informieren.  <\/p>\n\t\t\t\t\t\t<\/div>\n\t\t\t\t<\/div>\n\t\t\t\t\t<\/div>\n\t\t<\/div>\n\t\t\t\t<div class=\"elementor-column elementor-col-50 elementor-inner-column elementor-element elementor-element-8d37af5\" data-id=\"8d37af5\" data-element_type=\"column\">\n\t\t\t<div class=\"elementor-widget-wrap elementor-element-populated\">\n\t\t\t\t\t\t\t\t<div class=\"elementor-element elementor-element-a5ce934 elementor-widget elementor-widget-text-editor\" data-id=\"a5ce934\" data-element_type=\"widget\" data-widget_type=\"text-editor.default\">\n\t\t\t\t<div class=\"elementor-widget-container\">\n\t\t\t\t\t\t\t<h5><strong>Welches Wasser soll ich Ihnen vorstellen?<\/strong><\/h5>\n\t\t\t\t\t\t<\/div>\n\t\t\t\t<\/div>\n\t\t\t\t<div class=\"elementor-element elementor-element-29ed62f elementor-align-center elementor-widget elementor-widget-button\" data-id=\"29ed62f\" data-element_type=\"widget\" data-widget_type=\"button.default\">\n\t\t\t\t<div class=\"elementor-widget-container\">\n\t\t\t\t\t<div class=\"elementor-button-wrapper\">\n\t\t\t<a class=\"elementor-button elementor-button-link elementor-size-sm\" href=\"#\">\n\t\t\t\t\t\t<span class=\"elementor-button-content-wrapper\">\n\t\t\t\t\t\t<span class=\"elementor-button-text\">Digitaler Wassersommelier Jean<\/span>\n\t\t<\/span>\n\t\t\t\t\t<\/a>\n\t\t<\/div>\n\t\t\t\t<\/div>\n\t\t\t\t<\/div>\n\t\t\t\t<div class=\"elementor-element elementor-element-57ea455 elementor-widget elementor-widget-text-editor\" data-id=\"57ea455\" data-element_type=\"widget\" data-widget_type=\"text-editor.default\">\n\t\t\t\t<div class=\"elementor-widget-container\">\n\t\t\t\t\t\t\t<p style=\"text-align: center;\">Demn\u00e4chst verf\u00fcgbar!<\/p>\n\t\t\t\t\t\t<\/div>\n\t\t\t\t<\/div>\n\t\t\t\t\t<\/div>\n\t\t<\/div>\n\t\t\t\t\t\t\t<\/div>\n\t\t<\/section>\n\t\t\t\t<div class=\"elementor-element elementor-element-42e9230 elementor-widget elementor-widget-heading\" data-id=\"42e9230\" data-element_type=\"widget\" data-widget_type=\"heading.default\">\n\t\t\t\t<div class=\"elementor-widget-container\">\n\t\t\t<h4 class=\"elementor-heading-title elementor-size-default\">Sie k\u00f6nnen Ihr Wasser nicht auf der Liste finden? <\/h4>\t\t<\/div>\n\t\t\t\t<\/div>\n\t\t\t\t<div class=\"elementor-element elementor-element-21a013a elementor-widget elementor-widget-text-editor\" data-id=\"21a013a\" data-element_type=\"widget\" data-widget_type=\"text-editor.default\">\n\t\t\t\t<div class=\"elementor-widget-container\">\n\t\t\t\t\t\t\t<p>Falls Sie Ihr Lieblingswasser nicht in der Liste finden, k\u00f6nnen Sie es \u00fcber PickAqua einfach in die Datenbank hinzuf\u00fcgen. Und innerhalb k\u00fcrzester Zeit erhalten Sie die Auswertung des Mineralstoffgehalts. Unsere App ist benutzerfreundlich und einfach gestaltet und erm\u00f6glicht es Ihnen, zu unserer st\u00e4ndig wachsenden Datenbank f\u00fcr Wasser beizutragen.  <\/p>\n<p>Jeder zuk\u00fcnftige Wassersucher wird Ihnen f\u00fcr Ihre M\u00fche dankbar sein.<\/p>\n<p>Benutzen Sie den Abschnitt NEUES WASSER HINZUF\u00dcGEN in der PickAqua App, oder kontaktieren Sie uns direkt via e-mail, indem Sie die Daten auf dem Wasseretikett schicken. <br>Wassermarke <br>Mineralische Zusammensetzung<br>Kontakt zum Hersteller<br>Barcode<\/p>\t\t\t\t\t\t<\/div>\n\t\t\t\t<\/div>\n\t\t\t\t<div class=\"elementor-element elementor-element-227f7cb elementor-widget elementor-widget-button\" data-id=\"227f7cb\" data-element_type=\"widget\" data-widget_type=\"button.default\">\n\t\t\t\t<div class=\"elementor-widget-container\">\n\t\t\t\t\t<div class=\"elementor-button-wrapper\">\n\t\t\t<a class=\"elementor-button elementor-button-link elementor-size-sm\" href=\"mailto:hello@pickaqua.com\">\n\t\t\t\t\t\t<span class=\"elementor-button-content-wrapper\">\n\t\t\t\t\t\t<span class=\"elementor-button-text\">Email senden<\/span>\n\t\t<\/span>\n\t\t\t\t\t<\/a>\n\t\t<\/div>\n\t\t\t\t<\/div>\n\t\t\t\t<\/div>\n\t\t\t\t<div class=\"elementor-element elementor-element-ba66932 elementor-widget elementor-widget-button\" data-id=\"ba66932\" data-element_type=\"widget\" data-widget_type=\"button.default\">\n\t\t\t\t<div class=\"elementor-widget-container\">\n\t\t\t\t\t<div class=\"elementor-button-wrapper\">\n\t\t\t<a class=\"elementor-button elementor-button-link elementor-size-sm\" href=\"https:\/\/play.google.com\/store\/apps\/details?id=com.pickaqua&#038;hl=en&#038;gl=US\">\n\t\t\t\t\t\t<span class=\"elementor-button-content-wrapper\">\n\t\t\t\t\t\t<span class=\"elementor-button-text\">Download PickAqua app<\/span>\n\t\t<\/span>\n\t\t\t\t\t<\/a>\n\t\t<\/div>\n\t\t\t\t<\/div>\n\t\t\t\t<\/div>\n\t\t\t\t<div class=\"elementor-element elementor-element-9c2fd6a elementor-widget elementor-widget-heading\" data-id=\"9c2fd6a\" data-element_type=\"widget\" data-widget_type=\"heading.default\">\n\t\t\t\t<div class=\"elementor-widget-container\">\n\t\t\t<h4 class=\"elementor-heading-title elementor-size-default\">Private Wasserberatung<\/h4>\t\t<\/div>\n\t\t\t\t<\/div>\n\t\t\t\t<div class=\"elementor-element elementor-element-b81b990 elementor-widget elementor-widget-text-editor\" data-id=\"b81b990\" data-element_type=\"widget\" data-widget_type=\"text-editor.default\">\n\t\t\t\t<div class=\"elementor-widget-container\">\n\t\t\t\t\t\t\t<p>Wenn Sie eine kurze und pers\u00f6nliche Beratung w\u00fcnschen, k\u00f6nnen wir Ihnen helfen, eine informierte Entscheidung zu treffen, wenn es um die Wahl Ihres abgef\u00fcllten Wassers geht. Vereinbaren Sie einen Termin mit uns und wir beraten Sie \u00fcber Ihre lokal verf\u00fcgbaren W\u00e4sser. Wir sprechen Englisch, Deutsch, Spanisch, Lettisch und Russisch.  <\/p>\n<p>&#8222;Wasser ist etwas, das wir jeden Tag trinken, alle unsere inneren chemischen Reaktionen finden im Wasser in uns statt. Sogar unsere Gef\u00fchle und Gedanken.&#8220; <a href=\"#\">Wasser-Sommelier Dan Volevah<\/a><\/p>\n\t\t\t\t\t\t<\/div>\n\t\t\t\t<\/div>\n\t\t\t\t\t<\/div>\n\t\t<\/div>\n\t\t\t\t\t\t\t<\/div>\n\t\t<\/section>\n\t\t\t\t\t\t\t<\/div>\n\t\t","protected":false},"excerpt":{"rendered":"<p>Sind Sie ein Wasserliebhaber? Suchen Sie nicht weiter! Unsere Webseite hat die ultimative Information f\u00fcr Sie: &#8222;Weltwasserdatenbank&#8220;. Wir haben sorgf\u00e4ltig eine umfangreiche Liste von in Flaschen abgef\u00fcllten Wassermarken zusammengestellt, die in Ihrem Land und weltweit erh\u00e4ltlich sind. Wir decken alles ab, was Sie \u00fcber Ihr Wasser wissen m\u00fcssen. Angefangen bei Erkl\u00e4rungen zu wasserspezifischen Parametern, \u00fcber [&hellip;]<\/p>\n","protected":false},"author":1,"featured_media":0,"parent":0,"menu_order":0,"comment_status":"closed","ping_status":"closed","template":"","meta":{"footnotes":""},"acf":[],"yoast_head":"<!-- This site is optimized with the Yoast SEO plugin v21.2 - https:\/\/yoast.com\/wordpress\/plugins\/seo\/ -->\n<title>Wassermarken - PickAqua<\/title>\n<meta name=\"robots\" content=\"index, follow, max-snippet:-1, max-image-preview:large, max-video-preview:-1\" \/>\n<link rel=\"canonical\" href=\"https:\/\/pickaqua.com\/de\/wassermarken\/\" \/>\n<meta property=\"og:locale\" content=\"de_DE\" \/>\n<meta property=\"og:type\" content=\"article\" \/>\n<meta property=\"og:title\" content=\"Wassermarken - PickAqua\" \/>\n<meta property=\"og:description\" content=\"Sind Sie ein Wasserliebhaber? Suchen Sie nicht weiter! Unsere Webseite hat die ultimative Information f\u00fcr Sie: &#8222;Weltwasserdatenbank&#8220;. Wir haben sorgf\u00e4ltig eine umfangreiche Liste von in Flaschen abgef\u00fcllten Wassermarken zusammengestellt, die in Ihrem Land und weltweit erh\u00e4ltlich sind. Wir decken alles ab, was Sie \u00fcber Ihr Wasser wissen m\u00fcssen. Angefangen bei Erkl\u00e4rungen zu wasserspezifischen Parametern, \u00fcber [&hellip;]\" \/>\n<meta property=\"og:url\" content=\"https:\/\/pickaqua.com\/de\/wassermarken\/\" \/>\n<meta property=\"og:site_name\" content=\"PickAqua\" \/>\n<meta property=\"article:publisher\" content=\"https:\/\/www.facebook.com\/pickaquaapp\/\" \/>\n<meta property=\"article:modified_time\" content=\"2023-05-02T10:09:51+00:00\" \/>\n<meta property=\"og:image\" content=\"https:\/\/pickaqua.com\/wp-content\/uploads\/2023\/07\/watershop.jpg\" \/>\n\t<meta property=\"og:image:width\" content=\"867\" \/>\n\t<meta property=\"og:image:height\" content=\"528\" \/>\n\t<meta property=\"og:image:type\" content=\"image\/jpeg\" \/>\n<meta name=\"twitter:card\" content=\"summary_large_image\" \/>\n<meta name=\"twitter:label1\" content=\"Gesch\u00e4tzte Lesezeit\" \/>\n\t<meta name=\"twitter:data1\" content=\"3 Minuten\" \/>\n<script type=\"application\/ld+json\" class=\"yoast-schema-graph\">{\"@context\":\"https:\/\/schema.org\",\"@graph\":[{\"@type\":\"WebPage\",\"@id\":\"https:\/\/pickaqua.com\/de\/wassermarken\/\",\"url\":\"https:\/\/pickaqua.com\/de\/wassermarken\/\",\"name\":\"Wassermarken - PickAqua\",\"isPartOf\":{\"@id\":\"https:\/\/pickaqua.com\/#website\"},\"datePublished\":\"2023-04-03T10:58:48+00:00\",\"dateModified\":\"2023-05-02T10:09:51+00:00\",\"breadcrumb\":{\"@id\":\"https:\/\/pickaqua.com\/de\/wassermarken\/#breadcrumb\"},\"inLanguage\":\"de-DE\",\"potentialAction\":[{\"@type\":\"ReadAction\",\"target\":[\"https:\/\/pickaqua.com\/de\/wassermarken\/\"]}]},{\"@type\":\"BreadcrumbList\",\"@id\":\"https:\/\/pickaqua.com\/de\/wassermarken\/#breadcrumb\",\"itemListElement\":[{\"@type\":\"ListItem\",\"position\":1,\"name\":\"Home\",\"item\":\"https:\/\/pickaqua.com\/de\/\"},{\"@type\":\"ListItem\",\"position\":2,\"name\":\"Wassermarken\"}]},{\"@type\":\"WebSite\",\"@id\":\"https:\/\/pickaqua.com\/#website\",\"url\":\"https:\/\/pickaqua.com\/\",\"name\":\"PickAqua\",\"description\":\"World&#039;s first water choice app\",\"publisher\":{\"@id\":\"https:\/\/pickaqua.com\/#organization\"},\"potentialAction\":[{\"@type\":\"SearchAction\",\"target\":{\"@type\":\"EntryPoint\",\"urlTemplate\":\"https:\/\/pickaqua.com\/?s={search_term_string}\"},\"query-input\":\"required name=search_term_string\"}],\"inLanguage\":\"de-DE\"},{\"@type\":\"Organization\",\"@id\":\"https:\/\/pickaqua.com\/#organization\",\"name\":\"PickAqua\",\"url\":\"https:\/\/pickaqua.com\/\",\"logo\":{\"@type\":\"ImageObject\",\"inLanguage\":\"de-DE\",\"@id\":\"https:\/\/pickaqua.com\/#\/schema\/logo\/image\/\",\"url\":\"https:\/\/pickaqua.com\/wp-content\/uploads\/2023\/03\/Horizontal-logo_blue1-1.png\",\"contentUrl\":\"https:\/\/pickaqua.com\/wp-content\/uploads\/2023\/03\/Horizontal-logo_blue1-1.png\",\"width\":177,\"height\":176,\"caption\":\"PickAqua\"},\"image\":{\"@id\":\"https:\/\/pickaqua.com\/#\/schema\/logo\/image\/\"},\"sameAs\":[\"https:\/\/www.facebook.com\/pickaquaapp\/\",\"https:\/\/www.instagram.com\/pickaqua\/\"]}]}<\/script>\n<!-- \/ Yoast SEO plugin. -->","yoast_head_json":{"title":"Wassermarken - PickAqua","robots":{"index":"index","follow":"follow","max-snippet":"max-snippet:-1","max-image-preview":"max-image-preview:large","max-video-preview":"max-video-preview:-1"},"canonical":"https:\/\/pickaqua.com\/de\/wassermarken\/","og_locale":"de_DE","og_type":"article","og_title":"Wassermarken - PickAqua","og_description":"Sind Sie ein Wasserliebhaber? Suchen Sie nicht weiter! Unsere Webseite hat die ultimative Information f\u00fcr Sie: &#8222;Weltwasserdatenbank&#8220;. Wir haben sorgf\u00e4ltig eine umfangreiche Liste von in Flaschen abgef\u00fcllten Wassermarken zusammengestellt, die in Ihrem Land und weltweit erh\u00e4ltlich sind. Wir decken alles ab, was Sie \u00fcber Ihr Wasser wissen m\u00fcssen. Angefangen bei Erkl\u00e4rungen zu wasserspezifischen Parametern, \u00fcber [&hellip;]","og_url":"https:\/\/pickaqua.com\/de\/wassermarken\/","og_site_name":"PickAqua","article_publisher":"https:\/\/www.facebook.com\/pickaquaapp\/","article_modified_time":"2023-05-02T10:09:51+00:00","og_image":[{"width":867,"height":528,"url":"https:\/\/pickaqua.com\/wp-content\/uploads\/2023\/07\/watershop.jpg","type":"image\/jpeg"}],"twitter_card":"summary_large_image","twitter_misc":{"Gesch\u00e4tzte Lesezeit":"3 Minuten"},"schema":{"@context":"https:\/\/schema.org","@graph":[{"@type":"WebPage","@id":"https:\/\/pickaqua.com\/de\/wassermarken\/","url":"https:\/\/pickaqua.com\/de\/wassermarken\/","name":"Wassermarken - PickAqua","isPartOf":{"@id":"https:\/\/pickaqua.com\/#website"},"datePublished":"2023-04-03T10:58:48+00:00","dateModified":"2023-05-02T10:09:51+00:00","breadcrumb":{"@id":"https:\/\/pickaqua.com\/de\/wassermarken\/#breadcrumb"},"inLanguage":"de-DE","potentialAction":[{"@type":"ReadAction","target":["https:\/\/pickaqua.com\/de\/wassermarken\/"]}]},{"@type":"BreadcrumbList","@id":"https:\/\/pickaqua.com\/de\/wassermarken\/#breadcrumb","itemListElement":[{"@type":"ListItem","position":1,"name":"Home","item":"https:\/\/pickaqua.com\/de\/"},{"@type":"ListItem","position":2,"name":"Wassermarken"}]},{"@type":"WebSite","@id":"https:\/\/pickaqua.com\/#website","url":"https:\/\/pickaqua.com\/","name":"PickAqua","description":"World&#039;s first water choice app","publisher":{"@id":"https:\/\/pickaqua.com\/#organization"},"potentialAction":[{"@type":"SearchAction","target":{"@type":"EntryPoint","urlTemplate":"https:\/\/pickaqua.com\/?s={search_term_string}"},"query-input":"required name=search_term_string"}],"inLanguage":"de-DE"},{"@type":"Organization","@id":"https:\/\/pickaqua.com\/#organization","name":"PickAqua","url":"https:\/\/pickaqua.com\/","logo":{"@type":"ImageObject","inLanguage":"de-DE","@id":"https:\/\/pickaqua.com\/#\/schema\/logo\/image\/","url":"https:\/\/pickaqua.com\/wp-content\/uploads\/2023\/03\/Horizontal-logo_blue1-1.png","contentUrl":"https:\/\/pickaqua.com\/wp-content\/uploads\/2023\/03\/Horizontal-logo_blue1-1.png","width":177,"height":176,"caption":"PickAqua"},"image":{"@id":"https:\/\/pickaqua.com\/#\/schema\/logo\/image\/"},"sameAs":["https:\/\/www.facebook.com\/pickaquaapp\/","https:\/\/www.instagram.com\/pickaqua\/"]}]}},"_links":{"self":[{"href":"https:\/\/pickaqua.com\/de\/wp-json\/wp\/v2\/pages\/2938"}],"collection":[{"href":"https:\/\/pickaqua.com\/de\/wp-json\/wp\/v2\/pages"}],"about":[{"href":"https:\/\/pickaqua.com\/de\/wp-json\/wp\/v2\/types\/page"}],"author":[{"embeddable":true,"href":"https:\/\/pickaqua.com\/de\/wp-json\/wp\/v2\/users\/1"}],"replies":[{"embeddable":true,"href":"https:\/\/pickaqua.com\/de\/wp-json\/wp\/v2\/comments?post=2938"}],"version-history":[{"count":2,"href":"https:\/\/pickaqua.com\/de\/wp-json\/wp\/v2\/pages\/2938\/revisions"}],"predecessor-version":[{"id":3851,"href":"https:\/\/pickaqua.com\/de\/wp-json\/wp\/v2\/pages\/2938\/revisions\/3851"}],"wp:attachment":[{"href":"https:\/\/pickaqua.com\/de\/wp-json\/wp\/v2\/media?parent=2938"}],"curies":[{"name":"wp","href":"https:\/\/api.w.org\/{rel}","templated":true}]}}