{"id":3524,"date":"2023-05-01T11:32:14","date_gmt":"2023-05-01T08:32:14","guid":{"rendered":"https:\/\/pickaqua.com\/horeca-2\/"},"modified":"2023-05-11T09:40:10","modified_gmt":"2023-05-11T06:40:10","slug":"horeca","status":"publish","type":"page","link":"https:\/\/pickaqua.com\/de\/dienstleistungen\/horeca\/","title":{"rendered":"HoReCa\u200b"},"content":{"rendered":"\t\t<div data-elementor-type=\"wp-page\" data-elementor-id=\"3524\" class=\"elementor elementor-3524 elementor-3514\" data-elementor-post-type=\"page\">\n\t\t\t\t\t\t\t\t\t<section class=\"elementor-section elementor-top-section elementor-element elementor-element-35d8375 elementor-section-boxed elementor-section-height-default elementor-section-height-default\" data-id=\"35d8375\" data-element_type=\"section\" data-settings=\"{&quot;jet_parallax_layout_list&quot;:[{&quot;jet_parallax_layout_image&quot;:{&quot;url&quot;:&quot;&quot;,&quot;id&quot;:&quot;&quot;,&quot;size&quot;:&quot;&quot;},&quot;_id&quot;:&quot;3874e30&quot;,&quot;jet_parallax_layout_image_tablet&quot;:{&quot;url&quot;:&quot;&quot;,&quot;id&quot;:&quot;&quot;,&quot;size&quot;:&quot;&quot;},&quot;jet_parallax_layout_image_mobile&quot;:{&quot;url&quot;:&quot;&quot;,&quot;id&quot;:&quot;&quot;,&quot;size&quot;:&quot;&quot;},&quot;jet_parallax_layout_speed&quot;:{&quot;unit&quot;:&quot;%&quot;,&quot;size&quot;:50,&quot;sizes&quot;:[]},&quot;jet_parallax_layout_type&quot;:&quot;scroll&quot;,&quot;jet_parallax_layout_direction&quot;:null,&quot;jet_parallax_layout_fx_direction&quot;:null,&quot;jet_parallax_layout_z_index&quot;:&quot;&quot;,&quot;jet_parallax_layout_bg_x&quot;:50,&quot;jet_parallax_layout_bg_x_tablet&quot;:&quot;&quot;,&quot;jet_parallax_layout_bg_x_mobile&quot;:&quot;&quot;,&quot;jet_parallax_layout_bg_y&quot;:50,&quot;jet_parallax_layout_bg_y_tablet&quot;:&quot;&quot;,&quot;jet_parallax_layout_bg_y_mobile&quot;:&quot;&quot;,&quot;jet_parallax_layout_bg_size&quot;:&quot;auto&quot;,&quot;jet_parallax_layout_bg_size_tablet&quot;:&quot;&quot;,&quot;jet_parallax_layout_bg_size_mobile&quot;:&quot;&quot;,&quot;jet_parallax_layout_animation_prop&quot;:&quot;transform&quot;,&quot;jet_parallax_layout_on&quot;:[&quot;desktop&quot;,&quot;tablet&quot;]}]}\">\n\t\t\t\t\t\t<div class=\"elementor-container elementor-column-gap-default\">\n\t\t\t\t\t<div class=\"elementor-column elementor-col-100 elementor-top-column elementor-element elementor-element-495b86f\" data-id=\"495b86f\" data-element_type=\"column\">\n\t\t\t<div class=\"elementor-widget-wrap elementor-element-populated\">\n\t\t\t\t\t\t\t\t<div class=\"elementor-element elementor-element-7c8a282 elementor-hidden-phone elementor-widget elementor-widget-heading\" data-id=\"7c8a282\" data-element_type=\"widget\" data-widget_type=\"heading.default\">\n\t\t\t\t<div class=\"elementor-widget-container\">\n\t\t\t<style>\/*! elementor - v3.14.0 - 26-06-2023 *\/\n.elementor-heading-title{padding:0;margin:0;line-height:1}.elementor-widget-heading .elementor-heading-title[class*=elementor-size-]>a{color:inherit;font-size:inherit;line-height:inherit}.elementor-widget-heading .elementor-heading-title.elementor-size-small{font-size:15px}.elementor-widget-heading .elementor-heading-title.elementor-size-medium{font-size:19px}.elementor-widget-heading .elementor-heading-title.elementor-size-large{font-size:29px}.elementor-widget-heading .elementor-heading-title.elementor-size-xl{font-size:39px}.elementor-widget-heading .elementor-heading-title.elementor-size-xxl{font-size:59px}<\/style><p class=\"elementor-heading-title elementor-size-default\">Business<\/p>\t\t<\/div>\n\t\t\t\t<\/div>\n\t\t\t\t<div class=\"elementor-element elementor-element-ab8e2ee elementor-widget elementor-widget-heading\" data-id=\"ab8e2ee\" data-element_type=\"widget\" data-widget_type=\"heading.default\">\n\t\t\t\t<div class=\"elementor-widget-container\">\n\t\t\t<p class=\"elementor-heading-title elementor-size-default\">Dienstleistungen<\/p>\t\t<\/div>\n\t\t\t\t<\/div>\n\t\t\t\t<div class=\"elementor-element elementor-element-5f4a225 elementor-widget__width-initial elementor-widget elementor-widget-heading\" data-id=\"5f4a225\" data-element_type=\"widget\" data-widget_type=\"heading.default\">\n\t\t\t\t<div class=\"elementor-widget-container\">\n\t\t\t<h2 class=\"elementor-heading-title elementor-size-default\">HoReCa\u200b<\/h2>\t\t<\/div>\n\t\t\t\t<\/div>\n\t\t\t\t\t<\/div>\n\t\t<\/div>\n\t\t\t\t\t\t\t<\/div>\n\t\t<\/section>\n\t\t\t\t<section class=\"elementor-section elementor-top-section elementor-element elementor-element-40a4dc5 elementor-section-boxed elementor-section-height-default elementor-section-height-default\" data-id=\"40a4dc5\" data-element_type=\"section\" data-settings=\"{&quot;jet_parallax_layout_list&quot;:[]}\">\n\t\t\t\t\t\t<div class=\"elementor-container elementor-column-gap-default\">\n\t\t\t\t\t<div class=\"elementor-column elementor-col-50 elementor-top-column elementor-element elementor-element-90e768b raven-column-flex-horizontal\" data-id=\"90e768b\" data-element_type=\"column\">\n\t\t\t<div class=\"elementor-widget-wrap elementor-element-populated\">\n\t\t\t\t\t\t\t\t<div class=\"elementor-element elementor-element-82cdfec elementor-widget-tablet__width-initial elementor-widget elementor-widget-image\" data-id=\"82cdfec\" data-element_type=\"widget\" data-widget_type=\"image.default\">\n\t\t\t\t<div class=\"elementor-widget-container\">\n\t\t\t<style>\/*! elementor - v3.14.0 - 26-06-2023 *\/\n.elementor-widget-image{text-align:center}.elementor-widget-image a{display:inline-block}.elementor-widget-image a img[src$=\".svg\"]{width:48px}.elementor-widget-image img{vertical-align:middle;display:inline-block}<\/style>\t\t\t\t\t\t\t\t\t\t\t\t<img decoding=\"async\" loading=\"lazy\" width=\"2560\" height=\"2171\" src=\"https:\/\/pickaqua.com\/wp-content\/uploads\/2023\/04\/InShot_20230425_145348712-scaled.jpg\" class=\"attachment-full size-full wp-image-3427\" alt=\"\" srcset=\"https:\/\/pickaqua.com\/wp-content\/uploads\/2023\/04\/InShot_20230425_145348712-scaled.jpg 2560w, https:\/\/pickaqua.com\/wp-content\/uploads\/2023\/04\/InShot_20230425_145348712-300x254.jpg 300w, https:\/\/pickaqua.com\/wp-content\/uploads\/2023\/04\/InShot_20230425_145348712-scaled-600x509.jpg 600w, https:\/\/pickaqua.com\/wp-content\/uploads\/2023\/04\/InShot_20230425_145348712-1024x869.jpg 1024w, https:\/\/pickaqua.com\/wp-content\/uploads\/2023\/04\/InShot_20230425_145348712-768x651.jpg 768w, https:\/\/pickaqua.com\/wp-content\/uploads\/2023\/04\/InShot_20230425_145348712-1536x1303.jpg 1536w, https:\/\/pickaqua.com\/wp-content\/uploads\/2023\/04\/InShot_20230425_145348712-2048x1737.jpg 2048w\" sizes=\"(max-width: 2560px) 100vw, 2560px\" \/>\t\t\t\t\t\t\t\t\t\t\t\t\t\t\t<\/div>\n\t\t\t\t<\/div>\n\t\t\t\t<div class=\"elementor-element elementor-element-0505c36 elementor-widget-tablet__width-initial elementor-widget elementor-widget-image\" data-id=\"0505c36\" data-element_type=\"widget\" data-widget_type=\"image.default\">\n\t\t\t\t<div class=\"elementor-widget-container\">\n\t\t\t\t\t\t\t\t\t\t\t\t\t\t\t<img decoding=\"async\" loading=\"lazy\" width=\"960\" height=\"1280\" src=\"https:\/\/pickaqua.com\/wp-content\/uploads\/2023\/05\/photo_2023-05-08_17-17-57.jpg\" class=\"attachment-full size-full wp-image-4051\" alt=\"\" srcset=\"https:\/\/pickaqua.com\/wp-content\/uploads\/2023\/05\/photo_2023-05-08_17-17-57.jpg 960w, https:\/\/pickaqua.com\/wp-content\/uploads\/2023\/05\/photo_2023-05-08_17-17-57-300x400.jpg 300w, https:\/\/pickaqua.com\/wp-content\/uploads\/2023\/05\/photo_2023-05-08_17-17-57-600x800.jpg 600w, https:\/\/pickaqua.com\/wp-content\/uploads\/2023\/05\/photo_2023-05-08_17-17-57-225x300.jpg 225w, https:\/\/pickaqua.com\/wp-content\/uploads\/2023\/05\/photo_2023-05-08_17-17-57-768x1024.jpg 768w\" sizes=\"(max-width: 960px) 100vw, 960px\" \/>\t\t\t\t\t\t\t\t\t\t\t\t\t\t\t<\/div>\n\t\t\t\t<\/div>\n\t\t\t\t\t<\/div>\n\t\t<\/div>\n\t\t\t\t<div class=\"elementor-column elementor-col-50 elementor-top-column elementor-element elementor-element-0f83d66\" data-id=\"0f83d66\" data-element_type=\"column\">\n\t\t\t<div class=\"elementor-widget-wrap elementor-element-populated\">\n\t\t\t\t\t\t\t\t<div class=\"elementor-element elementor-element-5a16499 elementor-widget elementor-widget-text-editor\" data-id=\"5a16499\" data-element_type=\"widget\" data-widget_type=\"text-editor.default\">\n\t\t\t\t<div class=\"elementor-widget-container\">\n\t\t\t<style>\/*! elementor - v3.14.0 - 26-06-2023 *\/\n.elementor-widget-text-editor.elementor-drop-cap-view-stacked .elementor-drop-cap{background-color:#69727d;color:#fff}.elementor-widget-text-editor.elementor-drop-cap-view-framed .elementor-drop-cap{color:#69727d;border:3px solid;background-color:transparent}.elementor-widget-text-editor:not(.elementor-drop-cap-view-default) .elementor-drop-cap{margin-top:8px}.elementor-widget-text-editor:not(.elementor-drop-cap-view-default) .elementor-drop-cap-letter{width:1em;height:1em}.elementor-widget-text-editor .elementor-drop-cap{float:left;text-align:center;line-height:1;font-size:50px}.elementor-widget-text-editor .elementor-drop-cap-letter{display:inline-block}<\/style>\t\t\t\t<p>Ein speziell f\u00fcr Ihr Unternehmen entwickeltes Wassermen\u00fc.<\/p>\n<p>Viele Restaurants investieren viel in die Auswahl der perfekten Weine zu ihrer K\u00fcche, vernachl\u00e4ssigen aber die Bedeutung einer passenden Wasserauswahl. Jedes Wasser hat seinen eigenen Geschmack, sein eigenes Mundgef\u00fchl und seine eigenen N\u00e4hrwerte, die das Essenserlebnis erheblich verbessern k\u00f6nnen. Wenn Sie ein spezielles Wassermen\u00fc anbieten, schaffen Sie ein anspruchsvolles und unvergessliches Speiseerlebnis.  <\/p>\n<p>Ein Wassermen\u00fc ist eine Liste geeigneter W\u00e4sser, die speziell f\u00fcr Ihre K\u00fcche ausgew\u00e4hlt wurden und die auf elegante Weise mit verschiedenen Gerichten interagieren, um den Geschmack zu betonen und das Erlebnis unvergesslich zu machen. <br \/>Mit einer Wasserkarte k\u00f6nnen Sie auch die Liebe zum Detail und das Engagement Ihres Restaurants f\u00fcr ein ganzheitliches Speiseerlebnis und die Wertsch\u00f6pfung Ihres Restaurants demonstrieren. <strong>Damit hebt sich Ihr Restaurant von der Konkurrenz ab und wertet Ihre Marke auf. <\/strong><\/p>\n<p>Das Gleiche gilt f\u00fcr spezialisierte Hotels, die zum Beispiel auf einen gesunden Lebensstil ausgerichtet sind. Durch die Wahl von Mineralwasser mit der richtigen Zusammensetzung k\u00f6nnen Sie viele Prozesse ma\u00dfgeblich beeinflussen. Zum Beispiel Wasser, das die Regeneration nach dem Sport unterst\u00fctzt, oder Wasser, das die Ausdauer beim Sport deutlich verl\u00e4ngert. Wasser, das den Stoffwechsel anregt und die Verdauung verbessert, macht den Aufenthalt viel ges\u00fcnder und interessanter.   <\/p>\n<p><a href=\"https:\/\/pickaqua.com\/de\/contactos\/\">Kontaktieren Sie uns, um zu besprechen, wie wir Ihr Restaurant mit einem Wassermen\u00fc aufwerten k\u00f6nnen.<\/a><\/p>\n\t\t\t\t\t\t<\/div>\n\t\t\t\t<\/div>\n\t\t\t\t<div class=\"elementor-element elementor-element-b748d60 elementor-widget elementor-widget-image\" data-id=\"b748d60\" data-element_type=\"widget\" data-widget_type=\"image.default\">\n\t\t\t\t<div class=\"elementor-widget-container\">\n\t\t\t\t\t\t\t\t\t\t\t\t\t\t\t<img decoding=\"async\" loading=\"lazy\" width=\"1024\" height=\"982\" src=\"https:\/\/pickaqua.com\/wp-content\/uploads\/2023\/05\/photo_2023-05-08_17-17-54-1024x982.jpg\" class=\"attachment-large size-large wp-image-4046\" alt=\"\" srcset=\"https:\/\/pickaqua.com\/wp-content\/uploads\/2023\/05\/photo_2023-05-08_17-17-54-1024x982.jpg 1024w, https:\/\/pickaqua.com\/wp-content\/uploads\/2023\/05\/photo_2023-05-08_17-17-54-300x288.jpg 300w, https:\/\/pickaqua.com\/wp-content\/uploads\/2023\/05\/photo_2023-05-08_17-17-54-600x576.jpg 600w, https:\/\/pickaqua.com\/wp-content\/uploads\/2023\/05\/photo_2023-05-08_17-17-54-768x737.jpg 768w, https:\/\/pickaqua.com\/wp-content\/uploads\/2023\/05\/photo_2023-05-08_17-17-54.jpg 1280w\" sizes=\"(max-width: 1024px) 100vw, 1024px\" \/>\t\t\t\t\t\t\t\t\t\t\t\t\t\t\t<\/div>\n\t\t\t\t<\/div>\n\t\t\t\t\t<\/div>\n\t\t<\/div>\n\t\t\t\t\t\t\t<\/div>\n\t\t<\/section>\n\t\t\t\t\t\t\t<\/div>\n\t\t","protected":false},"excerpt":{"rendered":"<p>Ein speziell f\u00fcr Ihr Unternehmen entwickeltes Wassermen\u00fc. Viele Restaurants investieren viel in die Auswahl der perfekten Weine zu ihrer K\u00fcche&#8230; <\/p>\n","protected":false},"author":1,"featured_media":3427,"parent":2646,"menu_order":0,"comment_status":"closed","ping_status":"closed","template":"","meta":{"footnotes":""},"acf":[],"yoast_head":"<!-- This site is optimized with the Yoast SEO plugin v21.2 - https:\/\/yoast.com\/wordpress\/plugins\/seo\/ -->\n<title>HoReCa\u200b - PickAqua<\/title>\n<meta name=\"robots\" content=\"index, follow, max-snippet:-1, max-image-preview:large, max-video-preview:-1\" \/>\n<link rel=\"canonical\" href=\"https:\/\/pickaqua.com\/de\/dienstleistungen\/horeca\/\" \/>\n<meta property=\"og:locale\" content=\"de_DE\" \/>\n<meta property=\"og:type\" content=\"article\" \/>\n<meta property=\"og:title\" content=\"HoReCa\u200b - PickAqua\" \/>\n<meta property=\"og:description\" content=\"Ein speziell f\u00fcr Ihr Unternehmen entwickeltes Wassermen\u00fc. Viele Restaurants investieren viel in die Auswahl der perfekten Weine zu ihrer K\u00fcche...\" \/>\n<meta property=\"og:url\" content=\"https:\/\/pickaqua.com\/de\/dienstleistungen\/horeca\/\" \/>\n<meta property=\"og:site_name\" content=\"PickAqua\" \/>\n<meta property=\"article:publisher\" content=\"https:\/\/www.facebook.com\/pickaquaapp\/\" \/>\n<meta property=\"article:modified_time\" content=\"2023-05-11T06:40:10+00:00\" \/>\n<meta property=\"og:image\" content=\"https:\/\/pickaqua.com\/wp-content\/uploads\/2023\/04\/InShot_20230425_145348712-scaled.jpg\" \/>\n\t<meta property=\"og:image:width\" content=\"2560\" \/>\n\t<meta property=\"og:image:height\" content=\"2171\" \/>\n\t<meta property=\"og:image:type\" content=\"image\/jpeg\" \/>\n<meta name=\"twitter:card\" content=\"summary_large_image\" \/>\n<meta name=\"twitter:label1\" content=\"Gesch\u00e4tzte Lesezeit\" \/>\n\t<meta name=\"twitter:data1\" content=\"2 Minuten\" \/>\n<script type=\"application\/ld+json\" class=\"yoast-schema-graph\">{\"@context\":\"https:\/\/schema.org\",\"@graph\":[{\"@type\":\"WebPage\",\"@id\":\"https:\/\/pickaqua.com\/de\/dienstleistungen\/horeca\/\",\"url\":\"https:\/\/pickaqua.com\/de\/dienstleistungen\/horeca\/\",\"name\":\"HoReCa\u200b - PickAqua\",\"isPartOf\":{\"@id\":\"https:\/\/pickaqua.com\/#website\"},\"datePublished\":\"2023-05-01T08:32:14+00:00\",\"dateModified\":\"2023-05-11T06:40:10+00:00\",\"breadcrumb\":{\"@id\":\"https:\/\/pickaqua.com\/de\/dienstleistungen\/horeca\/#breadcrumb\"},\"inLanguage\":\"de-DE\",\"potentialAction\":[{\"@type\":\"ReadAction\",\"target\":[\"https:\/\/pickaqua.com\/de\/dienstleistungen\/horeca\/\"]}]},{\"@type\":\"BreadcrumbList\",\"@id\":\"https:\/\/pickaqua.com\/de\/dienstleistungen\/horeca\/#breadcrumb\",\"itemListElement\":[{\"@type\":\"ListItem\",\"position\":1,\"name\":\"Home\",\"item\":\"https:\/\/pickaqua.com\/de\/\"},{\"@type\":\"ListItem\",\"position\":2,\"name\":\"Dienstleistungen\",\"item\":\"https:\/\/pickaqua.com\/de\/dienstleistungen\/\"},{\"@type\":\"ListItem\",\"position\":3,\"name\":\"HoReCa\u200b\"}]},{\"@type\":\"WebSite\",\"@id\":\"https:\/\/pickaqua.com\/#website\",\"url\":\"https:\/\/pickaqua.com\/\",\"name\":\"PickAqua\",\"description\":\"World&#039;s first water choice app\",\"publisher\":{\"@id\":\"https:\/\/pickaqua.com\/#organization\"},\"potentialAction\":[{\"@type\":\"SearchAction\",\"target\":{\"@type\":\"EntryPoint\",\"urlTemplate\":\"https:\/\/pickaqua.com\/?s={search_term_string}\"},\"query-input\":\"required name=search_term_string\"}],\"inLanguage\":\"de-DE\"},{\"@type\":\"Organization\",\"@id\":\"https:\/\/pickaqua.com\/#organization\",\"name\":\"PickAqua\",\"url\":\"https:\/\/pickaqua.com\/\",\"logo\":{\"@type\":\"ImageObject\",\"inLanguage\":\"de-DE\",\"@id\":\"https:\/\/pickaqua.com\/#\/schema\/logo\/image\/\",\"url\":\"https:\/\/pickaqua.com\/wp-content\/uploads\/2023\/03\/Horizontal-logo_blue1-1.png\",\"contentUrl\":\"https:\/\/pickaqua.com\/wp-content\/uploads\/2023\/03\/Horizontal-logo_blue1-1.png\",\"width\":177,\"height\":176,\"caption\":\"PickAqua\"},\"image\":{\"@id\":\"https:\/\/pickaqua.com\/#\/schema\/logo\/image\/\"},\"sameAs\":[\"https:\/\/www.facebook.com\/pickaquaapp\/\",\"https:\/\/www.instagram.com\/pickaqua\/\"]}]}<\/script>\n<!-- \/ Yoast SEO plugin. -->","yoast_head_json":{"title":"HoReCa\u200b - PickAqua","robots":{"index":"index","follow":"follow","max-snippet":"max-snippet:-1","max-image-preview":"max-image-preview:large","max-video-preview":"max-video-preview:-1"},"canonical":"https:\/\/pickaqua.com\/de\/dienstleistungen\/horeca\/","og_locale":"de_DE","og_type":"article","og_title":"HoReCa\u200b - PickAqua","og_description":"Ein speziell f\u00fcr Ihr Unternehmen entwickeltes Wassermen\u00fc. Viele Restaurants investieren viel in die Auswahl der perfekten Weine zu ihrer K\u00fcche...","og_url":"https:\/\/pickaqua.com\/de\/dienstleistungen\/horeca\/","og_site_name":"PickAqua","article_publisher":"https:\/\/www.facebook.com\/pickaquaapp\/","article_modified_time":"2023-05-11T06:40:10+00:00","og_image":[{"width":2560,"height":2171,"url":"https:\/\/pickaqua.com\/wp-content\/uploads\/2023\/04\/InShot_20230425_145348712-scaled.jpg","type":"image\/jpeg"}],"twitter_card":"summary_large_image","twitter_misc":{"Gesch\u00e4tzte Lesezeit":"2 Minuten"},"schema":{"@context":"https:\/\/schema.org","@graph":[{"@type":"WebPage","@id":"https:\/\/pickaqua.com\/de\/dienstleistungen\/horeca\/","url":"https:\/\/pickaqua.com\/de\/dienstleistungen\/horeca\/","name":"HoReCa\u200b - PickAqua","isPartOf":{"@id":"https:\/\/pickaqua.com\/#website"},"datePublished":"2023-05-01T08:32:14+00:00","dateModified":"2023-05-11T06:40:10+00:00","breadcrumb":{"@id":"https:\/\/pickaqua.com\/de\/dienstleistungen\/horeca\/#breadcrumb"},"inLanguage":"de-DE","potentialAction":[{"@type":"ReadAction","target":["https:\/\/pickaqua.com\/de\/dienstleistungen\/horeca\/"]}]},{"@type":"BreadcrumbList","@id":"https:\/\/pickaqua.com\/de\/dienstleistungen\/horeca\/#breadcrumb","itemListElement":[{"@type":"ListItem","position":1,"name":"Home","item":"https:\/\/pickaqua.com\/de\/"},{"@type":"ListItem","position":2,"name":"Dienstleistungen","item":"https:\/\/pickaqua.com\/de\/dienstleistungen\/"},{"@type":"ListItem","position":3,"name":"HoReCa\u200b"}]},{"@type":"WebSite","@id":"https:\/\/pickaqua.com\/#website","url":"https:\/\/pickaqua.com\/","name":"PickAqua","description":"World&#039;s first water choice app","publisher":{"@id":"https:\/\/pickaqua.com\/#organization"},"potentialAction":[{"@type":"SearchAction","target":{"@type":"EntryPoint","urlTemplate":"https:\/\/pickaqua.com\/?s={search_term_string}"},"query-input":"required name=search_term_string"}],"inLanguage":"de-DE"},{"@type":"Organization","@id":"https:\/\/pickaqua.com\/#organization","name":"PickAqua","url":"https:\/\/pickaqua.com\/","logo":{"@type":"ImageObject","inLanguage":"de-DE","@id":"https:\/\/pickaqua.com\/#\/schema\/logo\/image\/","url":"https:\/\/pickaqua.com\/wp-content\/uploads\/2023\/03\/Horizontal-logo_blue1-1.png","contentUrl":"https:\/\/pickaqua.com\/wp-content\/uploads\/2023\/03\/Horizontal-logo_blue1-1.png","width":177,"height":176,"caption":"PickAqua"},"image":{"@id":"https:\/\/pickaqua.com\/#\/schema\/logo\/image\/"},"sameAs":["https:\/\/www.facebook.com\/pickaquaapp\/","https:\/\/www.instagram.com\/pickaqua\/"]}]}},"_links":{"self":[{"href":"https:\/\/pickaqua.com\/de\/wp-json\/wp\/v2\/pages\/3524"}],"collection":[{"href":"https:\/\/pickaqua.com\/de\/wp-json\/wp\/v2\/pages"}],"about":[{"href":"https:\/\/pickaqua.com\/de\/wp-json\/wp\/v2\/types\/page"}],"author":[{"embeddable":true,"href":"https:\/\/pickaqua.com\/de\/wp-json\/wp\/v2\/users\/1"}],"replies":[{"embeddable":true,"href":"https:\/\/pickaqua.com\/de\/wp-json\/wp\/v2\/comments?post=3524"}],"version-history":[{"count":6,"href":"https:\/\/pickaqua.com\/de\/wp-json\/wp\/v2\/pages\/3524\/revisions"}],"predecessor-version":[{"id":4099,"href":"https:\/\/pickaqua.com\/de\/wp-json\/wp\/v2\/pages\/3524\/revisions\/4099"}],"up":[{"embeddable":true,"href":"https:\/\/pickaqua.com\/de\/wp-json\/wp\/v2\/pages\/2646"}],"wp:featuredmedia":[{"embeddable":true,"href":"https:\/\/pickaqua.com\/de\/wp-json\/wp\/v2\/media\/3427"}],"wp:attachment":[{"href":"https:\/\/pickaqua.com\/de\/wp-json\/wp\/v2\/media?parent=3524"}],"curies":[{"name":"wp","href":"https:\/\/api.w.org\/{rel}","templated":true}]}}