{"id":3532,"date":"2023-05-01T11:32:59","date_gmt":"2023-05-01T08:32:59","guid":{"rendered":"https:\/\/pickaqua.com\/wasseranalyse\/"},"modified":"2023-05-04T12:03:20","modified_gmt":"2023-05-04T09:03:20","slug":"wasseranalyse","status":"publish","type":"page","link":"https:\/\/pickaqua.com\/de\/dienstleistungen\/wasseranalyse\/","title":{"rendered":"Wasseranalyse"},"content":{"rendered":"\t\t<div data-elementor-type=\"wp-page\" data-elementor-id=\"3532\" class=\"elementor elementor-3532 elementor-3519\" data-elementor-post-type=\"page\">\n\t\t\t\t\t\t\t\t\t<section class=\"elementor-section elementor-top-section elementor-element elementor-element-3b1936a elementor-section-boxed elementor-section-height-default elementor-section-height-default\" data-id=\"3b1936a\" data-element_type=\"section\" data-settings=\"{&quot;jet_parallax_layout_list&quot;:[{&quot;jet_parallax_layout_image&quot;:{&quot;url&quot;:&quot;&quot;,&quot;id&quot;:&quot;&quot;,&quot;size&quot;:&quot;&quot;},&quot;_id&quot;:&quot;3874e30&quot;,&quot;jet_parallax_layout_image_tablet&quot;:{&quot;url&quot;:&quot;&quot;,&quot;id&quot;:&quot;&quot;,&quot;size&quot;:&quot;&quot;},&quot;jet_parallax_layout_image_mobile&quot;:{&quot;url&quot;:&quot;&quot;,&quot;id&quot;:&quot;&quot;,&quot;size&quot;:&quot;&quot;},&quot;jet_parallax_layout_speed&quot;:{&quot;unit&quot;:&quot;%&quot;,&quot;size&quot;:50,&quot;sizes&quot;:[]},&quot;jet_parallax_layout_type&quot;:&quot;scroll&quot;,&quot;jet_parallax_layout_direction&quot;:null,&quot;jet_parallax_layout_fx_direction&quot;:null,&quot;jet_parallax_layout_z_index&quot;:&quot;&quot;,&quot;jet_parallax_layout_bg_x&quot;:50,&quot;jet_parallax_layout_bg_x_tablet&quot;:&quot;&quot;,&quot;jet_parallax_layout_bg_x_mobile&quot;:&quot;&quot;,&quot;jet_parallax_layout_bg_y&quot;:50,&quot;jet_parallax_layout_bg_y_tablet&quot;:&quot;&quot;,&quot;jet_parallax_layout_bg_y_mobile&quot;:&quot;&quot;,&quot;jet_parallax_layout_bg_size&quot;:&quot;auto&quot;,&quot;jet_parallax_layout_bg_size_tablet&quot;:&quot;&quot;,&quot;jet_parallax_layout_bg_size_mobile&quot;:&quot;&quot;,&quot;jet_parallax_layout_animation_prop&quot;:&quot;transform&quot;,&quot;jet_parallax_layout_on&quot;:[&quot;desktop&quot;,&quot;tablet&quot;]}]}\">\n\t\t\t\t\t\t<div class=\"elementor-container elementor-column-gap-default\">\n\t\t\t\t\t<div class=\"elementor-column elementor-col-100 elementor-top-column elementor-element elementor-element-06c7070\" data-id=\"06c7070\" data-element_type=\"column\">\n\t\t\t<div class=\"elementor-widget-wrap elementor-element-populated\">\n\t\t\t\t\t\t\t\t<div class=\"elementor-element elementor-element-636a869 elementor-hidden-phone elementor-widget elementor-widget-heading\" data-id=\"636a869\" data-element_type=\"widget\" data-widget_type=\"heading.default\">\n\t\t\t\t<div class=\"elementor-widget-container\">\n\t\t\t<style>\/*! elementor - v3.14.0 - 26-06-2023 *\/\n.elementor-heading-title{padding:0;margin:0;line-height:1}.elementor-widget-heading .elementor-heading-title[class*=elementor-size-]>a{color:inherit;font-size:inherit;line-height:inherit}.elementor-widget-heading .elementor-heading-title.elementor-size-small{font-size:15px}.elementor-widget-heading .elementor-heading-title.elementor-size-medium{font-size:19px}.elementor-widget-heading .elementor-heading-title.elementor-size-large{font-size:29px}.elementor-widget-heading .elementor-heading-title.elementor-size-xl{font-size:39px}.elementor-widget-heading .elementor-heading-title.elementor-size-xxl{font-size:59px}<\/style><p class=\"elementor-heading-title elementor-size-default\">BUSINESS<\/p>\t\t<\/div>\n\t\t\t\t<\/div>\n\t\t\t\t<div class=\"elementor-element elementor-element-de5bea0 elementor-widget elementor-widget-heading\" data-id=\"de5bea0\" data-element_type=\"widget\" data-widget_type=\"heading.default\">\n\t\t\t\t<div class=\"elementor-widget-container\">\n\t\t\t<p class=\"elementor-heading-title elementor-size-default\">Dienstleistungen<\/p>\t\t<\/div>\n\t\t\t\t<\/div>\n\t\t\t\t<div class=\"elementor-element elementor-element-c06fdd6 elementor-widget__width-initial elementor-widget elementor-widget-heading\" data-id=\"c06fdd6\" data-element_type=\"widget\" data-widget_type=\"heading.default\">\n\t\t\t\t<div class=\"elementor-widget-container\">\n\t\t\t<h2 class=\"elementor-heading-title elementor-size-default\">Wasseranalyse<\/h2>\t\t<\/div>\n\t\t\t\t<\/div>\n\t\t\t\t\t<\/div>\n\t\t<\/div>\n\t\t\t\t\t\t\t<\/div>\n\t\t<\/section>\n\t\t\t\t<section class=\"elementor-section elementor-top-section elementor-element elementor-element-ad6fe46 elementor-section-boxed elementor-section-height-default elementor-section-height-default\" data-id=\"ad6fe46\" data-element_type=\"section\" data-settings=\"{&quot;jet_parallax_layout_list&quot;:[]}\">\n\t\t\t\t\t\t<div class=\"elementor-container elementor-column-gap-default\">\n\t\t\t\t\t<div class=\"elementor-column elementor-col-50 elementor-top-column elementor-element elementor-element-a340e42\" data-id=\"a340e42\" data-element_type=\"column\">\n\t\t\t<div class=\"elementor-widget-wrap elementor-element-populated\">\n\t\t\t\t\t\t\t\t<div class=\"elementor-element elementor-element-915dd9f elementor-widget elementor-widget-heading\" data-id=\"915dd9f\" data-element_type=\"widget\" data-widget_type=\"heading.default\">\n\t\t\t\t<div class=\"elementor-widget-container\">\n\t\t\t<h3 class=\"elementor-heading-title elementor-size-default\">Was ist in Ihrem Wasser? Welchen Wasserfilter soll ich w\u00e4hlen?  <\/h3>\t\t<\/div>\n\t\t\t\t<\/div>\n\t\t\t\t<div class=\"elementor-element elementor-element-2871769 elementor-widget elementor-widget-text-editor\" data-id=\"2871769\" data-element_type=\"widget\" data-widget_type=\"text-editor.default\">\n\t\t\t\t<div class=\"elementor-widget-container\">\n\t\t\t<style>\/*! elementor - v3.14.0 - 26-06-2023 *\/\n.elementor-widget-text-editor.elementor-drop-cap-view-stacked .elementor-drop-cap{background-color:#69727d;color:#fff}.elementor-widget-text-editor.elementor-drop-cap-view-framed .elementor-drop-cap{color:#69727d;border:3px solid;background-color:transparent}.elementor-widget-text-editor:not(.elementor-drop-cap-view-default) .elementor-drop-cap{margin-top:8px}.elementor-widget-text-editor:not(.elementor-drop-cap-view-default) .elementor-drop-cap-letter{width:1em;height:1em}.elementor-widget-text-editor .elementor-drop-cap{float:left;text-align:center;line-height:1;font-size:50px}.elementor-widget-text-editor .elementor-drop-cap-letter{display:inline-block}<\/style>\t\t\t\t<p>Alles beginnt mit einer Wasseranalyse. Zun\u00e4chst m\u00fcssen wir herausfinden, was wir loswerden wollen und ob wir eine Wasseraufbereitungsanlage ben\u00f6tigen. <\/p>\n\t\t\t\t\t\t<\/div>\n\t\t\t\t<\/div>\n\t\t\t\t<div class=\"elementor-element elementor-element-01de1c4 elementor-widget elementor-widget-heading\" data-id=\"01de1c4\" data-element_type=\"widget\" data-widget_type=\"heading.default\">\n\t\t\t\t<div class=\"elementor-widget-container\">\n\t\t\t<h3 class=\"elementor-heading-title elementor-size-default\">Ist das Wasser aus wilden Quellen sicher?<\/h3>\t\t<\/div>\n\t\t\t\t<\/div>\n\t\t\t\t<div class=\"elementor-element elementor-element-e78a47e elementor-widget elementor-widget-text-editor\" data-id=\"e78a47e\" data-element_type=\"widget\" data-widget_type=\"text-editor.default\">\n\t\t\t\t<div class=\"elementor-widget-container\">\n\t\t\t\t\t\t\t<p>Wenn Sie t\u00e4glich Wasser aus Quellen in der Natur trinken, ist eine Wasseranalyse ein Muss. Die Tatsache, dass sich an einer Quelle regelm\u00e4\u00dfig Menschenschlangen bilden, bedeutet nicht, dass das Wasser frei von Verunreinigungen und auf Dauer sicher zu trinken ist. Nicht alle Wasserquellen sind sicher. Die meisten Quellen sind mikrobiologisch verunreinigt. Daher ist es auf jeden Fall ratsam, das Wasser zu analysieren.    <\/p>\n\t\t\t\t\t\t<\/div>\n\t\t\t\t<\/div>\n\t\t\t\t\t<\/div>\n\t\t<\/div>\n\t\t\t\t<div class=\"elementor-column elementor-col-50 elementor-top-column elementor-element elementor-element-29daf03\" data-id=\"29daf03\" data-element_type=\"column\">\n\t\t\t<div class=\"elementor-widget-wrap elementor-element-populated\">\n\t\t\t\t\t\t\t\t<div class=\"elementor-element elementor-element-ff0aad0 elementor-widget elementor-widget-heading\" data-id=\"ff0aad0\" data-element_type=\"widget\" data-widget_type=\"heading.default\">\n\t\t\t\t<div class=\"elementor-widget-container\">\n\t\t\t<h3 class=\"elementor-heading-title elementor-size-default\">Wasserverschmutzung<\/h3>\t\t<\/div>\n\t\t\t\t<\/div>\n\t\t\t\t<div class=\"elementor-element elementor-element-7a59047 elementor-widget elementor-widget-text-editor\" data-id=\"7a59047\" data-element_type=\"widget\" data-widget_type=\"text-editor.default\">\n\t\t\t\t<div class=\"elementor-widget-container\">\n\t\t\t\t\t\t\t<p>Wasser kann eine Vielzahl von Verunreinigungen enthalten, darunter Bakterien, Viren, Metalle und Chemikalien von den Feldern. Diese Verunreinigungen k\u00f6nnen ein ernsthaftes Gesundheitsrisiko darstellen, und die einzige M\u00f6glichkeit, zuverl\u00e4ssig zu \u00fcberpr\u00fcfen, was in Ihrem Wasser enthalten ist, ist eine chemische Analyse. <\/p>\n<p>Bei der chemischen Analyse von Wasser wird eine Reihe von Parametern wie pH-Wert, Tr\u00fcbung, H\u00e4rte, Gesamtmenge der gel\u00f6sten Feststoffe, Verunreinigungen und spezifische Ionen untersucht. Diese Tests k\u00f6nnen Aufschluss \u00fcber die Wasserqualit\u00e4t, den Mineraliengehalt und den Behandlungsbedarf geben. <\/p>\n<p>Hartes Wasser kann zum Beispiel zu Kalkablagerungen in Rohrleitungen und Ger\u00e4ten f\u00fchren. Chemische Analysen k\u00f6nnen helfen, diese Probleme zu erkennen und eine geeignete Wasseraufbereitung zu bestimmen. Um zu wissen, welche Wasserfilter Sie f\u00fcr Ihren Haushalt ben\u00f6tigen, m\u00fcssen Sie zun\u00e4chst wissen, was Sie loswerden wollen.  <\/p>\n\t\t\t\t\t\t<\/div>\n\t\t\t\t<\/div>\n\t\t\t\t\t<\/div>\n\t\t<\/div>\n\t\t\t\t\t\t\t<\/div>\n\t\t<\/section>\n\t\t\t\t<section class=\"elementor-section elementor-top-section elementor-element elementor-element-e948927 elementor-section-boxed elementor-section-height-default elementor-section-height-default\" data-id=\"e948927\" data-element_type=\"section\" data-settings=\"{&quot;jet_parallax_layout_list&quot;:[]}\">\n\t\t\t\t\t\t<div class=\"elementor-container elementor-column-gap-default\">\n\t\t\t\t\t<div class=\"elementor-column elementor-col-50 elementor-top-column elementor-element elementor-element-82b5b34\" data-id=\"82b5b34\" data-element_type=\"column\">\n\t\t\t<div class=\"elementor-widget-wrap elementor-element-populated\">\n\t\t\t\t\t\t\t\t<div class=\"elementor-element elementor-element-8041a22 elementor-widget elementor-widget-image\" data-id=\"8041a22\" data-element_type=\"widget\" data-widget_type=\"image.default\">\n\t\t\t\t<div class=\"elementor-widget-container\">\n\t\t\t<style>\/*! elementor - v3.14.0 - 26-06-2023 *\/\n.elementor-widget-image{text-align:center}.elementor-widget-image a{display:inline-block}.elementor-widget-image a img[src$=\".svg\"]{width:48px}.elementor-widget-image img{vertical-align:middle;display:inline-block}<\/style>\t\t\t\t\t\t\t\t\t\t\t\t<img decoding=\"async\" loading=\"lazy\" width=\"600\" height=\"400\" src=\"https:\/\/pickaqua.com\/wp-content\/uploads\/2023\/04\/shutterstock_128136776-scaled-600x400.jpg\" class=\"attachment-woocommerce_single size-woocommerce_single wp-image-3289\" alt=\"\" srcset=\"https:\/\/pickaqua.com\/wp-content\/uploads\/2023\/04\/shutterstock_128136776-scaled-600x400.jpg 600w, https:\/\/pickaqua.com\/wp-content\/uploads\/2023\/04\/shutterstock_128136776-300x200.jpg 300w, https:\/\/pickaqua.com\/wp-content\/uploads\/2023\/04\/shutterstock_128136776-1024x683.jpg 1024w, https:\/\/pickaqua.com\/wp-content\/uploads\/2023\/04\/shutterstock_128136776-768x512.jpg 768w, https:\/\/pickaqua.com\/wp-content\/uploads\/2023\/04\/shutterstock_128136776-1536x1024.jpg 1536w, https:\/\/pickaqua.com\/wp-content\/uploads\/2023\/04\/shutterstock_128136776-2048x1365.jpg 2048w\" sizes=\"(max-width: 600px) 100vw, 600px\" \/>\t\t\t\t\t\t\t\t\t\t\t\t\t\t\t<\/div>\n\t\t\t\t<\/div>\n\t\t\t\t\t<\/div>\n\t\t<\/div>\n\t\t\t\t<div class=\"elementor-column elementor-col-50 elementor-top-column elementor-element elementor-element-1b7a301\" data-id=\"1b7a301\" data-element_type=\"column\">\n\t\t\t<div class=\"elementor-widget-wrap elementor-element-populated\">\n\t\t\t\t\t\t\t\t<div class=\"elementor-element elementor-element-d380927 elementor-widget elementor-widget-heading\" data-id=\"d380927\" data-element_type=\"widget\" data-widget_type=\"heading.default\">\n\t\t\t\t<div class=\"elementor-widget-container\">\n\t\t\t<h3 class=\"elementor-heading-title elementor-size-default\">\u00dcbermittlung von Proben<\/h3>\t\t<\/div>\n\t\t\t\t<\/div>\n\t\t\t\t<div class=\"elementor-element elementor-element-f8ef07d elementor-widget elementor-widget-text-editor\" data-id=\"f8ef07d\" data-element_type=\"widget\" data-widget_type=\"text-editor.default\">\n\t\t\t\t<div class=\"elementor-widget-container\">\n\t\t\t\t\t\t\t<p>Finden Sie ein staatlich anerkanntes Labor f\u00fcr Wassertests in Ihrem Land.<\/p>\n<\/p>\n<p>Wenn Sie sich in Lettland befinden, k\u00f6nnen Wasserproben zur Analyse werktags von 9:30-16:00 Uhr in der L\u0101\u010dpl\u0113\u0161a-Stra\u00dfe 87a, Riga, Lettland, abgeholt werden. <br \/>Wasserprobe f\u00fcr die chemische Analyse 1,5 l <br \/>Wasserprobe f\u00fcr die mikrobiologische Analyse 0,5 L <br \/>Telefon <a href=\"tel:+37167288249\">+371 67288249<\/a><\/p>\n\t\t\t\t\t\t<\/div>\n\t\t\t\t<\/div>\n\t\t\t\t\t<\/div>\n\t\t<\/div>\n\t\t\t\t\t\t\t<\/div>\n\t\t<\/section>\n\t\t\t\t<section class=\"elementor-section elementor-top-section elementor-element elementor-element-78a7b31 elementor-section-boxed elementor-section-height-default elementor-section-height-default\" data-id=\"78a7b31\" data-element_type=\"section\" data-settings=\"{&quot;jet_parallax_layout_list&quot;:[]}\">\n\t\t\t\t\t\t<div class=\"elementor-container elementor-column-gap-default\">\n\t\t\t\t\t<div class=\"elementor-column elementor-col-100 elementor-top-column elementor-element elementor-element-113ea88\" data-id=\"113ea88\" data-element_type=\"column\">\n\t\t\t<div class=\"elementor-widget-wrap elementor-element-populated\">\n\t\t\t\t\t\t\t\t<div class=\"elementor-element elementor-element-8b5c6c6 elementor-widget elementor-widget-heading\" data-id=\"8b5c6c6\" data-element_type=\"widget\" data-widget_type=\"heading.default\">\n\t\t\t\t<div class=\"elementor-widget-container\">\n\t\t\t<h3 class=\"elementor-heading-title elementor-size-default\">Vorgehensweise bei der Probenahme<\/h3>\t\t<\/div>\n\t\t\t\t<\/div>\n\t\t\t\t<div class=\"elementor-element elementor-element-64c6604 elementor-widget elementor-widget-text-editor\" data-id=\"64c6604\" data-element_type=\"widget\" data-widget_type=\"text-editor.default\">\n\t\t\t\t<div class=\"elementor-widget-container\">\n\t\t\t\t\t\t\t<p>Beim Einf\u00fcllen der Probe darf das Wasser nicht mit \u00e4u\u00dferen Verunreinigungen (z. B. Staub, Sand usw.) in Ber\u00fchrung kommen. <br \/>Die Au\u00dfenfl\u00e4che des Wasserhahns muss sauber sein, und jeglicher Schmutz, der in den Probenbeh\u00e4lter gelangen k\u00f6nnte, ist zu entfernen.<br \/>Die Flasche oder das Gef\u00e4\u00df muss sofort nach dem Einf\u00fcllen des Wassers verschlossen werden. <br \/>Die Probe sollte vorzugsweise auf (5 \u00b1 3) \u00b0C gek\u00fchlt werden.<br \/>Die Zeit zwischen Probenahme und Analyse sollte so kurz wie m\u00f6glich sein, vorzugsweise am Tag der Probenahme.<\/p>\n\t\t\t\t\t\t<\/div>\n\t\t\t\t<\/div>\n\t\t\t\t\t<\/div>\n\t\t<\/div>\n\t\t\t\t\t\t\t<\/div>\n\t\t<\/section>\n\t\t\t\t\t\t\t<\/div>\n\t\t","protected":false},"excerpt":{"rendered":"<p>Was ist in Ihrem Wasser? Welchen Wasserfilter soll ich w\u00e4hlen? Alles beginnt mit einer Wasseranalyse. Zun\u00e4chst m\u00fcssen wir herausfinden, was wir loswerden wollen und&#8230;   <\/p>\n","protected":false},"author":1,"featured_media":3289,"parent":2646,"menu_order":0,"comment_status":"closed","ping_status":"closed","template":"","meta":{"footnotes":""},"acf":[],"yoast_head":"<!-- This site is optimized with the Yoast SEO plugin v21.2 - https:\/\/yoast.com\/wordpress\/plugins\/seo\/ -->\n<title>Wasseranalyse - PickAqua<\/title>\n<meta name=\"robots\" content=\"index, follow, max-snippet:-1, max-image-preview:large, max-video-preview:-1\" \/>\n<link rel=\"canonical\" href=\"https:\/\/pickaqua.com\/de\/dienstleistungen\/wasseranalyse\/\" \/>\n<meta property=\"og:locale\" content=\"de_DE\" \/>\n<meta property=\"og:type\" content=\"article\" \/>\n<meta property=\"og:title\" content=\"Wasseranalyse - PickAqua\" \/>\n<meta property=\"og:description\" content=\"Was ist in Ihrem Wasser? Welchen Wasserfilter soll ich w\u00e4hlen? Alles beginnt mit einer Wasseranalyse. Zun\u00e4chst m\u00fcssen wir herausfinden, was wir loswerden wollen und...\" \/>\n<meta property=\"og:url\" content=\"https:\/\/pickaqua.com\/de\/dienstleistungen\/wasseranalyse\/\" \/>\n<meta property=\"og:site_name\" content=\"PickAqua\" \/>\n<meta property=\"article:publisher\" content=\"https:\/\/www.facebook.com\/pickaquaapp\/\" \/>\n<meta property=\"article:modified_time\" content=\"2023-05-04T09:03:20+00:00\" \/>\n<meta property=\"og:image\" content=\"https:\/\/pickaqua.com\/wp-content\/uploads\/2023\/04\/shutterstock_128136776-scaled.jpg\" \/>\n\t<meta property=\"og:image:width\" content=\"2560\" \/>\n\t<meta property=\"og:image:height\" content=\"1707\" \/>\n\t<meta property=\"og:image:type\" content=\"image\/jpeg\" \/>\n<meta name=\"twitter:card\" content=\"summary_large_image\" \/>\n<meta name=\"twitter:label1\" content=\"Gesch\u00e4tzte Lesezeit\" \/>\n\t<meta name=\"twitter:data1\" content=\"2 Minuten\" \/>\n<script type=\"application\/ld+json\" class=\"yoast-schema-graph\">{\"@context\":\"https:\/\/schema.org\",\"@graph\":[{\"@type\":\"WebPage\",\"@id\":\"https:\/\/pickaqua.com\/de\/dienstleistungen\/wasseranalyse\/\",\"url\":\"https:\/\/pickaqua.com\/de\/dienstleistungen\/wasseranalyse\/\",\"name\":\"Wasseranalyse - PickAqua\",\"isPartOf\":{\"@id\":\"https:\/\/pickaqua.com\/#website\"},\"datePublished\":\"2023-05-01T08:32:59+00:00\",\"dateModified\":\"2023-05-04T09:03:20+00:00\",\"breadcrumb\":{\"@id\":\"https:\/\/pickaqua.com\/de\/dienstleistungen\/wasseranalyse\/#breadcrumb\"},\"inLanguage\":\"de-DE\",\"potentialAction\":[{\"@type\":\"ReadAction\",\"target\":[\"https:\/\/pickaqua.com\/de\/dienstleistungen\/wasseranalyse\/\"]}]},{\"@type\":\"BreadcrumbList\",\"@id\":\"https:\/\/pickaqua.com\/de\/dienstleistungen\/wasseranalyse\/#breadcrumb\",\"itemListElement\":[{\"@type\":\"ListItem\",\"position\":1,\"name\":\"Home\",\"item\":\"https:\/\/pickaqua.com\/de\/\"},{\"@type\":\"ListItem\",\"position\":2,\"name\":\"Dienstleistungen\",\"item\":\"https:\/\/pickaqua.com\/de\/dienstleistungen\/\"},{\"@type\":\"ListItem\",\"position\":3,\"name\":\"Wasseranalyse\"}]},{\"@type\":\"WebSite\",\"@id\":\"https:\/\/pickaqua.com\/#website\",\"url\":\"https:\/\/pickaqua.com\/\",\"name\":\"PickAqua\",\"description\":\"World&#039;s first water choice app\",\"publisher\":{\"@id\":\"https:\/\/pickaqua.com\/#organization\"},\"potentialAction\":[{\"@type\":\"SearchAction\",\"target\":{\"@type\":\"EntryPoint\",\"urlTemplate\":\"https:\/\/pickaqua.com\/?s={search_term_string}\"},\"query-input\":\"required name=search_term_string\"}],\"inLanguage\":\"de-DE\"},{\"@type\":\"Organization\",\"@id\":\"https:\/\/pickaqua.com\/#organization\",\"name\":\"PickAqua\",\"url\":\"https:\/\/pickaqua.com\/\",\"logo\":{\"@type\":\"ImageObject\",\"inLanguage\":\"de-DE\",\"@id\":\"https:\/\/pickaqua.com\/#\/schema\/logo\/image\/\",\"url\":\"https:\/\/pickaqua.com\/wp-content\/uploads\/2023\/03\/Horizontal-logo_blue1-1.png\",\"contentUrl\":\"https:\/\/pickaqua.com\/wp-content\/uploads\/2023\/03\/Horizontal-logo_blue1-1.png\",\"width\":177,\"height\":176,\"caption\":\"PickAqua\"},\"image\":{\"@id\":\"https:\/\/pickaqua.com\/#\/schema\/logo\/image\/\"},\"sameAs\":[\"https:\/\/www.facebook.com\/pickaquaapp\/\",\"https:\/\/www.instagram.com\/pickaqua\/\"]}]}<\/script>\n<!-- \/ Yoast SEO plugin. -->","yoast_head_json":{"title":"Wasseranalyse - PickAqua","robots":{"index":"index","follow":"follow","max-snippet":"max-snippet:-1","max-image-preview":"max-image-preview:large","max-video-preview":"max-video-preview:-1"},"canonical":"https:\/\/pickaqua.com\/de\/dienstleistungen\/wasseranalyse\/","og_locale":"de_DE","og_type":"article","og_title":"Wasseranalyse - PickAqua","og_description":"Was ist in Ihrem Wasser? Welchen Wasserfilter soll ich w\u00e4hlen? Alles beginnt mit einer Wasseranalyse. Zun\u00e4chst m\u00fcssen wir herausfinden, was wir loswerden wollen und...","og_url":"https:\/\/pickaqua.com\/de\/dienstleistungen\/wasseranalyse\/","og_site_name":"PickAqua","article_publisher":"https:\/\/www.facebook.com\/pickaquaapp\/","article_modified_time":"2023-05-04T09:03:20+00:00","og_image":[{"width":2560,"height":1707,"url":"https:\/\/pickaqua.com\/wp-content\/uploads\/2023\/04\/shutterstock_128136776-scaled.jpg","type":"image\/jpeg"}],"twitter_card":"summary_large_image","twitter_misc":{"Gesch\u00e4tzte Lesezeit":"2 Minuten"},"schema":{"@context":"https:\/\/schema.org","@graph":[{"@type":"WebPage","@id":"https:\/\/pickaqua.com\/de\/dienstleistungen\/wasseranalyse\/","url":"https:\/\/pickaqua.com\/de\/dienstleistungen\/wasseranalyse\/","name":"Wasseranalyse - PickAqua","isPartOf":{"@id":"https:\/\/pickaqua.com\/#website"},"datePublished":"2023-05-01T08:32:59+00:00","dateModified":"2023-05-04T09:03:20+00:00","breadcrumb":{"@id":"https:\/\/pickaqua.com\/de\/dienstleistungen\/wasseranalyse\/#breadcrumb"},"inLanguage":"de-DE","potentialAction":[{"@type":"ReadAction","target":["https:\/\/pickaqua.com\/de\/dienstleistungen\/wasseranalyse\/"]}]},{"@type":"BreadcrumbList","@id":"https:\/\/pickaqua.com\/de\/dienstleistungen\/wasseranalyse\/#breadcrumb","itemListElement":[{"@type":"ListItem","position":1,"name":"Home","item":"https:\/\/pickaqua.com\/de\/"},{"@type":"ListItem","position":2,"name":"Dienstleistungen","item":"https:\/\/pickaqua.com\/de\/dienstleistungen\/"},{"@type":"ListItem","position":3,"name":"Wasseranalyse"}]},{"@type":"WebSite","@id":"https:\/\/pickaqua.com\/#website","url":"https:\/\/pickaqua.com\/","name":"PickAqua","description":"World&#039;s first water choice app","publisher":{"@id":"https:\/\/pickaqua.com\/#organization"},"potentialAction":[{"@type":"SearchAction","target":{"@type":"EntryPoint","urlTemplate":"https:\/\/pickaqua.com\/?s={search_term_string}"},"query-input":"required name=search_term_string"}],"inLanguage":"de-DE"},{"@type":"Organization","@id":"https:\/\/pickaqua.com\/#organization","name":"PickAqua","url":"https:\/\/pickaqua.com\/","logo":{"@type":"ImageObject","inLanguage":"de-DE","@id":"https:\/\/pickaqua.com\/#\/schema\/logo\/image\/","url":"https:\/\/pickaqua.com\/wp-content\/uploads\/2023\/03\/Horizontal-logo_blue1-1.png","contentUrl":"https:\/\/pickaqua.com\/wp-content\/uploads\/2023\/03\/Horizontal-logo_blue1-1.png","width":177,"height":176,"caption":"PickAqua"},"image":{"@id":"https:\/\/pickaqua.com\/#\/schema\/logo\/image\/"},"sameAs":["https:\/\/www.facebook.com\/pickaquaapp\/","https:\/\/www.instagram.com\/pickaqua\/"]}]}},"_links":{"self":[{"href":"https:\/\/pickaqua.com\/de\/wp-json\/wp\/v2\/pages\/3532"}],"collection":[{"href":"https:\/\/pickaqua.com\/de\/wp-json\/wp\/v2\/pages"}],"about":[{"href":"https:\/\/pickaqua.com\/de\/wp-json\/wp\/v2\/types\/page"}],"author":[{"embeddable":true,"href":"https:\/\/pickaqua.com\/de\/wp-json\/wp\/v2\/users\/1"}],"replies":[{"embeddable":true,"href":"https:\/\/pickaqua.com\/de\/wp-json\/wp\/v2\/comments?post=3532"}],"version-history":[{"count":5,"href":"https:\/\/pickaqua.com\/de\/wp-json\/wp\/v2\/pages\/3532\/revisions"}],"predecessor-version":[{"id":3937,"href":"https:\/\/pickaqua.com\/de\/wp-json\/wp\/v2\/pages\/3532\/revisions\/3937"}],"up":[{"embeddable":true,"href":"https:\/\/pickaqua.com\/de\/wp-json\/wp\/v2\/pages\/2646"}],"wp:featuredmedia":[{"embeddable":true,"href":"https:\/\/pickaqua.com\/de\/wp-json\/wp\/v2\/media\/3289"}],"wp:attachment":[{"href":"https:\/\/pickaqua.com\/de\/wp-json\/wp\/v2\/media?parent=3532"}],"curies":[{"name":"wp","href":"https:\/\/api.w.org\/{rel}","templated":true}]}}