{"id":996,"date":"2023-02-06T10:30:12","date_gmt":"2023-02-06T07:30:12","guid":{"rendered":"https:\/\/pickaqua.com\/videos\/"},"modified":"2023-05-01T18:58:16","modified_gmt":"2023-05-01T15:58:16","slug":"videos","status":"publish","type":"page","link":"https:\/\/pickaqua.com\/de\/wasser-geschichten\/videos\/","title":{"rendered":"Videos"},"content":{"rendered":"\t\t<div data-elementor-type=\"wp-page\" data-elementor-id=\"996\" class=\"elementor elementor-996 elementor-13\" data-elementor-post-type=\"page\">\n\t\t\t\t\t\t\t\t\t<section class=\"elementor-section elementor-top-section elementor-element elementor-element-72ebe38 elementor-section-boxed elementor-section-height-default elementor-section-height-default\" data-id=\"72ebe38\" data-element_type=\"section\" data-settings=\"{&quot;jet_parallax_layout_list&quot;:[]}\">\n\t\t\t\t\t\t<div class=\"elementor-container elementor-column-gap-custom\">\n\t\t\t\t\t<div class=\"elementor-column elementor-col-100 elementor-top-column elementor-element elementor-element-23d3cd2\" data-id=\"23d3cd2\" data-element_type=\"column\">\n\t\t\t<div class=\"elementor-widget-wrap elementor-element-populated\">\n\t\t\t\t\t\t\t\t<div class=\"elementor-element elementor-element-6d0e0f3 elementor-widget elementor-widget-shortcode\" data-id=\"6d0e0f3\" data-element_type=\"widget\" data-widget_type=\"shortcode.default\">\n\t\t\t\t<div class=\"elementor-widget-container\">\n\t\t\t\t\t<div class=\"elementor-shortcode\"><\/div>\n\t\t\t\t<\/div>\n\t\t\t\t<\/div>\n\t\t\t\t\t<\/div>\n\t\t<\/div>\n\t\t\t\t\t\t\t<\/div>\n\t\t<\/section>\n\t\t\t\t<section class=\"elementor-section elementor-top-section elementor-element elementor-element-010371a elementor-section-boxed elementor-section-height-default elementor-section-height-default\" data-id=\"010371a\" data-element_type=\"section\" data-settings=\"{&quot;jet_parallax_layout_list&quot;:[]}\">\n\t\t\t\t\t\t<div class=\"elementor-container elementor-column-gap-default\">\n\t\t\t\t\t<div class=\"elementor-column elementor-col-100 elementor-top-column elementor-element elementor-element-10bab13\" data-id=\"10bab13\" data-element_type=\"column\">\n\t\t\t<div class=\"elementor-widget-wrap elementor-element-populated\">\n\t\t\t\t\t\t\t\t<div class=\"elementor-element elementor-element-f415693 elementor-widget elementor-widget-raven-posts\" data-id=\"f415693\" data-element_type=\"widget\" data-settings=\"{&quot;_skin&quot;:&quot;classic&quot;,&quot;classic_layout&quot;:&quot;grid&quot;,&quot;classic_columns&quot;:&quot;3&quot;,&quot;classic_columns_tablet&quot;:&quot;2&quot;,&quot;classic_columns_mobile&quot;:&quot;1&quot;,&quot;query_posts_per_page&quot;:6,&quot;query_offset&quot;:0}\" data-widget_type=\"raven-posts.classic\">\n\t\t\t\t<div class=\"elementor-widget-container\">\n\t\t\t\t\t<div class=\"raven-posts raven-grid raven-grid-3 raven-grid-mobile-1 raven-grid-tablet-2\" data-post-id=\"996\" data-archive-query=\"\" data-lang=\"\">\n\t\t\t\t<div class=\"raven-grid-item raven-post-item post-2609 video_post type-video_post status-publish has-post-thumbnail hentry\">\n\t\t\t<div class=\"raven-post\">\n\t\t\t\t\t\t<div class=\"raven-post-image-wrap\">\n\t\t\t<a class=\"raven-post-image raven-image-fit\" href=\"https:\/\/pickaqua.com\/ru\/?p=2609\"><img loading=\"lazy\" width=\"1024\" height=\"576\" src=\"https:\/\/pickaqua.com\/wp-content\/uploads\/2023\/02\/maxresdefault-1024x576.webp\" class=\"attachment-large size-large wp-image-2551\" alt=\"\" decoding=\"async\" srcset=\"https:\/\/pickaqua.com\/wp-content\/uploads\/2023\/02\/maxresdefault-1024x576.webp 1024w, https:\/\/pickaqua.com\/wp-content\/uploads\/2023\/02\/maxresdefault-300x169.webp 300w, https:\/\/pickaqua.com\/wp-content\/uploads\/2023\/02\/maxresdefault-600x338.webp 600w, https:\/\/pickaqua.com\/wp-content\/uploads\/2023\/02\/maxresdefault-768x432.webp 768w, https:\/\/pickaqua.com\/wp-content\/uploads\/2023\/02\/maxresdefault.webp 1280w\" sizes=\"(max-width: 1024px) 100vw, 1024px\" \/> <span class=\"raven-post-image-overlay\"><\/span><\/a>\t\t<\/div>\n\t\t\t\t\t\t<div class=\"raven-post-content\">\n\t\t\t\t\t<h3 class=\"raven-post-title\"><a class=\"raven-post-title-link\" href=\"https:\/\/pickaqua.com\/ru\/?p=2609\">\u041a\u0430\u043a \u0412\u043e\u0434\u0430 \u0438\u0437\u043c\u0435\u043d\u0438\u043b\u0430 \u043c\u043e\u044e \u0416\u0438\u0437\u043d\u044c! \u0425\u043e\u0432\u0430\u0440\u0434 \u0438 \u0418\u0432\u043e\u043d\u043d. \u0412\u043e\u0434\u043d\u044b\u0439 \u0441\u043e\u043c\u0435\u043b\u044c\u0435.<\/a><\/h3>\t\t<div class=\"raven-post-meta\"><a class=\"raven-post-meta-item raven-post-date\" href=\"https:\/\/pickaqua.com\/ru\/?p=2609\" rel=\"bookmark\">08.02.2023<\/a><\/div>\n\t\t<div class=\"raven-post-excerpt\">\u0415\u0436\u0435\u0433\u043e\u0434\u043d\u0430\u044f \u0432\u0441\u0442\u0440\u0435\u0447\u0430 \u0432\u043e\u0434\u043d\u043e\u0433\u043e \u0441\u043e\u043c\u0435\u043b\u044c\u0435 \u0432 \u0413\u0435\u0440\u043c\u0430\u043d\u0438\u0438! \u0418\u043d\u0442\u0435\u0440\u0432\u044c\u044e \u0441 \u0441\u043e\u043c\u0435\u043b\u044c\u0435 \u043a\u043e\u043c\u043f\u0430\u043d\u0438\u0438 Water Selection \u0422\u0430\u0439\u0432\u0430\u043d\u044c \u0425\u043e\u0432\u0430\u0440\u0434 \u0438 \u0418\u0432\u0430\u043d! \u041e \u0442\u043e\u043c, \u043a\u0430\u043a \u0438\u0437\u043c\u0435\u043d\u0438\u043b\u0430\u0441\u044c \u0438\u0445 \u0436\u0438\u0437\u043d\u044c \u043f\u043e\u0441\u043b\u0435 \u0442\u043e\u0433\u043e, \u043a\u0430\u043a \u043e\u043d\u0438 \u0441\u0442\u0430\u043b\u0438 \u0432\u043e\u0434\u043d\u044b\u043c\u0438 \u0441\u043e\u043c\u0435\u043b\u044c\u0435...<\/div>\t\t<div class=\"raven-post-read-more\">\n\t\t\t<a class=\"raven-post-button\" href=\"https:\/\/pickaqua.com\/ru\/?p=2609\"><span class=\"raven-post-button-text\">Read More<\/span><\/a>\n\t\t<\/div>\n\t\t\t\t\t\t<\/div>\n\t\t\t<\/div>\n\t\t<\/div>\n\t\t\t\t<div class=\"raven-grid-item raven-post-item post-2600 video_post type-video_post status-publish has-post-thumbnail hentry\">\n\t\t\t<div class=\"raven-post\">\n\t\t\t\t\t\t<div class=\"raven-post-image-wrap\">\n\t\t\t<a class=\"raven-post-image raven-image-fit\" href=\"https:\/\/pickaqua.com\/es\/?p=2600\"><img loading=\"lazy\" width=\"1024\" height=\"576\" src=\"https:\/\/pickaqua.com\/wp-content\/uploads\/2023\/02\/maxresdefault-1024x576.webp\" class=\"attachment-large size-large wp-image-2552\" alt=\"\" decoding=\"async\" srcset=\"https:\/\/pickaqua.com\/wp-content\/uploads\/2023\/02\/maxresdefault-1024x576.webp 1024w, https:\/\/pickaqua.com\/wp-content\/uploads\/2023\/02\/maxresdefault-300x169.webp 300w, https:\/\/pickaqua.com\/wp-content\/uploads\/2023\/02\/maxresdefault-600x338.webp 600w, https:\/\/pickaqua.com\/wp-content\/uploads\/2023\/02\/maxresdefault-768x432.webp 768w, https:\/\/pickaqua.com\/wp-content\/uploads\/2023\/02\/maxresdefault.webp 1280w\" sizes=\"(max-width: 1024px) 100vw, 1024px\" \/> <span class=\"raven-post-image-overlay\"><\/span><\/a>\t\t<\/div>\n\t\t\t\t\t\t<div class=\"raven-post-content\">\n\t\t\t\t\t<h3 class=\"raven-post-title\"><a class=\"raven-post-title-link\" href=\"https:\/\/pickaqua.com\/es\/?p=2600\">\u00a1C\u00f3mo el Agua cambi\u00f3 mi Vida! Howard e Yvonne. Sumiller de agua.<\/a><\/h3>\t\t<div class=\"raven-post-meta\"><a class=\"raven-post-meta-item raven-post-date\" href=\"https:\/\/pickaqua.com\/es\/?p=2600\" rel=\"bookmark\">08.02.2023<\/a><\/div>\n\t\t<div class=\"raven-post-excerpt\">\u00a1Reuni\u00f3n anual de Water Sommelier en Alemania! Entrevista con Water Sommelier de Water Selection Taiwan Howard &amp; Ivan! \u00a1Con respecto a c\u00f3mo cambi\u00f3 su vida despu\u00e9s de convertirse en...<\/div>\t\t<div class=\"raven-post-read-more\">\n\t\t\t<a class=\"raven-post-button\" href=\"https:\/\/pickaqua.com\/es\/?p=2600\"><span class=\"raven-post-button-text\">Read More<\/span><\/a>\n\t\t<\/div>\n\t\t\t\t\t\t<\/div>\n\t\t\t<\/div>\n\t\t<\/div>\n\t\t\t\t<div class=\"raven-grid-item raven-post-item post-2591 video_post type-video_post status-publish has-post-thumbnail hentry\">\n\t\t\t<div class=\"raven-post\">\n\t\t\t\t\t\t<div class=\"raven-post-image-wrap\">\n\t\t\t<a class=\"raven-post-image raven-image-fit\" href=\"https:\/\/pickaqua.com\/de\/?p=2591\"><img loading=\"lazy\" width=\"1024\" height=\"576\" src=\"https:\/\/pickaqua.com\/wp-content\/uploads\/2023\/02\/maxresdefault-1024x576.webp\" class=\"attachment-large size-large wp-image-2549\" alt=\"\" decoding=\"async\" srcset=\"https:\/\/pickaqua.com\/wp-content\/uploads\/2023\/02\/maxresdefault-1024x576.webp 1024w, https:\/\/pickaqua.com\/wp-content\/uploads\/2023\/02\/maxresdefault-300x169.webp 300w, https:\/\/pickaqua.com\/wp-content\/uploads\/2023\/02\/maxresdefault-600x338.webp 600w, https:\/\/pickaqua.com\/wp-content\/uploads\/2023\/02\/maxresdefault-768x432.webp 768w, https:\/\/pickaqua.com\/wp-content\/uploads\/2023\/02\/maxresdefault.webp 1280w\" sizes=\"(max-width: 1024px) 100vw, 1024px\" \/> <span class=\"raven-post-image-overlay\"><\/span><\/a>\t\t<\/div>\n\t\t\t\t\t\t<div class=\"raven-post-content\">\n\t\t\t\t\t<h3 class=\"raven-post-title\"><a class=\"raven-post-title-link\" href=\"https:\/\/pickaqua.com\/de\/?p=2591\">Wie Wasser mein Leben ver\u00e4ndert hat! Howard &amp; Yvonne. Wassersommelier.<\/a><\/h3>\t\t<div class=\"raven-post-meta\"><a class=\"raven-post-meta-item raven-post-date\" href=\"https:\/\/pickaqua.com\/de\/?p=2591\" rel=\"bookmark\">08.02.2023<\/a><\/div>\n\t\t<div class=\"raven-post-excerpt\">J\u00e4hrliches Wassersommelier-Treffen in Deutschland! Interview mit Water Sommelier von Water Selection Taiwan Howard &amp; Ivan! Dar\u00fcber, wie sich ihr Leben ver\u00e4ndert hat, nachdem sie Wassersommelier...<\/div>\t\t<div class=\"raven-post-read-more\">\n\t\t\t<a class=\"raven-post-button\" href=\"https:\/\/pickaqua.com\/de\/?p=2591\"><span class=\"raven-post-button-text\">Read More<\/span><\/a>\n\t\t<\/div>\n\t\t\t\t\t\t<\/div>\n\t\t\t<\/div>\n\t\t<\/div>\n\t\t\t\t<div class=\"raven-grid-item raven-post-item post-2581 video_post type-video_post status-publish has-post-thumbnail hentry\">\n\t\t\t<div class=\"raven-post\">\n\t\t\t\t\t\t<div class=\"raven-post-image-wrap\">\n\t\t\t<a class=\"raven-post-image raven-image-fit\" href=\"https:\/\/pickaqua.com\/lv\/?p=2581\"><img loading=\"lazy\" width=\"1024\" height=\"576\" src=\"https:\/\/pickaqua.com\/wp-content\/uploads\/2023\/02\/maxresdefault-1024x576.webp\" class=\"attachment-large size-large wp-image-2550\" alt=\"\" decoding=\"async\" srcset=\"https:\/\/pickaqua.com\/wp-content\/uploads\/2023\/02\/maxresdefault-1024x576.webp 1024w, https:\/\/pickaqua.com\/wp-content\/uploads\/2023\/02\/maxresdefault-300x169.webp 300w, https:\/\/pickaqua.com\/wp-content\/uploads\/2023\/02\/maxresdefault-600x338.webp 600w, https:\/\/pickaqua.com\/wp-content\/uploads\/2023\/02\/maxresdefault-768x432.webp 768w, https:\/\/pickaqua.com\/wp-content\/uploads\/2023\/02\/maxresdefault.webp 1280w\" sizes=\"(max-width: 1024px) 100vw, 1024px\" \/> <span class=\"raven-post-image-overlay\"><\/span><\/a>\t\t<\/div>\n\t\t\t\t\t\t<div class=\"raven-post-content\">\n\t\t\t\t\t<h3 class=\"raven-post-title\"><a class=\"raven-post-title-link\" href=\"https:\/\/pickaqua.com\/lv\/?p=2581\">K\u0101 \u016bdens main\u012bja manu dz\u012bvi! Hovards un Ivonna. \u016adens somelj\u0113.<\/a><\/h3>\t\t<div class=\"raven-post-meta\"><a class=\"raven-post-meta-item raven-post-date\" href=\"https:\/\/pickaqua.com\/lv\/?p=2581\" rel=\"bookmark\">08.02.2023<\/a><\/div>\n\t\t<div class=\"raven-post-excerpt\">Ikgad\u0113j\u0101 \u016bdens v\u012bnzi\u0146u tik\u0161an\u0101s V\u0101cij\u0101! Intervija ar \u016bdens somelj\u0113 no Water Selection Taiwan Howard &amp; Ivan! Par to, k\u0101 vi\u0146u dz\u012bve main\u012bj\u0101s p\u0113c k\u013c\u016b\u0161anas par \u016bdens somelj\u0113...<\/div>\t\t<div class=\"raven-post-read-more\">\n\t\t\t<a class=\"raven-post-button\" href=\"https:\/\/pickaqua.com\/lv\/?p=2581\"><span class=\"raven-post-button-text\">Read More<\/span><\/a>\n\t\t<\/div>\n\t\t\t\t\t\t<\/div>\n\t\t\t<\/div>\n\t\t<\/div>\n\t\t\t\t<div class=\"raven-grid-item raven-post-item post-729 video_post type-video_post status-publish has-post-thumbnail hentry\">\n\t\t\t<div class=\"raven-post\">\n\t\t\t\t\t\t<div class=\"raven-post-image-wrap\">\n\t\t\t<a class=\"raven-post-image raven-image-fit\" href=\"https:\/\/pickaqua.com\/?p=729\"><img loading=\"lazy\" width=\"1024\" height=\"576\" src=\"https:\/\/pickaqua.com\/wp-content\/uploads\/2023\/02\/maxresdefault-1024x576.webp\" class=\"attachment-large size-large wp-image-2548\" alt=\"\" decoding=\"async\" srcset=\"https:\/\/pickaqua.com\/wp-content\/uploads\/2023\/02\/maxresdefault-1024x576.webp 1024w, https:\/\/pickaqua.com\/wp-content\/uploads\/2023\/02\/maxresdefault-300x169.webp 300w, https:\/\/pickaqua.com\/wp-content\/uploads\/2023\/02\/maxresdefault-600x338.webp 600w, https:\/\/pickaqua.com\/wp-content\/uploads\/2023\/02\/maxresdefault-768x432.webp 768w, https:\/\/pickaqua.com\/wp-content\/uploads\/2023\/02\/maxresdefault.webp 1280w\" sizes=\"(max-width: 1024px) 100vw, 1024px\" \/> <span class=\"raven-post-image-overlay\"><\/span><\/a>\t\t<\/div>\n\t\t\t\t\t\t<div class=\"raven-post-content\">\n\t\t\t\t\t<h3 class=\"raven-post-title\"><a class=\"raven-post-title-link\" href=\"https:\/\/pickaqua.com\/?p=729\">How Water changed my Life! Howard &#038; Yvonne. Water Sommelier.<\/a><\/h3>\t\t<div class=\"raven-post-meta\"><a class=\"raven-post-meta-item raven-post-date\" href=\"https:\/\/pickaqua.com\/?p=729\" rel=\"bookmark\">08.02.2023<\/a><\/div>\n\t\t<div class=\"raven-post-excerpt\">Annual Water Sommelier meeting in Germany! Interview with Water Sommelier from Water Selection Taiwan Howard &amp; Ivan! Regarding how their life changed after becoming a Water Sommelier...<\/div>\t\t<div class=\"raven-post-read-more\">\n\t\t\t<a class=\"raven-post-button\" href=\"https:\/\/pickaqua.com\/?p=729\"><span class=\"raven-post-button-text\">Read More<\/span><\/a>\n\t\t<\/div>\n\t\t\t\t\t\t<\/div>\n\t\t\t<\/div>\n\t\t<\/div>\n\t\t\t\t<div class=\"raven-grid-item raven-post-item post-2611 video_post type-video_post status-publish has-post-thumbnail hentry\">\n\t\t\t<div class=\"raven-post\">\n\t\t\t\t\t\t<div class=\"raven-post-image-wrap\">\n\t\t\t<a class=\"raven-post-image raven-image-fit\" href=\"https:\/\/pickaqua.com\/ru\/?p=2611\"><img loading=\"lazy\" width=\"1024\" height=\"576\" src=\"https:\/\/pickaqua.com\/wp-content\/uploads\/2023\/02\/maxresdefault-1-1024x576.webp\" class=\"attachment-large size-large wp-image-2557\" alt=\"\" decoding=\"async\" srcset=\"https:\/\/pickaqua.com\/wp-content\/uploads\/2023\/02\/maxresdefault-1-1024x576.webp 1024w, https:\/\/pickaqua.com\/wp-content\/uploads\/2023\/02\/maxresdefault-1-300x169.webp 300w, https:\/\/pickaqua.com\/wp-content\/uploads\/2023\/02\/maxresdefault-1-600x338.webp 600w, https:\/\/pickaqua.com\/wp-content\/uploads\/2023\/02\/maxresdefault-1-768x432.webp 768w, https:\/\/pickaqua.com\/wp-content\/uploads\/2023\/02\/maxresdefault-1.webp 1280w\" sizes=\"(max-width: 1024px) 100vw, 1024px\" \/> <span class=\"raven-post-image-overlay\"><\/span><\/a>\t\t<\/div>\n\t\t\t\t\t\t<div class=\"raven-post-content\">\n\t\t\t\t\t<h3 class=\"raven-post-title\"><a class=\"raven-post-title-link\" href=\"https:\/\/pickaqua.com\/ru\/?p=2611\">\u041a\u0430\u0447\u0435\u0441\u0442\u0432\u043e \u0431\u0443\u0442\u0438\u043b\u0438\u0440\u043e\u0432\u0430\u043d\u043d\u043e\u0439 \u0432\u043e\u0434\u044b! (\u0423\u043a\u043e\u0440\u043e\u0447\u0435\u043d\u043d\u0430\u044f \u0432\u0435\u0440\u0441\u0438\u044f)<\/a><\/h3>\t\t<div class=\"raven-post-meta\"><a class=\"raven-post-meta-item raven-post-date\" href=\"https:\/\/pickaqua.com\/ru\/?p=2611\" rel=\"bookmark\">08.02.2023<\/a><\/div>\n\t\t<div class=\"raven-post-excerpt\">\u0412 \u044d\u0442\u043e\u043c \u0432\u0438\u0434\u0435\u043e \u043c\u044b \u043e\u0431\u044a\u044f\u0441\u043d\u044f\u0435\u043c \u043c\u0438\u0444\u044b \u043e \u043a\u0430\u0447\u0435\u0441\u0442\u0432\u0435 \u0431\u0443\u0442\u0438\u043b\u0438\u0440\u043e\u0432\u0430\u043d\u043d\u043e\u0439 \u0432\u043e\u0434\u044b \u0438 \u044d\u043b\u0435\u043a\u0442\u0440\u043e\u043b\u0438\u0437\u0435. \u041a\u0430\u0441\u0430\u044f\u0441\u044c \u043f\u043e\u0442\u0435\u043d\u0446\u0438\u0430\u043b\u044c\u043d\u043e\u0439 \u0441\u0438\u043b\u044b \u043c\u0438\u043d\u0435\u0440\u0430\u043b\u044c\u043d\u043e\u0433\u043e \u0441\u043e\u0441\u0442\u0430\u0432\u0430 \u0432\u043e\u0434\u044b \u0438 \u0435\u0435 \u043f\u043e\u043b\u044c\u0437\u044b \u0434\u043b\u044f \u0437\u0434\u043e\u0440\u043e\u0432\u044c\u044f. \u0413\u043e\u0432\u043e\u0440\u044f \u043e\u0431 \u043e\u0441\u043d\u043e\u0432\u043d\u044b\u0445...<\/div>\t\t<div class=\"raven-post-read-more\">\n\t\t\t<a class=\"raven-post-button\" href=\"https:\/\/pickaqua.com\/ru\/?p=2611\"><span class=\"raven-post-button-text\">Read More<\/span><\/a>\n\t\t<\/div>\n\t\t\t\t\t\t<\/div>\n\t\t\t<\/div>\n\t\t<\/div>\n\t\t\t\t<\/div>\n\t\t\t\t<\/div>\n\t\t\t\t<\/div>\n\t\t\t\t\t<\/div>\n\t\t<\/div>\n\t\t\t\t\t\t\t<\/div>\n\t\t<\/section>\n\t\t\t\t\t\t\t<\/div>\n\t\t","protected":false},"excerpt":{"rendered":"<p>How Water changed my Life! Howard &#038; Yvonne. Water Sommelier. 08.02.2023 https:\/\/www.youtube.com\/watch?v=wKitLG4fk5E&amp;feature=youtu.beAnnual Water Sommelier meeting in Germany! Interview with Water Sommelier from Water Selection Taiwan Howard &amp; Ivan! Regarding how their life changed after becoming a Water Sommelier! Water is a Read More Bottled water quality! (Short version) 08.02.2023 https:\/\/www.youtube.com\/watch?v=qWcXljpzNNk&amp;embeds_euri=https%3A%2F%2Fpickaqua.com%2F&amp;embeds_origin=https%3A%2F%2Fpickaqua.com&amp;source_ve_path=MzY4NDI&amp;feature=emb_logoIn this video, we are explaining [&hellip;]<\/p>\n","protected":false},"author":1,"featured_media":0,"parent":1749,"menu_order":0,"comment_status":"closed","ping_status":"closed","template":"","meta":{"footnotes":""},"acf":[],"yoast_head":"<!-- This site is optimized with the Yoast SEO plugin v21.2 - https:\/\/yoast.com\/wordpress\/plugins\/seo\/ -->\n<title>Videos - PickAqua<\/title>\n<meta name=\"robots\" content=\"index, follow, max-snippet:-1, max-image-preview:large, max-video-preview:-1\" \/>\n<link rel=\"canonical\" href=\"https:\/\/pickaqua.com\/water-stories\/videos\/\" \/>\n<meta property=\"og:locale\" content=\"de_DE\" \/>\n<meta property=\"og:type\" content=\"article\" \/>\n<meta property=\"og:title\" content=\"Videos - PickAqua\" \/>\n<meta property=\"og:description\" content=\"How Water changed my Life! Howard &#038; Yvonne. Water Sommelier. 08.02.2023 https:\/\/www.youtube.com\/watch?v=wKitLG4fk5E&amp;feature=youtu.beAnnual Water Sommelier meeting in Germany! Interview with Water Sommelier from Water Selection Taiwan Howard &amp; Ivan! Regarding how their life changed after becoming a Water Sommelier! Water is a Read More Bottled water quality! (Short version) 08.02.2023 https:\/\/www.youtube.com\/watch?v=qWcXljpzNNk&amp;embeds_euri=https%3A%2F%2Fpickaqua.com%2F&amp;embeds_origin=https%3A%2F%2Fpickaqua.com&amp;source_ve_path=MzY4NDI&amp;feature=emb_logoIn this video, we are explaining [&hellip;]\" \/>\n<meta property=\"og:url\" content=\"https:\/\/pickaqua.com\/water-stories\/videos\/\" \/>\n<meta property=\"og:site_name\" content=\"PickAqua\" \/>\n<meta property=\"article:publisher\" content=\"https:\/\/www.facebook.com\/pickaquaapp\/\" \/>\n<meta property=\"article:modified_time\" content=\"2023-05-01T15:58:16+00:00\" \/>\n<meta property=\"og:image\" content=\"https:\/\/pickaqua.com\/wp-content\/uploads\/2023\/02\/maxresdefault-1024x576.webp\" \/>\n<meta name=\"twitter:card\" content=\"summary_large_image\" \/>\n<meta name=\"twitter:label1\" content=\"Gesch\u00e4tzte Lesezeit\" \/>\n\t<meta name=\"twitter:data1\" content=\"1 Minute\" \/>\n<script type=\"application\/ld+json\" class=\"yoast-schema-graph\">{\"@context\":\"https:\/\/schema.org\",\"@graph\":[{\"@type\":\"WebPage\",\"@id\":\"https:\/\/pickaqua.com\/water-stories\/videos\/\",\"url\":\"https:\/\/pickaqua.com\/water-stories\/videos\/\",\"name\":\"Videos - PickAqua\",\"isPartOf\":{\"@id\":\"https:\/\/pickaqua.com\/#website\"},\"datePublished\":\"2023-02-06T07:30:12+00:00\",\"dateModified\":\"2023-05-01T15:58:16+00:00\",\"breadcrumb\":{\"@id\":\"https:\/\/pickaqua.com\/water-stories\/videos\/#breadcrumb\"},\"inLanguage\":\"de-DE\",\"potentialAction\":[{\"@type\":\"ReadAction\",\"target\":[\"https:\/\/pickaqua.com\/water-stories\/videos\/\"]}]},{\"@type\":\"BreadcrumbList\",\"@id\":\"https:\/\/pickaqua.com\/water-stories\/videos\/#breadcrumb\",\"itemListElement\":[{\"@type\":\"ListItem\",\"position\":1,\"name\":\"Home\",\"item\":\"https:\/\/pickaqua.com\/de\/\"},{\"@type\":\"ListItem\",\"position\":2,\"name\":\"Wasser geschichten\",\"item\":\"https:\/\/pickaqua.com\/water-stories\/\"},{\"@type\":\"ListItem\",\"position\":3,\"name\":\"Videos\"}]},{\"@type\":\"WebSite\",\"@id\":\"https:\/\/pickaqua.com\/#website\",\"url\":\"https:\/\/pickaqua.com\/\",\"name\":\"PickAqua\",\"description\":\"World&#039;s first water choice app\",\"publisher\":{\"@id\":\"https:\/\/pickaqua.com\/#organization\"},\"potentialAction\":[{\"@type\":\"SearchAction\",\"target\":{\"@type\":\"EntryPoint\",\"urlTemplate\":\"https:\/\/pickaqua.com\/?s={search_term_string}\"},\"query-input\":\"required name=search_term_string\"}],\"inLanguage\":\"de-DE\"},{\"@type\":\"Organization\",\"@id\":\"https:\/\/pickaqua.com\/#organization\",\"name\":\"PickAqua\",\"url\":\"https:\/\/pickaqua.com\/\",\"logo\":{\"@type\":\"ImageObject\",\"inLanguage\":\"de-DE\",\"@id\":\"https:\/\/pickaqua.com\/#\/schema\/logo\/image\/\",\"url\":\"https:\/\/pickaqua.com\/wp-content\/uploads\/2023\/03\/Horizontal-logo_blue1-1.png\",\"contentUrl\":\"https:\/\/pickaqua.com\/wp-content\/uploads\/2023\/03\/Horizontal-logo_blue1-1.png\",\"width\":177,\"height\":176,\"caption\":\"PickAqua\"},\"image\":{\"@id\":\"https:\/\/pickaqua.com\/#\/schema\/logo\/image\/\"},\"sameAs\":[\"https:\/\/www.facebook.com\/pickaquaapp\/\",\"https:\/\/www.instagram.com\/pickaqua\/\"]}]}<\/script>\n<!-- \/ Yoast SEO plugin. -->","yoast_head_json":{"title":"Videos - PickAqua","robots":{"index":"index","follow":"follow","max-snippet":"max-snippet:-1","max-image-preview":"max-image-preview:large","max-video-preview":"max-video-preview:-1"},"canonical":"https:\/\/pickaqua.com\/water-stories\/videos\/","og_locale":"de_DE","og_type":"article","og_title":"Videos - PickAqua","og_description":"How Water changed my Life! Howard &#038; Yvonne. Water Sommelier. 08.02.2023 https:\/\/www.youtube.com\/watch?v=wKitLG4fk5E&amp;feature=youtu.beAnnual Water Sommelier meeting in Germany! Interview with Water Sommelier from Water Selection Taiwan Howard &amp; Ivan! Regarding how their life changed after becoming a Water Sommelier! Water is a Read More Bottled water quality! (Short version) 08.02.2023 https:\/\/www.youtube.com\/watch?v=qWcXljpzNNk&amp;embeds_euri=https%3A%2F%2Fpickaqua.com%2F&amp;embeds_origin=https%3A%2F%2Fpickaqua.com&amp;source_ve_path=MzY4NDI&amp;feature=emb_logoIn this video, we are explaining [&hellip;]","og_url":"https:\/\/pickaqua.com\/water-stories\/videos\/","og_site_name":"PickAqua","article_publisher":"https:\/\/www.facebook.com\/pickaquaapp\/","article_modified_time":"2023-05-01T15:58:16+00:00","og_image":[{"url":"https:\/\/pickaqua.com\/wp-content\/uploads\/2023\/02\/maxresdefault-1024x576.webp"}],"twitter_card":"summary_large_image","twitter_misc":{"Gesch\u00e4tzte Lesezeit":"1 Minute"},"schema":{"@context":"https:\/\/schema.org","@graph":[{"@type":"WebPage","@id":"https:\/\/pickaqua.com\/water-stories\/videos\/","url":"https:\/\/pickaqua.com\/water-stories\/videos\/","name":"Videos - PickAqua","isPartOf":{"@id":"https:\/\/pickaqua.com\/#website"},"datePublished":"2023-02-06T07:30:12+00:00","dateModified":"2023-05-01T15:58:16+00:00","breadcrumb":{"@id":"https:\/\/pickaqua.com\/water-stories\/videos\/#breadcrumb"},"inLanguage":"de-DE","potentialAction":[{"@type":"ReadAction","target":["https:\/\/pickaqua.com\/water-stories\/videos\/"]}]},{"@type":"BreadcrumbList","@id":"https:\/\/pickaqua.com\/water-stories\/videos\/#breadcrumb","itemListElement":[{"@type":"ListItem","position":1,"name":"Home","item":"https:\/\/pickaqua.com\/de\/"},{"@type":"ListItem","position":2,"name":"Wasser geschichten","item":"https:\/\/pickaqua.com\/water-stories\/"},{"@type":"ListItem","position":3,"name":"Videos"}]},{"@type":"WebSite","@id":"https:\/\/pickaqua.com\/#website","url":"https:\/\/pickaqua.com\/","name":"PickAqua","description":"World&#039;s first water choice app","publisher":{"@id":"https:\/\/pickaqua.com\/#organization"},"potentialAction":[{"@type":"SearchAction","target":{"@type":"EntryPoint","urlTemplate":"https:\/\/pickaqua.com\/?s={search_term_string}"},"query-input":"required name=search_term_string"}],"inLanguage":"de-DE"},{"@type":"Organization","@id":"https:\/\/pickaqua.com\/#organization","name":"PickAqua","url":"https:\/\/pickaqua.com\/","logo":{"@type":"ImageObject","inLanguage":"de-DE","@id":"https:\/\/pickaqua.com\/#\/schema\/logo\/image\/","url":"https:\/\/pickaqua.com\/wp-content\/uploads\/2023\/03\/Horizontal-logo_blue1-1.png","contentUrl":"https:\/\/pickaqua.com\/wp-content\/uploads\/2023\/03\/Horizontal-logo_blue1-1.png","width":177,"height":176,"caption":"PickAqua"},"image":{"@id":"https:\/\/pickaqua.com\/#\/schema\/logo\/image\/"},"sameAs":["https:\/\/www.facebook.com\/pickaquaapp\/","https:\/\/www.instagram.com\/pickaqua\/"]}]}},"_links":{"self":[{"href":"https:\/\/pickaqua.com\/de\/wp-json\/wp\/v2\/pages\/996"}],"collection":[{"href":"https:\/\/pickaqua.com\/de\/wp-json\/wp\/v2\/pages"}],"about":[{"href":"https:\/\/pickaqua.com\/de\/wp-json\/wp\/v2\/types\/page"}],"author":[{"embeddable":true,"href":"https:\/\/pickaqua.com\/de\/wp-json\/wp\/v2\/users\/1"}],"replies":[{"embeddable":true,"href":"https:\/\/pickaqua.com\/de\/wp-json\/wp\/v2\/comments?post=996"}],"version-history":[{"count":5,"href":"https:\/\/pickaqua.com\/de\/wp-json\/wp\/v2\/pages\/996\/revisions"}],"predecessor-version":[{"id":3822,"href":"https:\/\/pickaqua.com\/de\/wp-json\/wp\/v2\/pages\/996\/revisions\/3822"}],"up":[{"embeddable":true,"href":"https:\/\/pickaqua.com\/de\/wp-json\/wp\/v2\/pages\/1749"}],"wp:attachment":[{"href":"https:\/\/pickaqua.com\/de\/wp-json\/wp\/v2\/media?parent=996"}],"curies":[{"name":"wp","href":"https:\/\/api.w.org\/{rel}","templated":true}]}}