{"id":2064,"date":"2023-03-06T20:46:47","date_gmt":"2023-03-06T17:46:47","guid":{"rendered":"https:\/\/pickaqua.com\/product\/radenska-natuerliches-mineralwasser\/"},"modified":"2026-03-15T13:04:08","modified_gmt":"2026-03-15T10:04:08","slug":"radenska-natural-mineral-water","status":"publish","type":"product","link":"https:\/\/pickaqua.com\/de\/shop\/naturliches-wasser\/naturliches-mineralwasser\/radenska-natural-mineral-water\/","title":{"rendered":"Radenska (1,5L)"},"content":{"rendered":"<p>Radenska Nat\u00fcrliches Mineralwasser, mit Kohlens\u00e4ure <b>(mit Erdgas aus der Quelle)<\/b> Slowenien, PET 1,5L Hervorragendes reichhaltiges Wasser mit ausgewogenem Mineralgehalt. Angenehm samtiger Geschmack, bereitgestellt durch Erdgas aus der Wasserquelle. Erdgas (CO2) ist ein starker Wettbewerbsfaktor, den nur sehr seltene W\u00e4sser besitzen. Reich an Mineralien. Gesamtmineralisierung 3064 mg\/l. Reich an Calcium und Magnesium, ideales Ca + Mg Verh\u00e4ltnis 2:1. Reich an Hydrogencarbonat (HCO3), das f\u00fcr das Verdauungssystem von Vorteil ist. Reich an Silizium (Si), einem Sch\u00f6nheitsmineral. Radenska ist das perfekte Wasser f\u00fcr aktive Lebensstile, Sportler, Schwangere, nach dem Schwitzen und alle, die die wahre Kraft der Natur lieben. Es ist ein hervorragendes Wasser, um den K\u00f6rper mit Mineralien aufzuf\u00fcllen und nach einer langen Nacht wieder zu Kr\u00e4ften zu kommen. Radenska kann zu den \u201eMust Drink\u201c W\u00e4ssern gez\u00e4hlt werden. 1 l Radenska f\u00fcllt die essentiellen Mineralien des K\u00f6rpers auf, durchschnittlich 20 % der t\u00e4glichen Aufnahme von Na, Ca und Mg. Eines der beliebtesten nat\u00fcrlichen Mineralw\u00e4sser auf dem Balkan. Radenska hat sich seit 1869 durch seinen hervorragenden Geschmack und seine ausgewogene mineralische Zusammensetzung bew\u00e4hrt. Der nat\u00fcrliche Ursprung des Mineralwassers wird auf 12 000 Jahre gesch\u00e4tzt. Erfahren Sie mehr \u00fcber die Eigenschaften von Wasser in der PickAqua Water Choice App.<\/p>\n<p><iframe style=\"display: none;\"><\/iframe><\/p>\n<p><iframe style=\"display: none;\"><\/iframe><\/p>\n<p><iframe style=\"display: none;\"><\/iframe><\/p>\n<p><iframe style=\"display: none;\"><\/iframe><\/p>\n<p><iframe style=\"display: none;\"><\/iframe><\/p>\n<p><iframe style=\"display: none;\"><\/iframe><\/p>\n<p><iframe style=\"display: none;\"><\/iframe><\/p>\n<p><iframe style=\"display: none;\"><\/iframe><\/p>\n<p><iframe style=\"display: none;\"><\/iframe><\/p>\n<p><iframe style=\"display: none;\"><\/iframe><\/p>\n","protected":false},"excerpt":{"rendered":"<p>Radenska Nat\u00fcrliches Mineralwasser, mit Kohlens\u00e4ure (mit Erdgas aus der Quelle) Slowenien, PET 1,5L Hervorragendes reichhaltiges Wasser mit ausgewogenem Mineralgehalt. Angenehm samtiger Geschmack, bereitgestellt durch Erdgas aus der Wasserquelle. Erdgas (CO2) ist ein starker Wettbewerbsfaktor, den nur sehr seltene W\u00e4sser besitzen. Reich an Mineralien. Gesamtmineralisierung 3064 mg\/l. Reich an Calcium und Magnesium, ideales Ca + Mg [&hellip;]<\/p>\n","protected":false},"featured_media":8078,"comment_status":"open","ping_status":"closed","template":"","meta":[],"product_cat":[64],"product_tag":[108,151,169,150,152],"acf":[],"yoast_head":"<!-- This site is optimized with the Yoast SEO plugin v21.2 - https:\/\/yoast.com\/wordpress\/plugins\/seo\/ -->\n<title>Radenska (1,5L) - PickAqua<\/title>\n<meta name=\"description\" content=\"Radenska Nat\u00fcrliches Mineralwasser, mit Kohlens\u00e4ure (mit Erdgas aus der Quelle) Slowenien, PET 1,5LHervorragend reichhaltiges Wasser mit ausgewogenem Mineralgehalt...\" \/>\n<meta name=\"robots\" content=\"index, follow, max-snippet:-1, max-image-preview:large, max-video-preview:-1\" \/>\n<link rel=\"canonical\" href=\"https:\/\/pickaqua.com\/shop\/natural-water\/natural-mineral-water\/radenska-natural-mineral-water\/\" \/>\n<meta property=\"og:locale\" content=\"de_DE\" \/>\n<meta property=\"og:type\" content=\"article\" \/>\n<meta property=\"og:title\" content=\"Radenska (1,5L) - PickAqua\" \/>\n<meta property=\"og:description\" content=\"Radenska Nat\u00fcrliches Mineralwasser, mit Kohlens\u00e4ure (mit Erdgas aus der Quelle) Slowenien, PET 1,5LHervorragend reichhaltiges Wasser mit ausgewogenem Mineralgehalt...\" \/>\n<meta property=\"og:url\" content=\"https:\/\/pickaqua.com\/shop\/natural-water\/natural-mineral-water\/radenska-natural-mineral-water\/\" \/>\n<meta property=\"og:site_name\" content=\"PickAqua\" \/>\n<meta property=\"article:publisher\" content=\"https:\/\/www.facebook.com\/pickaquaapp\/\" \/>\n<meta property=\"article:modified_time\" content=\"2026-03-15T10:04:08+00:00\" \/>\n<meta property=\"og:image\" content=\"https:\/\/pickaqua.com\/wp-content\/uploads\/2023\/03\/radenska.webp\" \/>\n\t<meta property=\"og:image:width\" content=\"800\" \/>\n\t<meta property=\"og:image:height\" content=\"1030\" \/>\n\t<meta property=\"og:image:type\" content=\"image\/webp\" \/>\n<meta name=\"twitter:card\" content=\"summary_large_image\" \/>\n<meta name=\"twitter:label1\" content=\"Preis\" \/>\n\t<meta name=\"twitter:data1\" content=\"&euro;1.65 (&euro;1.36 MwSt nicht enthalten)\" \/>\n\t<meta name=\"twitter:label2\" content=\"Verf\u00fcgbarkeit\" \/>\n\t<meta name=\"twitter:data2\" content=\"Auf Lager\" \/>\n<script type=\"application\/ld+json\" class=\"yoast-schema-graph\">{\"@context\":\"https:\/\/schema.org\",\"@graph\":[{\"@type\":\"WebPage\",\"@id\":\"https:\/\/pickaqua.com\/shop\/natural-water\/natural-mineral-water\/radenska-natural-mineral-water\/\",\"url\":\"https:\/\/pickaqua.com\/shop\/natural-water\/natural-mineral-water\/radenska-natural-mineral-water\/\",\"name\":\"Radenska (1,5L) - PickAqua\",\"isPartOf\":{\"@id\":\"https:\/\/pickaqua.com\/#website\"},\"datePublished\":\"2023-03-06T17:46:47+00:00\",\"dateModified\":\"2026-03-15T10:04:08+00:00\",\"description\":\"Radenska Nat\u00fcrliches Mineralwasser, mit Kohlens\u00e4ure (mit Erdgas aus der Quelle) Slowenien, PET 1,5LHervorragend reichhaltiges Wasser mit ausgewogenem Mineralgehalt...\",\"breadcrumb\":{\"@id\":\"https:\/\/pickaqua.com\/shop\/natural-water\/natural-mineral-water\/radenska-natural-mineral-water\/#breadcrumb\"},\"inLanguage\":\"de-DE\",\"potentialAction\":[{\"@type\":\"ReadAction\",\"target\":[\"https:\/\/pickaqua.com\/shop\/natural-water\/natural-mineral-water\/radenska-natural-mineral-water\/\"]}]},{\"@type\":\"BreadcrumbList\",\"@id\":\"https:\/\/pickaqua.com\/shop\/natural-water\/natural-mineral-water\/radenska-natural-mineral-water\/#breadcrumb\",\"itemListElement\":[{\"@type\":\"ListItem\",\"position\":1,\"name\":\"Home\",\"item\":\"https:\/\/pickaqua.com\/de\/\"},{\"@type\":\"ListItem\",\"position\":2,\"name\":\"Wasser shop\",\"item\":\"https:\/\/pickaqua.com\/de\/wassergeschaeft\/\"},{\"@type\":\"ListItem\",\"position\":3,\"name\":\"Nat\u00fcrliches Wasser\",\"item\":\"https:\/\/pickaqua.com\/de\/produkt-kategorie\/naturliches-wasser\/\"},{\"@type\":\"ListItem\",\"position\":4,\"name\":\"Natural Mineral Water\",\"item\":\"https:\/\/pickaqua.com\/product-category\/natural-water\/natural-mineral-water\/\"},{\"@type\":\"ListItem\",\"position\":5,\"name\":\"Radenska (1,5L)\"}]},{\"@type\":\"WebSite\",\"@id\":\"https:\/\/pickaqua.com\/#website\",\"url\":\"https:\/\/pickaqua.com\/\",\"name\":\"PickAqua\",\"description\":\"World&#039;s first water choice app\",\"publisher\":{\"@id\":\"https:\/\/pickaqua.com\/#organization\"},\"potentialAction\":[{\"@type\":\"SearchAction\",\"target\":{\"@type\":\"EntryPoint\",\"urlTemplate\":\"https:\/\/pickaqua.com\/?s={search_term_string}\"},\"query-input\":\"required name=search_term_string\"}],\"inLanguage\":\"de-DE\"},{\"@type\":\"Organization\",\"@id\":\"https:\/\/pickaqua.com\/#organization\",\"name\":\"PickAqua\",\"url\":\"https:\/\/pickaqua.com\/\",\"logo\":{\"@type\":\"ImageObject\",\"inLanguage\":\"de-DE\",\"@id\":\"https:\/\/pickaqua.com\/#\/schema\/logo\/image\/\",\"url\":\"https:\/\/pickaqua.com\/wp-content\/uploads\/2023\/03\/Horizontal-logo_blue1-1.png\",\"contentUrl\":\"https:\/\/pickaqua.com\/wp-content\/uploads\/2023\/03\/Horizontal-logo_blue1-1.png\",\"width\":177,\"height\":176,\"caption\":\"PickAqua\"},\"image\":{\"@id\":\"https:\/\/pickaqua.com\/#\/schema\/logo\/image\/\"},\"sameAs\":[\"https:\/\/www.facebook.com\/pickaquaapp\/\",\"https:\/\/www.instagram.com\/pickaqua\/\"]}]}<\/script>\n<meta property=\"product:price:amount\" content=\"1.65\" \/>\n<meta property=\"product:price:currency\" content=\"EUR\" \/>\n<meta property=\"og:availability\" content=\"instock\" \/>\n<meta property=\"product:availability\" content=\"instock\" \/>\n<meta property=\"product:condition\" content=\"new\" \/>\n<!-- \/ Yoast SEO plugin. -->","yoast_head_json":{"title":"Radenska (1,5L) - PickAqua","description":"Radenska Nat\u00fcrliches Mineralwasser, mit Kohlens\u00e4ure (mit Erdgas aus der Quelle) Slowenien, PET 1,5LHervorragend reichhaltiges Wasser mit ausgewogenem Mineralgehalt...","robots":{"index":"index","follow":"follow","max-snippet":"max-snippet:-1","max-image-preview":"max-image-preview:large","max-video-preview":"max-video-preview:-1"},"canonical":"https:\/\/pickaqua.com\/shop\/natural-water\/natural-mineral-water\/radenska-natural-mineral-water\/","og_locale":"de_DE","og_type":"article","og_title":"Radenska (1,5L) - PickAqua","og_description":"Radenska Nat\u00fcrliches Mineralwasser, mit Kohlens\u00e4ure (mit Erdgas aus der Quelle) Slowenien, PET 1,5LHervorragend reichhaltiges Wasser mit ausgewogenem Mineralgehalt...","og_url":"https:\/\/pickaqua.com\/shop\/natural-water\/natural-mineral-water\/radenska-natural-mineral-water\/","og_site_name":"PickAqua","article_publisher":"https:\/\/www.facebook.com\/pickaquaapp\/","article_modified_time":"2026-03-15T10:04:08+00:00","og_image":[{"width":800,"height":1030,"url":"https:\/\/pickaqua.com\/wp-content\/uploads\/2023\/03\/radenska.webp","type":"image\/webp"}],"twitter_card":"summary_large_image","twitter_misc":{"Preis":"&euro;1.65 (&euro;1.36 MwSt nicht enthalten)","Verf\u00fcgbarkeit":"Auf Lager"},"schema":{"@context":"https:\/\/schema.org","@graph":[{"@type":"WebPage","@id":"https:\/\/pickaqua.com\/shop\/natural-water\/natural-mineral-water\/radenska-natural-mineral-water\/","url":"https:\/\/pickaqua.com\/shop\/natural-water\/natural-mineral-water\/radenska-natural-mineral-water\/","name":"Radenska (1,5L) - PickAqua","isPartOf":{"@id":"https:\/\/pickaqua.com\/#website"},"datePublished":"2023-03-06T17:46:47+00:00","dateModified":"2026-03-15T10:04:08+00:00","description":"Radenska Nat\u00fcrliches Mineralwasser, mit Kohlens\u00e4ure (mit Erdgas aus der Quelle) Slowenien, PET 1,5LHervorragend reichhaltiges Wasser mit ausgewogenem Mineralgehalt...","breadcrumb":{"@id":"https:\/\/pickaqua.com\/shop\/natural-water\/natural-mineral-water\/radenska-natural-mineral-water\/#breadcrumb"},"inLanguage":"de-DE","potentialAction":[{"@type":"ReadAction","target":["https:\/\/pickaqua.com\/shop\/natural-water\/natural-mineral-water\/radenska-natural-mineral-water\/"]}]},{"@type":"BreadcrumbList","@id":"https:\/\/pickaqua.com\/shop\/natural-water\/natural-mineral-water\/radenska-natural-mineral-water\/#breadcrumb","itemListElement":[{"@type":"ListItem","position":1,"name":"Home","item":"https:\/\/pickaqua.com\/de\/"},{"@type":"ListItem","position":2,"name":"Wasser shop","item":"https:\/\/pickaqua.com\/de\/wassergeschaeft\/"},{"@type":"ListItem","position":3,"name":"Nat\u00fcrliches Wasser","item":"https:\/\/pickaqua.com\/de\/produkt-kategorie\/naturliches-wasser\/"},{"@type":"ListItem","position":4,"name":"Natural Mineral Water","item":"https:\/\/pickaqua.com\/product-category\/natural-water\/natural-mineral-water\/"},{"@type":"ListItem","position":5,"name":"Radenska (1,5L)"}]},{"@type":"WebSite","@id":"https:\/\/pickaqua.com\/#website","url":"https:\/\/pickaqua.com\/","name":"PickAqua","description":"World&#039;s first water choice app","publisher":{"@id":"https:\/\/pickaqua.com\/#organization"},"potentialAction":[{"@type":"SearchAction","target":{"@type":"EntryPoint","urlTemplate":"https:\/\/pickaqua.com\/?s={search_term_string}"},"query-input":"required name=search_term_string"}],"inLanguage":"de-DE"},{"@type":"Organization","@id":"https:\/\/pickaqua.com\/#organization","name":"PickAqua","url":"https:\/\/pickaqua.com\/","logo":{"@type":"ImageObject","inLanguage":"de-DE","@id":"https:\/\/pickaqua.com\/#\/schema\/logo\/image\/","url":"https:\/\/pickaqua.com\/wp-content\/uploads\/2023\/03\/Horizontal-logo_blue1-1.png","contentUrl":"https:\/\/pickaqua.com\/wp-content\/uploads\/2023\/03\/Horizontal-logo_blue1-1.png","width":177,"height":176,"caption":"PickAqua"},"image":{"@id":"https:\/\/pickaqua.com\/#\/schema\/logo\/image\/"},"sameAs":["https:\/\/www.facebook.com\/pickaquaapp\/","https:\/\/www.instagram.com\/pickaqua\/"]}]},"product_price_amount":"1.65","product_price_currency":"EUR","og_availability":"instock","product_availability":"instock","product_condition":"new"},"_links":{"self":[{"href":"https:\/\/pickaqua.com\/de\/wp-json\/wp\/v2\/product\/2064"}],"collection":[{"href":"https:\/\/pickaqua.com\/de\/wp-json\/wp\/v2\/product"}],"about":[{"href":"https:\/\/pickaqua.com\/de\/wp-json\/wp\/v2\/types\/product"}],"replies":[{"embeddable":true,"href":"https:\/\/pickaqua.com\/de\/wp-json\/wp\/v2\/comments?post=2064"}],"wp:featuredmedia":[{"embeddable":true,"href":"https:\/\/pickaqua.com\/de\/wp-json\/wp\/v2\/media\/8078"}],"wp:attachment":[{"href":"https:\/\/pickaqua.com\/de\/wp-json\/wp\/v2\/media?parent=2064"}],"wp:term":[{"taxonomy":"product_cat","embeddable":true,"href":"https:\/\/pickaqua.com\/de\/wp-json\/wp\/v2\/product_cat?post=2064"},{"taxonomy":"product_tag","embeddable":true,"href":"https:\/\/pickaqua.com\/de\/wp-json\/wp\/v2\/product_tag?post=2064"}],"curies":[{"name":"wp","href":"https:\/\/api.w.org\/{rel}","templated":true}]}}