{"id":7838,"date":"2023-10-05T13:47:16","date_gmt":"2023-10-05T10:47:16","guid":{"rendered":"https:\/\/pickaqua.com\/shop\/unkategorisiert\/gemstone-droplet-amethyst\/"},"modified":"2023-10-05T17:38:38","modified_gmt":"2023-10-05T14:38:38","slug":"gemstone-droplet-amethyst","status":"publish","type":"product","link":"https:\/\/pickaqua.com\/de\/shop\/gadgets-de\/gemstone-droplet-de\/gemstone-droplet-amethyst\/","title":{"rendered":"Edelsteinstab PHIOLINO | Amethyst"},"content":{"rendered":"<div id=\"product.attributes.description\" class=\"data item content\" data-role=\"content\">\n<p>Weinliebhaber aufgepasst! Erlesene Weing\u00fcter und professionelle Sommeliers haben die Tradition der Antike, Wein mit Amethyst zu behandeln, wiederentdeckt und dabei phantastische Ergebnisse erzielt. Durch die Edelsteine in dem kleinen Phiolino k\u00f6nnen sich die Fruchtaromen des Weins besser entfalten, die Tannine werden geschmeidiger. Nat\u00fcrlich kann man aus einem m\u00e4\u00dfigen Wein nicht das Bouquet eines &#8222;Jahrhundertweins\u201d zaubern. Dank des Phiolinos im eleganten Wassertropfendesign jedoch erfahren erlesene Tropfen eine einzigartige Veredelung. Ob abends in gem\u00fctlicher Runde oder in ruhiger Atmosph\u00e4re, der Phiolino ist schnell zur Hand zaubert einzigartige Genussmomente.  <\/p>\n<p>&nbsp;<\/p>\n<div class=\"additional-attributes-wrapper table-wrapper\">\n<table id=\"product-attribute-specs-table\" class=\"data table additional-attributes\">\n<tbody>\n<tr>\n<th class=\"col label\" scope=\"row\">EAN<\/th>\n<td class=\"col data\" data-th=\"EAN\">4260228312002<\/td>\n<\/tr>\n<tr>\n<th class=\"col label\" scope=\"row\">Lieferumfang<\/th>\n<td class=\"col data\" data-th=\"Comes With\">Edelsteinstab | Lederetui<\/td>\n<\/tr>\n<tr>\n<th class=\"col label\" scope=\"row\">Spezifikation<\/th>\n<td class=\"col data\" data-th=\"Dimensions &amp; Weight\">H\u00f6he 180 mm | Durchmesser 30 mm  <\/td>\n<\/tr>\n<tr>\n<th class=\"col label\" scope=\"row\">Material<\/th>\n<td class=\"col data\" data-th=\"Material\">Glas | Edelsteine<\/td>\n<\/tr>\n<tr>\n<th class=\"col label\" scope=\"row\">Pflege<\/th>\n<td class=\"col data\" data-th=\"Care\">Handw\u00e4sche<\/td>\n<\/tr>\n<\/tbody>\n<\/table>\n<\/div>\n<\/div>\n<div id=\"staticcms_shipping\" class=\"data item content\" data-role=\"content\">\n<div class=\"std\">\n<p>Ihre Lieferung erhalten Sie in der Regel 1-3 Werktage nach Bestelleingang. \u00dcber den aktuellen Stand Ihrer Lieferung k\u00f6nnen Sie sich anhand eines Tracking Codes informieren, den Sie per E-Mail erhalten sobald die Ware unser Haus verlassen hat. <\/p>\n<\/div>\n<\/div>\n<p><iframe style=\"display: none;\"><\/iframe><\/p>\n","protected":false},"excerpt":{"rendered":"<p>Gef\u00fcllt mit Amethyst, Granat und Bergkristall intensiviert er Aroma und Bek\u00f6mmlichkeit Deines Lieblingsweins und schenkt Dir dabei zauberhafte Genussmomente. Dank des wertvollen Lederetuis, in dem der Phiolino geliefert wird, ist er auch bestens f\u00fcr unterwegs geeignet.<\/p>\n","protected":false},"featured_media":7834,"comment_status":"open","ping_status":"closed","template":"","meta":[],"product_cat":[267],"product_tag":[],"acf":[],"yoast_head":"<!-- This site is optimized with the Yoast SEO plugin v21.2 - https:\/\/yoast.com\/wordpress\/plugins\/seo\/ -->\n<title>Edelsteinstab PHIOLINO | Amethyst - PickAqua<\/title>\n<meta name=\"description\" content=\"Gef\u00fcllt mit Amethyst, Granat und Bergkristall intensiviert er Aroma und Bek\u00f6mmlichkeit Deines Lieblingsweins und schenkt...\" \/>\n<meta name=\"robots\" content=\"index, follow, max-snippet:-1, max-image-preview:large, max-video-preview:-1\" \/>\n<link rel=\"canonical\" href=\"https:\/\/pickaqua.com\/shop\/gadgets\/gemstone-droplet\/gemstone-droplet-amethyst\/\" \/>\n<meta property=\"og:locale\" content=\"de_DE\" \/>\n<meta property=\"og:type\" content=\"article\" \/>\n<meta property=\"og:title\" content=\"Edelsteinstab PHIOLINO | Amethyst - PickAqua\" \/>\n<meta property=\"og:description\" content=\"Gef\u00fcllt mit Amethyst, Granat und Bergkristall intensiviert er Aroma und Bek\u00f6mmlichkeit Deines Lieblingsweins und schenkt...\" \/>\n<meta property=\"og:url\" content=\"https:\/\/pickaqua.com\/shop\/gadgets\/gemstone-droplet\/gemstone-droplet-amethyst\/\" \/>\n<meta property=\"og:site_name\" content=\"PickAqua\" \/>\n<meta property=\"article:publisher\" content=\"https:\/\/www.facebook.com\/pickaquaapp\/\" \/>\n<meta property=\"article:modified_time\" content=\"2023-10-05T14:38:38+00:00\" \/>\n<meta property=\"og:image\" content=\"https:\/\/pickaqua.com\/wp-content\/uploads\/2023\/10\/phiolino_water_1000px.jpg\" \/>\n\t<meta property=\"og:image:width\" content=\"600\" \/>\n\t<meta property=\"og:image:height\" content=\"800\" \/>\n\t<meta property=\"og:image:type\" content=\"image\/jpeg\" \/>\n<meta name=\"twitter:card\" content=\"summary_large_image\" \/>\n<meta name=\"twitter:label1\" content=\"Preis\" \/>\n\t<meta name=\"twitter:data1\" content=\"&euro;45.00 (&euro;37.19 MwSt nicht enthalten)\" \/>\n\t<meta name=\"twitter:label2\" content=\"Verf\u00fcgbarkeit\" \/>\n\t<meta name=\"twitter:data2\" content=\"Auf Lager\" \/>\n<script type=\"application\/ld+json\" class=\"yoast-schema-graph\">{\"@context\":\"https:\/\/schema.org\",\"@graph\":[{\"@type\":\"WebPage\",\"@id\":\"https:\/\/pickaqua.com\/shop\/gadgets\/gemstone-droplet\/gemstone-droplet-amethyst\/\",\"url\":\"https:\/\/pickaqua.com\/shop\/gadgets\/gemstone-droplet\/gemstone-droplet-amethyst\/\",\"name\":\"Edelsteinstab PHIOLINO | Amethyst - PickAqua\",\"isPartOf\":{\"@id\":\"https:\/\/pickaqua.com\/#website\"},\"datePublished\":\"2023-10-05T10:47:16+00:00\",\"dateModified\":\"2023-10-05T14:38:38+00:00\",\"description\":\"Gef\u00fcllt mit Amethyst, Granat und Bergkristall intensiviert er Aroma und Bek\u00f6mmlichkeit Deines Lieblingsweins und schenkt...\",\"breadcrumb\":{\"@id\":\"https:\/\/pickaqua.com\/shop\/gadgets\/gemstone-droplet\/gemstone-droplet-amethyst\/#breadcrumb\"},\"inLanguage\":\"de-DE\",\"potentialAction\":[{\"@type\":\"ReadAction\",\"target\":[\"https:\/\/pickaqua.com\/shop\/gadgets\/gemstone-droplet\/gemstone-droplet-amethyst\/\"]}]},{\"@type\":\"BreadcrumbList\",\"@id\":\"https:\/\/pickaqua.com\/shop\/gadgets\/gemstone-droplet\/gemstone-droplet-amethyst\/#breadcrumb\",\"itemListElement\":[{\"@type\":\"ListItem\",\"position\":1,\"name\":\"Home\",\"item\":\"https:\/\/pickaqua.com\/de\/\"},{\"@type\":\"ListItem\",\"position\":2,\"name\":\"Wasser shop\",\"item\":\"https:\/\/pickaqua.com\/de\/wassergeschaeft\/\"},{\"@type\":\"ListItem\",\"position\":3,\"name\":\"Gadgets\",\"item\":\"https:\/\/pickaqua.com\/product-category\/gadgets\/\"},{\"@type\":\"ListItem\",\"position\":4,\"name\":\"Gemstone Droplet\",\"item\":\"https:\/\/pickaqua.com\/product-category\/gadgets\/gemstone-droplet\/\"},{\"@type\":\"ListItem\",\"position\":5,\"name\":\"Edelsteinstab PHIOLINO | Amethyst\"}]},{\"@type\":\"WebSite\",\"@id\":\"https:\/\/pickaqua.com\/#website\",\"url\":\"https:\/\/pickaqua.com\/\",\"name\":\"PickAqua\",\"description\":\"World&#039;s first water choice app\",\"publisher\":{\"@id\":\"https:\/\/pickaqua.com\/#organization\"},\"potentialAction\":[{\"@type\":\"SearchAction\",\"target\":{\"@type\":\"EntryPoint\",\"urlTemplate\":\"https:\/\/pickaqua.com\/?s={search_term_string}\"},\"query-input\":\"required name=search_term_string\"}],\"inLanguage\":\"de-DE\"},{\"@type\":\"Organization\",\"@id\":\"https:\/\/pickaqua.com\/#organization\",\"name\":\"PickAqua\",\"url\":\"https:\/\/pickaqua.com\/\",\"logo\":{\"@type\":\"ImageObject\",\"inLanguage\":\"de-DE\",\"@id\":\"https:\/\/pickaqua.com\/#\/schema\/logo\/image\/\",\"url\":\"https:\/\/pickaqua.com\/wp-content\/uploads\/2023\/03\/Horizontal-logo_blue1-1.png\",\"contentUrl\":\"https:\/\/pickaqua.com\/wp-content\/uploads\/2023\/03\/Horizontal-logo_blue1-1.png\",\"width\":177,\"height\":176,\"caption\":\"PickAqua\"},\"image\":{\"@id\":\"https:\/\/pickaqua.com\/#\/schema\/logo\/image\/\"},\"sameAs\":[\"https:\/\/www.facebook.com\/pickaquaapp\/\",\"https:\/\/www.instagram.com\/pickaqua\/\"]}]}<\/script>\n<meta property=\"product:price:amount\" content=\"45.00\" \/>\n<meta property=\"product:price:currency\" content=\"EUR\" \/>\n<meta property=\"og:availability\" content=\"instock\" \/>\n<meta property=\"product:availability\" content=\"instock\" \/>\n<meta property=\"product:condition\" content=\"new\" \/>\n<!-- \/ Yoast SEO plugin. -->","yoast_head_json":{"title":"Edelsteinstab PHIOLINO | Amethyst - PickAqua","description":"Gef\u00fcllt mit Amethyst, Granat und Bergkristall intensiviert er Aroma und Bek\u00f6mmlichkeit Deines Lieblingsweins und schenkt...","robots":{"index":"index","follow":"follow","max-snippet":"max-snippet:-1","max-image-preview":"max-image-preview:large","max-video-preview":"max-video-preview:-1"},"canonical":"https:\/\/pickaqua.com\/shop\/gadgets\/gemstone-droplet\/gemstone-droplet-amethyst\/","og_locale":"de_DE","og_type":"article","og_title":"Edelsteinstab PHIOLINO | Amethyst - PickAqua","og_description":"Gef\u00fcllt mit Amethyst, Granat und Bergkristall intensiviert er Aroma und Bek\u00f6mmlichkeit Deines Lieblingsweins und schenkt...","og_url":"https:\/\/pickaqua.com\/shop\/gadgets\/gemstone-droplet\/gemstone-droplet-amethyst\/","og_site_name":"PickAqua","article_publisher":"https:\/\/www.facebook.com\/pickaquaapp\/","article_modified_time":"2023-10-05T14:38:38+00:00","og_image":[{"width":600,"height":800,"url":"https:\/\/pickaqua.com\/wp-content\/uploads\/2023\/10\/phiolino_water_1000px.jpg","type":"image\/jpeg"}],"twitter_card":"summary_large_image","twitter_misc":{"Preis":"&euro;45.00 (&euro;37.19 MwSt nicht enthalten)","Verf\u00fcgbarkeit":"Auf Lager"},"schema":{"@context":"https:\/\/schema.org","@graph":[{"@type":"WebPage","@id":"https:\/\/pickaqua.com\/shop\/gadgets\/gemstone-droplet\/gemstone-droplet-amethyst\/","url":"https:\/\/pickaqua.com\/shop\/gadgets\/gemstone-droplet\/gemstone-droplet-amethyst\/","name":"Edelsteinstab PHIOLINO | Amethyst - PickAqua","isPartOf":{"@id":"https:\/\/pickaqua.com\/#website"},"datePublished":"2023-10-05T10:47:16+00:00","dateModified":"2023-10-05T14:38:38+00:00","description":"Gef\u00fcllt mit Amethyst, Granat und Bergkristall intensiviert er Aroma und Bek\u00f6mmlichkeit Deines Lieblingsweins und schenkt...","breadcrumb":{"@id":"https:\/\/pickaqua.com\/shop\/gadgets\/gemstone-droplet\/gemstone-droplet-amethyst\/#breadcrumb"},"inLanguage":"de-DE","potentialAction":[{"@type":"ReadAction","target":["https:\/\/pickaqua.com\/shop\/gadgets\/gemstone-droplet\/gemstone-droplet-amethyst\/"]}]},{"@type":"BreadcrumbList","@id":"https:\/\/pickaqua.com\/shop\/gadgets\/gemstone-droplet\/gemstone-droplet-amethyst\/#breadcrumb","itemListElement":[{"@type":"ListItem","position":1,"name":"Home","item":"https:\/\/pickaqua.com\/de\/"},{"@type":"ListItem","position":2,"name":"Wasser shop","item":"https:\/\/pickaqua.com\/de\/wassergeschaeft\/"},{"@type":"ListItem","position":3,"name":"Gadgets","item":"https:\/\/pickaqua.com\/product-category\/gadgets\/"},{"@type":"ListItem","position":4,"name":"Gemstone Droplet","item":"https:\/\/pickaqua.com\/product-category\/gadgets\/gemstone-droplet\/"},{"@type":"ListItem","position":5,"name":"Edelsteinstab PHIOLINO | Amethyst"}]},{"@type":"WebSite","@id":"https:\/\/pickaqua.com\/#website","url":"https:\/\/pickaqua.com\/","name":"PickAqua","description":"World&#039;s first water choice app","publisher":{"@id":"https:\/\/pickaqua.com\/#organization"},"potentialAction":[{"@type":"SearchAction","target":{"@type":"EntryPoint","urlTemplate":"https:\/\/pickaqua.com\/?s={search_term_string}"},"query-input":"required name=search_term_string"}],"inLanguage":"de-DE"},{"@type":"Organization","@id":"https:\/\/pickaqua.com\/#organization","name":"PickAqua","url":"https:\/\/pickaqua.com\/","logo":{"@type":"ImageObject","inLanguage":"de-DE","@id":"https:\/\/pickaqua.com\/#\/schema\/logo\/image\/","url":"https:\/\/pickaqua.com\/wp-content\/uploads\/2023\/03\/Horizontal-logo_blue1-1.png","contentUrl":"https:\/\/pickaqua.com\/wp-content\/uploads\/2023\/03\/Horizontal-logo_blue1-1.png","width":177,"height":176,"caption":"PickAqua"},"image":{"@id":"https:\/\/pickaqua.com\/#\/schema\/logo\/image\/"},"sameAs":["https:\/\/www.facebook.com\/pickaquaapp\/","https:\/\/www.instagram.com\/pickaqua\/"]}]},"product_price_amount":"45.00","product_price_currency":"EUR","og_availability":"instock","product_availability":"instock","product_condition":"new"},"_links":{"self":[{"href":"https:\/\/pickaqua.com\/de\/wp-json\/wp\/v2\/product\/7838"}],"collection":[{"href":"https:\/\/pickaqua.com\/de\/wp-json\/wp\/v2\/product"}],"about":[{"href":"https:\/\/pickaqua.com\/de\/wp-json\/wp\/v2\/types\/product"}],"replies":[{"embeddable":true,"href":"https:\/\/pickaqua.com\/de\/wp-json\/wp\/v2\/comments?post=7838"}],"wp:featuredmedia":[{"embeddable":true,"href":"https:\/\/pickaqua.com\/de\/wp-json\/wp\/v2\/media\/7834"}],"wp:attachment":[{"href":"https:\/\/pickaqua.com\/de\/wp-json\/wp\/v2\/media?parent=7838"}],"wp:term":[{"taxonomy":"product_cat","embeddable":true,"href":"https:\/\/pickaqua.com\/de\/wp-json\/wp\/v2\/product_cat?post=7838"},{"taxonomy":"product_tag","embeddable":true,"href":"https:\/\/pickaqua.com\/de\/wp-json\/wp\/v2\/product_tag?post=7838"}],"curies":[{"name":"wp","href":"https:\/\/api.w.org\/{rel}","templated":true}]}}