{"id":941,"date":"2023-02-08T18:18:03","date_gmt":"2023-02-08T15:18:03","guid":{"rendered":"https:\/\/pickaqua.com\/product\/airy-ph10-15l\/"},"modified":"2025-01-14T14:08:09","modified_gmt":"2025-01-14T11:08:09","slug":"airy-ph10-15l","status":"publish","type":"product","link":"https:\/\/pickaqua.com\/de\/shop\/naturliches-wasser\/naturliches-mineralwasser\/airy-ph10-15l\/","title":{"rendered":"AIRY pH10 (1,5L)"},"content":{"rendered":"<p>AIRY pH10 ist das basischste nat\u00fcrliche Mineralwasser mit niedrigem Salzgehalt (TDS-124mg\/l) der Welt! Enth\u00e4lt das Gesundheitsmineral Silizium 28 mg\/l. Der Geschmack ist sehr leicht und hat eine s\u00fc\u00dfliche Note. Ausgezeichnetes Wasser f\u00fcr jeden Tag f\u00fcr Menschen, die die Kraft der Natur zu sch\u00e4tzen wissen. Wasser tritt in einem unverschmutzten Gebiet in Bulgarien aus einer Tiefe von 700 Metern aus dem Boden. Dies ist ein sehr seltenes, exklusives Wasser, das in der Natur sehr selten vorkommt.<\/p>\n<p><iframe style=\"display: none;\"><\/iframe><\/p>\n","protected":false},"excerpt":{"rendered":"<p>AIRY pH10 ist das basischste nat\u00fcrliche Mineralwasser mit niedrigem Salzgehalt (TDS-124mg\/l) der Welt! Enth\u00e4lt das Gesundheitsmineral Silizium 28 mg\/l. Der Geschmack ist sehr leicht und hat eine s\u00fc\u00dfliche Note. Ausgezeichnetes Wasser f\u00fcr jeden Tag f\u00fcr Menschen, die die Kraft der Natur zu sch\u00e4tzen wissen. Wasser tritt in einem unverschmutzten Gebiet in Bulgarien aus einer Tiefe [&hellip;]<\/p>\n","protected":false},"featured_media":10876,"comment_status":"open","ping_status":"closed","template":"","meta":[],"product_cat":[64],"product_tag":[108,85,87],"acf":[],"yoast_head":"<!-- This site is optimized with the Yoast SEO plugin v21.2 - https:\/\/yoast.com\/wordpress\/plugins\/seo\/ -->\n<title>AIRY pH10 (1,5L) - PickAqua<\/title>\n<meta name=\"description\" content=\"AIRY pH10 ist das basischste niedrig mineralisierte (TDS-124mg\/l) nat\u00fcrliche Mineralwasser der Welt! Enth\u00e4lt Sch\u00f6nheitsmineral Silica 28mg\/l.\" \/>\n<meta name=\"robots\" content=\"index, follow, max-snippet:-1, max-image-preview:large, max-video-preview:-1\" \/>\n<link rel=\"canonical\" href=\"https:\/\/pickaqua.com\/shop\/natural-water\/natural-mineral-water\/airy-ph10-15l\/\" \/>\n<meta property=\"og:locale\" content=\"de_DE\" \/>\n<meta property=\"og:type\" content=\"article\" \/>\n<meta property=\"og:title\" content=\"AIRY pH10 (1,5L) - PickAqua\" \/>\n<meta property=\"og:description\" content=\"AIRY pH10 ist das basischste niedrig mineralisierte (TDS-124mg\/l) nat\u00fcrliche Mineralwasser der Welt! Enth\u00e4lt Sch\u00f6nheitsmineral Silica 28mg\/l.\" \/>\n<meta property=\"og:url\" content=\"https:\/\/pickaqua.com\/shop\/natural-water\/natural-mineral-water\/airy-ph10-15l\/\" \/>\n<meta property=\"og:site_name\" content=\"PickAqua\" \/>\n<meta property=\"article:publisher\" content=\"https:\/\/www.facebook.com\/pickaquaapp\/\" \/>\n<meta property=\"article:modified_time\" content=\"2025-01-14T11:08:09+00:00\" \/>\n<meta property=\"og:image\" content=\"https:\/\/pickaqua.com\/wp-content\/uploads\/2023\/02\/692ff1d50296c250948937.jpg\" \/>\n\t<meta property=\"og:image:width\" content=\"1560\" \/>\n\t<meta property=\"og:image:height\" content=\"1560\" \/>\n\t<meta property=\"og:image:type\" content=\"image\/jpeg\" \/>\n<meta name=\"twitter:card\" content=\"summary_large_image\" \/>\n<meta name=\"twitter:label1\" content=\"Preis\" \/>\n\t<meta name=\"twitter:data1\" content=\"&euro;1.65 (&euro;1.36 MwSt nicht enthalten)\" \/>\n\t<meta name=\"twitter:label2\" content=\"Verf\u00fcgbarkeit\" \/>\n\t<meta name=\"twitter:data2\" content=\"Auf Lager\" \/>\n<script type=\"application\/ld+json\" class=\"yoast-schema-graph\">{\"@context\":\"https:\/\/schema.org\",\"@graph\":[{\"@type\":\"WebPage\",\"@id\":\"https:\/\/pickaqua.com\/shop\/natural-water\/natural-mineral-water\/airy-ph10-15l\/\",\"url\":\"https:\/\/pickaqua.com\/shop\/natural-water\/natural-mineral-water\/airy-ph10-15l\/\",\"name\":\"AIRY pH10 (1,5L) - PickAqua\",\"isPartOf\":{\"@id\":\"https:\/\/pickaqua.com\/#website\"},\"datePublished\":\"2023-02-08T15:18:03+00:00\",\"dateModified\":\"2025-01-14T11:08:09+00:00\",\"description\":\"AIRY pH10 ist das basischste niedrig mineralisierte (TDS-124mg\/l) nat\u00fcrliche Mineralwasser der Welt! Enth\u00e4lt Sch\u00f6nheitsmineral Silica 28mg\/l.\",\"breadcrumb\":{\"@id\":\"https:\/\/pickaqua.com\/shop\/natural-water\/natural-mineral-water\/airy-ph10-15l\/#breadcrumb\"},\"inLanguage\":\"de-DE\",\"potentialAction\":[{\"@type\":\"ReadAction\",\"target\":[\"https:\/\/pickaqua.com\/shop\/natural-water\/natural-mineral-water\/airy-ph10-15l\/\"]}]},{\"@type\":\"BreadcrumbList\",\"@id\":\"https:\/\/pickaqua.com\/shop\/natural-water\/natural-mineral-water\/airy-ph10-15l\/#breadcrumb\",\"itemListElement\":[{\"@type\":\"ListItem\",\"position\":1,\"name\":\"Home\",\"item\":\"https:\/\/pickaqua.com\/de\/\"},{\"@type\":\"ListItem\",\"position\":2,\"name\":\"Wasser shop\",\"item\":\"https:\/\/pickaqua.com\/de\/wassergeschaeft\/\"},{\"@type\":\"ListItem\",\"position\":3,\"name\":\"Nat\u00fcrliches Wasser\",\"item\":\"https:\/\/pickaqua.com\/de\/produkt-kategorie\/naturliches-wasser\/\"},{\"@type\":\"ListItem\",\"position\":4,\"name\":\"Natural Mineral Water\",\"item\":\"https:\/\/pickaqua.com\/product-category\/natural-water\/natural-mineral-water\/\"},{\"@type\":\"ListItem\",\"position\":5,\"name\":\"AIRY pH10 (1,5L)\"}]},{\"@type\":\"WebSite\",\"@id\":\"https:\/\/pickaqua.com\/#website\",\"url\":\"https:\/\/pickaqua.com\/\",\"name\":\"PickAqua\",\"description\":\"World&#039;s first water choice app\",\"publisher\":{\"@id\":\"https:\/\/pickaqua.com\/#organization\"},\"potentialAction\":[{\"@type\":\"SearchAction\",\"target\":{\"@type\":\"EntryPoint\",\"urlTemplate\":\"https:\/\/pickaqua.com\/?s={search_term_string}\"},\"query-input\":\"required name=search_term_string\"}],\"inLanguage\":\"de-DE\"},{\"@type\":\"Organization\",\"@id\":\"https:\/\/pickaqua.com\/#organization\",\"name\":\"PickAqua\",\"url\":\"https:\/\/pickaqua.com\/\",\"logo\":{\"@type\":\"ImageObject\",\"inLanguage\":\"de-DE\",\"@id\":\"https:\/\/pickaqua.com\/#\/schema\/logo\/image\/\",\"url\":\"https:\/\/pickaqua.com\/wp-content\/uploads\/2023\/03\/Horizontal-logo_blue1-1.png\",\"contentUrl\":\"https:\/\/pickaqua.com\/wp-content\/uploads\/2023\/03\/Horizontal-logo_blue1-1.png\",\"width\":177,\"height\":176,\"caption\":\"PickAqua\"},\"image\":{\"@id\":\"https:\/\/pickaqua.com\/#\/schema\/logo\/image\/\"},\"sameAs\":[\"https:\/\/www.facebook.com\/pickaquaapp\/\",\"https:\/\/www.instagram.com\/pickaqua\/\"]}]}<\/script>\n<meta property=\"product:price:amount\" content=\"1.65\" \/>\n<meta property=\"product:price:currency\" content=\"EUR\" \/>\n<meta property=\"og:availability\" content=\"instock\" \/>\n<meta property=\"product:availability\" content=\"instock\" \/>\n<meta property=\"product:retailer_item_id\" content=\"AY1500\" \/>\n<meta property=\"product:condition\" content=\"new\" \/>\n<!-- \/ Yoast SEO plugin. -->","yoast_head_json":{"title":"AIRY pH10 (1,5L) - PickAqua","description":"AIRY pH10 ist das basischste niedrig mineralisierte (TDS-124mg\/l) nat\u00fcrliche Mineralwasser der Welt! Enth\u00e4lt Sch\u00f6nheitsmineral Silica 28mg\/l.","robots":{"index":"index","follow":"follow","max-snippet":"max-snippet:-1","max-image-preview":"max-image-preview:large","max-video-preview":"max-video-preview:-1"},"canonical":"https:\/\/pickaqua.com\/shop\/natural-water\/natural-mineral-water\/airy-ph10-15l\/","og_locale":"de_DE","og_type":"article","og_title":"AIRY pH10 (1,5L) - PickAqua","og_description":"AIRY pH10 ist das basischste niedrig mineralisierte (TDS-124mg\/l) nat\u00fcrliche Mineralwasser der Welt! Enth\u00e4lt Sch\u00f6nheitsmineral Silica 28mg\/l.","og_url":"https:\/\/pickaqua.com\/shop\/natural-water\/natural-mineral-water\/airy-ph10-15l\/","og_site_name":"PickAqua","article_publisher":"https:\/\/www.facebook.com\/pickaquaapp\/","article_modified_time":"2025-01-14T11:08:09+00:00","og_image":[{"width":1560,"height":1560,"url":"https:\/\/pickaqua.com\/wp-content\/uploads\/2023\/02\/692ff1d50296c250948937.jpg","type":"image\/jpeg"}],"twitter_card":"summary_large_image","twitter_misc":{"Preis":"&euro;1.65 (&euro;1.36 MwSt nicht enthalten)","Verf\u00fcgbarkeit":"Auf Lager"},"schema":{"@context":"https:\/\/schema.org","@graph":[{"@type":"WebPage","@id":"https:\/\/pickaqua.com\/shop\/natural-water\/natural-mineral-water\/airy-ph10-15l\/","url":"https:\/\/pickaqua.com\/shop\/natural-water\/natural-mineral-water\/airy-ph10-15l\/","name":"AIRY pH10 (1,5L) - PickAqua","isPartOf":{"@id":"https:\/\/pickaqua.com\/#website"},"datePublished":"2023-02-08T15:18:03+00:00","dateModified":"2025-01-14T11:08:09+00:00","description":"AIRY pH10 ist das basischste niedrig mineralisierte (TDS-124mg\/l) nat\u00fcrliche Mineralwasser der Welt! Enth\u00e4lt Sch\u00f6nheitsmineral Silica 28mg\/l.","breadcrumb":{"@id":"https:\/\/pickaqua.com\/shop\/natural-water\/natural-mineral-water\/airy-ph10-15l\/#breadcrumb"},"inLanguage":"de-DE","potentialAction":[{"@type":"ReadAction","target":["https:\/\/pickaqua.com\/shop\/natural-water\/natural-mineral-water\/airy-ph10-15l\/"]}]},{"@type":"BreadcrumbList","@id":"https:\/\/pickaqua.com\/shop\/natural-water\/natural-mineral-water\/airy-ph10-15l\/#breadcrumb","itemListElement":[{"@type":"ListItem","position":1,"name":"Home","item":"https:\/\/pickaqua.com\/de\/"},{"@type":"ListItem","position":2,"name":"Wasser shop","item":"https:\/\/pickaqua.com\/de\/wassergeschaeft\/"},{"@type":"ListItem","position":3,"name":"Nat\u00fcrliches Wasser","item":"https:\/\/pickaqua.com\/de\/produkt-kategorie\/naturliches-wasser\/"},{"@type":"ListItem","position":4,"name":"Natural Mineral Water","item":"https:\/\/pickaqua.com\/product-category\/natural-water\/natural-mineral-water\/"},{"@type":"ListItem","position":5,"name":"AIRY pH10 (1,5L)"}]},{"@type":"WebSite","@id":"https:\/\/pickaqua.com\/#website","url":"https:\/\/pickaqua.com\/","name":"PickAqua","description":"World&#039;s first water choice app","publisher":{"@id":"https:\/\/pickaqua.com\/#organization"},"potentialAction":[{"@type":"SearchAction","target":{"@type":"EntryPoint","urlTemplate":"https:\/\/pickaqua.com\/?s={search_term_string}"},"query-input":"required name=search_term_string"}],"inLanguage":"de-DE"},{"@type":"Organization","@id":"https:\/\/pickaqua.com\/#organization","name":"PickAqua","url":"https:\/\/pickaqua.com\/","logo":{"@type":"ImageObject","inLanguage":"de-DE","@id":"https:\/\/pickaqua.com\/#\/schema\/logo\/image\/","url":"https:\/\/pickaqua.com\/wp-content\/uploads\/2023\/03\/Horizontal-logo_blue1-1.png","contentUrl":"https:\/\/pickaqua.com\/wp-content\/uploads\/2023\/03\/Horizontal-logo_blue1-1.png","width":177,"height":176,"caption":"PickAqua"},"image":{"@id":"https:\/\/pickaqua.com\/#\/schema\/logo\/image\/"},"sameAs":["https:\/\/www.facebook.com\/pickaquaapp\/","https:\/\/www.instagram.com\/pickaqua\/"]}]},"product_price_amount":"1.65","product_price_currency":"EUR","og_availability":"instock","product_availability":"instock","product_retailer_item_id":"AY1500","product_condition":"new"},"_links":{"self":[{"href":"https:\/\/pickaqua.com\/de\/wp-json\/wp\/v2\/product\/941"}],"collection":[{"href":"https:\/\/pickaqua.com\/de\/wp-json\/wp\/v2\/product"}],"about":[{"href":"https:\/\/pickaqua.com\/de\/wp-json\/wp\/v2\/types\/product"}],"replies":[{"embeddable":true,"href":"https:\/\/pickaqua.com\/de\/wp-json\/wp\/v2\/comments?post=941"}],"wp:featuredmedia":[{"embeddable":true,"href":"https:\/\/pickaqua.com\/de\/wp-json\/wp\/v2\/media\/10876"}],"wp:attachment":[{"href":"https:\/\/pickaqua.com\/de\/wp-json\/wp\/v2\/media?parent=941"}],"wp:term":[{"taxonomy":"product_cat","embeddable":true,"href":"https:\/\/pickaqua.com\/de\/wp-json\/wp\/v2\/product_cat?post=941"},{"taxonomy":"product_tag","embeddable":true,"href":"https:\/\/pickaqua.com\/de\/wp-json\/wp\/v2\/product_tag?post=941"}],"curies":[{"name":"wp","href":"https:\/\/api.w.org\/{rel}","templated":true}]}}