{"id":9729,"date":"2024-06-26T15:49:11","date_gmt":"2024-06-26T12:49:11","guid":{"rendered":"https:\/\/pickaqua.com\/shop\/unkategorisiert\/eishut\/"},"modified":"2024-06-26T15:49:11","modified_gmt":"2024-06-26T12:49:11","slug":"eishut","status":"publish","type":"product","link":"https:\/\/pickaqua.com\/de\/shop\/gadgets-de\/huete\/eishut\/","title":{"rendered":"EISHUT"},"content":{"rendered":"<h2 class=\"image-with-text__heading inline-richtext h2\">Das Spiel ver\u00e4ndert sich!<\/h2>\n<div class=\"image-with-text__text rte body\">\n<p>K\u00fchlendes Frischegef\u00fchl. Verhindert die \u00dcberhitzung des Gehirns. Verbessert die Blutzirkulation. Wohltuend f\u00fcr das Nervensystem. Verbessert die Schlafqualit\u00e4t.<\/p>\n<h2 class=\"image-with-text__heading inline-richtext h2\">Frisch geschmolzenes Eis<\/h2>\n<div class=\"image-with-text__text rte body\">\n<p><strong>F\u00f6rdert die Gesundheit des Gehirns<\/strong><\/p>\n<p>Erzeugt eine k\u00fchlende Wirkung. Ein Gef\u00fchl reiner Erfrischung, das Sie mit Energie versorgt und bereit macht, das Saunaerlebnis auf einer neuen Ebene zu genie\u00dfen.<\/p>\n<h2 class=\"image-with-text__heading inline-richtext h2\">Pr\u00e4vention von \u00fcberm\u00e4\u00dfiger Gehirnw\u00e4rme<\/h2>\n<div class=\"image-with-text__text rte body\">\n<p>Eine \u00dcberhitzung des Kopfes kann zu Unwohlsein, M\u00fcdigkeit und m\u00f6glichen hitzebedingten Beschwerden f\u00fchren.<\/p>\n<h2 class=\"image-with-text__heading inline-richtext h2\">Geistige Klarheit<\/h2>\n<div class=\"image-with-text__text rte body\">\n<p>Ein k\u00fchler Kopf in der Sauna kann zu mehr geistiger Klarheit, Fokussierung und Konzentration beitragen.<\/p>\n<h2 class=\"image-with-text__heading inline-richtext h2\">Prana-Fluss<\/h2>\n<div class=\"image-with-text__text rte body\">\n<p><strong>Laut Ayurveda<br \/>\n<\/strong> erm\u00f6glicht die Abk\u00fchlung des Kopfes w\u00e4hrend eines Saunagangs einen reibungslosen Fluss der vitalen Lebensenergie (Prana) im ganzen K\u00f6rper.<\/p>\n<\/div>\n<\/div>\n<\/div>\n<\/div>\n<\/div>\n<p><iframe style=\"display: none;\"><\/iframe><\/p>\n<p><iframe style=\"display: none;\"><\/iframe><\/p>\n<p><iframe style=\"display: none;\"><\/iframe><\/p>\n<p><iframe style=\"display: none;\"><\/iframe><\/p>\n<p><iframe style=\"display: none;\"><\/iframe><\/p>\n","protected":false},"excerpt":{"rendered":"<p>Das Spiel ver\u00e4ndert sich! K\u00fchlendes Frischegef\u00fchl. Verhindert die \u00dcberhitzung des Gehirns. Verbessert die Blutzirkulation. Wohltuend f\u00fcr das Nervensystem. Verbessert die Schlafqualit\u00e4t. Frisch geschmolzenes Eis F\u00f6rdert die Gesundheit des Gehirns Erzeugt eine k\u00fchlende Wirkung. Ein Gef\u00fchl reiner Erfrischung, das Sie mit Energie versorgt und bereit macht, das Saunaerlebnis auf einer neuen Ebene zu genie\u00dfen. Pr\u00e4vention von [&hellip;]<\/p>\n","protected":false},"featured_media":9696,"comment_status":"open","ping_status":"closed","template":"","meta":[],"product_cat":[274],"product_tag":[],"acf":[],"yoast_head":"<!-- This site is optimized with the Yoast SEO plugin v21.2 - https:\/\/yoast.com\/wordpress\/plugins\/seo\/ -->\n<title>EISHUT - PickAqua<\/title>\n<meta name=\"description\" content=\"Das Spiel ver\u00e4ndert sich! K\u00fchlendes Frischegef\u00fchl. Verhindert die \u00dcberhitzung des Gehirns. Verbessert die Blutzirkulation. Wohltuend f\u00fcr das Nervensystem. Verbessert die Schlafqualit\u00e4t...\" \/>\n<meta name=\"robots\" content=\"index, follow, max-snippet:-1, max-image-preview:large, max-video-preview:-1\" \/>\n<link rel=\"canonical\" href=\"https:\/\/pickaqua.com\/shop\/gadgets\/hats\/ice-hat\/\" \/>\n<meta property=\"og:locale\" content=\"de_DE\" \/>\n<meta property=\"og:type\" content=\"article\" \/>\n<meta property=\"og:title\" content=\"EISHUT - PickAqua\" \/>\n<meta property=\"og:description\" content=\"Das Spiel ver\u00e4ndert sich! K\u00fchlendes Frischegef\u00fchl. Verhindert die \u00dcberhitzung des Gehirns. Verbessert die Blutzirkulation. Wohltuend f\u00fcr das Nervensystem. Verbessert die Schlafqualit\u00e4t...\" \/>\n<meta property=\"og:url\" content=\"https:\/\/pickaqua.com\/shop\/gadgets\/hats\/ice-hat\/\" \/>\n<meta property=\"og:site_name\" content=\"PickAqua\" \/>\n<meta property=\"article:publisher\" content=\"https:\/\/www.facebook.com\/pickaquaapp\/\" \/>\n<meta property=\"og:image\" content=\"https:\/\/pickaqua.com\/wp-content\/uploads\/2024\/06\/20240510_2036001-scaled.webp\" \/>\n\t<meta property=\"og:image:width\" content=\"1920\" \/>\n\t<meta property=\"og:image:height\" content=\"2560\" \/>\n\t<meta property=\"og:image:type\" content=\"image\/webp\" \/>\n<meta name=\"twitter:card\" content=\"summary_large_image\" \/>\n<meta name=\"twitter:label1\" content=\"Preis\" \/>\n\t<meta name=\"twitter:data1\" content=\"&euro;45.00 (&euro;37.19 MwSt nicht enthalten)\" \/>\n\t<meta name=\"twitter:label2\" content=\"Verf\u00fcgbarkeit\" \/>\n\t<meta name=\"twitter:data2\" content=\"Auf Lager\" \/>\n<script type=\"application\/ld+json\" class=\"yoast-schema-graph\">{\"@context\":\"https:\/\/schema.org\",\"@graph\":[{\"@type\":\"WebPage\",\"@id\":\"https:\/\/pickaqua.com\/shop\/gadgets\/hats\/ice-hat\/\",\"url\":\"https:\/\/pickaqua.com\/shop\/gadgets\/hats\/ice-hat\/\",\"name\":\"EISHUT - PickAqua\",\"isPartOf\":{\"@id\":\"https:\/\/pickaqua.com\/#website\"},\"datePublished\":\"2024-06-26T12:49:11+00:00\",\"dateModified\":\"2024-06-26T12:49:11+00:00\",\"description\":\"Das Spiel ver\u00e4ndert sich! K\u00fchlendes Frischegef\u00fchl. Verhindert die \u00dcberhitzung des Gehirns. Verbessert die Blutzirkulation. Wohltuend f\u00fcr das Nervensystem. Verbessert die Schlafqualit\u00e4t...\",\"breadcrumb\":{\"@id\":\"https:\/\/pickaqua.com\/shop\/gadgets\/hats\/ice-hat\/#breadcrumb\"},\"inLanguage\":\"de-DE\",\"potentialAction\":[{\"@type\":\"ReadAction\",\"target\":[\"https:\/\/pickaqua.com\/shop\/gadgets\/hats\/ice-hat\/\"]}]},{\"@type\":\"BreadcrumbList\",\"@id\":\"https:\/\/pickaqua.com\/shop\/gadgets\/hats\/ice-hat\/#breadcrumb\",\"itemListElement\":[{\"@type\":\"ListItem\",\"position\":1,\"name\":\"Home\",\"item\":\"https:\/\/pickaqua.com\/de\/\"},{\"@type\":\"ListItem\",\"position\":2,\"name\":\"Wasser shop\",\"item\":\"https:\/\/pickaqua.com\/de\/wassergeschaeft\/\"},{\"@type\":\"ListItem\",\"position\":3,\"name\":\"Gadgets\",\"item\":\"https:\/\/pickaqua.com\/de\/produkt-kategorie\/gadgets-de\/\"},{\"@type\":\"ListItem\",\"position\":4,\"name\":\"Hats\",\"item\":\"https:\/\/pickaqua.com\/product-category\/gadgets\/hats\/\"},{\"@type\":\"ListItem\",\"position\":5,\"name\":\"EISHUT\"}]},{\"@type\":\"WebSite\",\"@id\":\"https:\/\/pickaqua.com\/#website\",\"url\":\"https:\/\/pickaqua.com\/\",\"name\":\"PickAqua\",\"description\":\"World&#039;s first water choice app\",\"publisher\":{\"@id\":\"https:\/\/pickaqua.com\/#organization\"},\"potentialAction\":[{\"@type\":\"SearchAction\",\"target\":{\"@type\":\"EntryPoint\",\"urlTemplate\":\"https:\/\/pickaqua.com\/?s={search_term_string}\"},\"query-input\":\"required name=search_term_string\"}],\"inLanguage\":\"de-DE\"},{\"@type\":\"Organization\",\"@id\":\"https:\/\/pickaqua.com\/#organization\",\"name\":\"PickAqua\",\"url\":\"https:\/\/pickaqua.com\/\",\"logo\":{\"@type\":\"ImageObject\",\"inLanguage\":\"de-DE\",\"@id\":\"https:\/\/pickaqua.com\/#\/schema\/logo\/image\/\",\"url\":\"https:\/\/pickaqua.com\/wp-content\/uploads\/2023\/03\/Horizontal-logo_blue1-1.png\",\"contentUrl\":\"https:\/\/pickaqua.com\/wp-content\/uploads\/2023\/03\/Horizontal-logo_blue1-1.png\",\"width\":177,\"height\":176,\"caption\":\"PickAqua\"},\"image\":{\"@id\":\"https:\/\/pickaqua.com\/#\/schema\/logo\/image\/\"},\"sameAs\":[\"https:\/\/www.facebook.com\/pickaquaapp\/\",\"https:\/\/www.instagram.com\/pickaqua\/\"]}]}<\/script>\n<meta property=\"product:price:amount\" content=\"45.00\" \/>\n<meta property=\"product:price:currency\" content=\"EUR\" \/>\n<meta property=\"og:availability\" content=\"instock\" \/>\n<meta property=\"product:availability\" content=\"instock\" \/>\n<meta property=\"product:retailer_item_id\" content=\"ice-hat\" \/>\n<meta property=\"product:condition\" content=\"new\" \/>\n<!-- \/ Yoast SEO plugin. -->","yoast_head_json":{"title":"EISHUT - PickAqua","description":"Das Spiel ver\u00e4ndert sich! K\u00fchlendes Frischegef\u00fchl. Verhindert die \u00dcberhitzung des Gehirns. Verbessert die Blutzirkulation. Wohltuend f\u00fcr das Nervensystem. Verbessert die Schlafqualit\u00e4t...","robots":{"index":"index","follow":"follow","max-snippet":"max-snippet:-1","max-image-preview":"max-image-preview:large","max-video-preview":"max-video-preview:-1"},"canonical":"https:\/\/pickaqua.com\/shop\/gadgets\/hats\/ice-hat\/","og_locale":"de_DE","og_type":"article","og_title":"EISHUT - PickAqua","og_description":"Das Spiel ver\u00e4ndert sich! K\u00fchlendes Frischegef\u00fchl. Verhindert die \u00dcberhitzung des Gehirns. Verbessert die Blutzirkulation. Wohltuend f\u00fcr das Nervensystem. Verbessert die Schlafqualit\u00e4t...","og_url":"https:\/\/pickaqua.com\/shop\/gadgets\/hats\/ice-hat\/","og_site_name":"PickAqua","article_publisher":"https:\/\/www.facebook.com\/pickaquaapp\/","og_image":[{"width":1920,"height":2560,"url":"https:\/\/pickaqua.com\/wp-content\/uploads\/2024\/06\/20240510_2036001-scaled.webp","type":"image\/webp"}],"twitter_card":"summary_large_image","twitter_misc":{"Preis":"&euro;45.00 (&euro;37.19 MwSt nicht enthalten)","Verf\u00fcgbarkeit":"Auf Lager"},"schema":{"@context":"https:\/\/schema.org","@graph":[{"@type":"WebPage","@id":"https:\/\/pickaqua.com\/shop\/gadgets\/hats\/ice-hat\/","url":"https:\/\/pickaqua.com\/shop\/gadgets\/hats\/ice-hat\/","name":"EISHUT - PickAqua","isPartOf":{"@id":"https:\/\/pickaqua.com\/#website"},"datePublished":"2024-06-26T12:49:11+00:00","dateModified":"2024-06-26T12:49:11+00:00","description":"Das Spiel ver\u00e4ndert sich! K\u00fchlendes Frischegef\u00fchl. Verhindert die \u00dcberhitzung des Gehirns. Verbessert die Blutzirkulation. Wohltuend f\u00fcr das Nervensystem. Verbessert die Schlafqualit\u00e4t...","breadcrumb":{"@id":"https:\/\/pickaqua.com\/shop\/gadgets\/hats\/ice-hat\/#breadcrumb"},"inLanguage":"de-DE","potentialAction":[{"@type":"ReadAction","target":["https:\/\/pickaqua.com\/shop\/gadgets\/hats\/ice-hat\/"]}]},{"@type":"BreadcrumbList","@id":"https:\/\/pickaqua.com\/shop\/gadgets\/hats\/ice-hat\/#breadcrumb","itemListElement":[{"@type":"ListItem","position":1,"name":"Home","item":"https:\/\/pickaqua.com\/de\/"},{"@type":"ListItem","position":2,"name":"Wasser shop","item":"https:\/\/pickaqua.com\/de\/wassergeschaeft\/"},{"@type":"ListItem","position":3,"name":"Gadgets","item":"https:\/\/pickaqua.com\/de\/produkt-kategorie\/gadgets-de\/"},{"@type":"ListItem","position":4,"name":"Hats","item":"https:\/\/pickaqua.com\/product-category\/gadgets\/hats\/"},{"@type":"ListItem","position":5,"name":"EISHUT"}]},{"@type":"WebSite","@id":"https:\/\/pickaqua.com\/#website","url":"https:\/\/pickaqua.com\/","name":"PickAqua","description":"World&#039;s first water choice app","publisher":{"@id":"https:\/\/pickaqua.com\/#organization"},"potentialAction":[{"@type":"SearchAction","target":{"@type":"EntryPoint","urlTemplate":"https:\/\/pickaqua.com\/?s={search_term_string}"},"query-input":"required name=search_term_string"}],"inLanguage":"de-DE"},{"@type":"Organization","@id":"https:\/\/pickaqua.com\/#organization","name":"PickAqua","url":"https:\/\/pickaqua.com\/","logo":{"@type":"ImageObject","inLanguage":"de-DE","@id":"https:\/\/pickaqua.com\/#\/schema\/logo\/image\/","url":"https:\/\/pickaqua.com\/wp-content\/uploads\/2023\/03\/Horizontal-logo_blue1-1.png","contentUrl":"https:\/\/pickaqua.com\/wp-content\/uploads\/2023\/03\/Horizontal-logo_blue1-1.png","width":177,"height":176,"caption":"PickAqua"},"image":{"@id":"https:\/\/pickaqua.com\/#\/schema\/logo\/image\/"},"sameAs":["https:\/\/www.facebook.com\/pickaquaapp\/","https:\/\/www.instagram.com\/pickaqua\/"]}]},"product_price_amount":"45.00","product_price_currency":"EUR","og_availability":"instock","product_availability":"instock","product_retailer_item_id":"ice-hat","product_condition":"new"},"_links":{"self":[{"href":"https:\/\/pickaqua.com\/de\/wp-json\/wp\/v2\/product\/9729"}],"collection":[{"href":"https:\/\/pickaqua.com\/de\/wp-json\/wp\/v2\/product"}],"about":[{"href":"https:\/\/pickaqua.com\/de\/wp-json\/wp\/v2\/types\/product"}],"replies":[{"embeddable":true,"href":"https:\/\/pickaqua.com\/de\/wp-json\/wp\/v2\/comments?post=9729"}],"wp:featuredmedia":[{"embeddable":true,"href":"https:\/\/pickaqua.com\/de\/wp-json\/wp\/v2\/media\/9696"}],"wp:attachment":[{"href":"https:\/\/pickaqua.com\/de\/wp-json\/wp\/v2\/media?parent=9729"}],"wp:term":[{"taxonomy":"product_cat","embeddable":true,"href":"https:\/\/pickaqua.com\/de\/wp-json\/wp\/v2\/product_cat?post=9729"},{"taxonomy":"product_tag","embeddable":true,"href":"https:\/\/pickaqua.com\/de\/wp-json\/wp\/v2\/product_tag?post=9729"}],"curies":[{"name":"wp","href":"https:\/\/api.w.org\/{rel}","templated":true}]}}