{"id":2913,"date":"2023-04-03T13:32:21","date_gmt":"2023-04-03T10:32:21","guid":{"rendered":"https:\/\/pickaqua.com\/descubre-aprende\/"},"modified":"2023-04-20T10:52:39","modified_gmt":"2023-04-20T07:52:39","slug":"descubre-aprende","status":"publish","type":"page","link":"https:\/\/pickaqua.com\/es\/descubre-aprende\/","title":{"rendered":"Descubre &amp; Aprende"},"content":{"rendered":"\t\t<div data-elementor-type=\"wp-page\" data-elementor-id=\"2913\" class=\"elementor elementor-2913 elementor-2853\" data-elementor-post-type=\"page\">\n\t\t\t\t\t\t\t\t\t<section class=\"elementor-section elementor-top-section elementor-element elementor-element-85ab455 elementor-section-boxed elementor-section-height-default elementor-section-height-default\" data-id=\"85ab455\" data-element_type=\"section\" data-settings=\"{&quot;jet_parallax_layout_list&quot;:[]}\">\n\t\t\t\t\t\t<div class=\"elementor-container elementor-column-gap-default\">\n\t\t\t\t\t<div class=\"elementor-column elementor-col-100 elementor-top-column elementor-element elementor-element-234a4e5\" data-id=\"234a4e5\" data-element_type=\"column\">\n\t\t\t<div class=\"elementor-widget-wrap elementor-element-populated\">\n\t\t\t\t\t\t\t\t<div class=\"elementor-element elementor-element-2efe3bb elementor-widget elementor-widget-text-editor\" data-id=\"2efe3bb\" data-element_type=\"widget\" data-widget_type=\"text-editor.default\">\n\t\t\t\t<div class=\"elementor-widget-container\">\n\t\t\t<style>\/*! elementor - v3.14.0 - 26-06-2023 *\/\n.elementor-widget-text-editor.elementor-drop-cap-view-stacked .elementor-drop-cap{background-color:#69727d;color:#fff}.elementor-widget-text-editor.elementor-drop-cap-view-framed .elementor-drop-cap{color:#69727d;border:3px solid;background-color:transparent}.elementor-widget-text-editor:not(.elementor-drop-cap-view-default) .elementor-drop-cap{margin-top:8px}.elementor-widget-text-editor:not(.elementor-drop-cap-view-default) .elementor-drop-cap-letter{width:1em;height:1em}.elementor-widget-text-editor .elementor-drop-cap{float:left;text-align:center;line-height:1;font-size:50px}.elementor-widget-text-editor .elementor-drop-cap-letter{display:inline-block}<\/style>\t\t\t\t<p>Esta secci\u00f3n est\u00e1 dedicada especialmente a enriquecer su conocimiento y comprensi\u00f3n del agua y de par\u00e1metros espec\u00edficos del agua. Hemos reunido una gran variedad de informaci\u00f3n y materiales did\u00e1cticos que abarcan una amplia gama de par\u00e1metros del agua para ayudarle a comprender los muchos entresijos de este incre\u00edble recurso &#8211; el agua. <\/p>\n<p>Los materiales did\u00e1cticos le proporcionar\u00e1n explicaciones detalladas de todos los minerales que pueden encontrarse en el agua y sus efectos sobre nuestra salud. Las combinaciones de estos minerales y oligoelementos son las que determinan la naturaleza, el sabor y las capacidades curativas del agua. Para elegir el agua perfecta, es necesario conocer el objetivo que se quiere alcanzar y, a continuaci\u00f3n, seleccionar el agua en funci\u00f3n de sus propiedades. Como decimos, no existe la mejor agua del mundo, pero s\u00ed la mejor agua especialmente para usted, para un fin concreto. Por ejemplo, si quieres preparar el t\u00e9 con mejor sabor del mundo necesitar\u00e1s un agua espec\u00edfica que ayude al t\u00e9 a abrir su m\u00e1ximo potencial de sabor y aroma, y no lo bloquee como hacen la mayor\u00eda de las aguas duras. Pero, por otro lado, para recuperarse despu\u00e9s de hacer deporte necesitar\u00eda agua dura y rica en minerales. La biodisponibilidad de los minerales en el agua tambi\u00e9n depende de las proporciones de los minerales.      <\/p>\n\t\t\t\t\t\t<\/div>\n\t\t\t\t<\/div>\n\t\t\t\t<div class=\"elementor-element elementor-element-4b98fea elementor-widget elementor-widget-heading\" data-id=\"4b98fea\" data-element_type=\"widget\" data-widget_type=\"heading.default\">\n\t\t\t\t<div class=\"elementor-widget-container\">\n\t\t\t<style>\/*! elementor - v3.14.0 - 26-06-2023 *\/\n.elementor-heading-title{padding:0;margin:0;line-height:1}.elementor-widget-heading .elementor-heading-title[class*=elementor-size-]>a{color:inherit;font-size:inherit;line-height:inherit}.elementor-widget-heading .elementor-heading-title.elementor-size-small{font-size:15px}.elementor-widget-heading .elementor-heading-title.elementor-size-medium{font-size:19px}.elementor-widget-heading .elementor-heading-title.elementor-size-large{font-size:29px}.elementor-widget-heading .elementor-heading-title.elementor-size-xl{font-size:39px}.elementor-widget-heading .elementor-heading-title.elementor-size-xxl{font-size:59px}<\/style><h2 class=\"elementor-heading-title elementor-size-default\">\u00bfCu\u00e1l es la mejor agua?<\/h2>\t\t<\/div>\n\t\t\t\t<\/div>\n\t\t\t\t<div class=\"elementor-element elementor-element-3cff6b3 elementor-widget__width-initial elementor-widget elementor-widget-video\" data-id=\"3cff6b3\" data-element_type=\"widget\" data-settings=\"{&quot;youtube_url&quot;:&quot;https:\\\/\\\/youtu.be\\\/-TaZA1xDAXE&quot;,&quot;video_type&quot;:&quot;youtube&quot;,&quot;controls&quot;:&quot;yes&quot;}\" data-widget_type=\"video.default\">\n\t\t\t\t<div class=\"elementor-widget-container\">\n\t\t\t<style>\/*! elementor - v3.14.0 - 26-06-2023 *\/\n.elementor-widget-video .elementor-widget-container{overflow:hidden;transform:translateZ(0)}.elementor-widget-video .elementor-wrapper{aspect-ratio:var(--video-aspect-ratio)}.elementor-widget-video .elementor-wrapper iframe,.elementor-widget-video .elementor-wrapper video{height:100%;width:100%;display:flex;border:none;background-color:#000}@supports not (aspect-ratio:1\/1){.elementor-widget-video .elementor-wrapper{position:relative;overflow:hidden;height:0;padding-bottom:calc(100% \/ var(--video-aspect-ratio))}.elementor-widget-video .elementor-wrapper iframe,.elementor-widget-video .elementor-wrapper video{position:absolute;top:0;right:0;bottom:0;left:0}}.elementor-widget-video .elementor-open-inline .elementor-custom-embed-image-overlay{position:absolute;top:0;left:0;width:100%;height:100%;background-size:cover;background-position:50%}.elementor-widget-video .elementor-custom-embed-image-overlay{cursor:pointer;text-align:center}.elementor-widget-video .elementor-custom-embed-image-overlay:hover .elementor-custom-embed-play i{opacity:1}.elementor-widget-video .elementor-custom-embed-image-overlay img{display:block;width:100%}.elementor-widget-video .e-hosted-video .elementor-video{-o-object-fit:cover;object-fit:cover}.e-con-inner>.elementor-widget-video,.e-con>.elementor-widget-video{width:var(--container-widget-width);--flex-grow:var(--container-widget-flex-grow)}<\/style>\t\t<div class=\"elementor-wrapper elementor-open-inline\">\n\t\t\t<div class=\"elementor-video\"><\/div>\t\t<\/div>\n\t\t\t\t<\/div>\n\t\t\t\t<\/div>\n\t\t\t\t<div class=\"elementor-element elementor-element-3e57412 elementor-widget elementor-widget-text-editor\" data-id=\"3e57412\" data-element_type=\"widget\" data-widget_type=\"text-editor.default\">\n\t\t\t\t<div class=\"elementor-widget-container\">\n\t\t\t\t\t\t\t<p>As\u00ed que conocer las combinaciones y capacidades curativas de cada tipo de agua te da la oportunidad de utilizar el agua con su m\u00e1ximo potencial. El agua no tiene por qu\u00e9 ser rica en minerales para tener un efecto curativo, cada agua tiene sus propios poderes. Nuestra misi\u00f3n es explicar la naturaleza real y verdadera de las propiedades del agua.  <\/p>\n\t\t\t\t\t\t<\/div>\n\t\t\t\t<\/div>\n\t\t\t\t<div class=\"elementor-element elementor-element-6f281d0 elementor-widget__width-initial elementor-widget elementor-widget-video\" data-id=\"6f281d0\" data-element_type=\"widget\" data-settings=\"{&quot;youtube_url&quot;:&quot;https:\\\/\\\/www.youtube.com\\\/watch?v=nYkYm-LcrV8&amp;t=25s&amp;ab_channel=PickAqua &quot;,&quot;video_type&quot;:&quot;youtube&quot;,&quot;controls&quot;:&quot;yes&quot;}\" data-widget_type=\"video.default\">\n\t\t\t\t<div class=\"elementor-widget-container\">\n\t\t\t\t\t<div class=\"elementor-wrapper elementor-open-inline\">\n\t\t\t<div class=\"elementor-video\"><\/div>\t\t<\/div>\n\t\t\t\t<\/div>\n\t\t\t\t<\/div>\n\t\t\t\t<div class=\"elementor-element elementor-element-072258a elementor-widget elementor-widget-text-editor\" data-id=\"072258a\" data-element_type=\"widget\" data-widget_type=\"text-editor.default\">\n\t\t\t\t<div class=\"elementor-widget-container\">\n\t\t\t\t\t\t\t<p>Aqu\u00ed ofrecemos informaci\u00f3n sobre diversos t\u00e9rminos y normativas relacionados con el agua. Algunos t\u00e9rminos se utilizan de forma diferente en los distintos pa\u00edses, y la normativa sobre la cantidad de minerales y oligoelementos en el agua tambi\u00e9n puede ser diferente. Muy a menudo, esto induce a error al consumidor final sobre el verdadero significado de la informaci\u00f3n proporcionada por diversas fuentes. En la aplicaci\u00f3n <a href=\"\">PickAqua<\/a> encontrar\u00e1 siempre todas las explicaciones necesarias sobre el contenido de agua, orientadas principalmente a la legislaci\u00f3n y normativa europeas.   <\/p>\n<p>En la secci\u00f3n de preguntas frecuentes, seguro que encontrar\u00e1 informaci\u00f3n valiosa y respuestas a preguntas que ampliar\u00e1n sus conocimientos sobre el agua.<\/p>\n<\/p>\n<p>Para aquellos que quieran ampliar sus conocimientos acompa\u00f1ados de profesionales, la mejor opci\u00f3n es apuntarse a la formaci\u00f3n online o presencial. Puede familiarizarse con el programa de formaci\u00f3n y los materiales disponibles actualmente aqu\u00ed. <a href=\"https:\/\/waterambassador.org\/en\/front-en\/\">Enlace a la descripci\u00f3n del curso en l\u00ednea.<\/a><\/p>\n\t\t\t\t\t\t<\/div>\n\t\t\t\t<\/div>\n\t\t\t\t\t<\/div>\n\t\t<\/div>\n\t\t\t\t\t\t\t<\/div>\n\t\t<\/section>\n\t\t\t\t\t\t\t<\/div>\n\t\t","protected":false},"excerpt":{"rendered":"<p>Esta secci\u00f3n est\u00e1 dedicada especialmente a enriquecer su conocimiento y comprensi\u00f3n del agua y de par\u00e1metros espec\u00edficos del agua. Hemos reunido una gran variedad de informaci\u00f3n y materiales did\u00e1cticos que abarcan una amplia gama de par\u00e1metros del agua para ayudarle a comprender los muchos entresijos de este incre\u00edble recurso &#8211; el agua. Los materiales did\u00e1cticos [&hellip;]<\/p>\n","protected":false},"author":1,"featured_media":5788,"parent":0,"menu_order":0,"comment_status":"closed","ping_status":"closed","template":"","meta":{"footnotes":""},"acf":[],"yoast_head":"<!-- This site is optimized with the Yoast SEO plugin v21.2 - https:\/\/yoast.com\/wordpress\/plugins\/seo\/ -->\n<title>Descubre &amp; Aprende - PickAqua<\/title>\n<meta name=\"robots\" content=\"index, follow, max-snippet:-1, max-image-preview:large, max-video-preview:-1\" \/>\n<link rel=\"canonical\" href=\"https:\/\/pickaqua.com\/es\/descubre-aprende\/\" \/>\n<meta property=\"og:locale\" content=\"es_ES\" \/>\n<meta property=\"og:type\" content=\"article\" \/>\n<meta property=\"og:title\" content=\"Descubre &amp; Aprende - PickAqua\" \/>\n<meta property=\"og:description\" content=\"Esta secci\u00f3n est\u00e1 dedicada especialmente a enriquecer su conocimiento y comprensi\u00f3n del agua y de par\u00e1metros espec\u00edficos del agua. Hemos reunido una gran variedad de informaci\u00f3n y materiales did\u00e1cticos que abarcan una amplia gama de par\u00e1metros del agua para ayudarle a comprender los muchos entresijos de este incre\u00edble recurso &#8211; el agua. Los materiales did\u00e1cticos [&hellip;]\" \/>\n<meta property=\"og:url\" content=\"https:\/\/pickaqua.com\/es\/descubre-aprende\/\" \/>\n<meta property=\"og:site_name\" content=\"PickAqua\" \/>\n<meta property=\"article:publisher\" content=\"https:\/\/www.facebook.com\/pickaquaapp\/\" \/>\n<meta property=\"article:modified_time\" content=\"2023-04-20T07:52:39+00:00\" \/>\n<meta property=\"og:image\" content=\"https:\/\/pickaqua.com\/wp-content\/uploads\/2023\/07\/watershop.jpg\" \/>\n\t<meta property=\"og:image:width\" content=\"867\" \/>\n\t<meta property=\"og:image:height\" content=\"528\" \/>\n\t<meta property=\"og:image:type\" content=\"image\/jpeg\" \/>\n<meta name=\"twitter:card\" content=\"summary_large_image\" \/>\n<meta name=\"twitter:label1\" content=\"Tiempo de lectura\" \/>\n\t<meta name=\"twitter:data1\" content=\"2 minutos\" \/>\n<script type=\"application\/ld+json\" class=\"yoast-schema-graph\">{\"@context\":\"https:\/\/schema.org\",\"@graph\":[{\"@type\":\"WebPage\",\"@id\":\"https:\/\/pickaqua.com\/es\/descubre-aprende\/\",\"url\":\"https:\/\/pickaqua.com\/es\/descubre-aprende\/\",\"name\":\"Descubre &amp; Aprende - PickAqua\",\"isPartOf\":{\"@id\":\"https:\/\/pickaqua.com\/#website\"},\"datePublished\":\"2023-04-03T10:32:21+00:00\",\"dateModified\":\"2023-04-20T07:52:39+00:00\",\"breadcrumb\":{\"@id\":\"https:\/\/pickaqua.com\/es\/descubre-aprende\/#breadcrumb\"},\"inLanguage\":\"es\",\"potentialAction\":[{\"@type\":\"ReadAction\",\"target\":[\"https:\/\/pickaqua.com\/es\/descubre-aprende\/\"]}]},{\"@type\":\"BreadcrumbList\",\"@id\":\"https:\/\/pickaqua.com\/es\/descubre-aprende\/#breadcrumb\",\"itemListElement\":[{\"@type\":\"ListItem\",\"position\":1,\"name\":\"Home\",\"item\":\"https:\/\/pickaqua.com\/es\/\"},{\"@type\":\"ListItem\",\"position\":2,\"name\":\"Descubre &amp; Aprende\"}]},{\"@type\":\"WebSite\",\"@id\":\"https:\/\/pickaqua.com\/#website\",\"url\":\"https:\/\/pickaqua.com\/\",\"name\":\"PickAqua\",\"description\":\"World&#039;s first water choice app\",\"publisher\":{\"@id\":\"https:\/\/pickaqua.com\/#organization\"},\"potentialAction\":[{\"@type\":\"SearchAction\",\"target\":{\"@type\":\"EntryPoint\",\"urlTemplate\":\"https:\/\/pickaqua.com\/?s={search_term_string}\"},\"query-input\":\"required name=search_term_string\"}],\"inLanguage\":\"es\"},{\"@type\":\"Organization\",\"@id\":\"https:\/\/pickaqua.com\/#organization\",\"name\":\"PickAqua\",\"url\":\"https:\/\/pickaqua.com\/\",\"logo\":{\"@type\":\"ImageObject\",\"inLanguage\":\"es\",\"@id\":\"https:\/\/pickaqua.com\/#\/schema\/logo\/image\/\",\"url\":\"https:\/\/pickaqua.com\/wp-content\/uploads\/2023\/03\/Horizontal-logo_blue1-1.png\",\"contentUrl\":\"https:\/\/pickaqua.com\/wp-content\/uploads\/2023\/03\/Horizontal-logo_blue1-1.png\",\"width\":177,\"height\":176,\"caption\":\"PickAqua\"},\"image\":{\"@id\":\"https:\/\/pickaqua.com\/#\/schema\/logo\/image\/\"},\"sameAs\":[\"https:\/\/www.facebook.com\/pickaquaapp\/\",\"https:\/\/www.instagram.com\/pickaqua\/\"]}]}<\/script>\n<!-- \/ Yoast SEO plugin. -->","yoast_head_json":{"title":"Descubre &amp; Aprende - PickAqua","robots":{"index":"index","follow":"follow","max-snippet":"max-snippet:-1","max-image-preview":"max-image-preview:large","max-video-preview":"max-video-preview:-1"},"canonical":"https:\/\/pickaqua.com\/es\/descubre-aprende\/","og_locale":"es_ES","og_type":"article","og_title":"Descubre &amp; Aprende - PickAqua","og_description":"Esta secci\u00f3n est\u00e1 dedicada especialmente a enriquecer su conocimiento y comprensi\u00f3n del agua y de par\u00e1metros espec\u00edficos del agua. Hemos reunido una gran variedad de informaci\u00f3n y materiales did\u00e1cticos que abarcan una amplia gama de par\u00e1metros del agua para ayudarle a comprender los muchos entresijos de este incre\u00edble recurso &#8211; el agua. Los materiales did\u00e1cticos [&hellip;]","og_url":"https:\/\/pickaqua.com\/es\/descubre-aprende\/","og_site_name":"PickAqua","article_publisher":"https:\/\/www.facebook.com\/pickaquaapp\/","article_modified_time":"2023-04-20T07:52:39+00:00","og_image":[{"width":867,"height":528,"url":"https:\/\/pickaqua.com\/wp-content\/uploads\/2023\/07\/watershop.jpg","type":"image\/jpeg"}],"twitter_card":"summary_large_image","twitter_misc":{"Tiempo de lectura":"2 minutos"},"schema":{"@context":"https:\/\/schema.org","@graph":[{"@type":"WebPage","@id":"https:\/\/pickaqua.com\/es\/descubre-aprende\/","url":"https:\/\/pickaqua.com\/es\/descubre-aprende\/","name":"Descubre &amp; Aprende - PickAqua","isPartOf":{"@id":"https:\/\/pickaqua.com\/#website"},"datePublished":"2023-04-03T10:32:21+00:00","dateModified":"2023-04-20T07:52:39+00:00","breadcrumb":{"@id":"https:\/\/pickaqua.com\/es\/descubre-aprende\/#breadcrumb"},"inLanguage":"es","potentialAction":[{"@type":"ReadAction","target":["https:\/\/pickaqua.com\/es\/descubre-aprende\/"]}]},{"@type":"BreadcrumbList","@id":"https:\/\/pickaqua.com\/es\/descubre-aprende\/#breadcrumb","itemListElement":[{"@type":"ListItem","position":1,"name":"Home","item":"https:\/\/pickaqua.com\/es\/"},{"@type":"ListItem","position":2,"name":"Descubre &amp; Aprende"}]},{"@type":"WebSite","@id":"https:\/\/pickaqua.com\/#website","url":"https:\/\/pickaqua.com\/","name":"PickAqua","description":"World&#039;s first water choice app","publisher":{"@id":"https:\/\/pickaqua.com\/#organization"},"potentialAction":[{"@type":"SearchAction","target":{"@type":"EntryPoint","urlTemplate":"https:\/\/pickaqua.com\/?s={search_term_string}"},"query-input":"required name=search_term_string"}],"inLanguage":"es"},{"@type":"Organization","@id":"https:\/\/pickaqua.com\/#organization","name":"PickAqua","url":"https:\/\/pickaqua.com\/","logo":{"@type":"ImageObject","inLanguage":"es","@id":"https:\/\/pickaqua.com\/#\/schema\/logo\/image\/","url":"https:\/\/pickaqua.com\/wp-content\/uploads\/2023\/03\/Horizontal-logo_blue1-1.png","contentUrl":"https:\/\/pickaqua.com\/wp-content\/uploads\/2023\/03\/Horizontal-logo_blue1-1.png","width":177,"height":176,"caption":"PickAqua"},"image":{"@id":"https:\/\/pickaqua.com\/#\/schema\/logo\/image\/"},"sameAs":["https:\/\/www.facebook.com\/pickaquaapp\/","https:\/\/www.instagram.com\/pickaqua\/"]}]}},"_links":{"self":[{"href":"https:\/\/pickaqua.com\/es\/wp-json\/wp\/v2\/pages\/2913"}],"collection":[{"href":"https:\/\/pickaqua.com\/es\/wp-json\/wp\/v2\/pages"}],"about":[{"href":"https:\/\/pickaqua.com\/es\/wp-json\/wp\/v2\/types\/page"}],"author":[{"embeddable":true,"href":"https:\/\/pickaqua.com\/es\/wp-json\/wp\/v2\/users\/1"}],"replies":[{"embeddable":true,"href":"https:\/\/pickaqua.com\/es\/wp-json\/wp\/v2\/comments?post=2913"}],"version-history":[{"count":3,"href":"https:\/\/pickaqua.com\/es\/wp-json\/wp\/v2\/pages\/2913\/revisions"}],"predecessor-version":[{"id":3364,"href":"https:\/\/pickaqua.com\/es\/wp-json\/wp\/v2\/pages\/2913\/revisions\/3364"}],"wp:featuredmedia":[{"embeddable":true,"href":"https:\/\/pickaqua.com\/es\/wp-json\/wp\/v2\/media\/5788"}],"wp:attachment":[{"href":"https:\/\/pickaqua.com\/es\/wp-json\/wp\/v2\/media?parent=2913"}],"curies":[{"name":"wp","href":"https:\/\/api.w.org\/{rel}","templated":true}]}}