{"id":2921,"date":"2023-04-03T14:59:37","date_gmt":"2023-04-03T11:59:37","guid":{"rendered":"https:\/\/pickaqua.com\/curso-online\/"},"modified":"2024-02-06T18:56:57","modified_gmt":"2024-02-06T15:56:57","slug":"curso-online","status":"publish","type":"page","link":"https:\/\/pickaqua.com\/es\/descubre-aprende\/curso-online\/","title":{"rendered":"Curso online"},"content":{"rendered":"\t\t<div data-elementor-type=\"wp-page\" data-elementor-id=\"2921\" class=\"elementor elementor-2921 elementor-2891\" data-elementor-post-type=\"page\">\n\t\t\t\t\t\t\t\t\t<section class=\"elementor-section elementor-top-section elementor-element elementor-element-7d35476 elementor-section-boxed elementor-section-height-default elementor-section-height-default\" data-id=\"7d35476\" data-element_type=\"section\" data-settings=\"{&quot;jet_parallax_layout_list&quot;:[]}\">\n\t\t\t\t\t\t<div class=\"elementor-container elementor-column-gap-default\">\n\t\t\t\t\t<div class=\"elementor-column elementor-col-100 elementor-top-column elementor-element elementor-element-7624f9f\" data-id=\"7624f9f\" data-element_type=\"column\">\n\t\t\t<div class=\"elementor-widget-wrap elementor-element-populated\">\n\t\t\t\t\t\t\t\t<div class=\"elementor-element elementor-element-df68bec elementor-widget elementor-widget-image\" data-id=\"df68bec\" data-element_type=\"widget\" data-widget_type=\"image.default\">\n\t\t\t\t<div class=\"elementor-widget-container\">\n\t\t\t<style>\/*! elementor - v3.14.0 - 26-06-2023 *\/\n.elementor-widget-image{text-align:center}.elementor-widget-image a{display:inline-block}.elementor-widget-image a img[src$=\".svg\"]{width:48px}.elementor-widget-image img{vertical-align:middle;display:inline-block}<\/style>\t\t\t\t\t\t\t\t\t\t\t\t<img decoding=\"async\" loading=\"lazy\" width=\"600\" height=\"400\" src=\"https:\/\/pickaqua.com\/wp-content\/uploads\/2023\/05\/photo_2023-05-08_15-51-16-600x400.jpg\" class=\"attachment-woocommerce_single size-woocommerce_single wp-image-4019\" alt=\"\" srcset=\"https:\/\/pickaqua.com\/wp-content\/uploads\/2023\/05\/photo_2023-05-08_15-51-16-600x400.jpg 600w, https:\/\/pickaqua.com\/wp-content\/uploads\/2023\/05\/photo_2023-05-08_15-51-16-300x200.jpg 300w, https:\/\/pickaqua.com\/wp-content\/uploads\/2023\/05\/photo_2023-05-08_15-51-16-1024x682.jpg 1024w, https:\/\/pickaqua.com\/wp-content\/uploads\/2023\/05\/photo_2023-05-08_15-51-16-768x512.jpg 768w, https:\/\/pickaqua.com\/wp-content\/uploads\/2023\/05\/photo_2023-05-08_15-51-16.jpg 1280w\" sizes=\"(max-width: 600px) 100vw, 600px\" \/>\t\t\t\t\t\t\t\t\t\t\t\t\t\t\t<\/div>\n\t\t\t\t<\/div>\n\t\t\t\t<div class=\"elementor-element elementor-element-1a073ec elementor-widget elementor-widget-text-editor\" data-id=\"1a073ec\" data-element_type=\"widget\" data-widget_type=\"text-editor.default\">\n\t\t\t\t<div class=\"elementor-widget-container\">\n\t\t\t<style>\/*! elementor - v3.14.0 - 26-06-2023 *\/\n.elementor-widget-text-editor.elementor-drop-cap-view-stacked .elementor-drop-cap{background-color:#69727d;color:#fff}.elementor-widget-text-editor.elementor-drop-cap-view-framed .elementor-drop-cap{color:#69727d;border:3px solid;background-color:transparent}.elementor-widget-text-editor:not(.elementor-drop-cap-view-default) .elementor-drop-cap{margin-top:8px}.elementor-widget-text-editor:not(.elementor-drop-cap-view-default) .elementor-drop-cap-letter{width:1em;height:1em}.elementor-widget-text-editor .elementor-drop-cap{float:left;text-align:center;line-height:1;font-size:50px}.elementor-widget-text-editor .elementor-drop-cap-letter{display:inline-block}<\/style>\t\t\t\t<p>\u00abEl arte de elegir el agua\u00bb es un curso online dedicado a ayudarle a aprender a elegir el agua m\u00e1s adecuada para sus necesidades. El agua es una parte esencial de nuestra vida diaria, pero la mayor\u00eda de la gente no tiene ni idea de c\u00f3mo elegir el tipo de agua adecuado para su salud. Beber la cantidad m\u00ednima recomendada de 2l es tan importante como la composici\u00f3n mineral del agua, su pureza y la propia t\u00e9cnica de consumo, para conseguir la m\u00e1xima hidrataci\u00f3n del organismo desde el interior.  <\/p>\n<p>En este curso, el mayor experto en el campo de la elecci\u00f3n del agua, el Sumiller del Agua Dan Volevah, le guiar\u00e1 a trav\u00e9s del proceso de selecci\u00f3n del agua de mejor calidad que se adapte a sus necesidades espec\u00edficas. Este curso es perfecto para cualquier persona preocupada por su salud y que desee optimizar su salud y bienestar general. <\/p>\n\t\t\t\t\t\t<\/div>\n\t\t\t\t<\/div>\n\t\t\t\t<div class=\"elementor-element elementor-element-8bbb50d elementor-widget elementor-widget-heading\" data-id=\"8bbb50d\" data-element_type=\"widget\" data-widget_type=\"heading.default\">\n\t\t\t\t<div class=\"elementor-widget-container\">\n\t\t\t<style>\/*! elementor - v3.14.0 - 26-06-2023 *\/\n.elementor-heading-title{padding:0;margin:0;line-height:1}.elementor-widget-heading .elementor-heading-title[class*=elementor-size-]>a{color:inherit;font-size:inherit;line-height:inherit}.elementor-widget-heading .elementor-heading-title.elementor-size-small{font-size:15px}.elementor-widget-heading .elementor-heading-title.elementor-size-medium{font-size:19px}.elementor-widget-heading .elementor-heading-title.elementor-size-large{font-size:29px}.elementor-widget-heading .elementor-heading-title.elementor-size-xl{font-size:39px}.elementor-widget-heading .elementor-heading-title.elementor-size-xxl{font-size:59px}<\/style><h2 class=\"elementor-heading-title elementor-size-default\"> El agua es definitivamente la sustancia m\u00e1s misteriosa de todo el universo.<\/h2>\t\t<\/div>\n\t\t\t\t<\/div>\n\t\t\t\t<div class=\"elementor-element elementor-element-4aac58a elementor-widget__width-initial elementor-widget elementor-widget-video\" data-id=\"4aac58a\" data-element_type=\"widget\" data-settings=\"{&quot;youtube_url&quot;:&quot;https:\\\/\\\/youtu.be\\\/E5eExG1uUZU&quot;,&quot;video_type&quot;:&quot;youtube&quot;,&quot;controls&quot;:&quot;yes&quot;}\" data-widget_type=\"video.default\">\n\t\t\t\t<div class=\"elementor-widget-container\">\n\t\t\t<style>\/*! elementor - v3.14.0 - 26-06-2023 *\/\n.elementor-widget-video .elementor-widget-container{overflow:hidden;transform:translateZ(0)}.elementor-widget-video .elementor-wrapper{aspect-ratio:var(--video-aspect-ratio)}.elementor-widget-video .elementor-wrapper iframe,.elementor-widget-video .elementor-wrapper video{height:100%;width:100%;display:flex;border:none;background-color:#000}@supports not (aspect-ratio:1\/1){.elementor-widget-video .elementor-wrapper{position:relative;overflow:hidden;height:0;padding-bottom:calc(100% \/ var(--video-aspect-ratio))}.elementor-widget-video .elementor-wrapper iframe,.elementor-widget-video .elementor-wrapper video{position:absolute;top:0;right:0;bottom:0;left:0}}.elementor-widget-video .elementor-open-inline .elementor-custom-embed-image-overlay{position:absolute;top:0;left:0;width:100%;height:100%;background-size:cover;background-position:50%}.elementor-widget-video .elementor-custom-embed-image-overlay{cursor:pointer;text-align:center}.elementor-widget-video .elementor-custom-embed-image-overlay:hover .elementor-custom-embed-play i{opacity:1}.elementor-widget-video .elementor-custom-embed-image-overlay img{display:block;width:100%}.elementor-widget-video .e-hosted-video .elementor-video{-o-object-fit:cover;object-fit:cover}.e-con-inner>.elementor-widget-video,.e-con>.elementor-widget-video{width:var(--container-widget-width);--flex-grow:var(--container-widget-flex-grow)}<\/style>\t\t<div class=\"elementor-wrapper elementor-open-inline\">\n\t\t\t<div class=\"elementor-video\"><\/div>\t\t<\/div>\n\t\t\t\t<\/div>\n\t\t\t\t<\/div>\n\t\t\t\t<div class=\"elementor-element elementor-element-6904616 elementor-align-left elementor-widget elementor-widget-button\" data-id=\"6904616\" data-element_type=\"widget\" data-widget_type=\"button.default\">\n\t\t\t\t<div class=\"elementor-widget-container\">\n\t\t\t\t\t<div class=\"elementor-button-wrapper\">\n\t\t\t<a class=\"elementor-button elementor-button-link elementor-size-sm\" href=\"https:\/\/waterambassador.org\/en\/front-en\/\">\n\t\t\t\t\t\t<span class=\"elementor-button-content-wrapper\">\n\t\t\t\t\t\t<span class=\"elementor-button-text\">Convi\u00e9rtete en embajador del agua<\/span>\n\t\t<\/span>\n\t\t\t\t\t<\/a>\n\t\t<\/div>\n\t\t\t\t<\/div>\n\t\t\t\t<\/div>\n\t\t\t\t\t<\/div>\n\t\t<\/div>\n\t\t\t\t\t\t\t<\/div>\n\t\t<\/section>\n\t\t\t\t<section class=\"elementor-section elementor-top-section elementor-element elementor-element-7a3ca48 elementor-section-boxed elementor-section-height-default elementor-section-height-default\" data-id=\"7a3ca48\" data-element_type=\"section\" data-settings=\"{&quot;jet_parallax_layout_list&quot;:[]}\">\n\t\t\t\t\t\t<div class=\"elementor-container elementor-column-gap-default\">\n\t\t\t\t\t<div class=\"elementor-column elementor-col-100 elementor-top-column elementor-element elementor-element-1961347\" data-id=\"1961347\" data-element_type=\"column\">\n\t\t\t<div class=\"elementor-widget-wrap elementor-element-populated\">\n\t\t\t\t\t\t\t\t<div class=\"elementor-element elementor-element-ad39d13 elementor-widget elementor-widget-text-editor\" data-id=\"ad39d13\" data-element_type=\"widget\" data-widget_type=\"text-editor.default\">\n\t\t\t\t<div class=\"elementor-widget-container\">\n\t\t\t\t\t\t\t<p><strong>\u00abA lo largo de nuestra vida bebemos unos 50 mil litros de agua, y nuestro cuerpo es el filtro de esta agua. La composici\u00f3n mineral del agua y su calidad general desempe\u00f1an un papel fundamental\u00bb. Dan Volevah <\/p>\n<p><\/strong><\/p>\n<p><a href=\"https:\/\/pickaqua.com\/es\/contactos\/\">Tambi\u00e9n existe un atajo, conectando directamente con nuestros especialistas y recibiendo una consulta personal sobre la elecci\u00f3n del agua disponible en su pa\u00eds. No dude en ponerse en contacto con nosotros. <\/a><\/p>\n<p>Creemos que el cuerpo humano se nutre del agua correctamente elegida, y en \u00abEl arte de elegir el agua\u00bb nos dedicamos a ayudarle a conseguirlo.<\/p>\n<p>A trav\u00e9s de una serie de m\u00f3dulos reveladores, conocer\u00e1 los tipos de agua embotellada que existen en el mercado, sus beneficios y los factores esenciales necesarios para tomar decisiones de compra informadas en funci\u00f3n de sus necesidades particulares. Le ense\u00f1aremos los aspectos b\u00e1sicos, como la forma de entender las etiquetas del agua y los beneficios de cualquier agua, as\u00ed como los aspectos m\u00e1s matizados, como la forma de elegir el agua en funci\u00f3n de su estilo de vida y sus necesidades diet\u00e9ticas. <\/p>\n<p>Nuestro curso le proporciona una completa hoja de ruta para convertirse en un experto en el arte de elegir el agua. Al final del programa, ser\u00e1 capaz de identificar y comprar con confianza el agua de mayor calidad que sea \u00f3ptima para su salud y estilo de vida. <\/p>\n<p>Los beneficios de consumir agua de alta calidad son infinitos. Tomar decisiones conscientes y beber el agua adecuada puede mejorar significativamente su sistema inmunol\u00f3gico y su rendimiento deportivo, aumentar la energ\u00eda, mejorar la digesti\u00f3n y mejorar la salud en general. <\/p>\n<p>Matricularse en \u00abEl arte de elegir el agua\u00bb es una obviedad si desea obtener los mejores resultados posibles para su salud. El curso le ofrece una oportunidad \u00fanica de aprender de expertos en la materia y adquirir conocimientos pr\u00e1cticos que pueden revolucionar su forma de consumir agua en el futuro. <\/p>\n<p>No pierda esta oportunidad. Empiece hoy mismo su viaje hacia una salud \u00f3ptima, porque usted bebe agua todos los d\u00edas: \u00a1inscr\u00edbase ya en \u00abEl arte de elegir el agua!\u00bb <\/p>\n\t\t\t\t\t\t<\/div>\n\t\t\t\t<\/div>\n\t\t\t\t<div class=\"elementor-element elementor-element-b89e52b elementor-widget elementor-widget-heading\" data-id=\"b89e52b\" data-element_type=\"widget\" data-widget_type=\"heading.default\">\n\t\t\t\t<div class=\"elementor-widget-container\">\n\t\t\t<h2 class=\"elementor-heading-title elementor-size-default\">Sumiller de Agua Dan Volevah Show de talentos \"The Brain\"<\/h2>\t\t<\/div>\n\t\t\t\t<\/div>\n\t\t\t\t<div class=\"elementor-element elementor-element-43c7c12 elementor-widget__width-initial elementor-widget elementor-widget-video\" data-id=\"43c7c12\" data-element_type=\"widget\" data-settings=\"{&quot;youtube_url&quot;:&quot;https:\\\/\\\/www.youtube.com\\\/watch?v=VOYR3axBKxw&amp;t=11s&amp;ab_channel=PickAqua&quot;,&quot;video_type&quot;:&quot;youtube&quot;,&quot;controls&quot;:&quot;yes&quot;}\" data-widget_type=\"video.default\">\n\t\t\t\t<div class=\"elementor-widget-container\">\n\t\t\t\t\t<div class=\"elementor-wrapper elementor-open-inline\">\n\t\t\t<div class=\"elementor-video\"><\/div>\t\t<\/div>\n\t\t\t\t<\/div>\n\t\t\t\t<\/div>\n\t\t\t\t\t<\/div>\n\t\t<\/div>\n\t\t\t\t\t\t\t<\/div>\n\t\t<\/section>\n\t\t\t\t\t\t\t<\/div>\n\t\t","protected":false},"excerpt":{"rendered":"<p>\u00abEl arte de elegir el agua\u00bb es un curso online dedicado a ayudarle a aprender a elegir el agua m\u00e1s adecuada para sus necesidades. El agua es una parte esencial de nuestra vida diaria, pero la mayor\u00eda de la gente no tiene ni idea de c\u00f3mo elegir el tipo de agua adecuado para su salud. [&hellip;]<\/p>\n","protected":false},"author":1,"featured_media":5788,"parent":2913,"menu_order":0,"comment_status":"closed","ping_status":"closed","template":"","meta":{"footnotes":""},"acf":[],"yoast_head":"<!-- This site is optimized with the Yoast SEO plugin v21.2 - https:\/\/yoast.com\/wordpress\/plugins\/seo\/ -->\n<title>Curso online - PickAqua<\/title>\n<meta name=\"robots\" content=\"index, follow, max-snippet:-1, max-image-preview:large, max-video-preview:-1\" \/>\n<link rel=\"canonical\" href=\"https:\/\/pickaqua.com\/es\/descubre-aprende\/curso-online\/\" \/>\n<meta property=\"og:locale\" content=\"es_ES\" \/>\n<meta property=\"og:type\" content=\"article\" \/>\n<meta property=\"og:title\" content=\"Curso online - PickAqua\" \/>\n<meta property=\"og:description\" content=\"\u00abEl arte de elegir el agua\u00bb es un curso online dedicado a ayudarle a aprender a elegir el agua m\u00e1s adecuada para sus necesidades. El agua es una parte esencial de nuestra vida diaria, pero la mayor\u00eda de la gente no tiene ni idea de c\u00f3mo elegir el tipo de agua adecuado para su salud. [&hellip;]\" \/>\n<meta property=\"og:url\" content=\"https:\/\/pickaqua.com\/es\/descubre-aprende\/curso-online\/\" \/>\n<meta property=\"og:site_name\" content=\"PickAqua\" \/>\n<meta property=\"article:publisher\" content=\"https:\/\/www.facebook.com\/pickaquaapp\/\" \/>\n<meta property=\"article:modified_time\" content=\"2024-02-06T15:56:57+00:00\" \/>\n<meta property=\"og:image\" content=\"https:\/\/pickaqua.com\/wp-content\/uploads\/2023\/07\/watershop.jpg\" \/>\n\t<meta property=\"og:image:width\" content=\"867\" \/>\n\t<meta property=\"og:image:height\" content=\"528\" \/>\n\t<meta property=\"og:image:type\" content=\"image\/jpeg\" \/>\n<meta name=\"twitter:card\" content=\"summary_large_image\" \/>\n<meta name=\"twitter:label1\" content=\"Tiempo de lectura\" \/>\n\t<meta name=\"twitter:data1\" content=\"3 minutos\" \/>\n<script type=\"application\/ld+json\" class=\"yoast-schema-graph\">{\"@context\":\"https:\/\/schema.org\",\"@graph\":[{\"@type\":\"WebPage\",\"@id\":\"https:\/\/pickaqua.com\/es\/descubre-aprende\/curso-online\/\",\"url\":\"https:\/\/pickaqua.com\/es\/descubre-aprende\/curso-online\/\",\"name\":\"Curso online - PickAqua\",\"isPartOf\":{\"@id\":\"https:\/\/pickaqua.com\/#website\"},\"datePublished\":\"2023-04-03T11:59:37+00:00\",\"dateModified\":\"2024-02-06T15:56:57+00:00\",\"breadcrumb\":{\"@id\":\"https:\/\/pickaqua.com\/es\/descubre-aprende\/curso-online\/#breadcrumb\"},\"inLanguage\":\"es\",\"potentialAction\":[{\"@type\":\"ReadAction\",\"target\":[\"https:\/\/pickaqua.com\/es\/descubre-aprende\/curso-online\/\"]}]},{\"@type\":\"BreadcrumbList\",\"@id\":\"https:\/\/pickaqua.com\/es\/descubre-aprende\/curso-online\/#breadcrumb\",\"itemListElement\":[{\"@type\":\"ListItem\",\"position\":1,\"name\":\"Home\",\"item\":\"https:\/\/pickaqua.com\/es\/\"},{\"@type\":\"ListItem\",\"position\":2,\"name\":\"Descubre &amp; Aprende\",\"item\":\"https:\/\/pickaqua.com\/es\/descubre-aprende\/\"},{\"@type\":\"ListItem\",\"position\":3,\"name\":\"Curso online\"}]},{\"@type\":\"WebSite\",\"@id\":\"https:\/\/pickaqua.com\/#website\",\"url\":\"https:\/\/pickaqua.com\/\",\"name\":\"PickAqua\",\"description\":\"World&#039;s first water choice app\",\"publisher\":{\"@id\":\"https:\/\/pickaqua.com\/#organization\"},\"potentialAction\":[{\"@type\":\"SearchAction\",\"target\":{\"@type\":\"EntryPoint\",\"urlTemplate\":\"https:\/\/pickaqua.com\/?s={search_term_string}\"},\"query-input\":\"required name=search_term_string\"}],\"inLanguage\":\"es\"},{\"@type\":\"Organization\",\"@id\":\"https:\/\/pickaqua.com\/#organization\",\"name\":\"PickAqua\",\"url\":\"https:\/\/pickaqua.com\/\",\"logo\":{\"@type\":\"ImageObject\",\"inLanguage\":\"es\",\"@id\":\"https:\/\/pickaqua.com\/#\/schema\/logo\/image\/\",\"url\":\"https:\/\/pickaqua.com\/wp-content\/uploads\/2023\/03\/Horizontal-logo_blue1-1.png\",\"contentUrl\":\"https:\/\/pickaqua.com\/wp-content\/uploads\/2023\/03\/Horizontal-logo_blue1-1.png\",\"width\":177,\"height\":176,\"caption\":\"PickAqua\"},\"image\":{\"@id\":\"https:\/\/pickaqua.com\/#\/schema\/logo\/image\/\"},\"sameAs\":[\"https:\/\/www.facebook.com\/pickaquaapp\/\",\"https:\/\/www.instagram.com\/pickaqua\/\"]}]}<\/script>\n<!-- \/ Yoast SEO plugin. -->","yoast_head_json":{"title":"Curso online - PickAqua","robots":{"index":"index","follow":"follow","max-snippet":"max-snippet:-1","max-image-preview":"max-image-preview:large","max-video-preview":"max-video-preview:-1"},"canonical":"https:\/\/pickaqua.com\/es\/descubre-aprende\/curso-online\/","og_locale":"es_ES","og_type":"article","og_title":"Curso online - PickAqua","og_description":"\u00abEl arte de elegir el agua\u00bb es un curso online dedicado a ayudarle a aprender a elegir el agua m\u00e1s adecuada para sus necesidades. El agua es una parte esencial de nuestra vida diaria, pero la mayor\u00eda de la gente no tiene ni idea de c\u00f3mo elegir el tipo de agua adecuado para su salud. [&hellip;]","og_url":"https:\/\/pickaqua.com\/es\/descubre-aprende\/curso-online\/","og_site_name":"PickAqua","article_publisher":"https:\/\/www.facebook.com\/pickaquaapp\/","article_modified_time":"2024-02-06T15:56:57+00:00","og_image":[{"width":867,"height":528,"url":"https:\/\/pickaqua.com\/wp-content\/uploads\/2023\/07\/watershop.jpg","type":"image\/jpeg"}],"twitter_card":"summary_large_image","twitter_misc":{"Tiempo de lectura":"3 minutos"},"schema":{"@context":"https:\/\/schema.org","@graph":[{"@type":"WebPage","@id":"https:\/\/pickaqua.com\/es\/descubre-aprende\/curso-online\/","url":"https:\/\/pickaqua.com\/es\/descubre-aprende\/curso-online\/","name":"Curso online - PickAqua","isPartOf":{"@id":"https:\/\/pickaqua.com\/#website"},"datePublished":"2023-04-03T11:59:37+00:00","dateModified":"2024-02-06T15:56:57+00:00","breadcrumb":{"@id":"https:\/\/pickaqua.com\/es\/descubre-aprende\/curso-online\/#breadcrumb"},"inLanguage":"es","potentialAction":[{"@type":"ReadAction","target":["https:\/\/pickaqua.com\/es\/descubre-aprende\/curso-online\/"]}]},{"@type":"BreadcrumbList","@id":"https:\/\/pickaqua.com\/es\/descubre-aprende\/curso-online\/#breadcrumb","itemListElement":[{"@type":"ListItem","position":1,"name":"Home","item":"https:\/\/pickaqua.com\/es\/"},{"@type":"ListItem","position":2,"name":"Descubre &amp; Aprende","item":"https:\/\/pickaqua.com\/es\/descubre-aprende\/"},{"@type":"ListItem","position":3,"name":"Curso online"}]},{"@type":"WebSite","@id":"https:\/\/pickaqua.com\/#website","url":"https:\/\/pickaqua.com\/","name":"PickAqua","description":"World&#039;s first water choice app","publisher":{"@id":"https:\/\/pickaqua.com\/#organization"},"potentialAction":[{"@type":"SearchAction","target":{"@type":"EntryPoint","urlTemplate":"https:\/\/pickaqua.com\/?s={search_term_string}"},"query-input":"required name=search_term_string"}],"inLanguage":"es"},{"@type":"Organization","@id":"https:\/\/pickaqua.com\/#organization","name":"PickAqua","url":"https:\/\/pickaqua.com\/","logo":{"@type":"ImageObject","inLanguage":"es","@id":"https:\/\/pickaqua.com\/#\/schema\/logo\/image\/","url":"https:\/\/pickaqua.com\/wp-content\/uploads\/2023\/03\/Horizontal-logo_blue1-1.png","contentUrl":"https:\/\/pickaqua.com\/wp-content\/uploads\/2023\/03\/Horizontal-logo_blue1-1.png","width":177,"height":176,"caption":"PickAqua"},"image":{"@id":"https:\/\/pickaqua.com\/#\/schema\/logo\/image\/"},"sameAs":["https:\/\/www.facebook.com\/pickaquaapp\/","https:\/\/www.instagram.com\/pickaqua\/"]}]}},"_links":{"self":[{"href":"https:\/\/pickaqua.com\/es\/wp-json\/wp\/v2\/pages\/2921"}],"collection":[{"href":"https:\/\/pickaqua.com\/es\/wp-json\/wp\/v2\/pages"}],"about":[{"href":"https:\/\/pickaqua.com\/es\/wp-json\/wp\/v2\/types\/page"}],"author":[{"embeddable":true,"href":"https:\/\/pickaqua.com\/es\/wp-json\/wp\/v2\/users\/1"}],"replies":[{"embeddable":true,"href":"https:\/\/pickaqua.com\/es\/wp-json\/wp\/v2\/comments?post=2921"}],"version-history":[{"count":9,"href":"https:\/\/pickaqua.com\/es\/wp-json\/wp\/v2\/pages\/2921\/revisions"}],"predecessor-version":[{"id":9268,"href":"https:\/\/pickaqua.com\/es\/wp-json\/wp\/v2\/pages\/2921\/revisions\/9268"}],"up":[{"embeddable":true,"href":"https:\/\/pickaqua.com\/es\/wp-json\/wp\/v2\/pages\/2913"}],"wp:featuredmedia":[{"embeddable":true,"href":"https:\/\/pickaqua.com\/es\/wp-json\/wp\/v2\/media\/5788"}],"wp:attachment":[{"href":"https:\/\/pickaqua.com\/es\/wp-json\/wp\/v2\/media?parent=2921"}],"curies":[{"name":"wp","href":"https:\/\/api.w.org\/{rel}","templated":true}]}}