{"id":2942,"date":"2023-04-03T13:58:48","date_gmt":"2023-04-03T10:58:48","guid":{"rendered":"https:\/\/pickaqua.com\/marcas-de-agua\/"},"modified":"2023-05-02T13:09:52","modified_gmt":"2023-05-02T10:09:52","slug":"marcas-de-agua","status":"publish","type":"page","link":"https:\/\/pickaqua.com\/es\/marcas-de-agua\/","title":{"rendered":"Marcas de agua"},"content":{"rendered":"\t\t<div data-elementor-type=\"wp-page\" data-elementor-id=\"2942\" class=\"elementor elementor-2942 elementor-2859\" data-elementor-post-type=\"page\">\n\t\t\t\t\t\t\t\t\t<section class=\"elementor-section elementor-top-section elementor-element elementor-element-2621bbb elementor-section-boxed elementor-section-height-default elementor-section-height-default\" data-id=\"2621bbb\" data-element_type=\"section\" data-settings=\"{&quot;jet_parallax_layout_list&quot;:[]}\">\n\t\t\t\t\t\t<div class=\"elementor-container elementor-column-gap-default\">\n\t\t\t\t\t<div class=\"elementor-column elementor-col-100 elementor-top-column elementor-element elementor-element-4fa154a\" data-id=\"4fa154a\" data-element_type=\"column\">\n\t\t\t<div class=\"elementor-widget-wrap elementor-element-populated\">\n\t\t\t\t\t\t\t\t<div class=\"elementor-element elementor-element-4910f63 elementor-widget elementor-widget-heading\" data-id=\"4910f63\" data-element_type=\"widget\" data-widget_type=\"heading.default\">\n\t\t\t\t<div class=\"elementor-widget-container\">\n\t\t\t<style>\/*! elementor - v3.14.0 - 26-06-2023 *\/\n.elementor-heading-title{padding:0;margin:0;line-height:1}.elementor-widget-heading .elementor-heading-title[class*=elementor-size-]>a{color:inherit;font-size:inherit;line-height:inherit}.elementor-widget-heading .elementor-heading-title.elementor-size-small{font-size:15px}.elementor-widget-heading .elementor-heading-title.elementor-size-medium{font-size:19px}.elementor-widget-heading .elementor-heading-title.elementor-size-large{font-size:29px}.elementor-widget-heading .elementor-heading-title.elementor-size-xl{font-size:39px}.elementor-widget-heading .elementor-heading-title.elementor-size-xxl{font-size:59px}<\/style><h2 class=\"elementor-heading-title elementor-size-default\">\u00bfEs usted un entusiasta del agua? <\/h2>\t\t<\/div>\n\t\t\t\t<\/div>\n\t\t\t\t\t<\/div>\n\t\t<\/div>\n\t\t\t\t\t\t\t<\/div>\n\t\t<\/section>\n\t\t\t\t<section class=\"elementor-section elementor-top-section elementor-element elementor-element-fbb7486 elementor-section-boxed elementor-section-height-default elementor-section-height-default\" data-id=\"fbb7486\" data-element_type=\"section\" data-settings=\"{&quot;jet_parallax_layout_list&quot;:[]}\">\n\t\t\t\t\t\t<div class=\"elementor-container elementor-column-gap-default\">\n\t\t\t\t\t<div class=\"elementor-column elementor-col-100 elementor-top-column elementor-element elementor-element-503aea3\" data-id=\"503aea3\" data-element_type=\"column\">\n\t\t\t<div class=\"elementor-widget-wrap elementor-element-populated\">\n\t\t\t\t\t\t\t\t<div class=\"elementor-element elementor-element-1804b9b elementor-widget elementor-widget-text-editor\" data-id=\"1804b9b\" data-element_type=\"widget\" data-widget_type=\"text-editor.default\">\n\t\t\t\t<div class=\"elementor-widget-container\">\n\t\t\t<style>\/*! elementor - v3.14.0 - 26-06-2023 *\/\n.elementor-widget-text-editor.elementor-drop-cap-view-stacked .elementor-drop-cap{background-color:#69727d;color:#fff}.elementor-widget-text-editor.elementor-drop-cap-view-framed .elementor-drop-cap{color:#69727d;border:3px solid;background-color:transparent}.elementor-widget-text-editor:not(.elementor-drop-cap-view-default) .elementor-drop-cap{margin-top:8px}.elementor-widget-text-editor:not(.elementor-drop-cap-view-default) .elementor-drop-cap-letter{width:1em;height:1em}.elementor-widget-text-editor .elementor-drop-cap{float:left;text-align:center;line-height:1;font-size:50px}.elementor-widget-text-editor .elementor-drop-cap-letter{display:inline-block}<\/style>\t\t\t\t<p>No busque m\u00e1s. Nuestra p\u00e1gina web tiene la secci\u00f3n definitiva para usted: <strong>\u00abLa base mundial de agua embotellada\u00bb<\/strong>. <\/p>\n<p>Hemos elaborado cuidadosamente una extensa lista de marcas de agua embotellada disponibles en su pa\u00eds y en todo el mundo. Abarcamos todo lo que necesita saber sobre el agua. Empezando por explicaciones sobre par\u00e1metros espec\u00edficos del agua, el sabor del agua y terminando con superpoderes y efectos al nuestro bienestar.  <\/p>\n\t\t\t\t\t\t<\/div>\n\t\t\t\t<\/div>\n\t\t\t\t<section class=\"elementor-section elementor-inner-section elementor-element elementor-element-c9d7707 elementor-section-boxed elementor-section-height-default elementor-section-height-default\" data-id=\"c9d7707\" data-element_type=\"section\" data-settings=\"{&quot;jet_parallax_layout_list&quot;:[]}\">\n\t\t\t\t\t\t<div class=\"elementor-container elementor-column-gap-default\">\n\t\t\t\t\t<div class=\"elementor-column elementor-col-50 elementor-inner-column elementor-element elementor-element-5442d62\" data-id=\"5442d62\" data-element_type=\"column\">\n\t\t\t<div class=\"elementor-widget-wrap elementor-element-populated\">\n\t\t\t\t\t\t\t\t<div class=\"elementor-element elementor-element-30634d5 elementor-widget elementor-widget-text-editor\" data-id=\"30634d5\" data-element_type=\"widget\" data-widget_type=\"text-editor.default\">\n\t\t\t\t<div class=\"elementor-widget-container\">\n\t\t\t\t\t\t\t<h4><span style=\"color: #0192ed;\"><strong>Conozca a Jean, el primer sumiller digital de agua del mundo.<\/strong><\/span><\/h4>\n<p>Nuestro Sumiller digital del Agua- Jean est\u00e1 siempre a su disposici\u00f3n para ayudarle las 24 horas del d\u00eda, los 7 d\u00edas de la semana, a comprender el contenido del agua que desea conocer. Creemos que el conocimiento es poder, y comprender el agua que consume es esencial para poder utilizarla con el m\u00e1ximo rendimiento como instrumento para mejorar su bienestar. <\/p>\n<h4><span style=\"color: #0192ed;\"><strong>Simplemente preg\u00fantale a Jean sobre el agua sobre la que deseas saber m\u00e1s.<\/strong><\/span><\/h4>\n<p>El Sumiller Digital del Agua Jean le explicar\u00e1 el contenido del agua, las proporciones de minerales, la pureza, las recomendaciones de uso y otras propiedades. Para que pueda tomar una decisi\u00f3n informada a la hora de elegir su pr\u00f3xima fuente de hidrataci\u00f3n. <\/p>\n<h4><span style=\"color: #0192ed;\"><strong>Los poderes curativos del agua est\u00e1n documentados desde hace siglos.<\/strong><\/span><\/h4>\n<p>Eligiendo el agua adecuada con los minerales dominantes necesarios para alcanzar sus objetivos, el agua puede utilizarse como un verdadero instrumento potenciador. En la app PickAqua se describen 60 programas diferentes que puedes mejorar simplemente tomando la decisi\u00f3n correcta. Nunca ha sido tan f\u00e1cil navegar por el mundo del agua. Por ejemplo, puede elegir el agua para la resistencia en el deporte, el agua para la digesti\u00f3n, agua para embellecer la piel, el sistema nervioso, el agua para la reducci\u00f3n de peso, e incluso preparar el t\u00e9 o el caf\u00e9 con mejor sabor del mundo, s\u00f3lo eligiendo el agua adecuada con las proporciones minerales \u00f3ptimas para ello.   <\/p>\n<p>Para disfrutar de la experiencia definitiva, le recomendamos que se descargue la aplicaci\u00f3n PickAqua para elegir el agua. Con la aplicaci\u00f3n, puedes acceder a informaci\u00f3n sobre tu agua al alcance de tu mano, simplemente escaneando el c\u00f3digo de barras del agua. Puedes aprender sobre la fuente y las mejores pr\u00e1cticas sobre c\u00f3mo utilizarla.  <\/p>\n\t\t\t\t\t\t<\/div>\n\t\t\t\t<\/div>\n\t\t\t\t\t<\/div>\n\t\t<\/div>\n\t\t\t\t<div class=\"elementor-column elementor-col-50 elementor-inner-column elementor-element elementor-element-8d37af5\" data-id=\"8d37af5\" data-element_type=\"column\">\n\t\t\t<div class=\"elementor-widget-wrap elementor-element-populated\">\n\t\t\t\t\t\t\t\t<div class=\"elementor-element elementor-element-a5ce934 elementor-widget elementor-widget-text-editor\" data-id=\"a5ce934\" data-element_type=\"widget\" data-widget_type=\"text-editor.default\">\n\t\t\t\t<div class=\"elementor-widget-container\">\n\t\t\t\t\t\t\t<h5><strong>\u00bfQu\u00e9 agua quieres que te presente?<\/strong><\/h5>\n\t\t\t\t\t\t<\/div>\n\t\t\t\t<\/div>\n\t\t\t\t<div class=\"elementor-element elementor-element-29ed62f elementor-align-center elementor-widget elementor-widget-button\" data-id=\"29ed62f\" data-element_type=\"widget\" data-widget_type=\"button.default\">\n\t\t\t\t<div class=\"elementor-widget-container\">\n\t\t\t\t\t<div class=\"elementor-button-wrapper\">\n\t\t\t<a class=\"elementor-button elementor-button-link elementor-size-sm\" href=\"#\">\n\t\t\t\t\t\t<span class=\"elementor-button-content-wrapper\">\n\t\t\t\t\t\t<span class=\"elementor-button-text\">Sumiller digital de agua Jean<\/span>\n\t\t<\/span>\n\t\t\t\t\t<\/a>\n\t\t<\/div>\n\t\t\t\t<\/div>\n\t\t\t\t<\/div>\n\t\t\t\t<div class=\"elementor-element elementor-element-57ea455 elementor-widget elementor-widget-text-editor\" data-id=\"57ea455\" data-element_type=\"widget\" data-widget_type=\"text-editor.default\">\n\t\t\t\t<div class=\"elementor-widget-container\">\n\t\t\t\t\t\t\t<p style=\"text-align: center;\">Muy pronto<\/p>\n\t\t\t\t\t\t<\/div>\n\t\t\t\t<\/div>\n\t\t\t\t\t<\/div>\n\t\t<\/div>\n\t\t\t\t\t\t\t<\/div>\n\t\t<\/section>\n\t\t\t\t<div class=\"elementor-element elementor-element-42e9230 elementor-widget elementor-widget-heading\" data-id=\"42e9230\" data-element_type=\"widget\" data-widget_type=\"heading.default\">\n\t\t\t\t<div class=\"elementor-widget-container\">\n\t\t\t<h4 class=\"elementor-heading-title elementor-size-default\">\u00bfNo encuentra su agua en la lista? <\/h4>\t\t<\/div>\n\t\t\t\t<\/div>\n\t\t\t\t<div class=\"elementor-element elementor-element-21a013a elementor-widget elementor-widget-text-editor\" data-id=\"21a013a\" data-element_type=\"widget\" data-widget_type=\"text-editor.default\">\n\t\t\t\t<div class=\"elementor-widget-container\">\n\t\t\t\t\t\t\t<p>En caso de que no encuentre su agua favorita en nuestra lista, no se preocupe, puede a\u00f1adirla usted mismo a la base de datos a trav\u00e9s de PickAqua. Y en el menor tiempo posible, recibir\u00e1 la interpretaci\u00f3n del contenido mineral. Nuestra aplicaci\u00f3n est\u00e1 dise\u00f1ada para ser f\u00e1cil de usar y sencilla, permiti\u00e9ndole contribuir a creciente base de datos de agua embotellada.  <\/p>\n<p>Cada futuro buscador de agua estar\u00e1 agradecido por su esfuerzo.<\/p>\n<p>Utilice la secci\u00f3n A\u00d1ADIR AGUA NUEVA en PickAqua App, o p\u00f3ngase en contacto por e-mail con nosotros, envi\u00e1ndo los datos de la etiqueta del agua. <br>Marca del agua <br>Composici\u00f3n mineral<br>Contactos del productor<br>C\u00f3digo de barras<\/p>\t\t\t\t\t\t<\/div>\n\t\t\t\t<\/div>\n\t\t\t\t<div class=\"elementor-element elementor-element-227f7cb elementor-widget elementor-widget-button\" data-id=\"227f7cb\" data-element_type=\"widget\" data-widget_type=\"button.default\">\n\t\t\t\t<div class=\"elementor-widget-container\">\n\t\t\t\t\t<div class=\"elementor-button-wrapper\">\n\t\t\t<a class=\"elementor-button elementor-button-link elementor-size-sm\" href=\"mailto:hello@pickaqua.com\">\n\t\t\t\t\t\t<span class=\"elementor-button-content-wrapper\">\n\t\t\t\t\t\t<span class=\"elementor-button-text\">Enviar email<\/span>\n\t\t<\/span>\n\t\t\t\t\t<\/a>\n\t\t<\/div>\n\t\t\t\t<\/div>\n\t\t\t\t<\/div>\n\t\t\t\t<div class=\"elementor-element elementor-element-ba66932 elementor-widget elementor-widget-button\" data-id=\"ba66932\" data-element_type=\"widget\" data-widget_type=\"button.default\">\n\t\t\t\t<div class=\"elementor-widget-container\">\n\t\t\t\t\t<div class=\"elementor-button-wrapper\">\n\t\t\t<a class=\"elementor-button elementor-button-link elementor-size-sm\" href=\"https:\/\/play.google.com\/store\/apps\/details?id=com.pickaqua&#038;hl=en&#038;gl=US\">\n\t\t\t\t\t\t<span class=\"elementor-button-content-wrapper\">\n\t\t\t\t\t\t<span class=\"elementor-button-text\">Download PickAqua app<\/span>\n\t\t<\/span>\n\t\t\t\t\t<\/a>\n\t\t<\/div>\n\t\t\t\t<\/div>\n\t\t\t\t<\/div>\n\t\t\t\t<div class=\"elementor-element elementor-element-9c2fd6a elementor-widget elementor-widget-heading\" data-id=\"9c2fd6a\" data-element_type=\"widget\" data-widget_type=\"heading.default\">\n\t\t\t\t<div class=\"elementor-widget-container\">\n\t\t\t<h4 class=\"elementor-heading-title elementor-size-default\">Asesoramiento privado sobre el agua<\/h4>\t\t<\/div>\n\t\t\t\t<\/div>\n\t\t\t\t<div class=\"elementor-element elementor-element-b81b990 elementor-widget elementor-widget-text-editor\" data-id=\"b81b990\" data-element_type=\"widget\" data-widget_type=\"text-editor.default\">\n\t\t\t\t<div class=\"elementor-widget-container\">\n\t\t\t\t\t\t\t<p>Si desea una consulta personalizada sobre el agua, perm\u00edtanos ayudarle a tomar una decisi\u00f3n informada. Concierte una cita en l\u00ednea y le asesoraremos sobre la elecci\u00f3n \u00f3ptima del agua. Hablamos ingl\u00e9s, alem\u00e1n, espa\u00f1ol, let\u00f3n y ruso.  <\/p>\n<p>\u00abEl agua es algo que bebemos todos los d\u00edas, todas nuestras reacciones qu\u00edmicas internas se producen en el agua que llevamos dentro. Incluso nuestras emociones y pensamientos.\u00bb <a href=\"#\">Dan Volevah, Sumiller del Agua<\/a><\/p>\n\t\t\t\t\t\t<\/div>\n\t\t\t\t<\/div>\n\t\t\t\t\t<\/div>\n\t\t<\/div>\n\t\t\t\t\t\t\t<\/div>\n\t\t<\/section>\n\t\t\t\t\t\t\t<\/div>\n\t\t","protected":false},"excerpt":{"rendered":"<p>\u00bfEs usted un entusiasta del agua? No busque m\u00e1s. Nuestra p\u00e1gina web tiene la secci\u00f3n definitiva para usted: \u00abLa base mundial de agua embotellada\u00bb. Hemos elaborado cuidadosamente una extensa lista de marcas de agua embotellada disponibles en su pa\u00eds y en todo el mundo. Abarcamos todo lo que necesita saber sobre el agua. Empezando por [&hellip;]<\/p>\n","protected":false},"author":1,"featured_media":0,"parent":0,"menu_order":0,"comment_status":"closed","ping_status":"closed","template":"","meta":{"footnotes":""},"acf":[],"yoast_head":"<!-- This site is optimized with the Yoast SEO plugin v21.2 - https:\/\/yoast.com\/wordpress\/plugins\/seo\/ -->\n<title>Marcas de agua - PickAqua<\/title>\n<meta name=\"robots\" content=\"index, follow, max-snippet:-1, max-image-preview:large, max-video-preview:-1\" \/>\n<link rel=\"canonical\" href=\"https:\/\/pickaqua.com\/es\/marcas-de-agua\/\" \/>\n<meta property=\"og:locale\" content=\"es_ES\" \/>\n<meta property=\"og:type\" content=\"article\" \/>\n<meta property=\"og:title\" content=\"Marcas de agua - PickAqua\" \/>\n<meta property=\"og:description\" content=\"\u00bfEs usted un entusiasta del agua? No busque m\u00e1s. Nuestra p\u00e1gina web tiene la secci\u00f3n definitiva para usted: \u00abLa base mundial de agua embotellada\u00bb. Hemos elaborado cuidadosamente una extensa lista de marcas de agua embotellada disponibles en su pa\u00eds y en todo el mundo. Abarcamos todo lo que necesita saber sobre el agua. Empezando por [&hellip;]\" \/>\n<meta property=\"og:url\" content=\"https:\/\/pickaqua.com\/es\/marcas-de-agua\/\" \/>\n<meta property=\"og:site_name\" content=\"PickAqua\" \/>\n<meta property=\"article:publisher\" content=\"https:\/\/www.facebook.com\/pickaquaapp\/\" \/>\n<meta property=\"article:modified_time\" content=\"2023-05-02T10:09:52+00:00\" \/>\n<meta property=\"og:image\" content=\"https:\/\/pickaqua.com\/wp-content\/uploads\/2023\/07\/watershop.jpg\" \/>\n\t<meta property=\"og:image:width\" content=\"867\" \/>\n\t<meta property=\"og:image:height\" content=\"528\" \/>\n\t<meta property=\"og:image:type\" content=\"image\/jpeg\" \/>\n<meta name=\"twitter:card\" content=\"summary_large_image\" \/>\n<meta name=\"twitter:label1\" content=\"Tiempo de lectura\" \/>\n\t<meta name=\"twitter:data1\" content=\"3 minutos\" \/>\n<script type=\"application\/ld+json\" class=\"yoast-schema-graph\">{\"@context\":\"https:\/\/schema.org\",\"@graph\":[{\"@type\":\"WebPage\",\"@id\":\"https:\/\/pickaqua.com\/es\/marcas-de-agua\/\",\"url\":\"https:\/\/pickaqua.com\/es\/marcas-de-agua\/\",\"name\":\"Marcas de agua - PickAqua\",\"isPartOf\":{\"@id\":\"https:\/\/pickaqua.com\/#website\"},\"datePublished\":\"2023-04-03T10:58:48+00:00\",\"dateModified\":\"2023-05-02T10:09:52+00:00\",\"breadcrumb\":{\"@id\":\"https:\/\/pickaqua.com\/es\/marcas-de-agua\/#breadcrumb\"},\"inLanguage\":\"es\",\"potentialAction\":[{\"@type\":\"ReadAction\",\"target\":[\"https:\/\/pickaqua.com\/es\/marcas-de-agua\/\"]}]},{\"@type\":\"BreadcrumbList\",\"@id\":\"https:\/\/pickaqua.com\/es\/marcas-de-agua\/#breadcrumb\",\"itemListElement\":[{\"@type\":\"ListItem\",\"position\":1,\"name\":\"Home\",\"item\":\"https:\/\/pickaqua.com\/es\/\"},{\"@type\":\"ListItem\",\"position\":2,\"name\":\"Marcas de agua\"}]},{\"@type\":\"WebSite\",\"@id\":\"https:\/\/pickaqua.com\/#website\",\"url\":\"https:\/\/pickaqua.com\/\",\"name\":\"PickAqua\",\"description\":\"World&#039;s first water choice app\",\"publisher\":{\"@id\":\"https:\/\/pickaqua.com\/#organization\"},\"potentialAction\":[{\"@type\":\"SearchAction\",\"target\":{\"@type\":\"EntryPoint\",\"urlTemplate\":\"https:\/\/pickaqua.com\/?s={search_term_string}\"},\"query-input\":\"required name=search_term_string\"}],\"inLanguage\":\"es\"},{\"@type\":\"Organization\",\"@id\":\"https:\/\/pickaqua.com\/#organization\",\"name\":\"PickAqua\",\"url\":\"https:\/\/pickaqua.com\/\",\"logo\":{\"@type\":\"ImageObject\",\"inLanguage\":\"es\",\"@id\":\"https:\/\/pickaqua.com\/#\/schema\/logo\/image\/\",\"url\":\"https:\/\/pickaqua.com\/wp-content\/uploads\/2023\/03\/Horizontal-logo_blue1-1.png\",\"contentUrl\":\"https:\/\/pickaqua.com\/wp-content\/uploads\/2023\/03\/Horizontal-logo_blue1-1.png\",\"width\":177,\"height\":176,\"caption\":\"PickAqua\"},\"image\":{\"@id\":\"https:\/\/pickaqua.com\/#\/schema\/logo\/image\/\"},\"sameAs\":[\"https:\/\/www.facebook.com\/pickaquaapp\/\",\"https:\/\/www.instagram.com\/pickaqua\/\"]}]}<\/script>\n<!-- \/ Yoast SEO plugin. -->","yoast_head_json":{"title":"Marcas de agua - PickAqua","robots":{"index":"index","follow":"follow","max-snippet":"max-snippet:-1","max-image-preview":"max-image-preview:large","max-video-preview":"max-video-preview:-1"},"canonical":"https:\/\/pickaqua.com\/es\/marcas-de-agua\/","og_locale":"es_ES","og_type":"article","og_title":"Marcas de agua - PickAqua","og_description":"\u00bfEs usted un entusiasta del agua? No busque m\u00e1s. Nuestra p\u00e1gina web tiene la secci\u00f3n definitiva para usted: \u00abLa base mundial de agua embotellada\u00bb. Hemos elaborado cuidadosamente una extensa lista de marcas de agua embotellada disponibles en su pa\u00eds y en todo el mundo. Abarcamos todo lo que necesita saber sobre el agua. Empezando por [&hellip;]","og_url":"https:\/\/pickaqua.com\/es\/marcas-de-agua\/","og_site_name":"PickAqua","article_publisher":"https:\/\/www.facebook.com\/pickaquaapp\/","article_modified_time":"2023-05-02T10:09:52+00:00","og_image":[{"width":867,"height":528,"url":"https:\/\/pickaqua.com\/wp-content\/uploads\/2023\/07\/watershop.jpg","type":"image\/jpeg"}],"twitter_card":"summary_large_image","twitter_misc":{"Tiempo de lectura":"3 minutos"},"schema":{"@context":"https:\/\/schema.org","@graph":[{"@type":"WebPage","@id":"https:\/\/pickaqua.com\/es\/marcas-de-agua\/","url":"https:\/\/pickaqua.com\/es\/marcas-de-agua\/","name":"Marcas de agua - PickAqua","isPartOf":{"@id":"https:\/\/pickaqua.com\/#website"},"datePublished":"2023-04-03T10:58:48+00:00","dateModified":"2023-05-02T10:09:52+00:00","breadcrumb":{"@id":"https:\/\/pickaqua.com\/es\/marcas-de-agua\/#breadcrumb"},"inLanguage":"es","potentialAction":[{"@type":"ReadAction","target":["https:\/\/pickaqua.com\/es\/marcas-de-agua\/"]}]},{"@type":"BreadcrumbList","@id":"https:\/\/pickaqua.com\/es\/marcas-de-agua\/#breadcrumb","itemListElement":[{"@type":"ListItem","position":1,"name":"Home","item":"https:\/\/pickaqua.com\/es\/"},{"@type":"ListItem","position":2,"name":"Marcas de agua"}]},{"@type":"WebSite","@id":"https:\/\/pickaqua.com\/#website","url":"https:\/\/pickaqua.com\/","name":"PickAqua","description":"World&#039;s first water choice app","publisher":{"@id":"https:\/\/pickaqua.com\/#organization"},"potentialAction":[{"@type":"SearchAction","target":{"@type":"EntryPoint","urlTemplate":"https:\/\/pickaqua.com\/?s={search_term_string}"},"query-input":"required name=search_term_string"}],"inLanguage":"es"},{"@type":"Organization","@id":"https:\/\/pickaqua.com\/#organization","name":"PickAqua","url":"https:\/\/pickaqua.com\/","logo":{"@type":"ImageObject","inLanguage":"es","@id":"https:\/\/pickaqua.com\/#\/schema\/logo\/image\/","url":"https:\/\/pickaqua.com\/wp-content\/uploads\/2023\/03\/Horizontal-logo_blue1-1.png","contentUrl":"https:\/\/pickaqua.com\/wp-content\/uploads\/2023\/03\/Horizontal-logo_blue1-1.png","width":177,"height":176,"caption":"PickAqua"},"image":{"@id":"https:\/\/pickaqua.com\/#\/schema\/logo\/image\/"},"sameAs":["https:\/\/www.facebook.com\/pickaquaapp\/","https:\/\/www.instagram.com\/pickaqua\/"]}]}},"_links":{"self":[{"href":"https:\/\/pickaqua.com\/es\/wp-json\/wp\/v2\/pages\/2942"}],"collection":[{"href":"https:\/\/pickaqua.com\/es\/wp-json\/wp\/v2\/pages"}],"about":[{"href":"https:\/\/pickaqua.com\/es\/wp-json\/wp\/v2\/types\/page"}],"author":[{"embeddable":true,"href":"https:\/\/pickaqua.com\/es\/wp-json\/wp\/v2\/users\/1"}],"replies":[{"embeddable":true,"href":"https:\/\/pickaqua.com\/es\/wp-json\/wp\/v2\/comments?post=2942"}],"version-history":[{"count":2,"href":"https:\/\/pickaqua.com\/es\/wp-json\/wp\/v2\/pages\/2942\/revisions"}],"predecessor-version":[{"id":3853,"href":"https:\/\/pickaqua.com\/es\/wp-json\/wp\/v2\/pages\/2942\/revisions\/3853"}],"wp:attachment":[{"href":"https:\/\/pickaqua.com\/es\/wp-json\/wp\/v2\/media?parent=2942"}],"curies":[{"name":"wp","href":"https:\/\/api.w.org\/{rel}","templated":true}]}}