{"id":3021,"date":"2023-04-03T19:21:07","date_gmt":"2023-04-03T16:21:07","guid":{"rendered":"https:\/\/pickaqua.com\/?page_id=3021"},"modified":"2023-07-14T00:02:04","modified_gmt":"2023-07-13T21:02:04","slug":"tienda-de-agua","status":"publish","type":"page","link":"https:\/\/pickaqua.com\/es\/tienda-de-agua\/","title":{"rendered":"Tienda de agua"},"content":{"rendered":"\t\t<div data-elementor-type=\"wp-page\" data-elementor-id=\"3021\" class=\"elementor elementor-3021 elementor-3007\" data-elementor-post-type=\"page\">\n\t\t\t\t\t\t\t\t\t<section class=\"elementor-section elementor-top-section elementor-element elementor-element-84c7d1f elementor-section-boxed elementor-section-height-default elementor-section-height-default\" data-id=\"84c7d1f\" data-element_type=\"section\" data-settings=\"{&quot;jet_parallax_layout_list&quot;:[]}\">\n\t\t\t\t\t\t<div class=\"elementor-container elementor-column-gap-default\">\n\t\t\t\t\t<div class=\"elementor-column elementor-col-100 elementor-top-column elementor-element elementor-element-c8f44f5\" data-id=\"c8f44f5\" data-element_type=\"column\">\n\t\t\t<div class=\"elementor-widget-wrap elementor-element-populated\">\n\t\t\t\t\t\t\t\t<div class=\"elementor-element elementor-element-5c61775 elementor-widget elementor-widget-text-editor\" data-id=\"5c61775\" data-element_type=\"widget\" data-widget_type=\"text-editor.default\">\n\t\t\t\t<div class=\"elementor-widget-container\">\n\t\t\t<style>\/*! elementor - v3.14.0 - 26-06-2023 *\/\n.elementor-widget-text-editor.elementor-drop-cap-view-stacked .elementor-drop-cap{background-color:#69727d;color:#fff}.elementor-widget-text-editor.elementor-drop-cap-view-framed .elementor-drop-cap{color:#69727d;border:3px solid;background-color:transparent}.elementor-widget-text-editor:not(.elementor-drop-cap-view-default) .elementor-drop-cap{margin-top:8px}.elementor-widget-text-editor:not(.elementor-drop-cap-view-default) .elementor-drop-cap-letter{width:1em;height:1em}.elementor-widget-text-editor .elementor-drop-cap{float:left;text-align:center;line-height:1;font-size:50px}.elementor-widget-text-editor .elementor-drop-cap-letter{display:inline-block}<\/style>\t\t\t\t<p>Vivimos en una \u00e9poca en la que muy probablemente seamos la \u00faltima generaci\u00f3n que disfruta de aguas perfectamente limpias y saludables con una composici\u00f3n mineral original. Aguas naturales que se embotellan en el lugar de nacimiento del agua, y que no necesitan ser desinfectadas ni filtradas de la influencia del entorno tecnog\u00e9nico. <\/p>\n<p>En el planeta Tierra, el 97% del agua es agua salada, y el 2,5% del agua dulce est\u00e1 encerrada en glaciares o se encuentra a demasiada profundidad en las capas terrestres como para que podamos acceder a ella. <strong>S\u00f3lo el 0,5% de toda el agua dulce del planeta est\u00e1 a nuestra disposici\u00f3n, incluidos todos los r\u00edos y lagos. Si convirti\u00e9ramos este volumen de agua del 0,5% en 100 litros, entonces de esta cantidad solamente la mitad de una cucharadita ser\u00eda agua de calidad que podemos beber con seguridad. PickAqua ofrece en su gama de aguas s\u00f3lo lo mejor de lo mejor.  <br \/><\/strong><\/p>\n<p><strong>PickAqua Water Shop &#8211; \u00abVive el agua como nunca\u00bb.<\/strong><\/p>\n<p>PickAqua Water Shop ofrece una selecci\u00f3n \u00fanica y cuidada de aguas embotelladas de primera calidad con composiciones minerales inusuales y saludables. Nuestro equipo de profesionales ha analizado cuidadosamente m\u00e1s de 3.000 fuentes para seleccionar a mano s\u00f3lo lo mejor de lo mejor, garantizando que nuestros clientes reciban aguas minerales naturales de la m\u00e1s alta calidad. La variedad de diferentes aguas en nuestra tienda no har\u00e1 sino crecer con el tiempo.   <br \/>Nuestra selecci\u00f3n incluye marcas populares reconocidas local o internacionalmente y tambi\u00e9n las aguas de composici\u00f3n mineral m\u00e1s exclusivas y raras de diferentes pa\u00edses. <\/p>\n<p>Tambi\u00e9n realizamos entregas de agua a domicilio, lo que hace que todo el proceso sea m\u00e1s c\u00f3modo para el usuario final, proporcionando al cliente diferentes tipos de agua que cubren las necesidades saludables de su estilo de vida. Para la comodidad de nuestros clientes, ofrecemos tambi\u00e9n una relaci\u00f3n de agua por suscripci\u00f3n, lo que garantiza que su \u00abpozo\u00bb nunca se secar\u00e1, y la m\u00e1s alta calidad de hidrataci\u00f3n est\u00e1 garantizada siempre a tiempo.  <br \/>Para los amantes del agua que se encuentran fuera del B\u00e1ltico, tambi\u00e9n ofrecemos el servicio de entrega a domicilio. S\u00f3lo tiene que ponerse en contacto con nosotros y encontraremos la mejor soluci\u00f3n.  <\/p>\n<p>Las ventajas de comprar agua a trav\u00e9s de PickAqua son numerosas. Nuestros clientes tienen acceso a aguas de primera calidad que han demostrado promover la salud y el bienestar. Creemos que la composici\u00f3n mineral \u00fanica de nuestras fuentes de agua proporciona un sabor inigualable y aporta elementos importantes al organismo para una hidrataci\u00f3n \u00f3ptima. Hay muchas aguas buenas por ah\u00ed, pero estamos seguros de que nuestra lista de aguas es excelente. El lema de PickAqua es \u00abElige el agua, no la botella\u00bb.    <\/p>\n<p>Adem\u00e1s, al comprar agua a trav\u00e9s de PickAqua, nuestros clientes acumulan gotas de fidelidad. Cada transacci\u00f3n en nuestro sitio web hace ganar gotas de agua que pueden acumularse y canjearse por art\u00edculos valiosos como botellas de agua, camisetas u otros productos. <\/p>\n<p>PickAqua Water Shop est\u00e1 desarrollando nuevas funciones, trabajamos duro para proporcionar el mejor servicio y ofrecer a nuestra comunidad de amantes del agua las mejores ofertas. Suscr\u00edbase a nuestro bolet\u00edn para estar siempre en contacto y recibir nuevas e interesantes ofertas. <\/p>\n\t\t\t\t\t\t<\/div>\n\t\t\t\t<\/div>\n\t\t\t\t<div class=\"elementor-element elementor-element-8cb3307 elementor-widget elementor-widget-button\" data-id=\"8cb3307\" data-element_type=\"widget\" data-widget_type=\"button.default\">\n\t\t\t\t<div class=\"elementor-widget-container\">\n\t\t\t\t\t<div class=\"elementor-button-wrapper\">\n\t\t\t<a class=\"elementor-button elementor-button-link elementor-size-sm\" href=\"#Subscribe\">\n\t\t\t\t\t\t<span class=\"elementor-button-content-wrapper\">\n\t\t\t\t\t\t<span class=\"elementor-button-text\">Subscribe<\/span>\n\t\t<\/span>\n\t\t\t\t\t<\/a>\n\t\t<\/div>\n\t\t\t\t<\/div>\n\t\t\t\t<\/div>\n\t\t\t\t\t<\/div>\n\t\t<\/div>\n\t\t\t\t\t\t\t<\/div>\n\t\t<\/section>\n\t\t\t\t\t\t\t<\/div>\n\t\t","protected":false},"excerpt":{"rendered":"<p>Vivimos en una \u00e9poca en la que muy probablemente seamos la \u00faltima generaci\u00f3n que disfruta de aguas perfectamente limpias y saludables con una composici\u00f3n mineral original. Aguas naturales que se embotellan en el lugar de nacimiento del agua, y que no necesitan ser desinfectadas ni filtradas de la influencia del entorno tecnog\u00e9nico. En el planeta [&hellip;]<\/p>\n","protected":false},"author":1,"featured_media":0,"parent":0,"menu_order":0,"comment_status":"closed","ping_status":"closed","template":"","meta":{"footnotes":""},"acf":[],"yoast_head":"<!-- This site is optimized with the Yoast SEO plugin v21.2 - https:\/\/yoast.com\/wordpress\/plugins\/seo\/ -->\n<title>Tienda de agua - PickAqua<\/title>\n<meta name=\"robots\" content=\"index, follow, max-snippet:-1, max-image-preview:large, max-video-preview:-1\" \/>\n<link rel=\"canonical\" href=\"https:\/\/pickaqua.com\/es\/tienda-de-agua\/\" \/>\n<meta property=\"og:locale\" content=\"es_ES\" \/>\n<meta property=\"og:type\" content=\"article\" \/>\n<meta property=\"og:title\" content=\"Tienda de agua - PickAqua\" \/>\n<meta property=\"og:description\" content=\"Vivimos en una \u00e9poca en la que muy probablemente seamos la \u00faltima generaci\u00f3n que disfruta de aguas perfectamente limpias y saludables con una composici\u00f3n mineral original. Aguas naturales que se embotellan en el lugar de nacimiento del agua, y que no necesitan ser desinfectadas ni filtradas de la influencia del entorno tecnog\u00e9nico. En el planeta [&hellip;]\" \/>\n<meta property=\"og:url\" content=\"https:\/\/pickaqua.com\/es\/tienda-de-agua\/\" \/>\n<meta property=\"og:site_name\" content=\"PickAqua\" \/>\n<meta property=\"article:publisher\" content=\"https:\/\/www.facebook.com\/pickaquaapp\/\" \/>\n<meta property=\"article:modified_time\" content=\"2023-07-13T21:02:04+00:00\" \/>\n<meta property=\"og:image\" content=\"https:\/\/pickaqua.com\/wp-content\/uploads\/2023\/07\/watershop.jpg\" \/>\n\t<meta property=\"og:image:width\" content=\"867\" \/>\n\t<meta property=\"og:image:height\" content=\"528\" \/>\n\t<meta property=\"og:image:type\" content=\"image\/jpeg\" \/>\n<meta name=\"twitter:card\" content=\"summary_large_image\" \/>\n<meta name=\"twitter:label1\" content=\"Tiempo de lectura\" \/>\n\t<meta name=\"twitter:data1\" content=\"3 minutos\" \/>\n<script type=\"application\/ld+json\" class=\"yoast-schema-graph\">{\"@context\":\"https:\/\/schema.org\",\"@graph\":[{\"@type\":\"WebPage\",\"@id\":\"https:\/\/pickaqua.com\/es\/tienda-de-agua\/\",\"url\":\"https:\/\/pickaqua.com\/es\/tienda-de-agua\/\",\"name\":\"Tienda de agua - PickAqua\",\"isPartOf\":{\"@id\":\"https:\/\/pickaqua.com\/#website\"},\"datePublished\":\"2023-04-03T16:21:07+00:00\",\"dateModified\":\"2023-07-13T21:02:04+00:00\",\"breadcrumb\":{\"@id\":\"https:\/\/pickaqua.com\/es\/tienda-de-agua\/#breadcrumb\"},\"inLanguage\":\"es\",\"potentialAction\":[{\"@type\":\"ReadAction\",\"target\":[\"https:\/\/pickaqua.com\/es\/tienda-de-agua\/\"]}]},{\"@type\":\"BreadcrumbList\",\"@id\":\"https:\/\/pickaqua.com\/es\/tienda-de-agua\/#breadcrumb\",\"itemListElement\":[{\"@type\":\"ListItem\",\"position\":1,\"name\":\"Home\",\"item\":\"https:\/\/pickaqua.com\/es\/\"},{\"@type\":\"ListItem\",\"position\":2,\"name\":\"Tienda de agua\"}]},{\"@type\":\"WebSite\",\"@id\":\"https:\/\/pickaqua.com\/#website\",\"url\":\"https:\/\/pickaqua.com\/\",\"name\":\"PickAqua\",\"description\":\"World&#039;s first water choice app\",\"publisher\":{\"@id\":\"https:\/\/pickaqua.com\/#organization\"},\"potentialAction\":[{\"@type\":\"SearchAction\",\"target\":{\"@type\":\"EntryPoint\",\"urlTemplate\":\"https:\/\/pickaqua.com\/?s={search_term_string}\"},\"query-input\":\"required name=search_term_string\"}],\"inLanguage\":\"es\"},{\"@type\":\"Organization\",\"@id\":\"https:\/\/pickaqua.com\/#organization\",\"name\":\"PickAqua\",\"url\":\"https:\/\/pickaqua.com\/\",\"logo\":{\"@type\":\"ImageObject\",\"inLanguage\":\"es\",\"@id\":\"https:\/\/pickaqua.com\/#\/schema\/logo\/image\/\",\"url\":\"https:\/\/pickaqua.com\/wp-content\/uploads\/2023\/03\/Horizontal-logo_blue1-1.png\",\"contentUrl\":\"https:\/\/pickaqua.com\/wp-content\/uploads\/2023\/03\/Horizontal-logo_blue1-1.png\",\"width\":177,\"height\":176,\"caption\":\"PickAqua\"},\"image\":{\"@id\":\"https:\/\/pickaqua.com\/#\/schema\/logo\/image\/\"},\"sameAs\":[\"https:\/\/www.facebook.com\/pickaquaapp\/\",\"https:\/\/www.instagram.com\/pickaqua\/\"]}]}<\/script>\n<!-- \/ Yoast SEO plugin. -->","yoast_head_json":{"title":"Tienda de agua - PickAqua","robots":{"index":"index","follow":"follow","max-snippet":"max-snippet:-1","max-image-preview":"max-image-preview:large","max-video-preview":"max-video-preview:-1"},"canonical":"https:\/\/pickaqua.com\/es\/tienda-de-agua\/","og_locale":"es_ES","og_type":"article","og_title":"Tienda de agua - PickAqua","og_description":"Vivimos en una \u00e9poca en la que muy probablemente seamos la \u00faltima generaci\u00f3n que disfruta de aguas perfectamente limpias y saludables con una composici\u00f3n mineral original. Aguas naturales que se embotellan en el lugar de nacimiento del agua, y que no necesitan ser desinfectadas ni filtradas de la influencia del entorno tecnog\u00e9nico. En el planeta [&hellip;]","og_url":"https:\/\/pickaqua.com\/es\/tienda-de-agua\/","og_site_name":"PickAqua","article_publisher":"https:\/\/www.facebook.com\/pickaquaapp\/","article_modified_time":"2023-07-13T21:02:04+00:00","og_image":[{"width":867,"height":528,"url":"https:\/\/pickaqua.com\/wp-content\/uploads\/2023\/07\/watershop.jpg","type":"image\/jpeg"}],"twitter_card":"summary_large_image","twitter_misc":{"Tiempo de lectura":"3 minutos"},"schema":{"@context":"https:\/\/schema.org","@graph":[{"@type":"WebPage","@id":"https:\/\/pickaqua.com\/es\/tienda-de-agua\/","url":"https:\/\/pickaqua.com\/es\/tienda-de-agua\/","name":"Tienda de agua - PickAqua","isPartOf":{"@id":"https:\/\/pickaqua.com\/#website"},"datePublished":"2023-04-03T16:21:07+00:00","dateModified":"2023-07-13T21:02:04+00:00","breadcrumb":{"@id":"https:\/\/pickaqua.com\/es\/tienda-de-agua\/#breadcrumb"},"inLanguage":"es","potentialAction":[{"@type":"ReadAction","target":["https:\/\/pickaqua.com\/es\/tienda-de-agua\/"]}]},{"@type":"BreadcrumbList","@id":"https:\/\/pickaqua.com\/es\/tienda-de-agua\/#breadcrumb","itemListElement":[{"@type":"ListItem","position":1,"name":"Home","item":"https:\/\/pickaqua.com\/es\/"},{"@type":"ListItem","position":2,"name":"Tienda de agua"}]},{"@type":"WebSite","@id":"https:\/\/pickaqua.com\/#website","url":"https:\/\/pickaqua.com\/","name":"PickAqua","description":"World&#039;s first water choice app","publisher":{"@id":"https:\/\/pickaqua.com\/#organization"},"potentialAction":[{"@type":"SearchAction","target":{"@type":"EntryPoint","urlTemplate":"https:\/\/pickaqua.com\/?s={search_term_string}"},"query-input":"required name=search_term_string"}],"inLanguage":"es"},{"@type":"Organization","@id":"https:\/\/pickaqua.com\/#organization","name":"PickAqua","url":"https:\/\/pickaqua.com\/","logo":{"@type":"ImageObject","inLanguage":"es","@id":"https:\/\/pickaqua.com\/#\/schema\/logo\/image\/","url":"https:\/\/pickaqua.com\/wp-content\/uploads\/2023\/03\/Horizontal-logo_blue1-1.png","contentUrl":"https:\/\/pickaqua.com\/wp-content\/uploads\/2023\/03\/Horizontal-logo_blue1-1.png","width":177,"height":176,"caption":"PickAqua"},"image":{"@id":"https:\/\/pickaqua.com\/#\/schema\/logo\/image\/"},"sameAs":["https:\/\/www.facebook.com\/pickaquaapp\/","https:\/\/www.instagram.com\/pickaqua\/"]}]}},"_links":{"self":[{"href":"https:\/\/pickaqua.com\/es\/wp-json\/wp\/v2\/pages\/3021"}],"collection":[{"href":"https:\/\/pickaqua.com\/es\/wp-json\/wp\/v2\/pages"}],"about":[{"href":"https:\/\/pickaqua.com\/es\/wp-json\/wp\/v2\/types\/page"}],"author":[{"embeddable":true,"href":"https:\/\/pickaqua.com\/es\/wp-json\/wp\/v2\/users\/1"}],"replies":[{"embeddable":true,"href":"https:\/\/pickaqua.com\/es\/wp-json\/wp\/v2\/comments?post=3021"}],"version-history":[{"count":8,"href":"https:\/\/pickaqua.com\/es\/wp-json\/wp\/v2\/pages\/3021\/revisions"}],"predecessor-version":[{"id":5830,"href":"https:\/\/pickaqua.com\/es\/wp-json\/wp\/v2\/pages\/3021\/revisions\/5830"}],"wp:attachment":[{"href":"https:\/\/pickaqua.com\/es\/wp-json\/wp\/v2\/media?parent=3021"}],"curies":[{"name":"wp","href":"https:\/\/api.w.org\/{rel}","templated":true}]}}