{"id":3538,"date":"2023-05-01T11:32:59","date_gmt":"2023-05-01T08:32:59","guid":{"rendered":"https:\/\/pickaqua.com\/analisis-del-agua\/"},"modified":"2023-05-04T12:20:38","modified_gmt":"2023-05-04T09:20:38","slug":"analisis-del-agua","status":"publish","type":"page","link":"https:\/\/pickaqua.com\/es\/servicios\/analisis-del-agua\/","title":{"rendered":"An\u00e1lisis del agua"},"content":{"rendered":"\t\t<div data-elementor-type=\"wp-page\" data-elementor-id=\"3538\" class=\"elementor elementor-3538 elementor-3519\" data-elementor-post-type=\"page\">\n\t\t\t\t\t\t\t\t\t<section class=\"elementor-section elementor-top-section elementor-element elementor-element-3b1936a elementor-section-boxed elementor-section-height-default elementor-section-height-default\" data-id=\"3b1936a\" data-element_type=\"section\" data-settings=\"{&quot;jet_parallax_layout_list&quot;:[{&quot;jet_parallax_layout_image&quot;:{&quot;url&quot;:&quot;&quot;,&quot;id&quot;:&quot;&quot;,&quot;size&quot;:&quot;&quot;},&quot;_id&quot;:&quot;3874e30&quot;,&quot;jet_parallax_layout_image_tablet&quot;:{&quot;url&quot;:&quot;&quot;,&quot;id&quot;:&quot;&quot;,&quot;size&quot;:&quot;&quot;},&quot;jet_parallax_layout_image_mobile&quot;:{&quot;url&quot;:&quot;&quot;,&quot;id&quot;:&quot;&quot;,&quot;size&quot;:&quot;&quot;},&quot;jet_parallax_layout_speed&quot;:{&quot;unit&quot;:&quot;%&quot;,&quot;size&quot;:50,&quot;sizes&quot;:[]},&quot;jet_parallax_layout_type&quot;:&quot;scroll&quot;,&quot;jet_parallax_layout_direction&quot;:null,&quot;jet_parallax_layout_fx_direction&quot;:null,&quot;jet_parallax_layout_z_index&quot;:&quot;&quot;,&quot;jet_parallax_layout_bg_x&quot;:50,&quot;jet_parallax_layout_bg_x_tablet&quot;:&quot;&quot;,&quot;jet_parallax_layout_bg_x_mobile&quot;:&quot;&quot;,&quot;jet_parallax_layout_bg_y&quot;:50,&quot;jet_parallax_layout_bg_y_tablet&quot;:&quot;&quot;,&quot;jet_parallax_layout_bg_y_mobile&quot;:&quot;&quot;,&quot;jet_parallax_layout_bg_size&quot;:&quot;auto&quot;,&quot;jet_parallax_layout_bg_size_tablet&quot;:&quot;&quot;,&quot;jet_parallax_layout_bg_size_mobile&quot;:&quot;&quot;,&quot;jet_parallax_layout_animation_prop&quot;:&quot;transform&quot;,&quot;jet_parallax_layout_on&quot;:[&quot;desktop&quot;,&quot;tablet&quot;]}]}\">\n\t\t\t\t\t\t<div class=\"elementor-container elementor-column-gap-default\">\n\t\t\t\t\t<div class=\"elementor-column elementor-col-100 elementor-top-column elementor-element elementor-element-06c7070\" data-id=\"06c7070\" data-element_type=\"column\">\n\t\t\t<div class=\"elementor-widget-wrap elementor-element-populated\">\n\t\t\t\t\t\t\t\t<div class=\"elementor-element elementor-element-636a869 elementor-hidden-phone elementor-widget elementor-widget-heading\" data-id=\"636a869\" data-element_type=\"widget\" data-widget_type=\"heading.default\">\n\t\t\t\t<div class=\"elementor-widget-container\">\n\t\t\t<style>\/*! elementor - v3.14.0 - 26-06-2023 *\/\n.elementor-heading-title{padding:0;margin:0;line-height:1}.elementor-widget-heading .elementor-heading-title[class*=elementor-size-]>a{color:inherit;font-size:inherit;line-height:inherit}.elementor-widget-heading .elementor-heading-title.elementor-size-small{font-size:15px}.elementor-widget-heading .elementor-heading-title.elementor-size-medium{font-size:19px}.elementor-widget-heading .elementor-heading-title.elementor-size-large{font-size:29px}.elementor-widget-heading .elementor-heading-title.elementor-size-xl{font-size:39px}.elementor-widget-heading .elementor-heading-title.elementor-size-xxl{font-size:59px}<\/style><p class=\"elementor-heading-title elementor-size-default\">NEGOCIOS<\/p>\t\t<\/div>\n\t\t\t\t<\/div>\n\t\t\t\t<div class=\"elementor-element elementor-element-de5bea0 elementor-widget elementor-widget-heading\" data-id=\"de5bea0\" data-element_type=\"widget\" data-widget_type=\"heading.default\">\n\t\t\t\t<div class=\"elementor-widget-container\">\n\t\t\t<p class=\"elementor-heading-title elementor-size-default\">SERVICIOS<\/p>\t\t<\/div>\n\t\t\t\t<\/div>\n\t\t\t\t<div class=\"elementor-element elementor-element-c06fdd6 elementor-widget__width-initial elementor-widget elementor-widget-heading\" data-id=\"c06fdd6\" data-element_type=\"widget\" data-widget_type=\"heading.default\">\n\t\t\t\t<div class=\"elementor-widget-container\">\n\t\t\t<h2 class=\"elementor-heading-title elementor-size-default\">An\u00e1lisis del agua<\/h2>\t\t<\/div>\n\t\t\t\t<\/div>\n\t\t\t\t\t<\/div>\n\t\t<\/div>\n\t\t\t\t\t\t\t<\/div>\n\t\t<\/section>\n\t\t\t\t<section class=\"elementor-section elementor-top-section elementor-element elementor-element-ad6fe46 elementor-section-boxed elementor-section-height-default elementor-section-height-default\" data-id=\"ad6fe46\" data-element_type=\"section\" data-settings=\"{&quot;jet_parallax_layout_list&quot;:[]}\">\n\t\t\t\t\t\t<div class=\"elementor-container elementor-column-gap-default\">\n\t\t\t\t\t<div class=\"elementor-column elementor-col-50 elementor-top-column elementor-element elementor-element-a340e42\" data-id=\"a340e42\" data-element_type=\"column\">\n\t\t\t<div class=\"elementor-widget-wrap elementor-element-populated\">\n\t\t\t\t\t\t\t\t<div class=\"elementor-element elementor-element-915dd9f elementor-widget elementor-widget-heading\" data-id=\"915dd9f\" data-element_type=\"widget\" data-widget_type=\"heading.default\">\n\t\t\t\t<div class=\"elementor-widget-container\">\n\t\t\t<h3 class=\"elementor-heading-title elementor-size-default\">\u00bfQu\u00e9 contiene el agua? \u00bfQu\u00e9 filtro de agua debo elegir?  <\/h3>\t\t<\/div>\n\t\t\t\t<\/div>\n\t\t\t\t<div class=\"elementor-element elementor-element-2871769 elementor-widget elementor-widget-text-editor\" data-id=\"2871769\" data-element_type=\"widget\" data-widget_type=\"text-editor.default\">\n\t\t\t\t<div class=\"elementor-widget-container\">\n\t\t\t<style>\/*! elementor - v3.14.0 - 26-06-2023 *\/\n.elementor-widget-text-editor.elementor-drop-cap-view-stacked .elementor-drop-cap{background-color:#69727d;color:#fff}.elementor-widget-text-editor.elementor-drop-cap-view-framed .elementor-drop-cap{color:#69727d;border:3px solid;background-color:transparent}.elementor-widget-text-editor:not(.elementor-drop-cap-view-default) .elementor-drop-cap{margin-top:8px}.elementor-widget-text-editor:not(.elementor-drop-cap-view-default) .elementor-drop-cap-letter{width:1em;height:1em}.elementor-widget-text-editor .elementor-drop-cap{float:left;text-align:center;line-height:1;font-size:50px}.elementor-widget-text-editor .elementor-drop-cap-letter{display:inline-block}<\/style>\t\t\t\t<p>Todo empieza con el an\u00e1lisis del agua. En primer lugar, hay que averiguar de qu\u00e9 queremos deshacernos y si necesitamos una depuradora. <\/p>\n\t\t\t\t\t\t<\/div>\n\t\t\t\t<\/div>\n\t\t\t\t<div class=\"elementor-element elementor-element-01de1c4 elementor-widget elementor-widget-heading\" data-id=\"01de1c4\" data-element_type=\"widget\" data-widget_type=\"heading.default\">\n\t\t\t\t<div class=\"elementor-widget-container\">\n\t\t\t<h3 class=\"elementor-heading-title elementor-size-default\">Agua de manantiales silvestres, \u00bfes segura?<\/h3>\t\t<\/div>\n\t\t\t\t<\/div>\n\t\t\t\t<div class=\"elementor-element elementor-element-e78a47e elementor-widget elementor-widget-text-editor\" data-id=\"e78a47e\" data-element_type=\"widget\" data-widget_type=\"text-editor.default\">\n\t\t\t\t<div class=\"elementor-widget-container\">\n\t\t\t\t\t\t\t<p>Si bebe agua de manantiales en la naturaleza a diario, es imprescindible realizar un an\u00e1lisis del agua. El hecho de que haya colas regulares de gente en un manantial no significa que el agua est\u00e9 limpia de contaminaci\u00f3n y sea segura para beber a largo plazo. No todas las fuentes de agua son seguras. La mayor\u00eda de los manantiales est\u00e1n contaminados microbiol\u00f3gicamente. Por lo tanto, es muy recomendable analizar el agua.    <\/p>\n\t\t\t\t\t\t<\/div>\n\t\t\t\t<\/div>\n\t\t\t\t\t<\/div>\n\t\t<\/div>\n\t\t\t\t<div class=\"elementor-column elementor-col-50 elementor-top-column elementor-element elementor-element-29daf03\" data-id=\"29daf03\" data-element_type=\"column\">\n\t\t\t<div class=\"elementor-widget-wrap elementor-element-populated\">\n\t\t\t\t\t\t\t\t<div class=\"elementor-element elementor-element-ff0aad0 elementor-widget elementor-widget-heading\" data-id=\"ff0aad0\" data-element_type=\"widget\" data-widget_type=\"heading.default\">\n\t\t\t\t<div class=\"elementor-widget-container\">\n\t\t\t<h3 class=\"elementor-heading-title elementor-size-default\">Contaminaci\u00f3n del agua<\/h3>\t\t<\/div>\n\t\t\t\t<\/div>\n\t\t\t\t<div class=\"elementor-element elementor-element-7a59047 elementor-widget elementor-widget-text-editor\" data-id=\"7a59047\" data-element_type=\"widget\" data-widget_type=\"text-editor.default\">\n\t\t\t\t<div class=\"elementor-widget-container\">\n\t\t\t\t\t\t\t<p>El agua puede contener diversos contaminantes, como bacterias, virus, metales y productos qu\u00edmicos procedentes de los campos de cultivo. Estos contaminantes pueden suponer graves riesgos para la salud y la \u00fanica forma de comprobar con fiabilidad lo que contiene el agua es mediante un an\u00e1lisis qu\u00edmico. <\/p>\n<p>El an\u00e1lisis qu\u00edmico del agua consiste en analizar una serie de par\u00e1metros como el pH, la turbidez, la dureza, el total de s\u00f3lidos disueltos, la contaminaci\u00f3n y los iones espec\u00edficos. Estas pruebas pueden revelar informaci\u00f3n sobre la calidad del agua, el contenido mineral y las necesidades de tratamiento. <\/p>\n<p>Por ejemplo, el agua dura puede provocar incrustaciones en las tuber\u00edas y los electrodom\u00e9sticos. Los an\u00e1lisis qu\u00edmicos pueden ayudar a identificar estos problemas y determinar el tratamiento adecuado del agua. Para saber qu\u00e9 filtros de agua necesita para su hogar, primero tiene que saber de qu\u00e9 necesita deshacerse.  <\/p>\n\t\t\t\t\t\t<\/div>\n\t\t\t\t<\/div>\n\t\t\t\t\t<\/div>\n\t\t<\/div>\n\t\t\t\t\t\t\t<\/div>\n\t\t<\/section>\n\t\t\t\t<section class=\"elementor-section elementor-top-section elementor-element elementor-element-e948927 elementor-section-boxed elementor-section-height-default elementor-section-height-default\" data-id=\"e948927\" data-element_type=\"section\" data-settings=\"{&quot;jet_parallax_layout_list&quot;:[]}\">\n\t\t\t\t\t\t<div class=\"elementor-container elementor-column-gap-default\">\n\t\t\t\t\t<div class=\"elementor-column elementor-col-50 elementor-top-column elementor-element elementor-element-82b5b34\" data-id=\"82b5b34\" data-element_type=\"column\">\n\t\t\t<div class=\"elementor-widget-wrap elementor-element-populated\">\n\t\t\t\t\t\t\t\t<div class=\"elementor-element elementor-element-8041a22 elementor-widget elementor-widget-image\" data-id=\"8041a22\" data-element_type=\"widget\" data-widget_type=\"image.default\">\n\t\t\t\t<div class=\"elementor-widget-container\">\n\t\t\t<style>\/*! elementor - v3.14.0 - 26-06-2023 *\/\n.elementor-widget-image{text-align:center}.elementor-widget-image a{display:inline-block}.elementor-widget-image a img[src$=\".svg\"]{width:48px}.elementor-widget-image img{vertical-align:middle;display:inline-block}<\/style>\t\t\t\t\t\t\t\t\t\t\t\t<img decoding=\"async\" loading=\"lazy\" width=\"600\" height=\"400\" src=\"https:\/\/pickaqua.com\/wp-content\/uploads\/2023\/04\/shutterstock_128136776-scaled-600x400.jpg\" class=\"attachment-woocommerce_single size-woocommerce_single wp-image-3292\" alt=\"\" srcset=\"https:\/\/pickaqua.com\/wp-content\/uploads\/2023\/04\/shutterstock_128136776-scaled-600x400.jpg 600w, https:\/\/pickaqua.com\/wp-content\/uploads\/2023\/04\/shutterstock_128136776-300x200.jpg 300w, https:\/\/pickaqua.com\/wp-content\/uploads\/2023\/04\/shutterstock_128136776-1024x683.jpg 1024w, https:\/\/pickaqua.com\/wp-content\/uploads\/2023\/04\/shutterstock_128136776-768x512.jpg 768w, https:\/\/pickaqua.com\/wp-content\/uploads\/2023\/04\/shutterstock_128136776-1536x1024.jpg 1536w, https:\/\/pickaqua.com\/wp-content\/uploads\/2023\/04\/shutterstock_128136776-2048x1365.jpg 2048w\" sizes=\"(max-width: 600px) 100vw, 600px\" \/>\t\t\t\t\t\t\t\t\t\t\t\t\t\t\t<\/div>\n\t\t\t\t<\/div>\n\t\t\t\t\t<\/div>\n\t\t<\/div>\n\t\t\t\t<div class=\"elementor-column elementor-col-50 elementor-top-column elementor-element elementor-element-1b7a301\" data-id=\"1b7a301\" data-element_type=\"column\">\n\t\t\t<div class=\"elementor-widget-wrap elementor-element-populated\">\n\t\t\t\t\t\t\t\t<div class=\"elementor-element elementor-element-d380927 elementor-widget elementor-widget-heading\" data-id=\"d380927\" data-element_type=\"widget\" data-widget_type=\"heading.default\">\n\t\t\t\t<div class=\"elementor-widget-container\">\n\t\t\t<h3 class=\"elementor-heading-title elementor-size-default\">Traslado de muestras<\/h3>\t\t<\/div>\n\t\t\t\t<\/div>\n\t\t\t\t<div class=\"elementor-element elementor-element-f8ef07d elementor-widget elementor-widget-text-editor\" data-id=\"f8ef07d\" data-element_type=\"widget\" data-widget_type=\"text-editor.default\">\n\t\t\t\t<div class=\"elementor-widget-container\">\n\t\t\t\t\t\t\t<p>Busque un laboratorio de an\u00e1lisis de agua certificado por el Estado de su pa\u00eds.<\/p>\n<\/p>\n<p>Si se encuentra en Letonia, se puede entregar muestras de agua para su an\u00e1lisis los d\u00edas laborables de 9:30 a 16:00 en la calle L\u0101\u010dpl\u0113\u0161a 87a, Riga, Letonia. LV1011 <br \/>Muestra de agua para an\u00e1lisis qu\u00edmico 1,5 L <br \/>Muestra de agua para an\u00e1lisis microbiol\u00f3gico 0,5 L <br \/>Tel\u00e9fono <a href=\"tel:+37167288249\">+371 67288249<\/a><\/p>\n\t\t\t\t\t\t<\/div>\n\t\t\t\t<\/div>\n\t\t\t\t\t<\/div>\n\t\t<\/div>\n\t\t\t\t\t\t\t<\/div>\n\t\t<\/section>\n\t\t\t\t<section class=\"elementor-section elementor-top-section elementor-element elementor-element-78a7b31 elementor-section-boxed elementor-section-height-default elementor-section-height-default\" data-id=\"78a7b31\" data-element_type=\"section\" data-settings=\"{&quot;jet_parallax_layout_list&quot;:[]}\">\n\t\t\t\t\t\t<div class=\"elementor-container elementor-column-gap-default\">\n\t\t\t\t\t<div class=\"elementor-column elementor-col-100 elementor-top-column elementor-element elementor-element-113ea88\" data-id=\"113ea88\" data-element_type=\"column\">\n\t\t\t<div class=\"elementor-widget-wrap elementor-element-populated\">\n\t\t\t\t\t\t\t\t<div class=\"elementor-element elementor-element-8b5c6c6 elementor-widget elementor-widget-heading\" data-id=\"8b5c6c6\" data-element_type=\"widget\" data-widget_type=\"heading.default\">\n\t\t\t\t<div class=\"elementor-widget-container\">\n\t\t\t<h3 class=\"elementor-heading-title elementor-size-default\">Procedimiento de muestreo<\/h3>\t\t<\/div>\n\t\t\t\t<\/div>\n\t\t\t\t<div class=\"elementor-element elementor-element-64c6604 elementor-widget elementor-widget-text-editor\" data-id=\"64c6604\" data-element_type=\"widget\" data-widget_type=\"text-editor.default\">\n\t\t\t\t<div class=\"elementor-widget-container\">\n\t\t\t\t\t\t\t<p>Al llenar la muestra, el agua no debe entrar en contacto con contaminaci\u00f3n externa (por ejemplo, polvo, arena, etc.). <br \/>La superficie exterior del grifo de agua debe estar limpia y debe eliminarse cualquier suciedad que pudiera entrar en el recipiente de la muestra.<br \/>El frasco o recipiente debe cerrarse inmediatamente despu\u00e9s de llenarlo de agua. <br \/>La muestra debe enfriarse preferentemente a (5 \u00b1 3)\u00b0C.<br \/>El tiempo entre el muestreo y el an\u00e1lisis debe ser lo m\u00e1s breve posible, preferiblemente el mismo d\u00eda del muestreo.<\/p>\n\t\t\t\t\t\t<\/div>\n\t\t\t\t<\/div>\n\t\t\t\t\t<\/div>\n\t\t<\/div>\n\t\t\t\t\t\t\t<\/div>\n\t\t<\/section>\n\t\t\t\t\t\t\t<\/div>\n\t\t","protected":false},"excerpt":{"rendered":"<p>\u00bfQu\u00e9 contiene el agua? \u00bfQu\u00e9 filtro de agua debo elegir? Todo empieza con el an\u00e1lisis del agua. En primer lugar, hay que averiguar de qu\u00e9 queremos deshacernos y&#8230;   <\/p>\n","protected":false},"author":1,"featured_media":3292,"parent":2652,"menu_order":0,"comment_status":"closed","ping_status":"closed","template":"","meta":{"footnotes":""},"acf":[],"yoast_head":"<!-- This site is optimized with the Yoast SEO plugin v21.2 - https:\/\/yoast.com\/wordpress\/plugins\/seo\/ -->\n<title>An\u00e1lisis del agua - PickAqua<\/title>\n<meta name=\"robots\" content=\"index, follow, max-snippet:-1, max-image-preview:large, max-video-preview:-1\" \/>\n<link rel=\"canonical\" href=\"https:\/\/pickaqua.com\/es\/servicios\/analisis-del-agua\/\" \/>\n<meta property=\"og:locale\" content=\"es_ES\" \/>\n<meta property=\"og:type\" content=\"article\" \/>\n<meta property=\"og:title\" content=\"An\u00e1lisis del agua - PickAqua\" \/>\n<meta property=\"og:description\" content=\"\u00bfQu\u00e9 contiene el agua? \u00bfQu\u00e9 filtro de agua debo elegir? Todo empieza con el an\u00e1lisis del agua. En primer lugar, hay que averiguar de qu\u00e9 queremos deshacernos y...\" \/>\n<meta property=\"og:url\" content=\"https:\/\/pickaqua.com\/es\/servicios\/analisis-del-agua\/\" \/>\n<meta property=\"og:site_name\" content=\"PickAqua\" \/>\n<meta property=\"article:publisher\" content=\"https:\/\/www.facebook.com\/pickaquaapp\/\" \/>\n<meta property=\"article:modified_time\" content=\"2023-05-04T09:20:38+00:00\" \/>\n<meta property=\"og:image\" content=\"https:\/\/pickaqua.com\/wp-content\/uploads\/2023\/04\/shutterstock_128136776-scaled.jpg\" \/>\n\t<meta property=\"og:image:width\" content=\"2560\" \/>\n\t<meta property=\"og:image:height\" content=\"1707\" \/>\n\t<meta property=\"og:image:type\" content=\"image\/jpeg\" \/>\n<meta name=\"twitter:card\" content=\"summary_large_image\" \/>\n<meta name=\"twitter:label1\" content=\"Tiempo de lectura\" \/>\n\t<meta name=\"twitter:data1\" content=\"2 minutos\" \/>\n<script type=\"application\/ld+json\" class=\"yoast-schema-graph\">{\"@context\":\"https:\/\/schema.org\",\"@graph\":[{\"@type\":\"WebPage\",\"@id\":\"https:\/\/pickaqua.com\/es\/servicios\/analisis-del-agua\/\",\"url\":\"https:\/\/pickaqua.com\/es\/servicios\/analisis-del-agua\/\",\"name\":\"An\u00e1lisis del agua - PickAqua\",\"isPartOf\":{\"@id\":\"https:\/\/pickaqua.com\/#website\"},\"datePublished\":\"2023-05-01T08:32:59+00:00\",\"dateModified\":\"2023-05-04T09:20:38+00:00\",\"breadcrumb\":{\"@id\":\"https:\/\/pickaqua.com\/es\/servicios\/analisis-del-agua\/#breadcrumb\"},\"inLanguage\":\"es\",\"potentialAction\":[{\"@type\":\"ReadAction\",\"target\":[\"https:\/\/pickaqua.com\/es\/servicios\/analisis-del-agua\/\"]}]},{\"@type\":\"BreadcrumbList\",\"@id\":\"https:\/\/pickaqua.com\/es\/servicios\/analisis-del-agua\/#breadcrumb\",\"itemListElement\":[{\"@type\":\"ListItem\",\"position\":1,\"name\":\"Home\",\"item\":\"https:\/\/pickaqua.com\/es\/\"},{\"@type\":\"ListItem\",\"position\":2,\"name\":\"Servicios\",\"item\":\"https:\/\/pickaqua.com\/es\/servicios\/\"},{\"@type\":\"ListItem\",\"position\":3,\"name\":\"An\u00e1lisis del agua\"}]},{\"@type\":\"WebSite\",\"@id\":\"https:\/\/pickaqua.com\/#website\",\"url\":\"https:\/\/pickaqua.com\/\",\"name\":\"PickAqua\",\"description\":\"World&#039;s first water choice app\",\"publisher\":{\"@id\":\"https:\/\/pickaqua.com\/#organization\"},\"potentialAction\":[{\"@type\":\"SearchAction\",\"target\":{\"@type\":\"EntryPoint\",\"urlTemplate\":\"https:\/\/pickaqua.com\/?s={search_term_string}\"},\"query-input\":\"required name=search_term_string\"}],\"inLanguage\":\"es\"},{\"@type\":\"Organization\",\"@id\":\"https:\/\/pickaqua.com\/#organization\",\"name\":\"PickAqua\",\"url\":\"https:\/\/pickaqua.com\/\",\"logo\":{\"@type\":\"ImageObject\",\"inLanguage\":\"es\",\"@id\":\"https:\/\/pickaqua.com\/#\/schema\/logo\/image\/\",\"url\":\"https:\/\/pickaqua.com\/wp-content\/uploads\/2023\/03\/Horizontal-logo_blue1-1.png\",\"contentUrl\":\"https:\/\/pickaqua.com\/wp-content\/uploads\/2023\/03\/Horizontal-logo_blue1-1.png\",\"width\":177,\"height\":176,\"caption\":\"PickAqua\"},\"image\":{\"@id\":\"https:\/\/pickaqua.com\/#\/schema\/logo\/image\/\"},\"sameAs\":[\"https:\/\/www.facebook.com\/pickaquaapp\/\",\"https:\/\/www.instagram.com\/pickaqua\/\"]}]}<\/script>\n<!-- \/ Yoast SEO plugin. -->","yoast_head_json":{"title":"An\u00e1lisis del agua - PickAqua","robots":{"index":"index","follow":"follow","max-snippet":"max-snippet:-1","max-image-preview":"max-image-preview:large","max-video-preview":"max-video-preview:-1"},"canonical":"https:\/\/pickaqua.com\/es\/servicios\/analisis-del-agua\/","og_locale":"es_ES","og_type":"article","og_title":"An\u00e1lisis del agua - PickAqua","og_description":"\u00bfQu\u00e9 contiene el agua? \u00bfQu\u00e9 filtro de agua debo elegir? Todo empieza con el an\u00e1lisis del agua. En primer lugar, hay que averiguar de qu\u00e9 queremos deshacernos y...","og_url":"https:\/\/pickaqua.com\/es\/servicios\/analisis-del-agua\/","og_site_name":"PickAqua","article_publisher":"https:\/\/www.facebook.com\/pickaquaapp\/","article_modified_time":"2023-05-04T09:20:38+00:00","og_image":[{"width":2560,"height":1707,"url":"https:\/\/pickaqua.com\/wp-content\/uploads\/2023\/04\/shutterstock_128136776-scaled.jpg","type":"image\/jpeg"}],"twitter_card":"summary_large_image","twitter_misc":{"Tiempo de lectura":"2 minutos"},"schema":{"@context":"https:\/\/schema.org","@graph":[{"@type":"WebPage","@id":"https:\/\/pickaqua.com\/es\/servicios\/analisis-del-agua\/","url":"https:\/\/pickaqua.com\/es\/servicios\/analisis-del-agua\/","name":"An\u00e1lisis del agua - PickAqua","isPartOf":{"@id":"https:\/\/pickaqua.com\/#website"},"datePublished":"2023-05-01T08:32:59+00:00","dateModified":"2023-05-04T09:20:38+00:00","breadcrumb":{"@id":"https:\/\/pickaqua.com\/es\/servicios\/analisis-del-agua\/#breadcrumb"},"inLanguage":"es","potentialAction":[{"@type":"ReadAction","target":["https:\/\/pickaqua.com\/es\/servicios\/analisis-del-agua\/"]}]},{"@type":"BreadcrumbList","@id":"https:\/\/pickaqua.com\/es\/servicios\/analisis-del-agua\/#breadcrumb","itemListElement":[{"@type":"ListItem","position":1,"name":"Home","item":"https:\/\/pickaqua.com\/es\/"},{"@type":"ListItem","position":2,"name":"Servicios","item":"https:\/\/pickaqua.com\/es\/servicios\/"},{"@type":"ListItem","position":3,"name":"An\u00e1lisis del agua"}]},{"@type":"WebSite","@id":"https:\/\/pickaqua.com\/#website","url":"https:\/\/pickaqua.com\/","name":"PickAqua","description":"World&#039;s first water choice app","publisher":{"@id":"https:\/\/pickaqua.com\/#organization"},"potentialAction":[{"@type":"SearchAction","target":{"@type":"EntryPoint","urlTemplate":"https:\/\/pickaqua.com\/?s={search_term_string}"},"query-input":"required name=search_term_string"}],"inLanguage":"es"},{"@type":"Organization","@id":"https:\/\/pickaqua.com\/#organization","name":"PickAqua","url":"https:\/\/pickaqua.com\/","logo":{"@type":"ImageObject","inLanguage":"es","@id":"https:\/\/pickaqua.com\/#\/schema\/logo\/image\/","url":"https:\/\/pickaqua.com\/wp-content\/uploads\/2023\/03\/Horizontal-logo_blue1-1.png","contentUrl":"https:\/\/pickaqua.com\/wp-content\/uploads\/2023\/03\/Horizontal-logo_blue1-1.png","width":177,"height":176,"caption":"PickAqua"},"image":{"@id":"https:\/\/pickaqua.com\/#\/schema\/logo\/image\/"},"sameAs":["https:\/\/www.facebook.com\/pickaquaapp\/","https:\/\/www.instagram.com\/pickaqua\/"]}]}},"_links":{"self":[{"href":"https:\/\/pickaqua.com\/es\/wp-json\/wp\/v2\/pages\/3538"}],"collection":[{"href":"https:\/\/pickaqua.com\/es\/wp-json\/wp\/v2\/pages"}],"about":[{"href":"https:\/\/pickaqua.com\/es\/wp-json\/wp\/v2\/types\/page"}],"author":[{"embeddable":true,"href":"https:\/\/pickaqua.com\/es\/wp-json\/wp\/v2\/users\/1"}],"replies":[{"embeddable":true,"href":"https:\/\/pickaqua.com\/es\/wp-json\/wp\/v2\/comments?post=3538"}],"version-history":[{"count":6,"href":"https:\/\/pickaqua.com\/es\/wp-json\/wp\/v2\/pages\/3538\/revisions"}],"predecessor-version":[{"id":3958,"href":"https:\/\/pickaqua.com\/es\/wp-json\/wp\/v2\/pages\/3538\/revisions\/3958"}],"up":[{"embeddable":true,"href":"https:\/\/pickaqua.com\/es\/wp-json\/wp\/v2\/pages\/2652"}],"wp:featuredmedia":[{"embeddable":true,"href":"https:\/\/pickaqua.com\/es\/wp-json\/wp\/v2\/media\/3292"}],"wp:attachment":[{"href":"https:\/\/pickaqua.com\/es\/wp-json\/wp\/v2\/media?parent=3538"}],"curies":[{"name":"wp","href":"https:\/\/api.w.org\/{rel}","templated":true}]}}