{"id":2063,"date":"2023-03-06T20:46:47","date_gmt":"2023-03-06T17:46:47","guid":{"rendered":"https:\/\/pickaqua.com\/product\/agua-mineral-natural-radenska\/"},"modified":"2026-03-15T13:04:08","modified_gmt":"2026-03-15T10:04:08","slug":"radenska-natural-mineral-water","status":"publish","type":"product","link":"https:\/\/pickaqua.com\/es\/shop\/agua-natural\/aguas-minerales-naturales\/radenska-natural-mineral-water\/","title":{"rendered":"Radenska (1,5L)"},"content":{"rendered":"<p>Agua Mineral Natural Radenska, Carbonatada <b>(con gas natural del manantial)<\/b> Eslovenia, PET 1,5L Excelente agua rica con contenido mineral equilibrado. Agradable sabor aterciopelado, proporcionado por el gas natural de la fuente de agua. El gas natural (CO2) es un fuerte factor competitivo que solo poseen las aguas muy raras. Rica en minerales. Mineralizaci\u00f3n total 3064 mg\/l. Rico en Calcio y Magnesio, proporci\u00f3n ideal Ca + Mg 2:1. Rico en carbonato de hidr\u00f3geno (HCO3), que es beneficioso para el sistema digestivo. Rico en Silicio (Si), un mineral de belleza. Radenska es el agua perfecta para estilos de vida activos, atletas, mujeres embarazadas, despu\u00e9s de sudar y todos aquellos que aman el verdadero poder de la naturaleza. Es un agua excelente para reponer el cuerpo con minerales y recuperar fuerzas despu\u00e9s de una larga noche. Radenska se puede contar entre las aguas \u00abdebe beber\u00bb. 1L de Radenska repone los minerales esenciales del cuerpo, en promedio el 20% de la ingesta diaria de Na, Ca y Mg. Una de las aguas minerales naturales m\u00e1s populares de los Balcanes. Radenska ha demostrado su val\u00eda desde 1869 con su excelente sabor y su equilibrada composici\u00f3n mineral. El origen natural del agua mineral se estima en 12 000 a\u00f1os. Obtenga m\u00e1s informaci\u00f3n sobre las propiedades del agua en la aplicaci\u00f3n de selecci\u00f3n de agua PickAqua.<\/p>\n<p><iframe style=\"display: none;\"><\/iframe><\/p>\n<p><iframe style=\"display: none;\"><\/iframe><\/p>\n<p><iframe style=\"display: none;\"><\/iframe><\/p>\n<p><iframe style=\"display: none;\"><\/iframe><\/p>\n<p><iframe style=\"display: none;\"><\/iframe><\/p>\n<p><iframe style=\"display: none;\"><\/iframe><\/p>\n<p><iframe style=\"display: none;\"><\/iframe><\/p>\n<p><iframe style=\"display: none;\"><\/iframe><\/p>\n<p><iframe style=\"display: none;\"><\/iframe><\/p>\n<p><iframe style=\"display: none;\"><\/iframe><\/p>\n","protected":false},"excerpt":{"rendered":"<p>Agua Mineral Natural Radenska, Carbonatada (con gas natural del manantial) Eslovenia, PET 1,5L Excelente agua rica con contenido mineral equilibrado. Agradable sabor aterciopelado, proporcionado por el gas natural de la fuente de agua. El gas natural (CO2) es un fuerte factor competitivo que solo poseen las aguas muy raras. Rica en minerales. Mineralizaci\u00f3n total 3064 [&hellip;]<\/p>\n","protected":false},"featured_media":8081,"comment_status":"open","ping_status":"closed","template":"","meta":[],"product_cat":[72],"product_tag":[111,147,148,171,146],"acf":[],"yoast_head":"<!-- This site is optimized with the Yoast SEO plugin v21.2 - https:\/\/yoast.com\/wordpress\/plugins\/seo\/ -->\n<title>Radenska (1,5L) - PickAqua<\/title>\n<meta name=\"description\" content=\"Agua Mineral Natural Radenska, Carbonatada (con gas natural del manantial) Eslovenia, PET 1,5L Excelente agua rica con contenido mineral equilibrado...\" \/>\n<meta name=\"robots\" content=\"index, follow, max-snippet:-1, max-image-preview:large, max-video-preview:-1\" \/>\n<link rel=\"canonical\" href=\"https:\/\/pickaqua.com\/shop\/natural-water\/natural-mineral-water\/radenska-natural-mineral-water\/\" \/>\n<meta property=\"og:locale\" content=\"es_ES\" \/>\n<meta property=\"og:type\" content=\"article\" \/>\n<meta property=\"og:title\" content=\"Radenska (1,5L) - PickAqua\" \/>\n<meta property=\"og:description\" content=\"Agua Mineral Natural Radenska, Carbonatada (con gas natural del manantial) Eslovenia, PET 1,5L Excelente agua rica con contenido mineral equilibrado...\" \/>\n<meta property=\"og:url\" content=\"https:\/\/pickaqua.com\/shop\/natural-water\/natural-mineral-water\/radenska-natural-mineral-water\/\" \/>\n<meta property=\"og:site_name\" content=\"PickAqua\" \/>\n<meta property=\"article:publisher\" content=\"https:\/\/www.facebook.com\/pickaquaapp\/\" \/>\n<meta property=\"article:modified_time\" content=\"2026-03-15T10:04:08+00:00\" \/>\n<meta property=\"og:image\" content=\"https:\/\/pickaqua.com\/wp-content\/uploads\/2023\/03\/radenska.webp\" \/>\n\t<meta property=\"og:image:width\" content=\"800\" \/>\n\t<meta property=\"og:image:height\" content=\"1030\" \/>\n\t<meta property=\"og:image:type\" content=\"image\/webp\" \/>\n<meta name=\"twitter:card\" content=\"summary_large_image\" \/>\n<meta name=\"twitter:label1\" content=\"Precio\" \/>\n\t<meta name=\"twitter:data1\" content=\"&euro;1.65 (&euro;1.36 Sin IVA)\" \/>\n\t<meta name=\"twitter:label2\" content=\"Disponibilidad\" \/>\n\t<meta name=\"twitter:data2\" content=\"Disponible\" \/>\n<script type=\"application\/ld+json\" class=\"yoast-schema-graph\">{\"@context\":\"https:\/\/schema.org\",\"@graph\":[{\"@type\":\"WebPage\",\"@id\":\"https:\/\/pickaqua.com\/shop\/natural-water\/natural-mineral-water\/radenska-natural-mineral-water\/\",\"url\":\"https:\/\/pickaqua.com\/shop\/natural-water\/natural-mineral-water\/radenska-natural-mineral-water\/\",\"name\":\"Radenska (1,5L) - PickAqua\",\"isPartOf\":{\"@id\":\"https:\/\/pickaqua.com\/#website\"},\"datePublished\":\"2023-03-06T17:46:47+00:00\",\"dateModified\":\"2026-03-15T10:04:08+00:00\",\"description\":\"Agua Mineral Natural Radenska, Carbonatada (con gas natural del manantial) Eslovenia, PET 1,5L Excelente agua rica con contenido mineral equilibrado...\",\"breadcrumb\":{\"@id\":\"https:\/\/pickaqua.com\/shop\/natural-water\/natural-mineral-water\/radenska-natural-mineral-water\/#breadcrumb\"},\"inLanguage\":\"es\",\"potentialAction\":[{\"@type\":\"ReadAction\",\"target\":[\"https:\/\/pickaqua.com\/shop\/natural-water\/natural-mineral-water\/radenska-natural-mineral-water\/\"]}]},{\"@type\":\"BreadcrumbList\",\"@id\":\"https:\/\/pickaqua.com\/shop\/natural-water\/natural-mineral-water\/radenska-natural-mineral-water\/#breadcrumb\",\"itemListElement\":[{\"@type\":\"ListItem\",\"position\":1,\"name\":\"Home\",\"item\":\"https:\/\/pickaqua.com\/es\/\"},{\"@type\":\"ListItem\",\"position\":2,\"name\":\"Tienda de agua\",\"item\":\"https:\/\/pickaqua.com\/es\/tienda-de-agua\/\"},{\"@type\":\"ListItem\",\"position\":3,\"name\":\"Agua natural\",\"item\":\"https:\/\/pickaqua.com\/es\/categoria-producto\/agua-natural\/\"},{\"@type\":\"ListItem\",\"position\":4,\"name\":\"Natural Mineral Water\",\"item\":\"https:\/\/pickaqua.com\/product-category\/natural-water\/natural-mineral-water\/\"},{\"@type\":\"ListItem\",\"position\":5,\"name\":\"Radenska (1,5L)\"}]},{\"@type\":\"WebSite\",\"@id\":\"https:\/\/pickaqua.com\/#website\",\"url\":\"https:\/\/pickaqua.com\/\",\"name\":\"PickAqua\",\"description\":\"World&#039;s first water choice app\",\"publisher\":{\"@id\":\"https:\/\/pickaqua.com\/#organization\"},\"potentialAction\":[{\"@type\":\"SearchAction\",\"target\":{\"@type\":\"EntryPoint\",\"urlTemplate\":\"https:\/\/pickaqua.com\/?s={search_term_string}\"},\"query-input\":\"required name=search_term_string\"}],\"inLanguage\":\"es\"},{\"@type\":\"Organization\",\"@id\":\"https:\/\/pickaqua.com\/#organization\",\"name\":\"PickAqua\",\"url\":\"https:\/\/pickaqua.com\/\",\"logo\":{\"@type\":\"ImageObject\",\"inLanguage\":\"es\",\"@id\":\"https:\/\/pickaqua.com\/#\/schema\/logo\/image\/\",\"url\":\"https:\/\/pickaqua.com\/wp-content\/uploads\/2023\/03\/Horizontal-logo_blue1-1.png\",\"contentUrl\":\"https:\/\/pickaqua.com\/wp-content\/uploads\/2023\/03\/Horizontal-logo_blue1-1.png\",\"width\":177,\"height\":176,\"caption\":\"PickAqua\"},\"image\":{\"@id\":\"https:\/\/pickaqua.com\/#\/schema\/logo\/image\/\"},\"sameAs\":[\"https:\/\/www.facebook.com\/pickaquaapp\/\",\"https:\/\/www.instagram.com\/pickaqua\/\"]}]}<\/script>\n<meta property=\"product:price:amount\" content=\"1.65\" \/>\n<meta property=\"product:price:currency\" content=\"EUR\" \/>\n<meta property=\"og:availability\" content=\"instock\" \/>\n<meta property=\"product:availability\" content=\"instock\" \/>\n<meta property=\"product:condition\" content=\"new\" \/>\n<!-- \/ Yoast SEO plugin. -->","yoast_head_json":{"title":"Radenska (1,5L) - PickAqua","description":"Agua Mineral Natural Radenska, Carbonatada (con gas natural del manantial) Eslovenia, PET 1,5L Excelente agua rica con contenido mineral equilibrado...","robots":{"index":"index","follow":"follow","max-snippet":"max-snippet:-1","max-image-preview":"max-image-preview:large","max-video-preview":"max-video-preview:-1"},"canonical":"https:\/\/pickaqua.com\/shop\/natural-water\/natural-mineral-water\/radenska-natural-mineral-water\/","og_locale":"es_ES","og_type":"article","og_title":"Radenska (1,5L) - PickAqua","og_description":"Agua Mineral Natural Radenska, Carbonatada (con gas natural del manantial) Eslovenia, PET 1,5L Excelente agua rica con contenido mineral equilibrado...","og_url":"https:\/\/pickaqua.com\/shop\/natural-water\/natural-mineral-water\/radenska-natural-mineral-water\/","og_site_name":"PickAqua","article_publisher":"https:\/\/www.facebook.com\/pickaquaapp\/","article_modified_time":"2026-03-15T10:04:08+00:00","og_image":[{"width":800,"height":1030,"url":"https:\/\/pickaqua.com\/wp-content\/uploads\/2023\/03\/radenska.webp","type":"image\/webp"}],"twitter_card":"summary_large_image","twitter_misc":{"Precio":"&euro;1.65 (&euro;1.36 Sin IVA)","Disponibilidad":"Disponible"},"schema":{"@context":"https:\/\/schema.org","@graph":[{"@type":"WebPage","@id":"https:\/\/pickaqua.com\/shop\/natural-water\/natural-mineral-water\/radenska-natural-mineral-water\/","url":"https:\/\/pickaqua.com\/shop\/natural-water\/natural-mineral-water\/radenska-natural-mineral-water\/","name":"Radenska (1,5L) - PickAqua","isPartOf":{"@id":"https:\/\/pickaqua.com\/#website"},"datePublished":"2023-03-06T17:46:47+00:00","dateModified":"2026-03-15T10:04:08+00:00","description":"Agua Mineral Natural Radenska, Carbonatada (con gas natural del manantial) Eslovenia, PET 1,5L Excelente agua rica con contenido mineral equilibrado...","breadcrumb":{"@id":"https:\/\/pickaqua.com\/shop\/natural-water\/natural-mineral-water\/radenska-natural-mineral-water\/#breadcrumb"},"inLanguage":"es","potentialAction":[{"@type":"ReadAction","target":["https:\/\/pickaqua.com\/shop\/natural-water\/natural-mineral-water\/radenska-natural-mineral-water\/"]}]},{"@type":"BreadcrumbList","@id":"https:\/\/pickaqua.com\/shop\/natural-water\/natural-mineral-water\/radenska-natural-mineral-water\/#breadcrumb","itemListElement":[{"@type":"ListItem","position":1,"name":"Home","item":"https:\/\/pickaqua.com\/es\/"},{"@type":"ListItem","position":2,"name":"Tienda de agua","item":"https:\/\/pickaqua.com\/es\/tienda-de-agua\/"},{"@type":"ListItem","position":3,"name":"Agua natural","item":"https:\/\/pickaqua.com\/es\/categoria-producto\/agua-natural\/"},{"@type":"ListItem","position":4,"name":"Natural Mineral Water","item":"https:\/\/pickaqua.com\/product-category\/natural-water\/natural-mineral-water\/"},{"@type":"ListItem","position":5,"name":"Radenska (1,5L)"}]},{"@type":"WebSite","@id":"https:\/\/pickaqua.com\/#website","url":"https:\/\/pickaqua.com\/","name":"PickAqua","description":"World&#039;s first water choice app","publisher":{"@id":"https:\/\/pickaqua.com\/#organization"},"potentialAction":[{"@type":"SearchAction","target":{"@type":"EntryPoint","urlTemplate":"https:\/\/pickaqua.com\/?s={search_term_string}"},"query-input":"required name=search_term_string"}],"inLanguage":"es"},{"@type":"Organization","@id":"https:\/\/pickaqua.com\/#organization","name":"PickAqua","url":"https:\/\/pickaqua.com\/","logo":{"@type":"ImageObject","inLanguage":"es","@id":"https:\/\/pickaqua.com\/#\/schema\/logo\/image\/","url":"https:\/\/pickaqua.com\/wp-content\/uploads\/2023\/03\/Horizontal-logo_blue1-1.png","contentUrl":"https:\/\/pickaqua.com\/wp-content\/uploads\/2023\/03\/Horizontal-logo_blue1-1.png","width":177,"height":176,"caption":"PickAqua"},"image":{"@id":"https:\/\/pickaqua.com\/#\/schema\/logo\/image\/"},"sameAs":["https:\/\/www.facebook.com\/pickaquaapp\/","https:\/\/www.instagram.com\/pickaqua\/"]}]},"product_price_amount":"1.65","product_price_currency":"EUR","og_availability":"instock","product_availability":"instock","product_condition":"new"},"_links":{"self":[{"href":"https:\/\/pickaqua.com\/es\/wp-json\/wp\/v2\/product\/2063"}],"collection":[{"href":"https:\/\/pickaqua.com\/es\/wp-json\/wp\/v2\/product"}],"about":[{"href":"https:\/\/pickaqua.com\/es\/wp-json\/wp\/v2\/types\/product"}],"replies":[{"embeddable":true,"href":"https:\/\/pickaqua.com\/es\/wp-json\/wp\/v2\/comments?post=2063"}],"wp:featuredmedia":[{"embeddable":true,"href":"https:\/\/pickaqua.com\/es\/wp-json\/wp\/v2\/media\/8081"}],"wp:attachment":[{"href":"https:\/\/pickaqua.com\/es\/wp-json\/wp\/v2\/media?parent=2063"}],"wp:term":[{"taxonomy":"product_cat","embeddable":true,"href":"https:\/\/pickaqua.com\/es\/wp-json\/wp\/v2\/product_cat?post=2063"},{"taxonomy":"product_tag","embeddable":true,"href":"https:\/\/pickaqua.com\/es\/wp-json\/wp\/v2\/product_tag?post=2063"}],"curies":[{"name":"wp","href":"https:\/\/api.w.org\/{rel}","templated":true}]}}