{"id":7952,"date":"2023-10-06T21:14:59","date_gmt":"2023-10-06T18:14:59","guid":{"rendered":"https:\/\/pickaqua.com\/shop\/sin categor\u00eda\/venden-still-15l\/"},"modified":"2023-10-06T21:14:59","modified_gmt":"2023-10-06T18:14:59","slug":"venden-still-15l","status":"publish","type":"product","link":"https:\/\/pickaqua.com\/es\/shop\/agua-natural\/aguas-minerales-naturales\/venden-still-15l\/","title":{"rendered":"VENDEN still 1,5L"},"content":{"rendered":"<dl class=\"b-product-info--info-2\">\n<dt class=\"b-product-info--info-3-title\">Description<\/dt>\n<dd>Natural mineral water<\/dd>\n<dt>Still natural mineral water. Essential components: Sausne 0.31-0.42 g\/lHCO-3160;260-391 mg\/lSO42- 160;30-79 mg\/lCI- 0.7-6 mg\/lCa2+ 67-105 mg\/lMg2+ 16-31 mg\/lNa+ 1.5-7 mg\/lK+ 1-6 mg\/160;<\/dt>\n<dt class=\"b-product-info--info-3-title\">Vendor<\/dt>\n<dd>SIA VENDEN, C\u012brul\u012b\u0161u iela 68, C\u0113sis, LV-4101, tel. +37167344444<\/dd>\n<dt class=\"b-product-info--info-3-title\">Storage conditions<\/dt>\n<dd>Storage temperature: 3\u00b0C to 24\u00b0C.<\/dd>\n<dt class=\"b-product-info--info-3-title\">Packaging<\/dt>\n<dd>PET<\/dd>\n<\/dl>\n<p><iframe style=\"display: none;\"><\/iframe><\/p>\n","protected":false},"excerpt":{"rendered":"<p>Description Natural mineral water Still natural mineral water. Essential components: Sausne 0.31-0.42 g\/lHCO-3160;260-391 mg\/lSO42- 160;30-79 mg\/lCI- 0.7-6 mg\/lCa2+ 67-105 mg\/lMg2+ 16-31 mg\/lNa+ 1.5-7 mg\/lK+ 1-6 mg\/160; Vendor SIA VENDEN, C\u012brul\u012b\u0161u iela 68, C\u0113sis, LV-4101, tel. +37167344444 Storage conditions Storage temperature: 3\u00b0C to 24\u00b0C. Packaging PET<\/p>\n","protected":false},"featured_media":7901,"comment_status":"open","ping_status":"closed","template":"","meta":[],"product_cat":[72],"product_tag":[],"acf":[],"yoast_head":"<!-- This site is optimized with the Yoast SEO plugin v21.2 - https:\/\/yoast.com\/wordpress\/plugins\/seo\/ -->\n<title>VENDEN still 1,5L - PickAqua<\/title>\n<meta name=\"description\" content=\"Natural mineral water. Still natural mineral water. Essential components: Sausne 0.31-0.42 g\/lHCO-3160;260-391 mg\/lSO42- 160;30-79 mg\/lCI....\" \/>\n<meta name=\"robots\" content=\"index, follow, max-snippet:-1, max-image-preview:large, max-video-preview:-1\" \/>\n<link rel=\"canonical\" href=\"https:\/\/pickaqua.com\/shop\/natural-water\/natural-mineral-water\/venden-still-15l\/\" \/>\n<meta property=\"og:locale\" content=\"es_ES\" \/>\n<meta property=\"og:type\" content=\"article\" \/>\n<meta property=\"og:title\" content=\"VENDEN still 1,5L - PickAqua\" \/>\n<meta property=\"og:description\" content=\"Natural mineral water. Still natural mineral water. Essential components: Sausne 0.31-0.42 g\/lHCO-3160;260-391 mg\/lSO42- 160;30-79 mg\/lCI....\" \/>\n<meta property=\"og:url\" content=\"https:\/\/pickaqua.com\/shop\/natural-water\/natural-mineral-water\/venden-still-15l\/\" \/>\n<meta property=\"og:site_name\" content=\"PickAqua\" \/>\n<meta property=\"article:publisher\" content=\"https:\/\/www.facebook.com\/pickaquaapp\/\" \/>\n<meta property=\"og:image\" content=\"https:\/\/pickaqua.com\/wp-content\/uploads\/2023\/10\/mat_1354906_pce_lv.webp\" \/>\n\t<meta property=\"og:image:width\" content=\"480\" \/>\n\t<meta property=\"og:image:height\" content=\"480\" \/>\n\t<meta property=\"og:image:type\" content=\"image\/webp\" \/>\n<meta name=\"twitter:card\" content=\"summary_large_image\" \/>\n<meta name=\"twitter:label1\" content=\"Precio\" \/>\n\t<meta name=\"twitter:data1\" content=\"\" \/>\n\t<meta name=\"twitter:label2\" content=\"Disponibilidad\" \/>\n\t<meta name=\"twitter:data2\" content=\"Sin existencias\" \/>\n<script type=\"application\/ld+json\" class=\"yoast-schema-graph\">{\"@context\":\"https:\/\/schema.org\",\"@graph\":[{\"@type\":\"WebPage\",\"@id\":\"https:\/\/pickaqua.com\/shop\/natural-water\/natural-mineral-water\/venden-still-15l\/\",\"url\":\"https:\/\/pickaqua.com\/shop\/natural-water\/natural-mineral-water\/venden-still-15l\/\",\"name\":\"VENDEN still 1,5L - PickAqua\",\"isPartOf\":{\"@id\":\"https:\/\/pickaqua.com\/#website\"},\"datePublished\":\"2023-10-06T18:14:59+00:00\",\"dateModified\":\"2023-10-06T18:14:59+00:00\",\"description\":\"Natural mineral water. Still natural mineral water. Essential components: Sausne 0.31-0.42 g\/lHCO-3160;260-391 mg\/lSO42- 160;30-79 mg\/lCI....\",\"breadcrumb\":{\"@id\":\"https:\/\/pickaqua.com\/shop\/natural-water\/natural-mineral-water\/venden-still-15l\/#breadcrumb\"},\"inLanguage\":\"es\",\"potentialAction\":[{\"@type\":\"ReadAction\",\"target\":[\"https:\/\/pickaqua.com\/shop\/natural-water\/natural-mineral-water\/venden-still-15l\/\"]}]},{\"@type\":\"BreadcrumbList\",\"@id\":\"https:\/\/pickaqua.com\/shop\/natural-water\/natural-mineral-water\/venden-still-15l\/#breadcrumb\",\"itemListElement\":[{\"@type\":\"ListItem\",\"position\":1,\"name\":\"Home\",\"item\":\"https:\/\/pickaqua.com\/es\/\"},{\"@type\":\"ListItem\",\"position\":2,\"name\":\"Tienda de agua\",\"item\":\"https:\/\/pickaqua.com\/es\/tienda-de-agua\/\"},{\"@type\":\"ListItem\",\"position\":3,\"name\":\"Water\",\"item\":\"https:\/\/pickaqua.com\/product-category\/natural-water\/\"},{\"@type\":\"ListItem\",\"position\":4,\"name\":\"Natural Mineral Water\",\"item\":\"https:\/\/pickaqua.com\/product-category\/natural-water\/natural-mineral-water\/\"},{\"@type\":\"ListItem\",\"position\":5,\"name\":\"VENDEN still 1,5L\"}]},{\"@type\":\"WebSite\",\"@id\":\"https:\/\/pickaqua.com\/#website\",\"url\":\"https:\/\/pickaqua.com\/\",\"name\":\"PickAqua\",\"description\":\"World&#039;s first water choice app\",\"publisher\":{\"@id\":\"https:\/\/pickaqua.com\/#organization\"},\"potentialAction\":[{\"@type\":\"SearchAction\",\"target\":{\"@type\":\"EntryPoint\",\"urlTemplate\":\"https:\/\/pickaqua.com\/?s={search_term_string}\"},\"query-input\":\"required name=search_term_string\"}],\"inLanguage\":\"es\"},{\"@type\":\"Organization\",\"@id\":\"https:\/\/pickaqua.com\/#organization\",\"name\":\"PickAqua\",\"url\":\"https:\/\/pickaqua.com\/\",\"logo\":{\"@type\":\"ImageObject\",\"inLanguage\":\"es\",\"@id\":\"https:\/\/pickaqua.com\/#\/schema\/logo\/image\/\",\"url\":\"https:\/\/pickaqua.com\/wp-content\/uploads\/2023\/03\/Horizontal-logo_blue1-1.png\",\"contentUrl\":\"https:\/\/pickaqua.com\/wp-content\/uploads\/2023\/03\/Horizontal-logo_blue1-1.png\",\"width\":177,\"height\":176,\"caption\":\"PickAqua\"},\"image\":{\"@id\":\"https:\/\/pickaqua.com\/#\/schema\/logo\/image\/\"},\"sameAs\":[\"https:\/\/www.facebook.com\/pickaquaapp\/\",\"https:\/\/www.instagram.com\/pickaqua\/\"]}]}<\/script>\n<meta property=\"product:price:amount\" content=\"0.00\" \/>\n<meta property=\"product:price:currency\" content=\"EUR\" \/>\n<meta property=\"og:availability\" content=\"out of stock\" \/>\n<meta property=\"product:availability\" content=\"out of stock\" \/>\n<meta property=\"product:condition\" content=\"new\" \/>\n<!-- \/ Yoast SEO plugin. -->","yoast_head_json":{"title":"VENDEN still 1,5L - PickAqua","description":"Natural mineral water. Still natural mineral water. Essential components: Sausne 0.31-0.42 g\/lHCO-3160;260-391 mg\/lSO42- 160;30-79 mg\/lCI....","robots":{"index":"index","follow":"follow","max-snippet":"max-snippet:-1","max-image-preview":"max-image-preview:large","max-video-preview":"max-video-preview:-1"},"canonical":"https:\/\/pickaqua.com\/shop\/natural-water\/natural-mineral-water\/venden-still-15l\/","og_locale":"es_ES","og_type":"article","og_title":"VENDEN still 1,5L - PickAqua","og_description":"Natural mineral water. Still natural mineral water. Essential components: Sausne 0.31-0.42 g\/lHCO-3160;260-391 mg\/lSO42- 160;30-79 mg\/lCI....","og_url":"https:\/\/pickaqua.com\/shop\/natural-water\/natural-mineral-water\/venden-still-15l\/","og_site_name":"PickAqua","article_publisher":"https:\/\/www.facebook.com\/pickaquaapp\/","og_image":[{"width":480,"height":480,"url":"https:\/\/pickaqua.com\/wp-content\/uploads\/2023\/10\/mat_1354906_pce_lv.webp","type":"image\/webp"}],"twitter_card":"summary_large_image","twitter_misc":{"Precio":"","Disponibilidad":"Sin existencias"},"schema":{"@context":"https:\/\/schema.org","@graph":[{"@type":"WebPage","@id":"https:\/\/pickaqua.com\/shop\/natural-water\/natural-mineral-water\/venden-still-15l\/","url":"https:\/\/pickaqua.com\/shop\/natural-water\/natural-mineral-water\/venden-still-15l\/","name":"VENDEN still 1,5L - PickAqua","isPartOf":{"@id":"https:\/\/pickaqua.com\/#website"},"datePublished":"2023-10-06T18:14:59+00:00","dateModified":"2023-10-06T18:14:59+00:00","description":"Natural mineral water. Still natural mineral water. Essential components: Sausne 0.31-0.42 g\/lHCO-3160;260-391 mg\/lSO42- 160;30-79 mg\/lCI....","breadcrumb":{"@id":"https:\/\/pickaqua.com\/shop\/natural-water\/natural-mineral-water\/venden-still-15l\/#breadcrumb"},"inLanguage":"es","potentialAction":[{"@type":"ReadAction","target":["https:\/\/pickaqua.com\/shop\/natural-water\/natural-mineral-water\/venden-still-15l\/"]}]},{"@type":"BreadcrumbList","@id":"https:\/\/pickaqua.com\/shop\/natural-water\/natural-mineral-water\/venden-still-15l\/#breadcrumb","itemListElement":[{"@type":"ListItem","position":1,"name":"Home","item":"https:\/\/pickaqua.com\/es\/"},{"@type":"ListItem","position":2,"name":"Tienda de agua","item":"https:\/\/pickaqua.com\/es\/tienda-de-agua\/"},{"@type":"ListItem","position":3,"name":"Water","item":"https:\/\/pickaqua.com\/product-category\/natural-water\/"},{"@type":"ListItem","position":4,"name":"Natural Mineral Water","item":"https:\/\/pickaqua.com\/product-category\/natural-water\/natural-mineral-water\/"},{"@type":"ListItem","position":5,"name":"VENDEN still 1,5L"}]},{"@type":"WebSite","@id":"https:\/\/pickaqua.com\/#website","url":"https:\/\/pickaqua.com\/","name":"PickAqua","description":"World&#039;s first water choice app","publisher":{"@id":"https:\/\/pickaqua.com\/#organization"},"potentialAction":[{"@type":"SearchAction","target":{"@type":"EntryPoint","urlTemplate":"https:\/\/pickaqua.com\/?s={search_term_string}"},"query-input":"required name=search_term_string"}],"inLanguage":"es"},{"@type":"Organization","@id":"https:\/\/pickaqua.com\/#organization","name":"PickAqua","url":"https:\/\/pickaqua.com\/","logo":{"@type":"ImageObject","inLanguage":"es","@id":"https:\/\/pickaqua.com\/#\/schema\/logo\/image\/","url":"https:\/\/pickaqua.com\/wp-content\/uploads\/2023\/03\/Horizontal-logo_blue1-1.png","contentUrl":"https:\/\/pickaqua.com\/wp-content\/uploads\/2023\/03\/Horizontal-logo_blue1-1.png","width":177,"height":176,"caption":"PickAqua"},"image":{"@id":"https:\/\/pickaqua.com\/#\/schema\/logo\/image\/"},"sameAs":["https:\/\/www.facebook.com\/pickaquaapp\/","https:\/\/www.instagram.com\/pickaqua\/"]}]},"product_price_amount":"0.00","product_price_currency":"EUR","og_availability":"out of stock","product_availability":"out of stock","product_condition":"new"},"_links":{"self":[{"href":"https:\/\/pickaqua.com\/es\/wp-json\/wp\/v2\/product\/7952"}],"collection":[{"href":"https:\/\/pickaqua.com\/es\/wp-json\/wp\/v2\/product"}],"about":[{"href":"https:\/\/pickaqua.com\/es\/wp-json\/wp\/v2\/types\/product"}],"replies":[{"embeddable":true,"href":"https:\/\/pickaqua.com\/es\/wp-json\/wp\/v2\/comments?post=7952"}],"wp:featuredmedia":[{"embeddable":true,"href":"https:\/\/pickaqua.com\/es\/wp-json\/wp\/v2\/media\/7901"}],"wp:attachment":[{"href":"https:\/\/pickaqua.com\/es\/wp-json\/wp\/v2\/media?parent=7952"}],"wp:term":[{"taxonomy":"product_cat","embeddable":true,"href":"https:\/\/pickaqua.com\/es\/wp-json\/wp\/v2\/product_cat?post=7952"},{"taxonomy":"product_tag","embeddable":true,"href":"https:\/\/pickaqua.com\/es\/wp-json\/wp\/v2\/product_tag?post=7952"}],"curies":[{"name":"wp","href":"https:\/\/api.w.org\/{rel}","templated":true}]}}