{"id":961,"date":"2023-02-08T18:03:25","date_gmt":"2023-02-08T15:03:25","guid":{"rendered":"https:\/\/pickaqua.com\/product\/aqualar-ph9-05-l\/"},"modified":"2023-10-06T21:22:32","modified_gmt":"2023-10-06T18:22:32","slug":"aqualar-ph9-05-l","status":"publish","type":"product","link":"https:\/\/pickaqua.com\/es\/shop\/agua-natural\/aguas-minerales-naturales\/aqualar-ph9-05-l\/","title":{"rendered":"AQUALAR pH9+ (0,5 L)"},"content":{"rendered":"<p>Esta es agua de monta\u00f1a que proviene de una profundidad de 425 m de una zona no contaminada de Bulgaria. El agua llega con presi\u00f3n natural hasta la monta\u00f1a. Contiene una gran cantidad de Silicona (84mg\/l) que es un elemento muy esencial para una buena salud y Belleza. Bajo mineralizado 256mg\/ly un gran pH de 9,4. Adecuado para el uso diario. Sabor muy ligero y agradable. Es f\u00e1cil beber AQUALAR pH9+ porque se absorbe en el cuerpo 5 veces m\u00e1s r\u00e1pido que el agua normal. <\/p>\n<p><iframe style=\"display: none;\"><\/iframe><\/p>\n<p><iframe style=\"display: none;\"><\/iframe><\/p>\n","protected":false},"excerpt":{"rendered":"<p>Esta es agua de monta\u00f1a que proviene de una profundidad de 425 m de una zona no contaminada de Bulgaria. El agua llega con presi\u00f3n natural hasta la monta\u00f1a. Contiene una gran cantidad de Silicona (84mg\/l) que es un elemento muy esencial para una buena salud y Belleza. Bajo mineralizado 256mg\/ly un gran pH de [&hellip;]<\/p>\n","protected":false},"featured_media":8055,"comment_status":"open","ping_status":"closed","template":"","meta":[],"product_cat":[72],"product_tag":[245,105,106],"acf":[],"yoast_head":"<!-- This site is optimized with the Yoast SEO plugin v21.2 - https:\/\/yoast.com\/wordpress\/plugins\/seo\/ -->\n<title>AQUALAR pH9+ (0,5 L) - PickAqua<\/title>\n<meta name=\"description\" content=\"\u00a1Una de las aguas minerales naturales m\u00e1s alcalinas del mundo! Se trata de agua de monta\u00f1a que procede de una profundidad de 425 m de una zona no contaminada de Bulgaria.\" \/>\n<meta name=\"robots\" content=\"index, follow, max-snippet:-1, max-image-preview:large, max-video-preview:-1\" \/>\n<link rel=\"canonical\" href=\"https:\/\/pickaqua.com\/shop\/natural-water\/natural-mineral-water\/aqualar-ph9-05-l\/\" \/>\n<meta property=\"og:locale\" content=\"es_ES\" \/>\n<meta property=\"og:type\" content=\"article\" \/>\n<meta property=\"og:title\" content=\"AQUALAR pH9+ (0,5 L) - PickAqua\" \/>\n<meta property=\"og:description\" content=\"\u00a1Una de las aguas minerales naturales m\u00e1s alcalinas del mundo! Se trata de agua de monta\u00f1a que procede de una profundidad de 425 m de una zona no contaminada de Bulgaria.\" \/>\n<meta property=\"og:url\" content=\"https:\/\/pickaqua.com\/shop\/natural-water\/natural-mineral-water\/aqualar-ph9-05-l\/\" \/>\n<meta property=\"og:site_name\" content=\"PickAqua\" \/>\n<meta property=\"article:publisher\" content=\"https:\/\/www.facebook.com\/pickaquaapp\/\" \/>\n<meta property=\"article:modified_time\" content=\"2023-10-06T18:22:32+00:00\" \/>\n<meta property=\"og:image\" content=\"https:\/\/pickaqua.com\/wp-content\/uploads\/2023\/02\/aqualar-ph9-05l.webp\" \/>\n\t<meta property=\"og:image:width\" content=\"1367\" \/>\n\t<meta property=\"og:image:height\" content=\"2048\" \/>\n\t<meta property=\"og:image:type\" content=\"image\/webp\" \/>\n<meta name=\"twitter:card\" content=\"summary_large_image\" \/>\n<meta name=\"twitter:label1\" content=\"Precio\" \/>\n\t<meta name=\"twitter:data1\" content=\"&euro;0.90 (&euro;0.75 Sin IVA)\" \/>\n\t<meta name=\"twitter:label2\" content=\"Disponibilidad\" \/>\n\t<meta name=\"twitter:data2\" content=\"Disponible\" \/>\n<script type=\"application\/ld+json\" class=\"yoast-schema-graph\">{\"@context\":\"https:\/\/schema.org\",\"@graph\":[{\"@type\":\"WebPage\",\"@id\":\"https:\/\/pickaqua.com\/shop\/natural-water\/natural-mineral-water\/aqualar-ph9-05-l\/\",\"url\":\"https:\/\/pickaqua.com\/shop\/natural-water\/natural-mineral-water\/aqualar-ph9-05-l\/\",\"name\":\"AQUALAR pH9+ (0,5 L) - PickAqua\",\"isPartOf\":{\"@id\":\"https:\/\/pickaqua.com\/#website\"},\"datePublished\":\"2023-02-08T15:03:25+00:00\",\"dateModified\":\"2023-10-06T18:22:32+00:00\",\"description\":\"\u00a1Una de las aguas minerales naturales m\u00e1s alcalinas del mundo! Se trata de agua de monta\u00f1a que procede de una profundidad de 425 m de una zona no contaminada de Bulgaria.\",\"breadcrumb\":{\"@id\":\"https:\/\/pickaqua.com\/shop\/natural-water\/natural-mineral-water\/aqualar-ph9-05-l\/#breadcrumb\"},\"inLanguage\":\"es\",\"potentialAction\":[{\"@type\":\"ReadAction\",\"target\":[\"https:\/\/pickaqua.com\/shop\/natural-water\/natural-mineral-water\/aqualar-ph9-05-l\/\"]}]},{\"@type\":\"BreadcrumbList\",\"@id\":\"https:\/\/pickaqua.com\/shop\/natural-water\/natural-mineral-water\/aqualar-ph9-05-l\/#breadcrumb\",\"itemListElement\":[{\"@type\":\"ListItem\",\"position\":1,\"name\":\"Home\",\"item\":\"https:\/\/pickaqua.com\/es\/\"},{\"@type\":\"ListItem\",\"position\":2,\"name\":\"Tienda de agua\",\"item\":\"https:\/\/pickaqua.com\/es\/tienda-de-agua\/\"},{\"@type\":\"ListItem\",\"position\":3,\"name\":\"Agua natural\",\"item\":\"https:\/\/pickaqua.com\/es\/categoria-producto\/agua-natural\/\"},{\"@type\":\"ListItem\",\"position\":4,\"name\":\"Natural Mineral Water\",\"item\":\"https:\/\/pickaqua.com\/product-category\/natural-water\/natural-mineral-water\/\"},{\"@type\":\"ListItem\",\"position\":5,\"name\":\"AQUALAR pH9+ (0,5 L)\"}]},{\"@type\":\"WebSite\",\"@id\":\"https:\/\/pickaqua.com\/#website\",\"url\":\"https:\/\/pickaqua.com\/\",\"name\":\"PickAqua\",\"description\":\"World&#039;s first water choice app\",\"publisher\":{\"@id\":\"https:\/\/pickaqua.com\/#organization\"},\"potentialAction\":[{\"@type\":\"SearchAction\",\"target\":{\"@type\":\"EntryPoint\",\"urlTemplate\":\"https:\/\/pickaqua.com\/?s={search_term_string}\"},\"query-input\":\"required name=search_term_string\"}],\"inLanguage\":\"es\"},{\"@type\":\"Organization\",\"@id\":\"https:\/\/pickaqua.com\/#organization\",\"name\":\"PickAqua\",\"url\":\"https:\/\/pickaqua.com\/\",\"logo\":{\"@type\":\"ImageObject\",\"inLanguage\":\"es\",\"@id\":\"https:\/\/pickaqua.com\/#\/schema\/logo\/image\/\",\"url\":\"https:\/\/pickaqua.com\/wp-content\/uploads\/2023\/03\/Horizontal-logo_blue1-1.png\",\"contentUrl\":\"https:\/\/pickaqua.com\/wp-content\/uploads\/2023\/03\/Horizontal-logo_blue1-1.png\",\"width\":177,\"height\":176,\"caption\":\"PickAqua\"},\"image\":{\"@id\":\"https:\/\/pickaqua.com\/#\/schema\/logo\/image\/\"},\"sameAs\":[\"https:\/\/www.facebook.com\/pickaquaapp\/\",\"https:\/\/www.instagram.com\/pickaqua\/\"]}]}<\/script>\n<meta property=\"product:price:amount\" content=\"0.90\" \/>\n<meta property=\"product:price:currency\" content=\"EUR\" \/>\n<meta property=\"og:availability\" content=\"instock\" \/>\n<meta property=\"product:availability\" content=\"instock\" \/>\n<meta property=\"product:retailer_item_id\" content=\"AQ0500\" \/>\n<meta property=\"product:condition\" content=\"new\" \/>\n<!-- \/ Yoast SEO plugin. -->","yoast_head_json":{"title":"AQUALAR pH9+ (0,5 L) - PickAqua","description":"\u00a1Una de las aguas minerales naturales m\u00e1s alcalinas del mundo! Se trata de agua de monta\u00f1a que procede de una profundidad de 425 m de una zona no contaminada de Bulgaria.","robots":{"index":"index","follow":"follow","max-snippet":"max-snippet:-1","max-image-preview":"max-image-preview:large","max-video-preview":"max-video-preview:-1"},"canonical":"https:\/\/pickaqua.com\/shop\/natural-water\/natural-mineral-water\/aqualar-ph9-05-l\/","og_locale":"es_ES","og_type":"article","og_title":"AQUALAR pH9+ (0,5 L) - PickAqua","og_description":"\u00a1Una de las aguas minerales naturales m\u00e1s alcalinas del mundo! Se trata de agua de monta\u00f1a que procede de una profundidad de 425 m de una zona no contaminada de Bulgaria.","og_url":"https:\/\/pickaqua.com\/shop\/natural-water\/natural-mineral-water\/aqualar-ph9-05-l\/","og_site_name":"PickAqua","article_publisher":"https:\/\/www.facebook.com\/pickaquaapp\/","article_modified_time":"2023-10-06T18:22:32+00:00","og_image":[{"width":1367,"height":2048,"url":"https:\/\/pickaqua.com\/wp-content\/uploads\/2023\/02\/aqualar-ph9-05l.webp","type":"image\/webp"}],"twitter_card":"summary_large_image","twitter_misc":{"Precio":"&euro;0.90 (&euro;0.75 Sin IVA)","Disponibilidad":"Disponible"},"schema":{"@context":"https:\/\/schema.org","@graph":[{"@type":"WebPage","@id":"https:\/\/pickaqua.com\/shop\/natural-water\/natural-mineral-water\/aqualar-ph9-05-l\/","url":"https:\/\/pickaqua.com\/shop\/natural-water\/natural-mineral-water\/aqualar-ph9-05-l\/","name":"AQUALAR pH9+ (0,5 L) - PickAqua","isPartOf":{"@id":"https:\/\/pickaqua.com\/#website"},"datePublished":"2023-02-08T15:03:25+00:00","dateModified":"2023-10-06T18:22:32+00:00","description":"\u00a1Una de las aguas minerales naturales m\u00e1s alcalinas del mundo! Se trata de agua de monta\u00f1a que procede de una profundidad de 425 m de una zona no contaminada de Bulgaria.","breadcrumb":{"@id":"https:\/\/pickaqua.com\/shop\/natural-water\/natural-mineral-water\/aqualar-ph9-05-l\/#breadcrumb"},"inLanguage":"es","potentialAction":[{"@type":"ReadAction","target":["https:\/\/pickaqua.com\/shop\/natural-water\/natural-mineral-water\/aqualar-ph9-05-l\/"]}]},{"@type":"BreadcrumbList","@id":"https:\/\/pickaqua.com\/shop\/natural-water\/natural-mineral-water\/aqualar-ph9-05-l\/#breadcrumb","itemListElement":[{"@type":"ListItem","position":1,"name":"Home","item":"https:\/\/pickaqua.com\/es\/"},{"@type":"ListItem","position":2,"name":"Tienda de agua","item":"https:\/\/pickaqua.com\/es\/tienda-de-agua\/"},{"@type":"ListItem","position":3,"name":"Agua natural","item":"https:\/\/pickaqua.com\/es\/categoria-producto\/agua-natural\/"},{"@type":"ListItem","position":4,"name":"Natural Mineral Water","item":"https:\/\/pickaqua.com\/product-category\/natural-water\/natural-mineral-water\/"},{"@type":"ListItem","position":5,"name":"AQUALAR pH9+ (0,5 L)"}]},{"@type":"WebSite","@id":"https:\/\/pickaqua.com\/#website","url":"https:\/\/pickaqua.com\/","name":"PickAqua","description":"World&#039;s first water choice app","publisher":{"@id":"https:\/\/pickaqua.com\/#organization"},"potentialAction":[{"@type":"SearchAction","target":{"@type":"EntryPoint","urlTemplate":"https:\/\/pickaqua.com\/?s={search_term_string}"},"query-input":"required name=search_term_string"}],"inLanguage":"es"},{"@type":"Organization","@id":"https:\/\/pickaqua.com\/#organization","name":"PickAqua","url":"https:\/\/pickaqua.com\/","logo":{"@type":"ImageObject","inLanguage":"es","@id":"https:\/\/pickaqua.com\/#\/schema\/logo\/image\/","url":"https:\/\/pickaqua.com\/wp-content\/uploads\/2023\/03\/Horizontal-logo_blue1-1.png","contentUrl":"https:\/\/pickaqua.com\/wp-content\/uploads\/2023\/03\/Horizontal-logo_blue1-1.png","width":177,"height":176,"caption":"PickAqua"},"image":{"@id":"https:\/\/pickaqua.com\/#\/schema\/logo\/image\/"},"sameAs":["https:\/\/www.facebook.com\/pickaquaapp\/","https:\/\/www.instagram.com\/pickaqua\/"]}]},"product_price_amount":"0.90","product_price_currency":"EUR","og_availability":"instock","product_availability":"instock","product_retailer_item_id":"AQ0500","product_condition":"new"},"_links":{"self":[{"href":"https:\/\/pickaqua.com\/es\/wp-json\/wp\/v2\/product\/961"}],"collection":[{"href":"https:\/\/pickaqua.com\/es\/wp-json\/wp\/v2\/product"}],"about":[{"href":"https:\/\/pickaqua.com\/es\/wp-json\/wp\/v2\/types\/product"}],"replies":[{"embeddable":true,"href":"https:\/\/pickaqua.com\/es\/wp-json\/wp\/v2\/comments?post=961"}],"wp:featuredmedia":[{"embeddable":true,"href":"https:\/\/pickaqua.com\/es\/wp-json\/wp\/v2\/media\/8055"}],"wp:attachment":[{"href":"https:\/\/pickaqua.com\/es\/wp-json\/wp\/v2\/media?parent=961"}],"wp:term":[{"taxonomy":"product_cat","embeddable":true,"href":"https:\/\/pickaqua.com\/es\/wp-json\/wp\/v2\/product_cat?post=961"},{"taxonomy":"product_tag","embeddable":true,"href":"https:\/\/pickaqua.com\/es\/wp-json\/wp\/v2\/product_tag?post=961"}],"curies":[{"name":"wp","href":"https:\/\/api.w.org\/{rel}","templated":true}]}}