{"id":9730,"date":"2024-06-26T15:49:11","date_gmt":"2024-06-26T12:49:11","guid":{"rendered":"https:\/\/pickaqua.com\/shop\/sin categor\u00eda\/gorro-de-hielo\/"},"modified":"2024-06-26T15:49:11","modified_gmt":"2024-06-26T12:49:11","slug":"casco-de-hielo","status":"publish","type":"product","link":"https:\/\/pickaqua.com\/es\/shop\/gadgets-es\/sombreros\/casco-de-hielo\/","title":{"rendered":"GORRO DE HIELO"},"content":{"rendered":"<h2 class=\"image-with-text__heading inline-richtext h2\">\u00a1Cambia el juego!<\/h2>\n<div class=\"image-with-text__text rte body\">\n<p>Sensaci\u00f3n de frescor. Evita el sobrecalentamiento del cerebro. Mejora la circulaci\u00f3n sangu\u00ednea. Beneficioso para el sistema nervioso. Mejora la calidad del sue\u00f1o.<\/p>\n<h2 class=\"image-with-text__heading inline-richtext h2\">Hielo reci\u00e9n derretido<\/h2>\n<div class=\"image-with-text__text rte body\">\n<p><strong>Favorece la salud cerebral<\/strong><\/p>\n<p>Crea un efecto refrescante. Una sensaci\u00f3n de puro frescor que le dejar\u00e1 lleno de energ\u00eda y preparado para disfrutar plenamente de la experiencia de la sauna a un nuevo nivel.<\/p>\n<h2 class=\"image-with-text__heading inline-richtext h2\">Prevenci\u00f3n del exceso de calor cerebral<\/h2>\n<div class=\"image-with-text__text rte body\">\n<p>El sobrecalentamiento de la cabeza puede provocar malestar, fatiga y posibles dolencias relacionadas con el calor.<\/p>\n<h2 class=\"image-with-text__heading inline-richtext h2\">Claridad mental<\/h2>\n<div class=\"image-with-text__text rte body\">\n<p>Mantener la cabeza fr\u00eda en la sauna puede ayudar a mejorar la claridad mental, el enfoque y la concentraci\u00f3n.<\/p>\n<h2 class=\"image-with-text__heading inline-richtext h2\">Flujo de Prana<\/h2>\n<div class=\"image-with-text__text rte body\">\n<p><strong>Seg\u00fan el Ayurveda<br \/>\n<\/strong> Enfriar la cabeza durante una sesi\u00f3n de sauna permite un flujo fluido de la energ\u00eda vital (prana) por todo el cuerpo.<\/p>\n<\/div>\n<\/div>\n<\/div>\n<\/div>\n<\/div>\n<p><iframe style=\"display: none;\"><\/iframe><\/p>\n<p><iframe style=\"display: none;\"><\/iframe><\/p>\n<p><iframe style=\"display: none;\"><\/iframe><\/p>\n<p><iframe style=\"display: none;\"><\/iframe><\/p>\n<p><iframe style=\"display: none;\"><\/iframe><\/p>\n","protected":false},"excerpt":{"rendered":"<p>\u00a1Cambia el juego! Sensaci\u00f3n de frescor. Evita el sobrecalentamiento del cerebro. Mejora la circulaci\u00f3n sangu\u00ednea. Beneficioso para el sistema nervioso. Mejora la calidad del sue\u00f1o. Hielo reci\u00e9n derretido Favorece la salud cerebral Crea un efecto refrescante. Una sensaci\u00f3n de puro frescor que le dejar\u00e1 lleno de energ\u00eda y preparado para disfrutar plenamente de la experiencia [&hellip;]<\/p>\n","protected":false},"featured_media":9699,"comment_status":"open","ping_status":"closed","template":"","meta":[],"product_cat":[275],"product_tag":[],"acf":[],"yoast_head":"<!-- This site is optimized with the Yoast SEO plugin v21.2 - https:\/\/yoast.com\/wordpress\/plugins\/seo\/ -->\n<title>GORRO DE HIELO - PickAqua<\/title>\n<meta name=\"description\" content=\"\u00a1Cambia el juego! Sensaci\u00f3n de frescor. Evita el sobrecalentamiento del cerebro. Mejora la circulaci\u00f3n sangu\u00ednea. Beneficioso para el sistema nervioso. Mejora la calidad del sue\u00f1o...\" \/>\n<meta name=\"robots\" content=\"index, follow, max-snippet:-1, max-image-preview:large, max-video-preview:-1\" \/>\n<link rel=\"canonical\" href=\"https:\/\/pickaqua.com\/shop\/gadgets\/hats\/ice-hat\/\" \/>\n<meta property=\"og:locale\" content=\"es_ES\" \/>\n<meta property=\"og:type\" content=\"article\" \/>\n<meta property=\"og:title\" content=\"GORRO DE HIELO - PickAqua\" \/>\n<meta property=\"og:description\" content=\"\u00a1Cambia el juego! Sensaci\u00f3n de frescor. Evita el sobrecalentamiento del cerebro. Mejora la circulaci\u00f3n sangu\u00ednea. Beneficioso para el sistema nervioso. Mejora la calidad del sue\u00f1o...\" \/>\n<meta property=\"og:url\" content=\"https:\/\/pickaqua.com\/shop\/gadgets\/hats\/ice-hat\/\" \/>\n<meta property=\"og:site_name\" content=\"PickAqua\" \/>\n<meta property=\"article:publisher\" content=\"https:\/\/www.facebook.com\/pickaquaapp\/\" \/>\n<meta property=\"og:image\" content=\"https:\/\/pickaqua.com\/wp-content\/uploads\/2024\/06\/20240510_2036001-scaled.webp\" \/>\n\t<meta property=\"og:image:width\" content=\"1920\" \/>\n\t<meta property=\"og:image:height\" content=\"2560\" \/>\n\t<meta property=\"og:image:type\" content=\"image\/webp\" \/>\n<meta name=\"twitter:card\" content=\"summary_large_image\" \/>\n<meta name=\"twitter:label1\" content=\"Precio\" \/>\n\t<meta name=\"twitter:data1\" content=\"&euro;45.00 (&euro;37.19 Sin IVA)\" \/>\n\t<meta name=\"twitter:label2\" content=\"Disponibilidad\" \/>\n\t<meta name=\"twitter:data2\" content=\"Disponible\" \/>\n<script type=\"application\/ld+json\" class=\"yoast-schema-graph\">{\"@context\":\"https:\/\/schema.org\",\"@graph\":[{\"@type\":\"WebPage\",\"@id\":\"https:\/\/pickaqua.com\/shop\/gadgets\/hats\/ice-hat\/\",\"url\":\"https:\/\/pickaqua.com\/shop\/gadgets\/hats\/ice-hat\/\",\"name\":\"GORRO DE HIELO - PickAqua\",\"isPartOf\":{\"@id\":\"https:\/\/pickaqua.com\/#website\"},\"datePublished\":\"2024-06-26T12:49:11+00:00\",\"dateModified\":\"2024-06-26T12:49:11+00:00\",\"description\":\"\u00a1Cambia el juego! Sensaci\u00f3n de frescor. Evita el sobrecalentamiento del cerebro. Mejora la circulaci\u00f3n sangu\u00ednea. Beneficioso para el sistema nervioso. Mejora la calidad del sue\u00f1o...\",\"breadcrumb\":{\"@id\":\"https:\/\/pickaqua.com\/shop\/gadgets\/hats\/ice-hat\/#breadcrumb\"},\"inLanguage\":\"es\",\"potentialAction\":[{\"@type\":\"ReadAction\",\"target\":[\"https:\/\/pickaqua.com\/shop\/gadgets\/hats\/ice-hat\/\"]}]},{\"@type\":\"BreadcrumbList\",\"@id\":\"https:\/\/pickaqua.com\/shop\/gadgets\/hats\/ice-hat\/#breadcrumb\",\"itemListElement\":[{\"@type\":\"ListItem\",\"position\":1,\"name\":\"Home\",\"item\":\"https:\/\/pickaqua.com\/es\/\"},{\"@type\":\"ListItem\",\"position\":2,\"name\":\"Tienda de agua\",\"item\":\"https:\/\/pickaqua.com\/es\/tienda-de-agua\/\"},{\"@type\":\"ListItem\",\"position\":3,\"name\":\"Gadgets\",\"item\":\"https:\/\/pickaqua.com\/es\/categoria-producto\/gadgets-es\/\"},{\"@type\":\"ListItem\",\"position\":4,\"name\":\"Hats\",\"item\":\"https:\/\/pickaqua.com\/product-category\/gadgets\/hats\/\"},{\"@type\":\"ListItem\",\"position\":5,\"name\":\"GORRO DE HIELO\"}]},{\"@type\":\"WebSite\",\"@id\":\"https:\/\/pickaqua.com\/#website\",\"url\":\"https:\/\/pickaqua.com\/\",\"name\":\"PickAqua\",\"description\":\"World&#039;s first water choice app\",\"publisher\":{\"@id\":\"https:\/\/pickaqua.com\/#organization\"},\"potentialAction\":[{\"@type\":\"SearchAction\",\"target\":{\"@type\":\"EntryPoint\",\"urlTemplate\":\"https:\/\/pickaqua.com\/?s={search_term_string}\"},\"query-input\":\"required name=search_term_string\"}],\"inLanguage\":\"es\"},{\"@type\":\"Organization\",\"@id\":\"https:\/\/pickaqua.com\/#organization\",\"name\":\"PickAqua\",\"url\":\"https:\/\/pickaqua.com\/\",\"logo\":{\"@type\":\"ImageObject\",\"inLanguage\":\"es\",\"@id\":\"https:\/\/pickaqua.com\/#\/schema\/logo\/image\/\",\"url\":\"https:\/\/pickaqua.com\/wp-content\/uploads\/2023\/03\/Horizontal-logo_blue1-1.png\",\"contentUrl\":\"https:\/\/pickaqua.com\/wp-content\/uploads\/2023\/03\/Horizontal-logo_blue1-1.png\",\"width\":177,\"height\":176,\"caption\":\"PickAqua\"},\"image\":{\"@id\":\"https:\/\/pickaqua.com\/#\/schema\/logo\/image\/\"},\"sameAs\":[\"https:\/\/www.facebook.com\/pickaquaapp\/\",\"https:\/\/www.instagram.com\/pickaqua\/\"]}]}<\/script>\n<meta property=\"product:price:amount\" content=\"45.00\" \/>\n<meta property=\"product:price:currency\" content=\"EUR\" \/>\n<meta property=\"og:availability\" content=\"instock\" \/>\n<meta property=\"product:availability\" content=\"instock\" \/>\n<meta property=\"product:retailer_item_id\" content=\"ice-hat\" \/>\n<meta property=\"product:condition\" content=\"new\" \/>\n<!-- \/ Yoast SEO plugin. -->","yoast_head_json":{"title":"GORRO DE HIELO - PickAqua","description":"\u00a1Cambia el juego! Sensaci\u00f3n de frescor. Evita el sobrecalentamiento del cerebro. Mejora la circulaci\u00f3n sangu\u00ednea. Beneficioso para el sistema nervioso. Mejora la calidad del sue\u00f1o...","robots":{"index":"index","follow":"follow","max-snippet":"max-snippet:-1","max-image-preview":"max-image-preview:large","max-video-preview":"max-video-preview:-1"},"canonical":"https:\/\/pickaqua.com\/shop\/gadgets\/hats\/ice-hat\/","og_locale":"es_ES","og_type":"article","og_title":"GORRO DE HIELO - PickAqua","og_description":"\u00a1Cambia el juego! Sensaci\u00f3n de frescor. Evita el sobrecalentamiento del cerebro. Mejora la circulaci\u00f3n sangu\u00ednea. Beneficioso para el sistema nervioso. Mejora la calidad del sue\u00f1o...","og_url":"https:\/\/pickaqua.com\/shop\/gadgets\/hats\/ice-hat\/","og_site_name":"PickAqua","article_publisher":"https:\/\/www.facebook.com\/pickaquaapp\/","og_image":[{"width":1920,"height":2560,"url":"https:\/\/pickaqua.com\/wp-content\/uploads\/2024\/06\/20240510_2036001-scaled.webp","type":"image\/webp"}],"twitter_card":"summary_large_image","twitter_misc":{"Precio":"&euro;45.00 (&euro;37.19 Sin IVA)","Disponibilidad":"Disponible"},"schema":{"@context":"https:\/\/schema.org","@graph":[{"@type":"WebPage","@id":"https:\/\/pickaqua.com\/shop\/gadgets\/hats\/ice-hat\/","url":"https:\/\/pickaqua.com\/shop\/gadgets\/hats\/ice-hat\/","name":"GORRO DE HIELO - PickAqua","isPartOf":{"@id":"https:\/\/pickaqua.com\/#website"},"datePublished":"2024-06-26T12:49:11+00:00","dateModified":"2024-06-26T12:49:11+00:00","description":"\u00a1Cambia el juego! Sensaci\u00f3n de frescor. Evita el sobrecalentamiento del cerebro. Mejora la circulaci\u00f3n sangu\u00ednea. Beneficioso para el sistema nervioso. Mejora la calidad del sue\u00f1o...","breadcrumb":{"@id":"https:\/\/pickaqua.com\/shop\/gadgets\/hats\/ice-hat\/#breadcrumb"},"inLanguage":"es","potentialAction":[{"@type":"ReadAction","target":["https:\/\/pickaqua.com\/shop\/gadgets\/hats\/ice-hat\/"]}]},{"@type":"BreadcrumbList","@id":"https:\/\/pickaqua.com\/shop\/gadgets\/hats\/ice-hat\/#breadcrumb","itemListElement":[{"@type":"ListItem","position":1,"name":"Home","item":"https:\/\/pickaqua.com\/es\/"},{"@type":"ListItem","position":2,"name":"Tienda de agua","item":"https:\/\/pickaqua.com\/es\/tienda-de-agua\/"},{"@type":"ListItem","position":3,"name":"Gadgets","item":"https:\/\/pickaqua.com\/es\/categoria-producto\/gadgets-es\/"},{"@type":"ListItem","position":4,"name":"Hats","item":"https:\/\/pickaqua.com\/product-category\/gadgets\/hats\/"},{"@type":"ListItem","position":5,"name":"GORRO DE HIELO"}]},{"@type":"WebSite","@id":"https:\/\/pickaqua.com\/#website","url":"https:\/\/pickaqua.com\/","name":"PickAqua","description":"World&#039;s first water choice app","publisher":{"@id":"https:\/\/pickaqua.com\/#organization"},"potentialAction":[{"@type":"SearchAction","target":{"@type":"EntryPoint","urlTemplate":"https:\/\/pickaqua.com\/?s={search_term_string}"},"query-input":"required name=search_term_string"}],"inLanguage":"es"},{"@type":"Organization","@id":"https:\/\/pickaqua.com\/#organization","name":"PickAqua","url":"https:\/\/pickaqua.com\/","logo":{"@type":"ImageObject","inLanguage":"es","@id":"https:\/\/pickaqua.com\/#\/schema\/logo\/image\/","url":"https:\/\/pickaqua.com\/wp-content\/uploads\/2023\/03\/Horizontal-logo_blue1-1.png","contentUrl":"https:\/\/pickaqua.com\/wp-content\/uploads\/2023\/03\/Horizontal-logo_blue1-1.png","width":177,"height":176,"caption":"PickAqua"},"image":{"@id":"https:\/\/pickaqua.com\/#\/schema\/logo\/image\/"},"sameAs":["https:\/\/www.facebook.com\/pickaquaapp\/","https:\/\/www.instagram.com\/pickaqua\/"]}]},"product_price_amount":"45.00","product_price_currency":"EUR","og_availability":"instock","product_availability":"instock","product_retailer_item_id":"ice-hat","product_condition":"new"},"_links":{"self":[{"href":"https:\/\/pickaqua.com\/es\/wp-json\/wp\/v2\/product\/9730"}],"collection":[{"href":"https:\/\/pickaqua.com\/es\/wp-json\/wp\/v2\/product"}],"about":[{"href":"https:\/\/pickaqua.com\/es\/wp-json\/wp\/v2\/types\/product"}],"replies":[{"embeddable":true,"href":"https:\/\/pickaqua.com\/es\/wp-json\/wp\/v2\/comments?post=9730"}],"wp:featuredmedia":[{"embeddable":true,"href":"https:\/\/pickaqua.com\/es\/wp-json\/wp\/v2\/media\/9699"}],"wp:attachment":[{"href":"https:\/\/pickaqua.com\/es\/wp-json\/wp\/v2\/media?parent=9730"}],"wp:term":[{"taxonomy":"product_cat","embeddable":true,"href":"https:\/\/pickaqua.com\/es\/wp-json\/wp\/v2\/product_cat?post=9730"},{"taxonomy":"product_tag","embeddable":true,"href":"https:\/\/pickaqua.com\/es\/wp-json\/wp\/v2\/product_tag?post=9730"}],"curies":[{"name":"wp","href":"https:\/\/api.w.org\/{rel}","templated":true}]}}