{"id":2909,"date":"2023-04-03T13:32:21","date_gmt":"2023-04-03T10:32:21","guid":{"rendered":"https:\/\/pickaqua.com\/atklaj-uzzini\/"},"modified":"2023-04-20T10:52:38","modified_gmt":"2023-04-20T07:52:38","slug":"atklaj-uzzini","status":"publish","type":"page","link":"https:\/\/pickaqua.com\/lv\/atklaj-uzzini\/","title":{"rendered":"Atkl\u0101j &amp; Uzzini"},"content":{"rendered":"\t\t<div data-elementor-type=\"wp-page\" data-elementor-id=\"2909\" class=\"elementor elementor-2909 elementor-2853\" data-elementor-post-type=\"page\">\n\t\t\t\t\t\t\t\t\t<section class=\"elementor-section elementor-top-section elementor-element elementor-element-85ab455 elementor-section-boxed elementor-section-height-default elementor-section-height-default\" data-id=\"85ab455\" data-element_type=\"section\" data-settings=\"{&quot;jet_parallax_layout_list&quot;:[]}\">\n\t\t\t\t\t\t<div class=\"elementor-container elementor-column-gap-default\">\n\t\t\t\t\t<div class=\"elementor-column elementor-col-100 elementor-top-column elementor-element elementor-element-234a4e5\" data-id=\"234a4e5\" data-element_type=\"column\">\n\t\t\t<div class=\"elementor-widget-wrap elementor-element-populated\">\n\t\t\t\t\t\t\t\t<div class=\"elementor-element elementor-element-2efe3bb elementor-widget elementor-widget-text-editor\" data-id=\"2efe3bb\" data-element_type=\"widget\" data-widget_type=\"text-editor.default\">\n\t\t\t\t<div class=\"elementor-widget-container\">\n\t\t\t<style>\/*! elementor - v3.14.0 - 26-06-2023 *\/\n.elementor-widget-text-editor.elementor-drop-cap-view-stacked .elementor-drop-cap{background-color:#69727d;color:#fff}.elementor-widget-text-editor.elementor-drop-cap-view-framed .elementor-drop-cap{color:#69727d;border:3px solid;background-color:transparent}.elementor-widget-text-editor:not(.elementor-drop-cap-view-default) .elementor-drop-cap{margin-top:8px}.elementor-widget-text-editor:not(.elementor-drop-cap-view-default) .elementor-drop-cap-letter{width:1em;height:1em}.elementor-widget-text-editor .elementor-drop-cap{float:left;text-align:center;line-height:1;font-size:50px}.elementor-widget-text-editor .elementor-drop-cap-letter{display:inline-block}<\/style>\t\t\t\t<p>\u0160\u012b sada\u013ca ir \u012bpa\u0161i velt\u012bta tam, lai papildin\u0101tu j\u016bsu zin\u0101\u0161anas un izpratni par \u016bdeni un konkr\u0113tiem \u016bdens parametriem. M\u0113s esam apkopoju\u0161i da\u017e\u0101du inform\u0101ciju un m\u0101c\u012bbu materi\u0101lus, kas aptver pla\u0161u \u016bdens parametru kl\u0101stu, lai pal\u012bdz\u0113tu izprast daudz\u0101s \u016bdens resursa nianses. <\/p>\n<p>M\u0101c\u012bbu materi\u0101li sniegs jums detaliz\u0113tus skaidrojumus par vis\u0101m \u016bden\u012b sastopamaj\u0101m miner\u0101lviel\u0101m un to ietekmi uz vesel\u012bbu. Miner\u0101lvielu un mikroelementu kombin\u0101cijas nosaka \u016bdens \u012bpa\u0161\u012bbas, gar\u0161u un dziedniecisk\u0101s sp\u0113jas. Lai izv\u0113l\u0113tos perfektu \u016bdeni, ir j\u0101zina m\u0113r\u0137is, ko v\u0113lamies sasniegt, un tad j\u0101izv\u0113las \u016bdens atbilsto\u0161i t\u0101 \u012bpa\u0161\u012bb\u0101m. K\u0101 m\u0113s sak\u0101m, pasaul\u0113 nav lab\u0101k\u0101 \u016bdens, bet ir lab\u0101kais \u016bdens tie\u0161i jums, konkr\u0113tam m\u0113r\u0137im. Piem\u0113ram, ja v\u0113laties pagatavot visgar\u0161\u012bg\u0101ko t\u0113ju pasaul\u0113, jums b\u016bs nepiecie\u0161ams \u012bpa\u0161s \u016bdens, kas pal\u012bdz\u0113s t\u0113jai atkl\u0101t maksim\u0101li gar\u0161as un arom\u0101ta potenci\u0101lu, nevis to blo\u0137\u0113t, k\u0101 to dara ,piem\u0113ram, ciets \u016bdens. Bet, no otras puses, lai atg\u016btos p\u0113c sporta, jums b\u016btu nepiecie\u0161ams miner\u0101lviel\u0101m bag\u0101ts un ciets \u016bdens. Miner\u0101lvielu biopieejam\u012bba \u016bden\u012b ir atkar\u012bga ar\u012b no miner\u0101lvielu proporcij\u0101m.      <\/p>\n\t\t\t\t\t\t<\/div>\n\t\t\t\t<\/div>\n\t\t\t\t<div class=\"elementor-element elementor-element-4b98fea elementor-widget elementor-widget-heading\" data-id=\"4b98fea\" data-element_type=\"widget\" data-widget_type=\"heading.default\">\n\t\t\t\t<div class=\"elementor-widget-container\">\n\t\t\t<style>\/*! elementor - v3.14.0 - 26-06-2023 *\/\n.elementor-heading-title{padding:0;margin:0;line-height:1}.elementor-widget-heading .elementor-heading-title[class*=elementor-size-]>a{color:inherit;font-size:inherit;line-height:inherit}.elementor-widget-heading .elementor-heading-title.elementor-size-small{font-size:15px}.elementor-widget-heading .elementor-heading-title.elementor-size-medium{font-size:19px}.elementor-widget-heading .elementor-heading-title.elementor-size-large{font-size:29px}.elementor-widget-heading .elementor-heading-title.elementor-size-xl{font-size:39px}.elementor-widget-heading .elementor-heading-title.elementor-size-xxl{font-size:59px}<\/style><h2 class=\"elementor-heading-title elementor-size-default\">K\u0101ds ir lab\u0101kais \u016bdens?<\/h2>\t\t<\/div>\n\t\t\t\t<\/div>\n\t\t\t\t<div class=\"elementor-element elementor-element-3cff6b3 elementor-widget__width-initial elementor-widget elementor-widget-video\" data-id=\"3cff6b3\" data-element_type=\"widget\" data-settings=\"{&quot;youtube_url&quot;:&quot;https:\\\/\\\/youtu.be\\\/-TaZA1xDAXE&quot;,&quot;video_type&quot;:&quot;youtube&quot;,&quot;controls&quot;:&quot;yes&quot;}\" data-widget_type=\"video.default\">\n\t\t\t\t<div class=\"elementor-widget-container\">\n\t\t\t<style>\/*! elementor - v3.14.0 - 26-06-2023 *\/\n.elementor-widget-video .elementor-widget-container{overflow:hidden;transform:translateZ(0)}.elementor-widget-video .elementor-wrapper{aspect-ratio:var(--video-aspect-ratio)}.elementor-widget-video .elementor-wrapper iframe,.elementor-widget-video .elementor-wrapper video{height:100%;width:100%;display:flex;border:none;background-color:#000}@supports not (aspect-ratio:1\/1){.elementor-widget-video .elementor-wrapper{position:relative;overflow:hidden;height:0;padding-bottom:calc(100% \/ var(--video-aspect-ratio))}.elementor-widget-video .elementor-wrapper iframe,.elementor-widget-video .elementor-wrapper video{position:absolute;top:0;right:0;bottom:0;left:0}}.elementor-widget-video .elementor-open-inline .elementor-custom-embed-image-overlay{position:absolute;top:0;left:0;width:100%;height:100%;background-size:cover;background-position:50%}.elementor-widget-video .elementor-custom-embed-image-overlay{cursor:pointer;text-align:center}.elementor-widget-video .elementor-custom-embed-image-overlay:hover .elementor-custom-embed-play i{opacity:1}.elementor-widget-video .elementor-custom-embed-image-overlay img{display:block;width:100%}.elementor-widget-video .e-hosted-video .elementor-video{-o-object-fit:cover;object-fit:cover}.e-con-inner>.elementor-widget-video,.e-con>.elementor-widget-video{width:var(--container-widget-width);--flex-grow:var(--container-widget-flex-grow)}<\/style>\t\t<div class=\"elementor-wrapper elementor-open-inline\">\n\t\t\t<div class=\"elementor-video\"><\/div>\t\t<\/div>\n\t\t\t\t<\/div>\n\t\t\t\t<\/div>\n\t\t\t\t<div class=\"elementor-element elementor-element-3e57412 elementor-widget elementor-widget-text-editor\" data-id=\"3e57412\" data-element_type=\"widget\" data-widget_type=\"text-editor.default\">\n\t\t\t\t<div class=\"elementor-widget-container\">\n\t\t\t\t\t\t\t<p>T\u0101p\u0113c, zinot katra \u016bdens veida kombin\u0101cijas un dziedniecisk\u0101s sp\u0113jas, jums ir iesp\u0113ja izmantot \u016bdeni ar t\u0101 maksim\u0101lo potenci\u0101lu. \u016adenim nav j\u0101b\u016bt bag\u0101t\u012bgam ar miner\u0101lviel\u0101m, lai tam b\u016btu dziedino\u0161a iedarb\u012bba, katram \u016bdenim ir savas sp\u0113jas. M\u016bsu misija ir izskaidrot \u016bdens paties\u0101s \u012bpa\u0161\u012bbas.  <\/p>\n\t\t\t\t\t\t<\/div>\n\t\t\t\t<\/div>\n\t\t\t\t<div class=\"elementor-element elementor-element-6f281d0 elementor-widget__width-initial elementor-widget elementor-widget-video\" data-id=\"6f281d0\" data-element_type=\"widget\" data-settings=\"{&quot;youtube_url&quot;:&quot;https:\\\/\\\/www.youtube.com\\\/watch?v=nYkYm-LcrV8&amp;t=25s&amp;ab_channel=PickAqua &quot;,&quot;video_type&quot;:&quot;youtube&quot;,&quot;controls&quot;:&quot;yes&quot;}\" data-widget_type=\"video.default\">\n\t\t\t\t<div class=\"elementor-widget-container\">\n\t\t\t\t\t<div class=\"elementor-wrapper elementor-open-inline\">\n\t\t\t<div class=\"elementor-video\"><\/div>\t\t<\/div>\n\t\t\t\t<\/div>\n\t\t\t\t<\/div>\n\t\t\t\t<div class=\"elementor-element elementor-element-072258a elementor-widget elementor-widget-text-editor\" data-id=\"072258a\" data-element_type=\"widget\" data-widget_type=\"text-editor.default\">\n\t\t\t\t<div class=\"elementor-widget-container\">\n\t\t\t\t\t\t\t<p>\u0160eit m\u0113s sniedzam ar\u012b inform\u0101ciju par da\u017e\u0101diem terminiem un noteikumiem, kas saist\u012bti ar \u016bdeni. Atsevi\u0161\u0137i termini da\u017e\u0101d\u0101s valst\u012bs tiek lietoti at\u0161\u0137ir\u012bgi, un ar\u012b noteikumi par miner\u0101lvielu un mikroelementu daudzumu \u016bden\u012b atsevi\u0161\u0137\u0101s valst\u012bs ir at\u0161\u0137ir\u012bgi. \u013boti bie\u017ei tas maldina galapat\u0113r\u0113t\u0101ju izpratni par da\u017e\u0101du avotu sniegt\u0101s inform\u0101cijas patieso noz\u012bmi. Lietotn\u0113 <a href=\"\">PickAqua<\/a> j\u016bs vienm\u0113r varat atrast visus nepiecie\u0161amos \u016bdens satura skaidrojumus, kas galvenok\u0101rt ir orient\u0113ti uz Eiropas standartiem un noteikumiem.   <\/p>\n<p>Bie\u017e\u0101k uzdoto jaut\u0101jumu sada\u013c\u0101 noteikti atrad\u012bsiet v\u0113rt\u012bgu inform\u0101ciju un atbildes uz jaut\u0101jumiem, kas papla\u0161in\u0101s j\u016bsu izpratni par \u016bdeni.<\/p>\n<\/p>\n<p>Tiem, kuri v\u0113las papla\u0161in\u0101t savas zin\u0101\u0161anas profesion\u0101\u013cu pavad\u012bb\u0101, vislab\u0101k\u0101 iesp\u0113ja ir pievienoties tie\u0161saistes vai kl\u0101tienes apm\u0101c\u012bb\u0101m. <a href=\"https:\/\/waterambassador.org\/en\/front-en\/\">Iepaz\u012bties ar m\u0101c\u012bbu programmu un pa\u0161laik pieejamajiem materi\u0101liem varat \u0161eit.<\/a><\/p>\n\t\t\t\t\t\t<\/div>\n\t\t\t\t<\/div>\n\t\t\t\t\t<\/div>\n\t\t<\/div>\n\t\t\t\t\t\t\t<\/div>\n\t\t<\/section>\n\t\t\t\t\t\t\t<\/div>\n\t\t","protected":false},"excerpt":{"rendered":"<p>\u0160\u012b sada\u013ca ir \u012bpa\u0161i velt\u012bta tam, lai papildin\u0101tu j\u016bsu zin\u0101\u0161anas un izpratni par \u016bdeni un konkr\u0113tiem \u016bdens parametriem. M\u0113s esam apkopoju\u0161i da\u017e\u0101du inform\u0101ciju un m\u0101c\u012bbu materi\u0101lus, kas aptver pla\u0161u \u016bdens parametru kl\u0101stu, lai pal\u012bdz\u0113tu izprast daudz\u0101s \u016bdens resursa nianses. M\u0101c\u012bbu materi\u0101li sniegs jums detaliz\u0113tus skaidrojumus par vis\u0101m \u016bden\u012b sastopamaj\u0101m miner\u0101lviel\u0101m un to ietekmi uz vesel\u012bbu. [&hellip;]<\/p>\n","protected":false},"author":1,"featured_media":5786,"parent":0,"menu_order":0,"comment_status":"closed","ping_status":"closed","template":"","meta":{"footnotes":""},"acf":[],"yoast_head":"<!-- This site is optimized with the Yoast SEO plugin v21.2 - https:\/\/yoast.com\/wordpress\/plugins\/seo\/ -->\n<title>Atkl\u0101j &amp; Uzzini - PickAqua<\/title>\n<meta name=\"robots\" content=\"index, follow, max-snippet:-1, max-image-preview:large, max-video-preview:-1\" \/>\n<link rel=\"canonical\" href=\"https:\/\/pickaqua.com\/lv\/atklaj-uzzini\/\" \/>\n<meta property=\"og:locale\" content=\"lv_LV\" \/>\n<meta property=\"og:type\" content=\"article\" \/>\n<meta property=\"og:title\" content=\"Atkl\u0101j &amp; Uzzini - PickAqua\" \/>\n<meta property=\"og:description\" content=\"\u0160\u012b sada\u013ca ir \u012bpa\u0161i velt\u012bta tam, lai papildin\u0101tu j\u016bsu zin\u0101\u0161anas un izpratni par \u016bdeni un konkr\u0113tiem \u016bdens parametriem. M\u0113s esam apkopoju\u0161i da\u017e\u0101du inform\u0101ciju un m\u0101c\u012bbu materi\u0101lus, kas aptver pla\u0161u \u016bdens parametru kl\u0101stu, lai pal\u012bdz\u0113tu izprast daudz\u0101s \u016bdens resursa nianses. M\u0101c\u012bbu materi\u0101li sniegs jums detaliz\u0113tus skaidrojumus par vis\u0101m \u016bden\u012b sastopamaj\u0101m miner\u0101lviel\u0101m un to ietekmi uz vesel\u012bbu. [&hellip;]\" \/>\n<meta property=\"og:url\" content=\"https:\/\/pickaqua.com\/lv\/atklaj-uzzini\/\" \/>\n<meta property=\"og:site_name\" content=\"PickAqua\" \/>\n<meta property=\"article:publisher\" content=\"https:\/\/www.facebook.com\/pickaquaapp\/\" \/>\n<meta property=\"article:modified_time\" content=\"2023-04-20T07:52:38+00:00\" \/>\n<meta property=\"og:image\" content=\"https:\/\/pickaqua.com\/wp-content\/uploads\/2023\/07\/watershop.jpg\" \/>\n\t<meta property=\"og:image:width\" content=\"867\" \/>\n\t<meta property=\"og:image:height\" content=\"528\" \/>\n\t<meta property=\"og:image:type\" content=\"image\/jpeg\" \/>\n<meta name=\"twitter:card\" content=\"summary_large_image\" \/>\n<meta name=\"twitter:label1\" content=\"Est. reading time\" \/>\n\t<meta name=\"twitter:data1\" content=\"2 minutes\" \/>\n<script type=\"application\/ld+json\" class=\"yoast-schema-graph\">{\"@context\":\"https:\/\/schema.org\",\"@graph\":[{\"@type\":\"WebPage\",\"@id\":\"https:\/\/pickaqua.com\/lv\/atklaj-uzzini\/\",\"url\":\"https:\/\/pickaqua.com\/lv\/atklaj-uzzini\/\",\"name\":\"Atkl\u0101j &amp; Uzzini - PickAqua\",\"isPartOf\":{\"@id\":\"https:\/\/pickaqua.com\/#website\"},\"datePublished\":\"2023-04-03T10:32:21+00:00\",\"dateModified\":\"2023-04-20T07:52:38+00:00\",\"breadcrumb\":{\"@id\":\"https:\/\/pickaqua.com\/lv\/atklaj-uzzini\/#breadcrumb\"},\"inLanguage\":\"lv-LV\",\"potentialAction\":[{\"@type\":\"ReadAction\",\"target\":[\"https:\/\/pickaqua.com\/lv\/atklaj-uzzini\/\"]}]},{\"@type\":\"BreadcrumbList\",\"@id\":\"https:\/\/pickaqua.com\/lv\/atklaj-uzzini\/#breadcrumb\",\"itemListElement\":[{\"@type\":\"ListItem\",\"position\":1,\"name\":\"Home\",\"item\":\"https:\/\/pickaqua.com\/lv\/\"},{\"@type\":\"ListItem\",\"position\":2,\"name\":\"Atkl\u0101j &amp; Uzzini\"}]},{\"@type\":\"WebSite\",\"@id\":\"https:\/\/pickaqua.com\/#website\",\"url\":\"https:\/\/pickaqua.com\/\",\"name\":\"PickAqua\",\"description\":\"World&#039;s first water choice app\",\"publisher\":{\"@id\":\"https:\/\/pickaqua.com\/#organization\"},\"potentialAction\":[{\"@type\":\"SearchAction\",\"target\":{\"@type\":\"EntryPoint\",\"urlTemplate\":\"https:\/\/pickaqua.com\/?s={search_term_string}\"},\"query-input\":\"required name=search_term_string\"}],\"inLanguage\":\"lv-LV\"},{\"@type\":\"Organization\",\"@id\":\"https:\/\/pickaqua.com\/#organization\",\"name\":\"PickAqua\",\"url\":\"https:\/\/pickaqua.com\/\",\"logo\":{\"@type\":\"ImageObject\",\"inLanguage\":\"lv-LV\",\"@id\":\"https:\/\/pickaqua.com\/#\/schema\/logo\/image\/\",\"url\":\"https:\/\/pickaqua.com\/wp-content\/uploads\/2023\/03\/Horizontal-logo_blue1-1.png\",\"contentUrl\":\"https:\/\/pickaqua.com\/wp-content\/uploads\/2023\/03\/Horizontal-logo_blue1-1.png\",\"width\":177,\"height\":176,\"caption\":\"PickAqua\"},\"image\":{\"@id\":\"https:\/\/pickaqua.com\/#\/schema\/logo\/image\/\"},\"sameAs\":[\"https:\/\/www.facebook.com\/pickaquaapp\/\",\"https:\/\/www.instagram.com\/pickaqua\/\"]}]}<\/script>\n<!-- \/ Yoast SEO plugin. -->","yoast_head_json":{"title":"Atkl\u0101j &amp; Uzzini - PickAqua","robots":{"index":"index","follow":"follow","max-snippet":"max-snippet:-1","max-image-preview":"max-image-preview:large","max-video-preview":"max-video-preview:-1"},"canonical":"https:\/\/pickaqua.com\/lv\/atklaj-uzzini\/","og_locale":"lv_LV","og_type":"article","og_title":"Atkl\u0101j &amp; Uzzini - PickAqua","og_description":"\u0160\u012b sada\u013ca ir \u012bpa\u0161i velt\u012bta tam, lai papildin\u0101tu j\u016bsu zin\u0101\u0161anas un izpratni par \u016bdeni un konkr\u0113tiem \u016bdens parametriem. M\u0113s esam apkopoju\u0161i da\u017e\u0101du inform\u0101ciju un m\u0101c\u012bbu materi\u0101lus, kas aptver pla\u0161u \u016bdens parametru kl\u0101stu, lai pal\u012bdz\u0113tu izprast daudz\u0101s \u016bdens resursa nianses. M\u0101c\u012bbu materi\u0101li sniegs jums detaliz\u0113tus skaidrojumus par vis\u0101m \u016bden\u012b sastopamaj\u0101m miner\u0101lviel\u0101m un to ietekmi uz vesel\u012bbu. [&hellip;]","og_url":"https:\/\/pickaqua.com\/lv\/atklaj-uzzini\/","og_site_name":"PickAqua","article_publisher":"https:\/\/www.facebook.com\/pickaquaapp\/","article_modified_time":"2023-04-20T07:52:38+00:00","og_image":[{"width":867,"height":528,"url":"https:\/\/pickaqua.com\/wp-content\/uploads\/2023\/07\/watershop.jpg","type":"image\/jpeg"}],"twitter_card":"summary_large_image","twitter_misc":{"Est. reading time":"2 minutes"},"schema":{"@context":"https:\/\/schema.org","@graph":[{"@type":"WebPage","@id":"https:\/\/pickaqua.com\/lv\/atklaj-uzzini\/","url":"https:\/\/pickaqua.com\/lv\/atklaj-uzzini\/","name":"Atkl\u0101j &amp; Uzzini - PickAqua","isPartOf":{"@id":"https:\/\/pickaqua.com\/#website"},"datePublished":"2023-04-03T10:32:21+00:00","dateModified":"2023-04-20T07:52:38+00:00","breadcrumb":{"@id":"https:\/\/pickaqua.com\/lv\/atklaj-uzzini\/#breadcrumb"},"inLanguage":"lv-LV","potentialAction":[{"@type":"ReadAction","target":["https:\/\/pickaqua.com\/lv\/atklaj-uzzini\/"]}]},{"@type":"BreadcrumbList","@id":"https:\/\/pickaqua.com\/lv\/atklaj-uzzini\/#breadcrumb","itemListElement":[{"@type":"ListItem","position":1,"name":"Home","item":"https:\/\/pickaqua.com\/lv\/"},{"@type":"ListItem","position":2,"name":"Atkl\u0101j &amp; Uzzini"}]},{"@type":"WebSite","@id":"https:\/\/pickaqua.com\/#website","url":"https:\/\/pickaqua.com\/","name":"PickAqua","description":"World&#039;s first water choice app","publisher":{"@id":"https:\/\/pickaqua.com\/#organization"},"potentialAction":[{"@type":"SearchAction","target":{"@type":"EntryPoint","urlTemplate":"https:\/\/pickaqua.com\/?s={search_term_string}"},"query-input":"required name=search_term_string"}],"inLanguage":"lv-LV"},{"@type":"Organization","@id":"https:\/\/pickaqua.com\/#organization","name":"PickAqua","url":"https:\/\/pickaqua.com\/","logo":{"@type":"ImageObject","inLanguage":"lv-LV","@id":"https:\/\/pickaqua.com\/#\/schema\/logo\/image\/","url":"https:\/\/pickaqua.com\/wp-content\/uploads\/2023\/03\/Horizontal-logo_blue1-1.png","contentUrl":"https:\/\/pickaqua.com\/wp-content\/uploads\/2023\/03\/Horizontal-logo_blue1-1.png","width":177,"height":176,"caption":"PickAqua"},"image":{"@id":"https:\/\/pickaqua.com\/#\/schema\/logo\/image\/"},"sameAs":["https:\/\/www.facebook.com\/pickaquaapp\/","https:\/\/www.instagram.com\/pickaqua\/"]}]}},"_links":{"self":[{"href":"https:\/\/pickaqua.com\/lv\/wp-json\/wp\/v2\/pages\/2909"}],"collection":[{"href":"https:\/\/pickaqua.com\/lv\/wp-json\/wp\/v2\/pages"}],"about":[{"href":"https:\/\/pickaqua.com\/lv\/wp-json\/wp\/v2\/types\/page"}],"author":[{"embeddable":true,"href":"https:\/\/pickaqua.com\/lv\/wp-json\/wp\/v2\/users\/1"}],"replies":[{"embeddable":true,"href":"https:\/\/pickaqua.com\/lv\/wp-json\/wp\/v2\/comments?post=2909"}],"version-history":[{"count":3,"href":"https:\/\/pickaqua.com\/lv\/wp-json\/wp\/v2\/pages\/2909\/revisions"}],"predecessor-version":[{"id":3362,"href":"https:\/\/pickaqua.com\/lv\/wp-json\/wp\/v2\/pages\/2909\/revisions\/3362"}],"wp:featuredmedia":[{"embeddable":true,"href":"https:\/\/pickaqua.com\/lv\/wp-json\/wp\/v2\/media\/5786"}],"wp:attachment":[{"href":"https:\/\/pickaqua.com\/lv\/wp-json\/wp\/v2\/media?parent=2909"}],"curies":[{"name":"wp","href":"https:\/\/api.w.org\/{rel}","templated":true}]}}