{"id":2915,"date":"2023-04-03T14:59:37","date_gmt":"2023-04-03T11:59:37","guid":{"rendered":"https:\/\/pickaqua.com\/tiessaistes-kurss\/"},"modified":"2024-02-06T18:38:10","modified_gmt":"2024-02-06T15:38:10","slug":"tiessaistes-kurss","status":"publish","type":"page","link":"https:\/\/pickaqua.com\/lv\/atklaj-uzzini\/tiessaistes-kurss\/","title":{"rendered":"Tie\u0161saistes kurss"},"content":{"rendered":"\t\t<div data-elementor-type=\"wp-page\" data-elementor-id=\"2915\" class=\"elementor elementor-2915 elementor-2891\" data-elementor-post-type=\"page\">\n\t\t\t\t\t\t\t\t\t<section class=\"elementor-section elementor-top-section elementor-element elementor-element-7d35476 elementor-section-boxed elementor-section-height-default elementor-section-height-default\" data-id=\"7d35476\" data-element_type=\"section\" data-settings=\"{&quot;jet_parallax_layout_list&quot;:[]}\">\n\t\t\t\t\t\t<div class=\"elementor-container elementor-column-gap-default\">\n\t\t\t\t\t<div class=\"elementor-column elementor-col-100 elementor-top-column elementor-element elementor-element-7624f9f\" data-id=\"7624f9f\" data-element_type=\"column\">\n\t\t\t<div class=\"elementor-widget-wrap elementor-element-populated\">\n\t\t\t\t\t\t\t\t<div class=\"elementor-element elementor-element-df68bec elementor-widget elementor-widget-image\" data-id=\"df68bec\" data-element_type=\"widget\" data-widget_type=\"image.default\">\n\t\t\t\t<div class=\"elementor-widget-container\">\n\t\t\t<style>\/*! elementor - v3.14.0 - 26-06-2023 *\/\n.elementor-widget-image{text-align:center}.elementor-widget-image a{display:inline-block}.elementor-widget-image a img[src$=\".svg\"]{width:48px}.elementor-widget-image img{vertical-align:middle;display:inline-block}<\/style>\t\t\t\t\t\t\t\t\t\t\t\t<img decoding=\"async\" loading=\"lazy\" width=\"600\" height=\"400\" src=\"https:\/\/pickaqua.com\/wp-content\/uploads\/2023\/05\/photo_2023-05-08_15-51-16-600x400.jpg\" class=\"attachment-woocommerce_single size-woocommerce_single wp-image-4017\" alt=\"\" srcset=\"https:\/\/pickaqua.com\/wp-content\/uploads\/2023\/05\/photo_2023-05-08_15-51-16-600x400.jpg 600w, https:\/\/pickaqua.com\/wp-content\/uploads\/2023\/05\/photo_2023-05-08_15-51-16-300x200.jpg 300w, https:\/\/pickaqua.com\/wp-content\/uploads\/2023\/05\/photo_2023-05-08_15-51-16-1024x682.jpg 1024w, https:\/\/pickaqua.com\/wp-content\/uploads\/2023\/05\/photo_2023-05-08_15-51-16-768x512.jpg 768w, https:\/\/pickaqua.com\/wp-content\/uploads\/2023\/05\/photo_2023-05-08_15-51-16.jpg 1280w\" sizes=\"(max-width: 600px) 100vw, 600px\" \/>\t\t\t\t\t\t\t\t\t\t\t\t\t\t\t<\/div>\n\t\t\t\t<\/div>\n\t\t\t\t<div class=\"elementor-element elementor-element-1a073ec elementor-widget elementor-widget-text-editor\" data-id=\"1a073ec\" data-element_type=\"widget\" data-widget_type=\"text-editor.default\">\n\t\t\t\t<div class=\"elementor-widget-container\">\n\t\t\t<style>\/*! elementor - v3.14.0 - 26-06-2023 *\/\n.elementor-widget-text-editor.elementor-drop-cap-view-stacked .elementor-drop-cap{background-color:#69727d;color:#fff}.elementor-widget-text-editor.elementor-drop-cap-view-framed .elementor-drop-cap{color:#69727d;border:3px solid;background-color:transparent}.elementor-widget-text-editor:not(.elementor-drop-cap-view-default) .elementor-drop-cap{margin-top:8px}.elementor-widget-text-editor:not(.elementor-drop-cap-view-default) .elementor-drop-cap-letter{width:1em;height:1em}.elementor-widget-text-editor .elementor-drop-cap{float:left;text-align:center;line-height:1;font-size:50px}.elementor-widget-text-editor .elementor-drop-cap-letter{display:inline-block}<\/style>\t\t\t\t<p>&#8220;\u016adens izv\u0113les m\u0101ksla&#8221; ir tie\u0161saistes kurss, kura m\u0113r\u0137is ir pal\u012bdz\u0113t iem\u0101c\u012bties, k\u0101 izv\u0113l\u0113ties sav\u0101m vajadz\u012bb\u0101m piem\u0113rot\u0101ko \u016bdeni. \u016adens ir b\u016btiska m\u016bsu ikdienas dz\u012bves sast\u0101vda\u013ca, tom\u0113r liel\u0101kajai da\u013cai cilv\u0113ku nav ne jausmas, k\u0101 izv\u0113l\u0113ties savai vesel\u012bbai piem\u0113rot\u0101ko \u016bdeni. Lai pan\u0101ktu maksim\u0101lu organisma mitrin\u0101\u0161anu no iek\u0161puses, ir tikpat svar\u012bgi dzert minim\u0101lo ieteicamo daudzumu 2 l, k\u0101 ar\u012b \u016bdens miner\u0101lvielu sast\u0101vs, t\u0101 t\u012br\u012bba un pati dzer\u0161anas tehnika.  <\/p>\n<p>\u0160aj\u0101 kurs\u0101 lab\u0101kais \u016bdens izv\u0113les jomas eksperts, \u016bdens somelj\u0113 Dans Volevahs j\u016bs iepaz\u012bstin\u0101s ar vislab\u0101k\u0101s kvalit\u0101tes \u016bdens izv\u0113li, kas ir piel\u0101gots j\u016bsu specifiskaj\u0101m vajadz\u012bb\u0101m. \u0160is kurss ir lieliski piem\u0113rots ikvienam, kur\u0161 r\u016bp\u0113jas par savu vesel\u012bbu un v\u0113las optimiz\u0113t visp\u0101r\u0113jo vesel\u012bbu un labsaj\u016btu. <\/p>\n\t\t\t\t\t\t<\/div>\n\t\t\t\t<\/div>\n\t\t\t\t<div class=\"elementor-element elementor-element-8bbb50d elementor-widget elementor-widget-heading\" data-id=\"8bbb50d\" data-element_type=\"widget\" data-widget_type=\"heading.default\">\n\t\t\t\t<div class=\"elementor-widget-container\">\n\t\t\t<style>\/*! elementor - v3.14.0 - 26-06-2023 *\/\n.elementor-heading-title{padding:0;margin:0;line-height:1}.elementor-widget-heading .elementor-heading-title[class*=elementor-size-]>a{color:inherit;font-size:inherit;line-height:inherit}.elementor-widget-heading .elementor-heading-title.elementor-size-small{font-size:15px}.elementor-widget-heading .elementor-heading-title.elementor-size-medium{font-size:19px}.elementor-widget-heading .elementor-heading-title.elementor-size-large{font-size:29px}.elementor-widget-heading .elementor-heading-title.elementor-size-xl{font-size:39px}.elementor-widget-heading .elementor-heading-title.elementor-size-xxl{font-size:59px}<\/style><h2 class=\"elementor-heading-title elementor-size-default\"> \u016adens noteikti ir visnosl\u0113pumain\u0101kais elements vis\u0101 Visum\u0101.<\/h2>\t\t<\/div>\n\t\t\t\t<\/div>\n\t\t\t\t<div class=\"elementor-element elementor-element-4aac58a elementor-widget__width-initial elementor-widget elementor-widget-video\" data-id=\"4aac58a\" data-element_type=\"widget\" data-settings=\"{&quot;youtube_url&quot;:&quot;https:\\\/\\\/youtu.be\\\/E5eExG1uUZU&quot;,&quot;video_type&quot;:&quot;youtube&quot;,&quot;controls&quot;:&quot;yes&quot;}\" data-widget_type=\"video.default\">\n\t\t\t\t<div class=\"elementor-widget-container\">\n\t\t\t<style>\/*! elementor - v3.14.0 - 26-06-2023 *\/\n.elementor-widget-video .elementor-widget-container{overflow:hidden;transform:translateZ(0)}.elementor-widget-video .elementor-wrapper{aspect-ratio:var(--video-aspect-ratio)}.elementor-widget-video .elementor-wrapper iframe,.elementor-widget-video .elementor-wrapper video{height:100%;width:100%;display:flex;border:none;background-color:#000}@supports not (aspect-ratio:1\/1){.elementor-widget-video .elementor-wrapper{position:relative;overflow:hidden;height:0;padding-bottom:calc(100% \/ var(--video-aspect-ratio))}.elementor-widget-video .elementor-wrapper iframe,.elementor-widget-video .elementor-wrapper video{position:absolute;top:0;right:0;bottom:0;left:0}}.elementor-widget-video .elementor-open-inline .elementor-custom-embed-image-overlay{position:absolute;top:0;left:0;width:100%;height:100%;background-size:cover;background-position:50%}.elementor-widget-video .elementor-custom-embed-image-overlay{cursor:pointer;text-align:center}.elementor-widget-video .elementor-custom-embed-image-overlay:hover .elementor-custom-embed-play i{opacity:1}.elementor-widget-video .elementor-custom-embed-image-overlay img{display:block;width:100%}.elementor-widget-video .e-hosted-video .elementor-video{-o-object-fit:cover;object-fit:cover}.e-con-inner>.elementor-widget-video,.e-con>.elementor-widget-video{width:var(--container-widget-width);--flex-grow:var(--container-widget-flex-grow)}<\/style>\t\t<div class=\"elementor-wrapper elementor-open-inline\">\n\t\t\t<div class=\"elementor-video\"><\/div>\t\t<\/div>\n\t\t\t\t<\/div>\n\t\t\t\t<\/div>\n\t\t\t\t<div class=\"elementor-element elementor-element-6904616 elementor-align-left elementor-widget elementor-widget-button\" data-id=\"6904616\" data-element_type=\"widget\" data-widget_type=\"button.default\">\n\t\t\t\t<div class=\"elementor-widget-container\">\n\t\t\t\t\t<div class=\"elementor-button-wrapper\">\n\t\t\t<a class=\"elementor-button elementor-button-link elementor-size-sm\" href=\"https:\/\/waterambassador.org\/en\/front-en\/\">\n\t\t\t\t\t\t<span class=\"elementor-button-content-wrapper\">\n\t\t\t\t\t\t<span class=\"elementor-button-text\">K\u013c\u016bsti par \u016bdens v\u0113stnieku<\/span>\n\t\t<\/span>\n\t\t\t\t\t<\/a>\n\t\t<\/div>\n\t\t\t\t<\/div>\n\t\t\t\t<\/div>\n\t\t\t\t\t<\/div>\n\t\t<\/div>\n\t\t\t\t\t\t\t<\/div>\n\t\t<\/section>\n\t\t\t\t<section class=\"elementor-section elementor-top-section elementor-element elementor-element-7a3ca48 elementor-section-boxed elementor-section-height-default elementor-section-height-default\" data-id=\"7a3ca48\" data-element_type=\"section\" data-settings=\"{&quot;jet_parallax_layout_list&quot;:[]}\">\n\t\t\t\t\t\t<div class=\"elementor-container elementor-column-gap-default\">\n\t\t\t\t\t<div class=\"elementor-column elementor-col-100 elementor-top-column elementor-element elementor-element-1961347\" data-id=\"1961347\" data-element_type=\"column\">\n\t\t\t<div class=\"elementor-widget-wrap elementor-element-populated\">\n\t\t\t\t\t\t\t\t<div class=\"elementor-element elementor-element-ad39d13 elementor-widget elementor-widget-text-editor\" data-id=\"ad39d13\" data-element_type=\"widget\" data-widget_type=\"text-editor.default\">\n\t\t\t\t<div class=\"elementor-widget-container\">\n\t\t\t\t\t\t\t<p><strong>&#8220;Dz\u012bves laik\u0101 m\u0113s izdzeram aptuveni 50 t\u016bksto\u0161us litru \u016bdens, un m\u016bsu organisms ir \u0161\u012b \u016bdens filtrs. \u016adens miner\u0101lvielu sast\u0101vam un visp\u0101r\u0113jai kvalit\u0101tei ir liela noz\u012bme.&#8221; Dan Volevah <\/p>\n<p><\/strong><\/p>\n<p><a href=\"https:\/\/pickaqua.com\/lv\/kontakti\/\">Past\u0101v ar\u012b \u012bs\u0101kais ce\u013c\u0161, sazinoties tie\u0161i ar m\u016bsu speci\u0101listiem un sa\u0146emot person\u012bgu konsult\u0101ciju par \u016bdens izv\u0113li, kas pieejams j\u016bsu valst\u012b. Dro\u0161i sazinieties ar mums. <\/a><\/p>\n<p>M\u0113s ticam, ka cilv\u0113ka organisms plaukst, ja ir pareizi izv\u0113l\u0113ts \u016bdens, un m\u0101c\u012bbu programm\u0101 &#8220;\u016adens izv\u0113les m\u0101ksla&#8221; m\u0113s esam ap\u0146\u0113mu\u0161ies pal\u012bdz\u0113t jums to sasniegt.<\/p>\n<p>Izmantojot virkni modu\u013cu, kas atver acis, j\u016bs uzzin\u0101siet par tirg\u016b pieejamajiem pudel\u0113s pild\u012bt\u0101 \u016bdens veidiem, to priek\u0161roc\u012bb\u0101m un b\u016btiskiem faktoriem, kas nepiecie\u0161ami, lai pie\u0146emtu apzin\u0101tu l\u0113mumu par ieg\u0101di, pamatojoties uz j\u016bsu unik\u0101laj\u0101m vajadz\u012bb\u0101m. M\u0113s jums iem\u0101c\u012bsim pamatus, piem\u0113ram, k\u0101 saprast \u016bdens eti\u0137etes un jebkura \u016bdens priek\u0161roc\u012bbas, k\u0101 ar\u012b nians\u0113t\u0101kus aspektus, piem\u0113ram, k\u0101 izv\u0113l\u0113ties \u016bdeni atbilsto\u0161i j\u016bsu dz\u012bvesveidam un uztura vajadz\u012bb\u0101m. <\/p>\n<p>M\u016bsu kurss sniegs jums visaptvero\u0161u inform\u0101ciju, lai k\u013c\u016btu par \u016bdens izv\u0113les m\u0101kslas ekspertu. Programmas beig\u0101s j\u016bs var\u0113siet dro\u0161i noteikt un ieg\u0101d\u0101ties augst\u0101k\u0101s kvalit\u0101tes \u016bdeni, kas ir optim\u0101ls j\u016bsu vesel\u012bbai un dz\u012bvesveidam. <\/p>\n<p>Augstas kvalit\u0101tes \u016bdens lieto\u0161anas priek\u0161roc\u012bbas ir bezgal\u012bgas. Apzin\u0101ta izv\u0113le un pareiza \u016bdens dzer\u0161ana var iev\u0113rojami uzlabot j\u016bsu im\u016bnsist\u0113mu un sportiskos rezult\u0101tus, palielin\u0101t ener\u0123iju, uzlabot gremo\u0161anu un uzlabot visp\u0101r\u0113jo vesel\u012bbu. <\/p>\n<p>Ja v\u0113laties sasniegt lab\u0101kos iesp\u0113jamos rezult\u0101tus vesel\u012bbas jom\u0101, nav v\u0113rts pieteikties uz &#8220;The Art of Water Choice&#8221; (\u016adens izv\u0113les m\u0101ksla). \u0160is kurss sniedz jums unik\u0101lu iesp\u0113ju m\u0101c\u012bties no \u0161\u012bs jomas ekspertiem un ieg\u016bt praktiski izmantojamas zin\u0101\u0161anas, kas var main\u012bt j\u016bsu turpm\u0101ko \u016bdens pat\u0113ri\u0146a veidu. <\/p>\n<p>Nepalaidiet gar\u0101m \u0161o iesp\u0113ju. Uzs\u0101ciet savu ce\u013cojumu uz optim\u0101lu vesel\u012bbu jau \u0161odien, jo j\u016bs dzerat \u016bdeni katru dienu &#8211; re\u0123istr\u0113jieties kurs\u0101 &#8220;\u016adens izv\u0113les m\u0101ksla&#8221; jau tagad!&#8221; <\/p>\n\t\t\t\t\t\t<\/div>\n\t\t\t\t<\/div>\n\t\t\t\t<div class=\"elementor-element elementor-element-b89e52b elementor-widget elementor-widget-heading\" data-id=\"b89e52b\" data-element_type=\"widget\" data-widget_type=\"heading.default\">\n\t\t\t\t<div class=\"elementor-widget-container\">\n\t\t\t<h2 class=\"elementor-heading-title elementor-size-default\">\u016adens Sommelj\u0113 Dans Volevahs talantu \u0161ov\u0101 \"Amazing People\" 2020. Krievija<\/h2>\t\t<\/div>\n\t\t\t\t<\/div>\n\t\t\t\t<div class=\"elementor-element elementor-element-43c7c12 elementor-widget__width-initial elementor-widget elementor-widget-video\" data-id=\"43c7c12\" data-element_type=\"widget\" data-settings=\"{&quot;youtube_url&quot;:&quot;https:\\\/\\\/www.youtube.com\\\/watch?v=VOYR3axBKxw&amp;t=11s&amp;ab_channel=PickAqua&quot;,&quot;video_type&quot;:&quot;youtube&quot;,&quot;controls&quot;:&quot;yes&quot;}\" data-widget_type=\"video.default\">\n\t\t\t\t<div class=\"elementor-widget-container\">\n\t\t\t\t\t<div class=\"elementor-wrapper elementor-open-inline\">\n\t\t\t<div class=\"elementor-video\"><\/div>\t\t<\/div>\n\t\t\t\t<\/div>\n\t\t\t\t<\/div>\n\t\t\t\t\t<\/div>\n\t\t<\/div>\n\t\t\t\t\t\t\t<\/div>\n\t\t<\/section>\n\t\t\t\t\t\t\t<\/div>\n\t\t","protected":false},"excerpt":{"rendered":"<p>&#8220;\u016adens izv\u0113les m\u0101ksla&#8221; ir tie\u0161saistes kurss, kura m\u0113r\u0137is ir pal\u012bdz\u0113t iem\u0101c\u012bties, k\u0101 izv\u0113l\u0113ties sav\u0101m vajadz\u012bb\u0101m piem\u0113rot\u0101ko \u016bdeni. \u016adens ir b\u016btiska m\u016bsu ikdienas dz\u012bves sast\u0101vda\u013ca, tom\u0113r liel\u0101kajai da\u013cai cilv\u0113ku nav ne jausmas, k\u0101 izv\u0113l\u0113ties savai vesel\u012bbai piem\u0113rot\u0101ko \u016bdeni. Lai pan\u0101ktu maksim\u0101lu organisma mitrin\u0101\u0161anu no iek\u0161puses, ir tikpat svar\u012bgi dzert minim\u0101lo ieteicamo daudzumu 2 l, k\u0101 ar\u012b [&hellip;]<\/p>\n","protected":false},"author":1,"featured_media":5786,"parent":2909,"menu_order":0,"comment_status":"closed","ping_status":"closed","template":"","meta":{"footnotes":""},"acf":[],"yoast_head":"<!-- This site is optimized with the Yoast SEO plugin v21.2 - https:\/\/yoast.com\/wordpress\/plugins\/seo\/ -->\n<title>Tie\u0161saistes kurss - PickAqua<\/title>\n<meta name=\"robots\" content=\"index, follow, max-snippet:-1, max-image-preview:large, max-video-preview:-1\" \/>\n<link rel=\"canonical\" href=\"https:\/\/pickaqua.com\/lv\/atklaj-uzzini\/tiessaistes-kurss\/\" \/>\n<meta property=\"og:locale\" content=\"lv_LV\" \/>\n<meta property=\"og:type\" content=\"article\" \/>\n<meta property=\"og:title\" content=\"Tie\u0161saistes kurss - PickAqua\" \/>\n<meta property=\"og:description\" content=\"&#8220;\u016adens izv\u0113les m\u0101ksla&#8221; ir tie\u0161saistes kurss, kura m\u0113r\u0137is ir pal\u012bdz\u0113t iem\u0101c\u012bties, k\u0101 izv\u0113l\u0113ties sav\u0101m vajadz\u012bb\u0101m piem\u0113rot\u0101ko \u016bdeni. \u016adens ir b\u016btiska m\u016bsu ikdienas dz\u012bves sast\u0101vda\u013ca, tom\u0113r liel\u0101kajai da\u013cai cilv\u0113ku nav ne jausmas, k\u0101 izv\u0113l\u0113ties savai vesel\u012bbai piem\u0113rot\u0101ko \u016bdeni. Lai pan\u0101ktu maksim\u0101lu organisma mitrin\u0101\u0161anu no iek\u0161puses, ir tikpat svar\u012bgi dzert minim\u0101lo ieteicamo daudzumu 2 l, k\u0101 ar\u012b [&hellip;]\" \/>\n<meta property=\"og:url\" content=\"https:\/\/pickaqua.com\/lv\/atklaj-uzzini\/tiessaistes-kurss\/\" \/>\n<meta property=\"og:site_name\" content=\"PickAqua\" \/>\n<meta property=\"article:publisher\" content=\"https:\/\/www.facebook.com\/pickaquaapp\/\" \/>\n<meta property=\"article:modified_time\" content=\"2024-02-06T15:38:10+00:00\" \/>\n<meta property=\"og:image\" content=\"https:\/\/pickaqua.com\/wp-content\/uploads\/2023\/07\/watershop.jpg\" \/>\n\t<meta property=\"og:image:width\" content=\"867\" \/>\n\t<meta property=\"og:image:height\" content=\"528\" \/>\n\t<meta property=\"og:image:type\" content=\"image\/jpeg\" \/>\n<meta name=\"twitter:card\" content=\"summary_large_image\" \/>\n<meta name=\"twitter:label1\" content=\"Est. reading time\" \/>\n\t<meta name=\"twitter:data1\" content=\"2 minutes\" \/>\n<script type=\"application\/ld+json\" class=\"yoast-schema-graph\">{\"@context\":\"https:\/\/schema.org\",\"@graph\":[{\"@type\":\"WebPage\",\"@id\":\"https:\/\/pickaqua.com\/lv\/atklaj-uzzini\/tiessaistes-kurss\/\",\"url\":\"https:\/\/pickaqua.com\/lv\/atklaj-uzzini\/tiessaistes-kurss\/\",\"name\":\"Tie\u0161saistes kurss - PickAqua\",\"isPartOf\":{\"@id\":\"https:\/\/pickaqua.com\/#website\"},\"datePublished\":\"2023-04-03T11:59:37+00:00\",\"dateModified\":\"2024-02-06T15:38:10+00:00\",\"breadcrumb\":{\"@id\":\"https:\/\/pickaqua.com\/lv\/atklaj-uzzini\/tiessaistes-kurss\/#breadcrumb\"},\"inLanguage\":\"lv-LV\",\"potentialAction\":[{\"@type\":\"ReadAction\",\"target\":[\"https:\/\/pickaqua.com\/lv\/atklaj-uzzini\/tiessaistes-kurss\/\"]}]},{\"@type\":\"BreadcrumbList\",\"@id\":\"https:\/\/pickaqua.com\/lv\/atklaj-uzzini\/tiessaistes-kurss\/#breadcrumb\",\"itemListElement\":[{\"@type\":\"ListItem\",\"position\":1,\"name\":\"Home\",\"item\":\"https:\/\/pickaqua.com\/lv\/\"},{\"@type\":\"ListItem\",\"position\":2,\"name\":\"Atkl\u0101j &amp; Uzzini\",\"item\":\"https:\/\/pickaqua.com\/lv\/atklaj-uzzini\/\"},{\"@type\":\"ListItem\",\"position\":3,\"name\":\"Tie\u0161saistes kurss\"}]},{\"@type\":\"WebSite\",\"@id\":\"https:\/\/pickaqua.com\/#website\",\"url\":\"https:\/\/pickaqua.com\/\",\"name\":\"PickAqua\",\"description\":\"World&#039;s first water choice app\",\"publisher\":{\"@id\":\"https:\/\/pickaqua.com\/#organization\"},\"potentialAction\":[{\"@type\":\"SearchAction\",\"target\":{\"@type\":\"EntryPoint\",\"urlTemplate\":\"https:\/\/pickaqua.com\/?s={search_term_string}\"},\"query-input\":\"required name=search_term_string\"}],\"inLanguage\":\"lv-LV\"},{\"@type\":\"Organization\",\"@id\":\"https:\/\/pickaqua.com\/#organization\",\"name\":\"PickAqua\",\"url\":\"https:\/\/pickaqua.com\/\",\"logo\":{\"@type\":\"ImageObject\",\"inLanguage\":\"lv-LV\",\"@id\":\"https:\/\/pickaqua.com\/#\/schema\/logo\/image\/\",\"url\":\"https:\/\/pickaqua.com\/wp-content\/uploads\/2023\/03\/Horizontal-logo_blue1-1.png\",\"contentUrl\":\"https:\/\/pickaqua.com\/wp-content\/uploads\/2023\/03\/Horizontal-logo_blue1-1.png\",\"width\":177,\"height\":176,\"caption\":\"PickAqua\"},\"image\":{\"@id\":\"https:\/\/pickaqua.com\/#\/schema\/logo\/image\/\"},\"sameAs\":[\"https:\/\/www.facebook.com\/pickaquaapp\/\",\"https:\/\/www.instagram.com\/pickaqua\/\"]}]}<\/script>\n<!-- \/ Yoast SEO plugin. -->","yoast_head_json":{"title":"Tie\u0161saistes kurss - PickAqua","robots":{"index":"index","follow":"follow","max-snippet":"max-snippet:-1","max-image-preview":"max-image-preview:large","max-video-preview":"max-video-preview:-1"},"canonical":"https:\/\/pickaqua.com\/lv\/atklaj-uzzini\/tiessaistes-kurss\/","og_locale":"lv_LV","og_type":"article","og_title":"Tie\u0161saistes kurss - PickAqua","og_description":"&#8220;\u016adens izv\u0113les m\u0101ksla&#8221; ir tie\u0161saistes kurss, kura m\u0113r\u0137is ir pal\u012bdz\u0113t iem\u0101c\u012bties, k\u0101 izv\u0113l\u0113ties sav\u0101m vajadz\u012bb\u0101m piem\u0113rot\u0101ko \u016bdeni. \u016adens ir b\u016btiska m\u016bsu ikdienas dz\u012bves sast\u0101vda\u013ca, tom\u0113r liel\u0101kajai da\u013cai cilv\u0113ku nav ne jausmas, k\u0101 izv\u0113l\u0113ties savai vesel\u012bbai piem\u0113rot\u0101ko \u016bdeni. Lai pan\u0101ktu maksim\u0101lu organisma mitrin\u0101\u0161anu no iek\u0161puses, ir tikpat svar\u012bgi dzert minim\u0101lo ieteicamo daudzumu 2 l, k\u0101 ar\u012b [&hellip;]","og_url":"https:\/\/pickaqua.com\/lv\/atklaj-uzzini\/tiessaistes-kurss\/","og_site_name":"PickAqua","article_publisher":"https:\/\/www.facebook.com\/pickaquaapp\/","article_modified_time":"2024-02-06T15:38:10+00:00","og_image":[{"width":867,"height":528,"url":"https:\/\/pickaqua.com\/wp-content\/uploads\/2023\/07\/watershop.jpg","type":"image\/jpeg"}],"twitter_card":"summary_large_image","twitter_misc":{"Est. reading time":"2 minutes"},"schema":{"@context":"https:\/\/schema.org","@graph":[{"@type":"WebPage","@id":"https:\/\/pickaqua.com\/lv\/atklaj-uzzini\/tiessaistes-kurss\/","url":"https:\/\/pickaqua.com\/lv\/atklaj-uzzini\/tiessaistes-kurss\/","name":"Tie\u0161saistes kurss - PickAqua","isPartOf":{"@id":"https:\/\/pickaqua.com\/#website"},"datePublished":"2023-04-03T11:59:37+00:00","dateModified":"2024-02-06T15:38:10+00:00","breadcrumb":{"@id":"https:\/\/pickaqua.com\/lv\/atklaj-uzzini\/tiessaistes-kurss\/#breadcrumb"},"inLanguage":"lv-LV","potentialAction":[{"@type":"ReadAction","target":["https:\/\/pickaqua.com\/lv\/atklaj-uzzini\/tiessaistes-kurss\/"]}]},{"@type":"BreadcrumbList","@id":"https:\/\/pickaqua.com\/lv\/atklaj-uzzini\/tiessaistes-kurss\/#breadcrumb","itemListElement":[{"@type":"ListItem","position":1,"name":"Home","item":"https:\/\/pickaqua.com\/lv\/"},{"@type":"ListItem","position":2,"name":"Atkl\u0101j &amp; Uzzini","item":"https:\/\/pickaqua.com\/lv\/atklaj-uzzini\/"},{"@type":"ListItem","position":3,"name":"Tie\u0161saistes kurss"}]},{"@type":"WebSite","@id":"https:\/\/pickaqua.com\/#website","url":"https:\/\/pickaqua.com\/","name":"PickAqua","description":"World&#039;s first water choice app","publisher":{"@id":"https:\/\/pickaqua.com\/#organization"},"potentialAction":[{"@type":"SearchAction","target":{"@type":"EntryPoint","urlTemplate":"https:\/\/pickaqua.com\/?s={search_term_string}"},"query-input":"required name=search_term_string"}],"inLanguage":"lv-LV"},{"@type":"Organization","@id":"https:\/\/pickaqua.com\/#organization","name":"PickAqua","url":"https:\/\/pickaqua.com\/","logo":{"@type":"ImageObject","inLanguage":"lv-LV","@id":"https:\/\/pickaqua.com\/#\/schema\/logo\/image\/","url":"https:\/\/pickaqua.com\/wp-content\/uploads\/2023\/03\/Horizontal-logo_blue1-1.png","contentUrl":"https:\/\/pickaqua.com\/wp-content\/uploads\/2023\/03\/Horizontal-logo_blue1-1.png","width":177,"height":176,"caption":"PickAqua"},"image":{"@id":"https:\/\/pickaqua.com\/#\/schema\/logo\/image\/"},"sameAs":["https:\/\/www.facebook.com\/pickaquaapp\/","https:\/\/www.instagram.com\/pickaqua\/"]}]}},"_links":{"self":[{"href":"https:\/\/pickaqua.com\/lv\/wp-json\/wp\/v2\/pages\/2915"}],"collection":[{"href":"https:\/\/pickaqua.com\/lv\/wp-json\/wp\/v2\/pages"}],"about":[{"href":"https:\/\/pickaqua.com\/lv\/wp-json\/wp\/v2\/types\/page"}],"author":[{"embeddable":true,"href":"https:\/\/pickaqua.com\/lv\/wp-json\/wp\/v2\/users\/1"}],"replies":[{"embeddable":true,"href":"https:\/\/pickaqua.com\/lv\/wp-json\/wp\/v2\/comments?post=2915"}],"version-history":[{"count":9,"href":"https:\/\/pickaqua.com\/lv\/wp-json\/wp\/v2\/pages\/2915\/revisions"}],"predecessor-version":[{"id":9250,"href":"https:\/\/pickaqua.com\/lv\/wp-json\/wp\/v2\/pages\/2915\/revisions\/9250"}],"up":[{"embeddable":true,"href":"https:\/\/pickaqua.com\/lv\/wp-json\/wp\/v2\/pages\/2909"}],"wp:featuredmedia":[{"embeddable":true,"href":"https:\/\/pickaqua.com\/lv\/wp-json\/wp\/v2\/media\/5786"}],"wp:attachment":[{"href":"https:\/\/pickaqua.com\/lv\/wp-json\/wp\/v2\/media?parent=2915"}],"curies":[{"name":"wp","href":"https:\/\/api.w.org\/{rel}","templated":true}]}}