{"id":2940,"date":"2023-04-03T13:58:48","date_gmt":"2023-04-03T10:58:48","guid":{"rendered":"https:\/\/pickaqua.com\/udens-zimoli\/"},"modified":"2023-05-02T13:09:51","modified_gmt":"2023-05-02T10:09:51","slug":"udens-zimoli","status":"publish","type":"page","link":"https:\/\/pickaqua.com\/lv\/udens-zimoli\/","title":{"rendered":"\u016adens z\u012bmoli"},"content":{"rendered":"\t\t<div data-elementor-type=\"wp-page\" data-elementor-id=\"2940\" class=\"elementor elementor-2940 elementor-2859\" data-elementor-post-type=\"page\">\n\t\t\t\t\t\t\t\t\t<section class=\"elementor-section elementor-top-section elementor-element elementor-element-2621bbb elementor-section-boxed elementor-section-height-default elementor-section-height-default\" data-id=\"2621bbb\" data-element_type=\"section\" data-settings=\"{&quot;jet_parallax_layout_list&quot;:[]}\">\n\t\t\t\t\t\t<div class=\"elementor-container elementor-column-gap-default\">\n\t\t\t\t\t<div class=\"elementor-column elementor-col-100 elementor-top-column elementor-element elementor-element-4fa154a\" data-id=\"4fa154a\" data-element_type=\"column\">\n\t\t\t<div class=\"elementor-widget-wrap elementor-element-populated\">\n\t\t\t\t\t\t\t\t<div class=\"elementor-element elementor-element-4910f63 elementor-widget elementor-widget-heading\" data-id=\"4910f63\" data-element_type=\"widget\" data-widget_type=\"heading.default\">\n\t\t\t\t<div class=\"elementor-widget-container\">\n\t\t\t<style>\/*! elementor - v3.14.0 - 26-06-2023 *\/\n.elementor-heading-title{padding:0;margin:0;line-height:1}.elementor-widget-heading .elementor-heading-title[class*=elementor-size-]>a{color:inherit;font-size:inherit;line-height:inherit}.elementor-widget-heading .elementor-heading-title.elementor-size-small{font-size:15px}.elementor-widget-heading .elementor-heading-title.elementor-size-medium{font-size:19px}.elementor-widget-heading .elementor-heading-title.elementor-size-large{font-size:29px}.elementor-widget-heading .elementor-heading-title.elementor-size-xl{font-size:39px}.elementor-widget-heading .elementor-heading-title.elementor-size-xxl{font-size:59px}<\/style><h2 class=\"elementor-heading-title elementor-size-default\">Vai esat \u016bdens entuziasts? <\/h2>\t\t<\/div>\n\t\t\t\t<\/div>\n\t\t\t\t\t<\/div>\n\t\t<\/div>\n\t\t\t\t\t\t\t<\/div>\n\t\t<\/section>\n\t\t\t\t<section class=\"elementor-section elementor-top-section elementor-element elementor-element-fbb7486 elementor-section-boxed elementor-section-height-default elementor-section-height-default\" data-id=\"fbb7486\" data-element_type=\"section\" data-settings=\"{&quot;jet_parallax_layout_list&quot;:[]}\">\n\t\t\t\t\t\t<div class=\"elementor-container elementor-column-gap-default\">\n\t\t\t\t\t<div class=\"elementor-column elementor-col-100 elementor-top-column elementor-element elementor-element-503aea3\" data-id=\"503aea3\" data-element_type=\"column\">\n\t\t\t<div class=\"elementor-widget-wrap elementor-element-populated\">\n\t\t\t\t\t\t\t\t<div class=\"elementor-element elementor-element-1804b9b elementor-widget elementor-widget-text-editor\" data-id=\"1804b9b\" data-element_type=\"widget\" data-widget_type=\"text-editor.default\">\n\t\t\t\t<div class=\"elementor-widget-container\">\n\t\t\t<style>\/*! elementor - v3.14.0 - 26-06-2023 *\/\n.elementor-widget-text-editor.elementor-drop-cap-view-stacked .elementor-drop-cap{background-color:#69727d;color:#fff}.elementor-widget-text-editor.elementor-drop-cap-view-framed .elementor-drop-cap{color:#69727d;border:3px solid;background-color:transparent}.elementor-widget-text-editor:not(.elementor-drop-cap-view-default) .elementor-drop-cap{margin-top:8px}.elementor-widget-text-editor:not(.elementor-drop-cap-view-default) .elementor-drop-cap-letter{width:1em;height:1em}.elementor-widget-text-editor .elementor-drop-cap{float:left;text-align:center;line-height:1;font-size:50px}.elementor-widget-text-editor .elementor-drop-cap-letter{display:inline-block}<\/style>\t\t\t\t<p>T\u0101l\u0101k nemekl\u0113jiet! M\u016bsu majaslapp\u0101 ir vislab\u0101k\u0101 sada\u013ca priek\u0161 jums: <strong>&#8220;\u016adens z\u012bmolu datu b\u0101ze&#8221;<\/strong>. <\/p>\n<p>M\u0113s esam r\u016bp\u012bgi apkopoju\u0161i pla\u0161u sarakstu ar pudel\u0113s pild\u012bta \u016bdens z\u012bmoliem, kas pieejami j\u016bsu valst\u012b un vis\u0101 pasaul\u0113. M\u0113s aptveram visu, kas jums j\u0101zina par savu \u016bdeni. S\u0101kot ar paskaidrojumiem par \u016bdens specifiskajiem parametriem, \u016bdens gar\u0161u un beidzot ar supersp\u0113j\u0101m un ietekmi uz m\u016bsu labsaj\u016btu.  <\/p>\n\t\t\t\t\t\t<\/div>\n\t\t\t\t<\/div>\n\t\t\t\t<section class=\"elementor-section elementor-inner-section elementor-element elementor-element-c9d7707 elementor-section-boxed elementor-section-height-default elementor-section-height-default\" data-id=\"c9d7707\" data-element_type=\"section\" data-settings=\"{&quot;jet_parallax_layout_list&quot;:[]}\">\n\t\t\t\t\t\t<div class=\"elementor-container elementor-column-gap-default\">\n\t\t\t\t\t<div class=\"elementor-column elementor-col-50 elementor-inner-column elementor-element elementor-element-5442d62\" data-id=\"5442d62\" data-element_type=\"column\">\n\t\t\t<div class=\"elementor-widget-wrap elementor-element-populated\">\n\t\t\t\t\t\t\t\t<div class=\"elementor-element elementor-element-30634d5 elementor-widget elementor-widget-text-editor\" data-id=\"30634d5\" data-element_type=\"widget\" data-widget_type=\"text-editor.default\">\n\t\t\t\t<div class=\"elementor-widget-container\">\n\t\t\t\t\t\t\t<h4><span style=\"color: #0192ed;\"><strong>Iepaz\u012bstaties pasaul\u0113 pirmais digit\u0101lais \u016adens Sommelj\u0113 \u017dans<\/strong><\/span><\/h4>\n<p>M\u016bsu digit\u0101lais \u016adens Somelj\u0113 \u017dans ir vienm\u0113r gatavs jums pal\u012bdz\u0113t 24 stundas diennakt\u012b, 7 dienas ned\u0113\u013c\u0101, lai izprastu \u016bdens saturu, par kuru v\u0113laties uzzin\u0101t. M\u0113s uzskat\u0101m, ka zin\u0101\u0161anas ir sp\u0113ks, un izpratne par pat\u0113jamo \u016bdeni ir b\u016btiska, jo j\u016bs varat to maksim\u0101li efekt\u012bvi izmantot k\u0101 labsaj\u016btas uzlabo\u0161anas instrumentu. <\/p>\n<h4><span style=\"color: #0192ed;\"><strong>Vienk\u0101r\u0161i pajaut\u0101jiet \u017danam par \u016bdeni, par kuru v\u0113laties uzzin\u0101t vair\u0101k.<\/strong><\/span><\/h4>\n<p>Digit\u0101lais \u016bdens somelj\u0113 \u017dans j\u016bs iepaz\u012bstin\u0101s ar \u016bdens saturu, tostarp miner\u0101lvielu proporcij\u0101m, t\u012br\u012bbu, lieto\u0161anas ieteikumiem un citiem v\u0113rt\u012bgiem padomiem, lai pie n\u0101km\u0101 \u016bdens izv\u0113les j\u016bs var\u0113tu pie\u0146emt pamatotu l\u0113mumu. <\/p>\n<h4><span style=\"color: #0192ed;\"><strong>\u016adens dziedino\u0161ais sp\u0113ks tiek dokument\u0113ts jau gadsimtiem ilgi.<\/strong><\/span><\/h4>\n<p>Izv\u0113loties pareizo \u016bdeni ar nepiecie\u0161amaj\u0101m domin\u0113jo\u0161aj\u0101m miner\u0101lviel\u0101m, lai sasniegtu savus m\u0113r\u0137us, \u016bdeni var izmantot k\u0101 \u012bstu uzmundrino\u0161u instrumentu. PickAqua lietotn\u0113 ir aprakst\u012btas 60 da\u017e\u0101das programmas, kuras varat uzlabot, tikai pie\u0146emot pareizo l\u0113mumu. V\u0113l nekad nav bijis viegl\u0101k orient\u0113ties \u016bdens pasaul\u0113. Piem\u0113ram, j\u016bs varat izv\u0113l\u0113ties \u016bdeni, lai uzlabotu iztur\u012bbu sport\u0101, \u016bdeni gremo\u0161anai, \u016bdeni \u0101das skaistuma uzlabo\u0161anai, nervu sist\u0113mai, \u016bdeni svara samazin\u0101\u0161anai un pat pagatavot visgar\u0161\u012bg\u0101ko t\u0113ju vai kafiju pasaul\u0113, vienk\u0101r\u0161i izv\u0113loties tam piem\u0113rotu \u016bdeni ar optim\u0101l\u0101m miner\u0101lvielu proporcij\u0101m.   <\/p>\n<p>Lai g\u016btu maksim\u0101lu pieredzi, iesak\u0101m lejupiel\u0101d\u0113t \u016bdens izv\u0113les lietotni PickAqua. Izmantojot \u0161o lietotni, j\u016bs varat ieg\u016bt inform\u0101ciju par savu \u016bdeni, vienk\u0101r\u0161i iesken\u0113jot \u016bdens sv\u012btrkodu. J\u016bs varat uzzin\u0101t par avotu un lab\u0101kajiem pa\u0146\u0113mieniem, k\u0101 to lietot.  <\/p>\n\t\t\t\t\t\t<\/div>\n\t\t\t\t<\/div>\n\t\t\t\t\t<\/div>\n\t\t<\/div>\n\t\t\t\t<div class=\"elementor-column elementor-col-50 elementor-inner-column elementor-element elementor-element-8d37af5\" data-id=\"8d37af5\" data-element_type=\"column\">\n\t\t\t<div class=\"elementor-widget-wrap elementor-element-populated\">\n\t\t\t\t\t\t\t\t<div class=\"elementor-element elementor-element-a5ce934 elementor-widget elementor-widget-text-editor\" data-id=\"a5ce934\" data-element_type=\"widget\" data-widget_type=\"text-editor.default\">\n\t\t\t\t<div class=\"elementor-widget-container\">\n\t\t\t\t\t\t\t<h5><strong>Ar k\u0101du \u016bdeni j\u016bs v\u0113laties, lai es j\u016bs iepaz\u012bstinu?<\/strong><\/h5>\n\t\t\t\t\t\t<\/div>\n\t\t\t\t<\/div>\n\t\t\t\t<div class=\"elementor-element elementor-element-29ed62f elementor-align-center elementor-widget elementor-widget-button\" data-id=\"29ed62f\" data-element_type=\"widget\" data-widget_type=\"button.default\">\n\t\t\t\t<div class=\"elementor-widget-container\">\n\t\t\t\t\t<div class=\"elementor-button-wrapper\">\n\t\t\t<a class=\"elementor-button elementor-button-link elementor-size-sm\" href=\"#\">\n\t\t\t\t\t\t<span class=\"elementor-button-content-wrapper\">\n\t\t\t\t\t\t<span class=\"elementor-button-text\">Digit\u0101lais \u016bdens somelj\u0113<\/span>\n\t\t<\/span>\n\t\t\t\t\t<\/a>\n\t\t<\/div>\n\t\t\t\t<\/div>\n\t\t\t\t<\/div>\n\t\t\t\t<div class=\"elementor-element elementor-element-57ea455 elementor-widget elementor-widget-text-editor\" data-id=\"57ea455\" data-element_type=\"widget\" data-widget_type=\"text-editor.default\">\n\t\t\t\t<div class=\"elementor-widget-container\">\n\t\t\t\t\t\t\t<p style=\"text-align: center;\">Dr\u012bzum\u0101!<\/p>\n\t\t\t\t\t\t<\/div>\n\t\t\t\t<\/div>\n\t\t\t\t\t<\/div>\n\t\t<\/div>\n\t\t\t\t\t\t\t<\/div>\n\t\t<\/section>\n\t\t\t\t<div class=\"elementor-element elementor-element-42e9230 elementor-widget elementor-widget-heading\" data-id=\"42e9230\" data-element_type=\"widget\" data-widget_type=\"heading.default\">\n\t\t\t\t<div class=\"elementor-widget-container\">\n\t\t\t<h4 class=\"elementor-heading-title elementor-size-default\">Sarakst\u0101 neatrodat savu \u016bdeni? <\/h4>\t\t<\/div>\n\t\t\t\t<\/div>\n\t\t\t\t<div class=\"elementor-element elementor-element-21a013a elementor-widget elementor-widget-text-editor\" data-id=\"21a013a\" data-element_type=\"widget\" data-widget_type=\"text-editor.default\">\n\t\t\t\t<div class=\"elementor-widget-container\">\n\t\t\t\t\t\t\t<p>Ja nevarat atrast m\u016bsu sarakst\u0101 savu iecien\u012bt\u0101ko \u016bdeni, neuztraucieties, j\u016bs to varat pa\u0161i pievienot datu b\u0101zei, izmantojot PickAqua. P\u0113c iesp\u0113jas \u012bs\u0101 laik\u0101 j\u016bs sa\u0146emsiet miner\u0101lvielu satura interpret\u0101ciju. M\u016bsu lietotne ir izstr\u0101d\u0101ta t\u0101, lai t\u0101 b\u016btu lietot\u0101jam draudz\u012bga un vienk\u0101r\u0161a, \u013caujot jums piedal\u012bties un dot ieguld\u012bjumu arvien pieaugo\u0161aj\u0101 \u016bdens datub\u0101z\u0113.  <\/p>\n<p>Katrs n\u0101ko\u0161ais \u016bdens mekl\u0113t\u0101js b\u016bs pateic\u012bgs par j\u016bsu ieg\u016bld\u012bjumu.<\/p>\n<p>Izmantojiet PickAqua lietotnes sada\u013cu PIEVIENOT JAUNU \u016aDENI vai sazinieties ar caur e-pastu, nos\u016btot datus, kas nor\u0101d\u012bti uz \u016bdens eti\u0137etes. <br>\u016adens z\u012bmols <br>Miner\u0101lvielu sast\u0101vs<br>Ra\u017eot\u0101ja kontakti<br>Sv\u012btrkods<\/p>\t\t\t\t\t\t<\/div>\n\t\t\t\t<\/div>\n\t\t\t\t<div class=\"elementor-element elementor-element-227f7cb elementor-widget elementor-widget-button\" data-id=\"227f7cb\" data-element_type=\"widget\" data-widget_type=\"button.default\">\n\t\t\t\t<div class=\"elementor-widget-container\">\n\t\t\t\t\t<div class=\"elementor-button-wrapper\">\n\t\t\t<a class=\"elementor-button elementor-button-link elementor-size-sm\" href=\"mailto:hello@pickaqua.com\">\n\t\t\t\t\t\t<span class=\"elementor-button-content-wrapper\">\n\t\t\t\t\t\t<span class=\"elementor-button-text\">S\u016bt\u012bt e-pastu<\/span>\n\t\t<\/span>\n\t\t\t\t\t<\/a>\n\t\t<\/div>\n\t\t\t\t<\/div>\n\t\t\t\t<\/div>\n\t\t\t\t<div class=\"elementor-element elementor-element-ba66932 elementor-widget elementor-widget-button\" data-id=\"ba66932\" data-element_type=\"widget\" data-widget_type=\"button.default\">\n\t\t\t\t<div class=\"elementor-widget-container\">\n\t\t\t\t\t<div class=\"elementor-button-wrapper\">\n\t\t\t<a class=\"elementor-button elementor-button-link elementor-size-sm\" href=\"https:\/\/play.google.com\/store\/apps\/details?id=com.pickaqua&#038;hl=en&#038;gl=US\">\n\t\t\t\t\t\t<span class=\"elementor-button-content-wrapper\">\n\t\t\t\t\t\t<span class=\"elementor-button-text\">Lejupiel\u0101d\u0113t PickAqua aplik\u0101ciju<\/span>\n\t\t<\/span>\n\t\t\t\t\t<\/a>\n\t\t<\/div>\n\t\t\t\t<\/div>\n\t\t\t\t<\/div>\n\t\t\t\t<div class=\"elementor-element elementor-element-9c2fd6a elementor-widget elementor-widget-heading\" data-id=\"9c2fd6a\" data-element_type=\"widget\" data-widget_type=\"heading.default\">\n\t\t\t\t<div class=\"elementor-widget-container\">\n\t\t\t<h4 class=\"elementor-heading-title elementor-size-default\">Priv\u0101ta \u016bdens konsult\u0101cija<\/h4>\t\t<\/div>\n\t\t\t\t<\/div>\n\t\t\t\t<div class=\"elementor-element elementor-element-b81b990 elementor-widget elementor-widget-text-editor\" data-id=\"b81b990\" data-element_type=\"widget\" data-widget_type=\"text-editor.default\">\n\t\t\t\t<div class=\"elementor-widget-container\">\n\t\t\t\t\t\t\t<p>Ja v\u0113laties personaliz\u0113tu konsult\u0101ciju izv\u0113loties \u016bdeni, \u013caujiet mums pal\u012bdz\u0113t jums pie\u0146emt apzin\u0101tu l\u0113mumu. Pierakstieties uz tie\u0161saistes vai kl\u0101tienes tik\u0161anos, un m\u0113s nokonsult\u0113sim j\u016bs par optim\u0101lu \u016bdens izv\u0113li. M\u0113s run\u0101jam ang\u013cu, v\u0101cu, sp\u0101\u0146u, latvie\u0161u, krievu.  <\/p>\n<p>&#8220;\u016adeni m\u0113s dzeram katru dienu, un visas m\u016bsu iek\u0161\u0113j\u0101s \u0137\u012bmisk\u0101s reakcijas notiek \u016bden\u012b, kas atrodas m\u016bsos. Pat m\u016bsu emocijas un domas. <a href=\"#\">Dans Volevahs<\/a><\/p>\n\t\t\t\t\t\t<\/div>\n\t\t\t\t<\/div>\n\t\t\t\t\t<\/div>\n\t\t<\/div>\n\t\t\t\t\t\t\t<\/div>\n\t\t<\/section>\n\t\t\t\t\t\t\t<\/div>\n\t\t","protected":false},"excerpt":{"rendered":"<p>Vai esat \u016bdens entuziasts? T\u0101l\u0101k nemekl\u0113jiet! M\u016bsu majaslapp\u0101 ir vislab\u0101k\u0101 sada\u013ca priek\u0161 jums: &#8220;\u016adens z\u012bmolu datu b\u0101ze&#8221;. M\u0113s esam r\u016bp\u012bgi apkopoju\u0161i pla\u0161u sarakstu ar pudel\u0113s pild\u012bta \u016bdens z\u012bmoliem, kas pieejami j\u016bsu valst\u012b un vis\u0101 pasaul\u0113. M\u0113s aptveram visu, kas jums j\u0101zina par savu \u016bdeni. S\u0101kot ar paskaidrojumiem par \u016bdens specifiskajiem parametriem, \u016bdens gar\u0161u un beidzot [&hellip;]<\/p>\n","protected":false},"author":1,"featured_media":0,"parent":0,"menu_order":0,"comment_status":"closed","ping_status":"closed","template":"","meta":{"footnotes":""},"acf":[],"yoast_head":"<!-- This site is optimized with the Yoast SEO plugin v21.2 - https:\/\/yoast.com\/wordpress\/plugins\/seo\/ -->\n<title>\u016adens z\u012bmoli - PickAqua<\/title>\n<meta name=\"robots\" content=\"index, follow, max-snippet:-1, max-image-preview:large, max-video-preview:-1\" \/>\n<link rel=\"canonical\" href=\"https:\/\/pickaqua.com\/lv\/udens-zimoli\/\" \/>\n<meta property=\"og:locale\" content=\"lv_LV\" \/>\n<meta property=\"og:type\" content=\"article\" \/>\n<meta property=\"og:title\" content=\"\u016adens z\u012bmoli - PickAqua\" \/>\n<meta property=\"og:description\" content=\"Vai esat \u016bdens entuziasts? T\u0101l\u0101k nemekl\u0113jiet! M\u016bsu majaslapp\u0101 ir vislab\u0101k\u0101 sada\u013ca priek\u0161 jums: &#8220;\u016adens z\u012bmolu datu b\u0101ze&#8221;. M\u0113s esam r\u016bp\u012bgi apkopoju\u0161i pla\u0161u sarakstu ar pudel\u0113s pild\u012bta \u016bdens z\u012bmoliem, kas pieejami j\u016bsu valst\u012b un vis\u0101 pasaul\u0113. M\u0113s aptveram visu, kas jums j\u0101zina par savu \u016bdeni. S\u0101kot ar paskaidrojumiem par \u016bdens specifiskajiem parametriem, \u016bdens gar\u0161u un beidzot [&hellip;]\" \/>\n<meta property=\"og:url\" content=\"https:\/\/pickaqua.com\/lv\/udens-zimoli\/\" \/>\n<meta property=\"og:site_name\" content=\"PickAqua\" \/>\n<meta property=\"article:publisher\" content=\"https:\/\/www.facebook.com\/pickaquaapp\/\" \/>\n<meta property=\"article:modified_time\" content=\"2023-05-02T10:09:51+00:00\" \/>\n<meta property=\"og:image\" content=\"https:\/\/pickaqua.com\/wp-content\/uploads\/2023\/07\/watershop.jpg\" \/>\n\t<meta property=\"og:image:width\" content=\"867\" \/>\n\t<meta property=\"og:image:height\" content=\"528\" \/>\n\t<meta property=\"og:image:type\" content=\"image\/jpeg\" \/>\n<meta name=\"twitter:card\" content=\"summary_large_image\" \/>\n<meta name=\"twitter:label1\" content=\"Est. reading time\" \/>\n\t<meta name=\"twitter:data1\" content=\"3 minutes\" \/>\n<script type=\"application\/ld+json\" class=\"yoast-schema-graph\">{\"@context\":\"https:\/\/schema.org\",\"@graph\":[{\"@type\":\"WebPage\",\"@id\":\"https:\/\/pickaqua.com\/lv\/udens-zimoli\/\",\"url\":\"https:\/\/pickaqua.com\/lv\/udens-zimoli\/\",\"name\":\"\u016adens z\u012bmoli - PickAqua\",\"isPartOf\":{\"@id\":\"https:\/\/pickaqua.com\/#website\"},\"datePublished\":\"2023-04-03T10:58:48+00:00\",\"dateModified\":\"2023-05-02T10:09:51+00:00\",\"breadcrumb\":{\"@id\":\"https:\/\/pickaqua.com\/lv\/udens-zimoli\/#breadcrumb\"},\"inLanguage\":\"lv-LV\",\"potentialAction\":[{\"@type\":\"ReadAction\",\"target\":[\"https:\/\/pickaqua.com\/lv\/udens-zimoli\/\"]}]},{\"@type\":\"BreadcrumbList\",\"@id\":\"https:\/\/pickaqua.com\/lv\/udens-zimoli\/#breadcrumb\",\"itemListElement\":[{\"@type\":\"ListItem\",\"position\":1,\"name\":\"Home\",\"item\":\"https:\/\/pickaqua.com\/lv\/\"},{\"@type\":\"ListItem\",\"position\":2,\"name\":\"\u016adens z\u012bmoli\"}]},{\"@type\":\"WebSite\",\"@id\":\"https:\/\/pickaqua.com\/#website\",\"url\":\"https:\/\/pickaqua.com\/\",\"name\":\"PickAqua\",\"description\":\"World&#039;s first water choice app\",\"publisher\":{\"@id\":\"https:\/\/pickaqua.com\/#organization\"},\"potentialAction\":[{\"@type\":\"SearchAction\",\"target\":{\"@type\":\"EntryPoint\",\"urlTemplate\":\"https:\/\/pickaqua.com\/?s={search_term_string}\"},\"query-input\":\"required name=search_term_string\"}],\"inLanguage\":\"lv-LV\"},{\"@type\":\"Organization\",\"@id\":\"https:\/\/pickaqua.com\/#organization\",\"name\":\"PickAqua\",\"url\":\"https:\/\/pickaqua.com\/\",\"logo\":{\"@type\":\"ImageObject\",\"inLanguage\":\"lv-LV\",\"@id\":\"https:\/\/pickaqua.com\/#\/schema\/logo\/image\/\",\"url\":\"https:\/\/pickaqua.com\/wp-content\/uploads\/2023\/03\/Horizontal-logo_blue1-1.png\",\"contentUrl\":\"https:\/\/pickaqua.com\/wp-content\/uploads\/2023\/03\/Horizontal-logo_blue1-1.png\",\"width\":177,\"height\":176,\"caption\":\"PickAqua\"},\"image\":{\"@id\":\"https:\/\/pickaqua.com\/#\/schema\/logo\/image\/\"},\"sameAs\":[\"https:\/\/www.facebook.com\/pickaquaapp\/\",\"https:\/\/www.instagram.com\/pickaqua\/\"]}]}<\/script>\n<!-- \/ Yoast SEO plugin. -->","yoast_head_json":{"title":"\u016adens z\u012bmoli - PickAqua","robots":{"index":"index","follow":"follow","max-snippet":"max-snippet:-1","max-image-preview":"max-image-preview:large","max-video-preview":"max-video-preview:-1"},"canonical":"https:\/\/pickaqua.com\/lv\/udens-zimoli\/","og_locale":"lv_LV","og_type":"article","og_title":"\u016adens z\u012bmoli - PickAqua","og_description":"Vai esat \u016bdens entuziasts? T\u0101l\u0101k nemekl\u0113jiet! M\u016bsu majaslapp\u0101 ir vislab\u0101k\u0101 sada\u013ca priek\u0161 jums: &#8220;\u016adens z\u012bmolu datu b\u0101ze&#8221;. M\u0113s esam r\u016bp\u012bgi apkopoju\u0161i pla\u0161u sarakstu ar pudel\u0113s pild\u012bta \u016bdens z\u012bmoliem, kas pieejami j\u016bsu valst\u012b un vis\u0101 pasaul\u0113. M\u0113s aptveram visu, kas jums j\u0101zina par savu \u016bdeni. S\u0101kot ar paskaidrojumiem par \u016bdens specifiskajiem parametriem, \u016bdens gar\u0161u un beidzot [&hellip;]","og_url":"https:\/\/pickaqua.com\/lv\/udens-zimoli\/","og_site_name":"PickAqua","article_publisher":"https:\/\/www.facebook.com\/pickaquaapp\/","article_modified_time":"2023-05-02T10:09:51+00:00","og_image":[{"width":867,"height":528,"url":"https:\/\/pickaqua.com\/wp-content\/uploads\/2023\/07\/watershop.jpg","type":"image\/jpeg"}],"twitter_card":"summary_large_image","twitter_misc":{"Est. reading time":"3 minutes"},"schema":{"@context":"https:\/\/schema.org","@graph":[{"@type":"WebPage","@id":"https:\/\/pickaqua.com\/lv\/udens-zimoli\/","url":"https:\/\/pickaqua.com\/lv\/udens-zimoli\/","name":"\u016adens z\u012bmoli - PickAqua","isPartOf":{"@id":"https:\/\/pickaqua.com\/#website"},"datePublished":"2023-04-03T10:58:48+00:00","dateModified":"2023-05-02T10:09:51+00:00","breadcrumb":{"@id":"https:\/\/pickaqua.com\/lv\/udens-zimoli\/#breadcrumb"},"inLanguage":"lv-LV","potentialAction":[{"@type":"ReadAction","target":["https:\/\/pickaqua.com\/lv\/udens-zimoli\/"]}]},{"@type":"BreadcrumbList","@id":"https:\/\/pickaqua.com\/lv\/udens-zimoli\/#breadcrumb","itemListElement":[{"@type":"ListItem","position":1,"name":"Home","item":"https:\/\/pickaqua.com\/lv\/"},{"@type":"ListItem","position":2,"name":"\u016adens z\u012bmoli"}]},{"@type":"WebSite","@id":"https:\/\/pickaqua.com\/#website","url":"https:\/\/pickaqua.com\/","name":"PickAqua","description":"World&#039;s first water choice app","publisher":{"@id":"https:\/\/pickaqua.com\/#organization"},"potentialAction":[{"@type":"SearchAction","target":{"@type":"EntryPoint","urlTemplate":"https:\/\/pickaqua.com\/?s={search_term_string}"},"query-input":"required name=search_term_string"}],"inLanguage":"lv-LV"},{"@type":"Organization","@id":"https:\/\/pickaqua.com\/#organization","name":"PickAqua","url":"https:\/\/pickaqua.com\/","logo":{"@type":"ImageObject","inLanguage":"lv-LV","@id":"https:\/\/pickaqua.com\/#\/schema\/logo\/image\/","url":"https:\/\/pickaqua.com\/wp-content\/uploads\/2023\/03\/Horizontal-logo_blue1-1.png","contentUrl":"https:\/\/pickaqua.com\/wp-content\/uploads\/2023\/03\/Horizontal-logo_blue1-1.png","width":177,"height":176,"caption":"PickAqua"},"image":{"@id":"https:\/\/pickaqua.com\/#\/schema\/logo\/image\/"},"sameAs":["https:\/\/www.facebook.com\/pickaquaapp\/","https:\/\/www.instagram.com\/pickaqua\/"]}]}},"_links":{"self":[{"href":"https:\/\/pickaqua.com\/lv\/wp-json\/wp\/v2\/pages\/2940"}],"collection":[{"href":"https:\/\/pickaqua.com\/lv\/wp-json\/wp\/v2\/pages"}],"about":[{"href":"https:\/\/pickaqua.com\/lv\/wp-json\/wp\/v2\/types\/page"}],"author":[{"embeddable":true,"href":"https:\/\/pickaqua.com\/lv\/wp-json\/wp\/v2\/users\/1"}],"replies":[{"embeddable":true,"href":"https:\/\/pickaqua.com\/lv\/wp-json\/wp\/v2\/comments?post=2940"}],"version-history":[{"count":2,"href":"https:\/\/pickaqua.com\/lv\/wp-json\/wp\/v2\/pages\/2940\/revisions"}],"predecessor-version":[{"id":3852,"href":"https:\/\/pickaqua.com\/lv\/wp-json\/wp\/v2\/pages\/2940\/revisions\/3852"}],"wp:attachment":[{"href":"https:\/\/pickaqua.com\/lv\/wp-json\/wp\/v2\/media?parent=2940"}],"curies":[{"name":"wp","href":"https:\/\/api.w.org\/{rel}","templated":true}]}}