{"id":3017,"date":"2023-04-03T19:21:07","date_gmt":"2023-04-03T16:21:07","guid":{"rendered":"https:\/\/pickaqua.com\/?page_id=3017"},"modified":"2023-07-13T23:59:43","modified_gmt":"2023-07-13T20:59:43","slug":"veikals","status":"publish","type":"page","link":"https:\/\/pickaqua.com\/lv\/veikals\/","title":{"rendered":"\u016adens veikals"},"content":{"rendered":"\t\t<div data-elementor-type=\"wp-page\" data-elementor-id=\"3017\" class=\"elementor elementor-3017 elementor-3007\" data-elementor-post-type=\"page\">\n\t\t\t\t\t\t\t\t\t<section class=\"elementor-section elementor-top-section elementor-element elementor-element-84c7d1f elementor-section-boxed elementor-section-height-default elementor-section-height-default\" data-id=\"84c7d1f\" data-element_type=\"section\" data-settings=\"{&quot;jet_parallax_layout_list&quot;:[]}\">\n\t\t\t\t\t\t<div class=\"elementor-container elementor-column-gap-default\">\n\t\t\t\t\t<div class=\"elementor-column elementor-col-100 elementor-top-column elementor-element elementor-element-c8f44f5\" data-id=\"c8f44f5\" data-element_type=\"column\">\n\t\t\t<div class=\"elementor-widget-wrap elementor-element-populated\">\n\t\t\t\t\t\t\t\t<div class=\"elementor-element elementor-element-5c61775 elementor-widget elementor-widget-text-editor\" data-id=\"5c61775\" data-element_type=\"widget\" data-widget_type=\"text-editor.default\">\n\t\t\t\t<div class=\"elementor-widget-container\">\n\t\t\t<style>\/*! elementor - v3.14.0 - 26-06-2023 *\/\n.elementor-widget-text-editor.elementor-drop-cap-view-stacked .elementor-drop-cap{background-color:#69727d;color:#fff}.elementor-widget-text-editor.elementor-drop-cap-view-framed .elementor-drop-cap{color:#69727d;border:3px solid;background-color:transparent}.elementor-widget-text-editor:not(.elementor-drop-cap-view-default) .elementor-drop-cap{margin-top:8px}.elementor-widget-text-editor:not(.elementor-drop-cap-view-default) .elementor-drop-cap-letter{width:1em;height:1em}.elementor-widget-text-editor .elementor-drop-cap{float:left;text-align:center;line-height:1;font-size:50px}.elementor-widget-text-editor .elementor-drop-cap-letter{display:inline-block}<\/style>\t\t\t\t<p>M\u0113s dz\u012bvojam laik\u0101, kad, \u013coti iesp\u0113jams, esam p\u0113d\u0113j\u0101 paaudze, kas bauda piln\u012bgi t\u012bru, vesel\u012bgu \u016bdeni ar ori\u0123in\u0101lu un nefiltr\u0113tu miner\u0101lvielu sast\u0101vu. Dab\u012bgu \u016bdeni, kas ir pild\u012bts pudel\u0113 \u016bdens dzim\u0161anas viet\u0101, un nav j\u0101dezinfic\u0113 un j\u0101filtr\u0113 no tehnog\u0113n\u0101s vides ietekmes. <\/p>\n<p>Uz plan\u0113tas Zeme 97 % \u016bdens ir s\u0101ls\u016bdens, bet 2,5 % sald\u016bdens ir iesl\u0113gts led\u0101jos vai atrodas p\u0101r\u0101k dzi\u013ci zemes dz\u012bl\u0113s, lai m\u0113s to var\u0113tu ieg\u016bt. <strong>Mums ir pieejami tikai 0,5 % no visa plan\u0113tas sald\u016bdens, ieskaitot visas upes un ezerus. Ja \u0161o 0,5 % \u016bdens daudzumu p\u0101rv\u0113rstu 100 litros, tad no \u0161\u012b daudzuma tikai puse no t\u0113jkarotes b\u016btu kvalitat\u012bvs \u016bdens, ko m\u0113s varam dro\u0161i dzert. PickAqua sav\u0101 \u016bdens kl\u0101st\u0101 pied\u0101v\u0101 tikai lab\u0101ko no lab\u0101kajiem \u016bde\u0146iem.  <br \/><\/strong><\/p>\n<p><strong>&#8220;Pieredziet \u016adeni k\u0101 nekad agr\u0101k&#8221;.<\/strong><\/p>\n<p>PickAqua \u016bdens veikals pied\u0101v\u0101 unik\u0101lu un atlas\u012btu augst\u0101k\u0101s kvalit\u0101tes \u016bdens izlasi ar neparastu un vesel\u012bgu miner\u0101lvielu sast\u0101vu. M\u016bsu profesion\u0101\u013cu komanda ir r\u016bp\u012bgi izanaliz\u0113jusi vair\u0101k nek\u0101 3000 \u016bdens z\u012bmolu, lai atlas\u012btu tikai lab\u0101kos no lab\u0101kajiem, nodro\u0161inot, ka m\u016bsu klienti sa\u0146em augst\u0101k\u0101s kvalit\u0101tes dab\u012bgos miner\u0101l\u016bde\u0146us. Da\u017e\u0101du \u016bde\u0146u kl\u0101sts m\u016bsu veikal\u0101 ar laiku tikai pieaugs.   <br \/>M\u016bsu pied\u0101v\u0101jum\u0101 ir gan popul\u0101ri z\u012bmoli, kas ir atpaz\u012bstami viet\u0113j\u0101 vai starptautisk\u0101 m\u0113rog\u0101, gan ar\u012b ekskluz\u012bv\u0101kie un ret\u0101k sastopamie miner\u0101l\u016bdens sast\u0101vi no da\u017e\u0101d\u0101m valst\u012bm. <\/p>\n<p>M\u0113s veicam ar\u012b \u016bdens pieg\u0101di uz m\u0101j\u0101m, kas padara visu procesu \u0113rt\u0101ku gala lietot\u0101jam, nodro\u0161inot klientam da\u017e\u0101dus \u016bdens veidus, kas aptver vesel\u012bga dz\u012bvesveida vajadz\u012bbas. Savu klientu \u0113rt\u012bb\u0101m pied\u0101v\u0101jam ar\u012b \u016bdens abon\u0113\u0161anas iesp\u0113ju, kas garant\u0113, ka j\u016bsu &#8220;aka&#8221; nekad neizs\u012bks, un visaugst\u0101k\u0101s kvalit\u0101tes hidrat\u0101cija tiek garant\u0113ta vienm\u0113r laik\u0101.  <br \/>Tiem \u016bdens cien\u012bt\u0101jiem, kas atrodas \u0101rpus Baltijas, m\u0113s pied\u0101v\u0101jam ar\u012b pieg\u0101di. Vienk\u0101r\u0161i sazinieties ar mums, un m\u0113s atrad\u012bsim lab\u0101ko risin\u0101jumu.  <\/p>\n<p>Ieg\u0101d\u0101joties \u016bdeni caur PickAqua, ir daudz priek\u0161roc\u012bbu. M\u016bsu klientiem ir pieejams augst\u0101k\u0101s kvalit\u0101tes \u016bdens, kas ir atz\u012bts, ka tas veicina labsaj\u016btu. M\u0113s uzskat\u0101m, ka m\u016bsu \u016bdens kl\u0101sta unik\u0101lais miner\u0101lvielu sast\u0101vs nodro\u0161ina nep\u0101rsp\u0113jamu gar\u0161u un sniedz organismam svar\u012bgus elementus optim\u0101lai hidrat\u0101cijai. Ir daudz labu \u016bde\u0146u pasaul\u0113, ta\u010du m\u0113s esam p\u0101rliecin\u0101ti, ka m\u016bsu pied\u0101v\u0101tais \u016bdens kl\u0101sts ir izcils. PickAqua dev\u012bze ir &#8220;Izv\u0113lieties \u016adeni, nevis pudeli&#8221;.    <\/p>\n<p>Turkl\u0101t, ieg\u0101d\u0101joties \u016bdeni ar PickAqua starpniec\u012bbu, m\u016bsu klienti kr\u0101j lojalit\u0101tes \u016bdens pilienus. Katrs dar\u012bjums m\u016bsu vietn\u0113 aktiviz\u0113 \u016bdens pilienus pirc\u0113ja kont\u0101, kurus var uzkr\u0101t un apmain\u012bt pret v\u0113rt\u012bg\u0101m prec\u0113m, piem\u0113ram, \u016bdeni, t-krekliem vai cit\u0101m prec\u0113m. <\/p>\n<p>Kopsavilkum\u0101 PickAqua \u016bdens veikals katru dienu att\u012bst\u0101s, m\u0113s c\u012bt\u012bgi str\u0101d\u0101jam, lai nodro\u0161in\u0101tu vislab\u0101ko servisu un pied\u0101v\u0101tu m\u016bsu \u016bdens m\u012b\u013cot\u0101ju kopienai lab\u0101kos pied\u0101v\u0101jumus. Abon\u0113jiet PickAqua \u016bdens zi\u0146as, lai vienm\u0113r b\u016btu kontakt\u0101 un sa\u0146emtu jaunus interesantus gaid\u0101mos pied\u0101v\u0101jumus. <\/p>\n\t\t\t\t\t\t<\/div>\n\t\t\t\t<\/div>\n\t\t\t\t<div class=\"elementor-element elementor-element-8cb3307 elementor-widget elementor-widget-button\" data-id=\"8cb3307\" data-element_type=\"widget\" data-widget_type=\"button.default\">\n\t\t\t\t<div class=\"elementor-widget-container\">\n\t\t\t\t\t<div class=\"elementor-button-wrapper\">\n\t\t\t<a class=\"elementor-button elementor-button-link elementor-size-sm\" href=\"#Subscribe\">\n\t\t\t\t\t\t<span class=\"elementor-button-content-wrapper\">\n\t\t\t\t\t\t<span class=\"elementor-button-text\">Pierakst\u012bties<\/span>\n\t\t<\/span>\n\t\t\t\t\t<\/a>\n\t\t<\/div>\n\t\t\t\t<\/div>\n\t\t\t\t<\/div>\n\t\t\t\t\t<\/div>\n\t\t<\/div>\n\t\t\t\t\t\t\t<\/div>\n\t\t<\/section>\n\t\t\t\t\t\t\t<\/div>\n\t\t","protected":false},"excerpt":{"rendered":"<p>M\u0113s dz\u012bvojam laik\u0101, kad, \u013coti iesp\u0113jams, esam p\u0113d\u0113j\u0101 paaudze, kas bauda piln\u012bgi t\u012bru, vesel\u012bgu \u016bdeni ar ori\u0123in\u0101lu un nefiltr\u0113tu miner\u0101lvielu sast\u0101vu. Dab\u012bgu \u016bdeni, kas ir pild\u012bts pudel\u0113 \u016bdens dzim\u0161anas viet\u0101, un nav j\u0101dezinfic\u0113 un j\u0101filtr\u0113 no tehnog\u0113n\u0101s vides ietekmes. Uz plan\u0113tas Zeme 97 % \u016bdens ir s\u0101ls\u016bdens, bet 2,5 % sald\u016bdens ir iesl\u0113gts led\u0101jos vai [&hellip;]<\/p>\n","protected":false},"author":1,"featured_media":0,"parent":0,"menu_order":0,"comment_status":"closed","ping_status":"closed","template":"","meta":{"footnotes":""},"acf":[],"yoast_head":"<!-- This site is optimized with the Yoast SEO plugin v21.2 - https:\/\/yoast.com\/wordpress\/plugins\/seo\/ -->\n<title>\u016adens veikals - PickAqua<\/title>\n<meta name=\"robots\" content=\"index, follow, max-snippet:-1, max-image-preview:large, max-video-preview:-1\" \/>\n<link rel=\"canonical\" href=\"https:\/\/pickaqua.com\/lv\/veikals\/\" \/>\n<meta property=\"og:locale\" content=\"lv_LV\" \/>\n<meta property=\"og:type\" content=\"article\" \/>\n<meta property=\"og:title\" content=\"\u016adens veikals - PickAqua\" \/>\n<meta property=\"og:description\" content=\"M\u0113s dz\u012bvojam laik\u0101, kad, \u013coti iesp\u0113jams, esam p\u0113d\u0113j\u0101 paaudze, kas bauda piln\u012bgi t\u012bru, vesel\u012bgu \u016bdeni ar ori\u0123in\u0101lu un nefiltr\u0113tu miner\u0101lvielu sast\u0101vu. Dab\u012bgu \u016bdeni, kas ir pild\u012bts pudel\u0113 \u016bdens dzim\u0161anas viet\u0101, un nav j\u0101dezinfic\u0113 un j\u0101filtr\u0113 no tehnog\u0113n\u0101s vides ietekmes. Uz plan\u0113tas Zeme 97 % \u016bdens ir s\u0101ls\u016bdens, bet 2,5 % sald\u016bdens ir iesl\u0113gts led\u0101jos vai [&hellip;]\" \/>\n<meta property=\"og:url\" content=\"https:\/\/pickaqua.com\/lv\/veikals\/\" \/>\n<meta property=\"og:site_name\" content=\"PickAqua\" \/>\n<meta property=\"article:publisher\" content=\"https:\/\/www.facebook.com\/pickaquaapp\/\" \/>\n<meta property=\"article:modified_time\" content=\"2023-07-13T20:59:43+00:00\" \/>\n<meta property=\"og:image\" content=\"https:\/\/pickaqua.com\/wp-content\/uploads\/2023\/07\/watershop.jpg\" \/>\n\t<meta property=\"og:image:width\" content=\"867\" \/>\n\t<meta property=\"og:image:height\" content=\"528\" \/>\n\t<meta property=\"og:image:type\" content=\"image\/jpeg\" \/>\n<meta name=\"twitter:card\" content=\"summary_large_image\" \/>\n<meta name=\"twitter:label1\" content=\"Est. reading time\" \/>\n\t<meta name=\"twitter:data1\" content=\"3 minutes\" \/>\n<script type=\"application\/ld+json\" class=\"yoast-schema-graph\">{\"@context\":\"https:\/\/schema.org\",\"@graph\":[{\"@type\":\"WebPage\",\"@id\":\"https:\/\/pickaqua.com\/lv\/veikals\/\",\"url\":\"https:\/\/pickaqua.com\/lv\/veikals\/\",\"name\":\"\u016adens veikals - PickAqua\",\"isPartOf\":{\"@id\":\"https:\/\/pickaqua.com\/#website\"},\"datePublished\":\"2023-04-03T16:21:07+00:00\",\"dateModified\":\"2023-07-13T20:59:43+00:00\",\"breadcrumb\":{\"@id\":\"https:\/\/pickaqua.com\/lv\/veikals\/#breadcrumb\"},\"inLanguage\":\"lv-LV\",\"potentialAction\":[{\"@type\":\"ReadAction\",\"target\":[\"https:\/\/pickaqua.com\/lv\/veikals\/\"]}]},{\"@type\":\"BreadcrumbList\",\"@id\":\"https:\/\/pickaqua.com\/lv\/veikals\/#breadcrumb\",\"itemListElement\":[{\"@type\":\"ListItem\",\"position\":1,\"name\":\"Home\",\"item\":\"https:\/\/pickaqua.com\/lv\/\"},{\"@type\":\"ListItem\",\"position\":2,\"name\":\"\u016adens veikals\"}]},{\"@type\":\"WebSite\",\"@id\":\"https:\/\/pickaqua.com\/#website\",\"url\":\"https:\/\/pickaqua.com\/\",\"name\":\"PickAqua\",\"description\":\"World&#039;s first water choice app\",\"publisher\":{\"@id\":\"https:\/\/pickaqua.com\/#organization\"},\"potentialAction\":[{\"@type\":\"SearchAction\",\"target\":{\"@type\":\"EntryPoint\",\"urlTemplate\":\"https:\/\/pickaqua.com\/?s={search_term_string}\"},\"query-input\":\"required name=search_term_string\"}],\"inLanguage\":\"lv-LV\"},{\"@type\":\"Organization\",\"@id\":\"https:\/\/pickaqua.com\/#organization\",\"name\":\"PickAqua\",\"url\":\"https:\/\/pickaqua.com\/\",\"logo\":{\"@type\":\"ImageObject\",\"inLanguage\":\"lv-LV\",\"@id\":\"https:\/\/pickaqua.com\/#\/schema\/logo\/image\/\",\"url\":\"https:\/\/pickaqua.com\/wp-content\/uploads\/2023\/03\/Horizontal-logo_blue1-1.png\",\"contentUrl\":\"https:\/\/pickaqua.com\/wp-content\/uploads\/2023\/03\/Horizontal-logo_blue1-1.png\",\"width\":177,\"height\":176,\"caption\":\"PickAqua\"},\"image\":{\"@id\":\"https:\/\/pickaqua.com\/#\/schema\/logo\/image\/\"},\"sameAs\":[\"https:\/\/www.facebook.com\/pickaquaapp\/\",\"https:\/\/www.instagram.com\/pickaqua\/\"]}]}<\/script>\n<!-- \/ Yoast SEO plugin. -->","yoast_head_json":{"title":"\u016adens veikals - PickAqua","robots":{"index":"index","follow":"follow","max-snippet":"max-snippet:-1","max-image-preview":"max-image-preview:large","max-video-preview":"max-video-preview:-1"},"canonical":"https:\/\/pickaqua.com\/lv\/veikals\/","og_locale":"lv_LV","og_type":"article","og_title":"\u016adens veikals - PickAqua","og_description":"M\u0113s dz\u012bvojam laik\u0101, kad, \u013coti iesp\u0113jams, esam p\u0113d\u0113j\u0101 paaudze, kas bauda piln\u012bgi t\u012bru, vesel\u012bgu \u016bdeni ar ori\u0123in\u0101lu un nefiltr\u0113tu miner\u0101lvielu sast\u0101vu. Dab\u012bgu \u016bdeni, kas ir pild\u012bts pudel\u0113 \u016bdens dzim\u0161anas viet\u0101, un nav j\u0101dezinfic\u0113 un j\u0101filtr\u0113 no tehnog\u0113n\u0101s vides ietekmes. Uz plan\u0113tas Zeme 97 % \u016bdens ir s\u0101ls\u016bdens, bet 2,5 % sald\u016bdens ir iesl\u0113gts led\u0101jos vai [&hellip;]","og_url":"https:\/\/pickaqua.com\/lv\/veikals\/","og_site_name":"PickAqua","article_publisher":"https:\/\/www.facebook.com\/pickaquaapp\/","article_modified_time":"2023-07-13T20:59:43+00:00","og_image":[{"width":867,"height":528,"url":"https:\/\/pickaqua.com\/wp-content\/uploads\/2023\/07\/watershop.jpg","type":"image\/jpeg"}],"twitter_card":"summary_large_image","twitter_misc":{"Est. reading time":"3 minutes"},"schema":{"@context":"https:\/\/schema.org","@graph":[{"@type":"WebPage","@id":"https:\/\/pickaqua.com\/lv\/veikals\/","url":"https:\/\/pickaqua.com\/lv\/veikals\/","name":"\u016adens veikals - PickAqua","isPartOf":{"@id":"https:\/\/pickaqua.com\/#website"},"datePublished":"2023-04-03T16:21:07+00:00","dateModified":"2023-07-13T20:59:43+00:00","breadcrumb":{"@id":"https:\/\/pickaqua.com\/lv\/veikals\/#breadcrumb"},"inLanguage":"lv-LV","potentialAction":[{"@type":"ReadAction","target":["https:\/\/pickaqua.com\/lv\/veikals\/"]}]},{"@type":"BreadcrumbList","@id":"https:\/\/pickaqua.com\/lv\/veikals\/#breadcrumb","itemListElement":[{"@type":"ListItem","position":1,"name":"Home","item":"https:\/\/pickaqua.com\/lv\/"},{"@type":"ListItem","position":2,"name":"\u016adens veikals"}]},{"@type":"WebSite","@id":"https:\/\/pickaqua.com\/#website","url":"https:\/\/pickaqua.com\/","name":"PickAqua","description":"World&#039;s first water choice app","publisher":{"@id":"https:\/\/pickaqua.com\/#organization"},"potentialAction":[{"@type":"SearchAction","target":{"@type":"EntryPoint","urlTemplate":"https:\/\/pickaqua.com\/?s={search_term_string}"},"query-input":"required name=search_term_string"}],"inLanguage":"lv-LV"},{"@type":"Organization","@id":"https:\/\/pickaqua.com\/#organization","name":"PickAqua","url":"https:\/\/pickaqua.com\/","logo":{"@type":"ImageObject","inLanguage":"lv-LV","@id":"https:\/\/pickaqua.com\/#\/schema\/logo\/image\/","url":"https:\/\/pickaqua.com\/wp-content\/uploads\/2023\/03\/Horizontal-logo_blue1-1.png","contentUrl":"https:\/\/pickaqua.com\/wp-content\/uploads\/2023\/03\/Horizontal-logo_blue1-1.png","width":177,"height":176,"caption":"PickAqua"},"image":{"@id":"https:\/\/pickaqua.com\/#\/schema\/logo\/image\/"},"sameAs":["https:\/\/www.facebook.com\/pickaquaapp\/","https:\/\/www.instagram.com\/pickaqua\/"]}]}},"_links":{"self":[{"href":"https:\/\/pickaqua.com\/lv\/wp-json\/wp\/v2\/pages\/3017"}],"collection":[{"href":"https:\/\/pickaqua.com\/lv\/wp-json\/wp\/v2\/pages"}],"about":[{"href":"https:\/\/pickaqua.com\/lv\/wp-json\/wp\/v2\/types\/page"}],"author":[{"embeddable":true,"href":"https:\/\/pickaqua.com\/lv\/wp-json\/wp\/v2\/users\/1"}],"replies":[{"embeddable":true,"href":"https:\/\/pickaqua.com\/lv\/wp-json\/wp\/v2\/comments?post=3017"}],"version-history":[{"count":10,"href":"https:\/\/pickaqua.com\/lv\/wp-json\/wp\/v2\/pages\/3017\/revisions"}],"predecessor-version":[{"id":5822,"href":"https:\/\/pickaqua.com\/lv\/wp-json\/wp\/v2\/pages\/3017\/revisions\/5822"}],"wp:attachment":[{"href":"https:\/\/pickaqua.com\/lv\/wp-json\/wp\/v2\/media?parent=3017"}],"curies":[{"name":"wp","href":"https:\/\/api.w.org\/{rel}","templated":true}]}}