{"id":3526,"date":"2023-05-01T11:32:14","date_gmt":"2023-05-01T08:32:14","guid":{"rendered":"https:\/\/pickaqua.com\/horeca-2\/"},"modified":"2023-05-11T09:40:36","modified_gmt":"2023-05-11T06:40:36","slug":"horeca","status":"publish","type":"page","link":"https:\/\/pickaqua.com\/lv\/pakalpojumi\/horeca\/","title":{"rendered":"HoReCa\u200b"},"content":{"rendered":"\t\t<div data-elementor-type=\"wp-page\" data-elementor-id=\"3526\" class=\"elementor elementor-3526 elementor-3514\" data-elementor-post-type=\"page\">\n\t\t\t\t\t\t\t\t\t<section class=\"elementor-section elementor-top-section elementor-element elementor-element-35d8375 elementor-section-boxed elementor-section-height-default elementor-section-height-default\" data-id=\"35d8375\" data-element_type=\"section\" data-settings=\"{&quot;jet_parallax_layout_list&quot;:[{&quot;jet_parallax_layout_image&quot;:{&quot;url&quot;:&quot;&quot;,&quot;id&quot;:&quot;&quot;,&quot;size&quot;:&quot;&quot;},&quot;_id&quot;:&quot;3874e30&quot;,&quot;jet_parallax_layout_image_tablet&quot;:{&quot;url&quot;:&quot;&quot;,&quot;id&quot;:&quot;&quot;,&quot;size&quot;:&quot;&quot;},&quot;jet_parallax_layout_image_mobile&quot;:{&quot;url&quot;:&quot;&quot;,&quot;id&quot;:&quot;&quot;,&quot;size&quot;:&quot;&quot;},&quot;jet_parallax_layout_speed&quot;:{&quot;unit&quot;:&quot;%&quot;,&quot;size&quot;:50,&quot;sizes&quot;:[]},&quot;jet_parallax_layout_type&quot;:&quot;scroll&quot;,&quot;jet_parallax_layout_direction&quot;:null,&quot;jet_parallax_layout_fx_direction&quot;:null,&quot;jet_parallax_layout_z_index&quot;:&quot;&quot;,&quot;jet_parallax_layout_bg_x&quot;:50,&quot;jet_parallax_layout_bg_x_tablet&quot;:&quot;&quot;,&quot;jet_parallax_layout_bg_x_mobile&quot;:&quot;&quot;,&quot;jet_parallax_layout_bg_y&quot;:50,&quot;jet_parallax_layout_bg_y_tablet&quot;:&quot;&quot;,&quot;jet_parallax_layout_bg_y_mobile&quot;:&quot;&quot;,&quot;jet_parallax_layout_bg_size&quot;:&quot;auto&quot;,&quot;jet_parallax_layout_bg_size_tablet&quot;:&quot;&quot;,&quot;jet_parallax_layout_bg_size_mobile&quot;:&quot;&quot;,&quot;jet_parallax_layout_animation_prop&quot;:&quot;transform&quot;,&quot;jet_parallax_layout_on&quot;:[&quot;desktop&quot;,&quot;tablet&quot;]}]}\">\n\t\t\t\t\t\t<div class=\"elementor-container elementor-column-gap-default\">\n\t\t\t\t\t<div class=\"elementor-column elementor-col-100 elementor-top-column elementor-element elementor-element-495b86f\" data-id=\"495b86f\" data-element_type=\"column\">\n\t\t\t<div class=\"elementor-widget-wrap elementor-element-populated\">\n\t\t\t\t\t\t\t\t<div class=\"elementor-element elementor-element-7c8a282 elementor-hidden-phone elementor-widget elementor-widget-heading\" data-id=\"7c8a282\" data-element_type=\"widget\" data-widget_type=\"heading.default\">\n\t\t\t\t<div class=\"elementor-widget-container\">\n\t\t\t<style>\/*! elementor - v3.14.0 - 26-06-2023 *\/\n.elementor-heading-title{padding:0;margin:0;line-height:1}.elementor-widget-heading .elementor-heading-title[class*=elementor-size-]>a{color:inherit;font-size:inherit;line-height:inherit}.elementor-widget-heading .elementor-heading-title.elementor-size-small{font-size:15px}.elementor-widget-heading .elementor-heading-title.elementor-size-medium{font-size:19px}.elementor-widget-heading .elementor-heading-title.elementor-size-large{font-size:29px}.elementor-widget-heading .elementor-heading-title.elementor-size-xl{font-size:39px}.elementor-widget-heading .elementor-heading-title.elementor-size-xxl{font-size:59px}<\/style><p class=\"elementor-heading-title elementor-size-default\">Bizness<\/p>\t\t<\/div>\n\t\t\t\t<\/div>\n\t\t\t\t<div class=\"elementor-element elementor-element-ab8e2ee elementor-widget elementor-widget-heading\" data-id=\"ab8e2ee\" data-element_type=\"widget\" data-widget_type=\"heading.default\">\n\t\t\t\t<div class=\"elementor-widget-container\">\n\t\t\t<p class=\"elementor-heading-title elementor-size-default\">Pakalpojumi<\/p>\t\t<\/div>\n\t\t\t\t<\/div>\n\t\t\t\t<div class=\"elementor-element elementor-element-5f4a225 elementor-widget__width-initial elementor-widget elementor-widget-heading\" data-id=\"5f4a225\" data-element_type=\"widget\" data-widget_type=\"heading.default\">\n\t\t\t\t<div class=\"elementor-widget-container\">\n\t\t\t<h2 class=\"elementor-heading-title elementor-size-default\">HoReCa\u200b<\/h2>\t\t<\/div>\n\t\t\t\t<\/div>\n\t\t\t\t\t<\/div>\n\t\t<\/div>\n\t\t\t\t\t\t\t<\/div>\n\t\t<\/section>\n\t\t\t\t<section class=\"elementor-section elementor-top-section elementor-element elementor-element-40a4dc5 elementor-section-boxed elementor-section-height-default elementor-section-height-default\" data-id=\"40a4dc5\" data-element_type=\"section\" data-settings=\"{&quot;jet_parallax_layout_list&quot;:[]}\">\n\t\t\t\t\t\t<div class=\"elementor-container elementor-column-gap-default\">\n\t\t\t\t\t<div class=\"elementor-column elementor-col-50 elementor-top-column elementor-element elementor-element-90e768b raven-column-flex-horizontal\" data-id=\"90e768b\" data-element_type=\"column\">\n\t\t\t<div class=\"elementor-widget-wrap elementor-element-populated\">\n\t\t\t\t\t\t\t\t<div class=\"elementor-element elementor-element-715c679 elementor-widget__width-inherit elementor-widget elementor-widget-jet-slider\" data-id=\"715c679\" data-element_type=\"widget\" data-settings=\"{&quot;slider_height_mobile&quot;:{&quot;unit&quot;:&quot;vh&quot;,&quot;size&quot;:60,&quot;sizes&quot;:[]},&quot;slider_height&quot;:{&quot;unit&quot;:&quot;px&quot;,&quot;size&quot;:600,&quot;sizes&quot;:[]},&quot;slider_height_tablet&quot;:{&quot;unit&quot;:&quot;px&quot;,&quot;size&quot;:&quot;&quot;,&quot;sizes&quot;:[]},&quot;thumbnail_width&quot;:120,&quot;thumbnail_height&quot;:80}\" data-widget_type=\"jet-slider.default\">\n\t\t\t\t<div class=\"elementor-widget-container\">\n\t\t\t<div class=\"elementor-jet-slider jet-elements\">\n<div class=\"jet-slider jet-slider__image-contain\" data-settings='{\"sliderWidth\":{\"unit\":\"%\",\"size\":100,\"sizes\":[]},\"sliderHeight\":{\"unit\":\"px\",\"size\":600,\"sizes\":[]},\"sliderNavigation\":true,\"sliderNavigationIcon\":\"jet-slider__arrow-icon-715c679\",\"sliderNaviOnHover\":false,\"sliderPagination\":false,\"sliderAutoplay\":true,\"sliderAutoplayDelay\":5000,\"sliderAutoplayOnHover\":\"pause\",\"sliderFullScreen\":true,\"sliderFullscreenIcon\":\"jet-slider__fullscreen-icon-715c679\",\"sliderShuffle\":false,\"sliderLoop\":true,\"sliderFadeMode\":false,\"slideDistance\":{\"unit\":\"px\",\"size\":10,\"sizes\":[]},\"slideDuration\":500,\"imageScaleMode\":\"contain\",\"thumbnails\":true,\"thumbnailWidth\":120,\"thumbnailHeight\":80,\"rightToLeft\":false,\"touchswipe\":true,\"fractionPag\":false}'>\n\t\n<div  class=\"slider-pro\"><div class=\"jet-slider__arrow-icon-715c679 hidden-html\"><i aria-hidden=\"true\" class=\"fas fa-angle-left\"><\/i><\/div><div class=\"jet-slider__fullscreen-icon-715c679 hidden-html\"><i aria-hidden=\"true\" class=\"fas fa-arrows-alt\"><\/i><\/div><div class=\"jet-slider__items sp-slides\">\n\n\n<div  class=\"jet-slider__item sp-slide elementor-repeater-item-1d105f5\"><img decoding=\"async\" class=\"sp-image\" src=\"https:\/\/pickaqua.com\/wp-content\/uploads\/2023\/04\/InShot_20230425_145348712-1024x869.jpg\" alt=\"InShot_20230425_145348712\" loading=\"lazy\"><img decoding=\"async\" class=\"sp-thumbnail\" src=\"https:\/\/pickaqua.com\/wp-content\/uploads\/2023\/04\/InShot_20230425_145348712-150x150.jpg\" alt=\"InShot_20230425_145348712\" loading=\"lazy\"><div class=\"jet-slider__content sp-layer \" data-position=\"centerCenter\" data-width=\"100%\" data-height=\"100%\" data-horizontal=\"0%\" data-show-transition=\"up\" data-show-duration=\"400\" data-show-delay=\"400\" >\n\t\t<div class=\"jet-slider__content-item\">\n\t\t\t<div class=\"jet-slider__content-inner\">\n\t\t\t\t\t\t<div class=\"jet-slider__button-wrapper\">\t\t\t\t\t\t<\/div><\/div>\n\t\t<\/div>\n\t\t\t<\/div>\n<\/div>\n\n<div  class=\"jet-slider__item sp-slide elementor-repeater-item-36b6a54\"><img decoding=\"async\" class=\"sp-image\" src=\"https:\/\/pickaqua.com\/wp-content\/uploads\/2023\/05\/photo_2023-05-08_17-17-57-768x1024.jpg\" alt=\"photo_2023-05-08_17-17-57\" loading=\"lazy\"><img decoding=\"async\" class=\"sp-thumbnail\" src=\"https:\/\/pickaqua.com\/wp-content\/uploads\/2023\/05\/photo_2023-05-08_17-17-57-150x150.jpg\" alt=\"photo_2023-05-08_17-17-57\" loading=\"lazy\"><div class=\"jet-slider__content sp-layer \" data-position=\"centerCenter\" data-width=\"100%\" data-height=\"100%\" data-horizontal=\"0%\" data-show-transition=\"up\" data-show-duration=\"400\" data-show-delay=\"400\" >\n\t\t<div class=\"jet-slider__content-item\">\n\t\t\t<div class=\"jet-slider__content-inner\">\n\t\t\t\t\t\t<div class=\"jet-slider__button-wrapper\">\t\t\t\t\t\t<\/div><\/div>\n\t\t<\/div>\n\t\t\t<\/div>\n<\/div>\n\n<div  class=\"jet-slider__item sp-slide elementor-repeater-item-b4bcb25\"><img decoding=\"async\" class=\"sp-image\" src=\"https:\/\/pickaqua.com\/wp-content\/uploads\/2023\/05\/photo_2023-05-08_17-30-04-1024x768.jpg\" alt=\"photo_2023-05-08_17-30-04\" loading=\"lazy\"><img decoding=\"async\" class=\"sp-thumbnail\" src=\"https:\/\/pickaqua.com\/wp-content\/uploads\/2023\/05\/photo_2023-05-08_17-30-04-150x150.jpg\" alt=\"photo_2023-05-08_17-30-04\" loading=\"lazy\"><div class=\"jet-slider__content sp-layer \" data-position=\"centerCenter\" data-width=\"100%\" data-height=\"100%\" data-horizontal=\"0%\" data-show-transition=\"up\" data-show-duration=\"400\" data-show-delay=\"400\" >\n\t\t<div class=\"jet-slider__content-item\">\n\t\t\t<div class=\"jet-slider__content-inner\">\n\t\t\t\t\t\t<div class=\"jet-slider__button-wrapper\">\t\t\t\t\t\t<\/div><\/div>\n\t\t<\/div>\n\t\t\t<\/div>\n<\/div>\n\n<div  class=\"jet-slider__item sp-slide elementor-repeater-item-e2986c9\"><img decoding=\"async\" class=\"sp-image\" src=\"https:\/\/pickaqua.com\/wp-content\/uploads\/2023\/05\/photo_2023-05-08_17-17-54-1024x982.jpg\" alt=\"photo_2023-05-08_17-17-54\" loading=\"lazy\"><img decoding=\"async\" class=\"sp-thumbnail\" src=\"https:\/\/pickaqua.com\/wp-content\/uploads\/2023\/05\/photo_2023-05-08_17-17-54-150x150.jpg\" alt=\"photo_2023-05-08_17-17-54\" loading=\"lazy\"><div class=\"jet-slider__content sp-layer \" data-position=\"centerCenter\" data-width=\"100%\" data-height=\"100%\" data-horizontal=\"0%\" data-show-transition=\"up\" data-show-duration=\"400\" data-show-delay=\"400\" >\n\t\t<div class=\"jet-slider__content-item\">\n\t\t\t<div class=\"jet-slider__content-inner\">\n\t\t\t\t\t\t<div class=\"jet-slider__button-wrapper\">\t\t\t\t\t\t<\/div><\/div>\n\t\t<\/div>\n\t\t\t<\/div>\n<\/div>\n\n<\/div>\n<\/div>\n<\/div>\n<\/div>\t\t<\/div>\n\t\t\t\t<\/div>\n\t\t\t\t\t<\/div>\n\t\t<\/div>\n\t\t\t\t<div class=\"elementor-column elementor-col-50 elementor-top-column elementor-element elementor-element-0f83d66\" data-id=\"0f83d66\" data-element_type=\"column\">\n\t\t\t<div class=\"elementor-widget-wrap elementor-element-populated\">\n\t\t\t\t\t\t\t\t<div class=\"elementor-element elementor-element-5a16499 elementor-widget elementor-widget-text-editor\" data-id=\"5a16499\" data-element_type=\"widget\" data-widget_type=\"text-editor.default\">\n\t\t\t\t<div class=\"elementor-widget-container\">\n\t\t\t<style>\/*! elementor - v3.14.0 - 26-06-2023 *\/\n.elementor-widget-text-editor.elementor-drop-cap-view-stacked .elementor-drop-cap{background-color:#69727d;color:#fff}.elementor-widget-text-editor.elementor-drop-cap-view-framed .elementor-drop-cap{color:#69727d;border:3px solid;background-color:transparent}.elementor-widget-text-editor:not(.elementor-drop-cap-view-default) .elementor-drop-cap{margin-top:8px}.elementor-widget-text-editor:not(.elementor-drop-cap-view-default) .elementor-drop-cap-letter{width:1em;height:1em}.elementor-widget-text-editor .elementor-drop-cap{float:left;text-align:center;line-height:1;font-size:50px}.elementor-widget-text-editor .elementor-drop-cap-letter{display:inline-block}<\/style>\t\t\t\t<p>\u012apa\u0161i izstr\u0101d\u0101ta \u016bdens karte j\u016bsu organiz\u0101cijai.<\/p>\n<p>Daudzi restor\u0101ni iegulda lielus l\u012bdzek\u013cus, lai izv\u0113l\u0113tos ide\u0101lus v\u012bnus, kas papildin\u0101tu \u0113dienus, bet nepiev\u0113r\u0161 uzman\u012bbu, cik svar\u012bgi ir nodro\u0161in\u0101t atbilsto\u0161u \u016bdens izv\u0113li. Katram \u016bdenim ir sava unik\u0101la gar\u0161a, saj\u016bta mut\u0113 un uzturv\u0113rt\u012bbas \u012bpa\u0161\u012bbas, kas var iev\u0113rojami ietekm\u0113t un uzlabot malt\u012btes gar\u0161u. Nodro\u0161inot \u012bpa\u0161u \u016bdens karti, j\u016bs rad\u012bsiet izsmalcin\u0101t\u0101ku un neaizmirstam\u0101ku apmekl\u0113t\u0101ja pieredzi.  <\/p>\n<p>\u016adens karte ir \u012bpa\u0161i j\u016bsu virtuvei piem\u0113rotu \u016bde\u0146u saraksts, kas eleganti mijiedarbojas ar da\u017e\u0101diem \u0113dieniem, izce\u013cot to gar\u0161u un padarot pieredzi neaizmirstamu. <br \/>\u016adens karte ar\u012b pal\u012bdz izcelt j\u016bsu restor\u0101na uzman\u012bbu pret deta\u013c\u0101m, nodro\u0161inot visaptvero\u0161u \u0113din\u0101\u0161anas pieredzi un pievienot v\u0113rt\u012bbu j\u016bsu restor\u0101nam. <strong>Tas at\u0161\u0137irs j\u016bsu restor\u0101nu no konkurentiem un izcels j\u016bsu z\u012bmolu. <\/strong><\/p>\n<p>Tas pats attiecas uz specializ\u0113t\u0101m viesn\u012bc\u0101m, kas, piem\u0113ram, ir orient\u0113tas uz vesel\u012bgu dz\u012bvesveidu. Izv\u0113loties miner\u0101l\u016bdeni ar pareizu sast\u0101vu, j\u016bs varat b\u016btiski ietekm\u0113t daudzus apmekl\u0113t\u0101ju procesus. Piem\u0113ram, ar \u016bdeni, kas pal\u012bdz atjaunoties p\u0113c sporto\u0161anas, vai \u016bdeni, kas iev\u0113rojami pagarina iztur\u012bbu sport\u0101. \u016adens, kas aktiviz\u0113 vielmai\u0146u un uzlabo gremo\u0161anu, padarot apmekl\u0113t\u0101ju uztur\u0113\u0161anos daudz vesel\u012bg\u0101ku un interesant\u0101ku.   <\/p>\n<p><a href=\"https:\/\/pickaqua.com\/lv\/kontakti\/\">Sazinieties ar mums, lai p\u0101rrun\u0101tu, k\u0101 m\u0113s varam piel\u0101got j\u016bsu iest\u0101des \u016bdens karti.<\/a><\/p>\n\t\t\t\t\t\t<\/div>\n\t\t\t\t<\/div>\n\t\t\t\t\t<\/div>\n\t\t<\/div>\n\t\t\t\t\t\t\t<\/div>\n\t\t<\/section>\n\t\t\t\t\t\t\t<\/div>\n\t\t","protected":false},"excerpt":{"rendered":"<p>\u012apa\u0161i izstr\u0101d\u0101ta \u016bdens karte j\u016bsu organiz\u0101cijai. Daudzi restor\u0101ni iegulda lielus l\u012bdzek\u013cus, lai izv\u0113l\u0113tos ide\u0101lus v\u012bnus, kas papildin\u0101tu \u0113dienus, bet&#8230; <\/p>\n","protected":false},"author":1,"featured_media":3428,"parent":2648,"menu_order":0,"comment_status":"closed","ping_status":"closed","template":"","meta":{"footnotes":""},"acf":[],"yoast_head":"<!-- This site is optimized with the Yoast SEO plugin v21.2 - https:\/\/yoast.com\/wordpress\/plugins\/seo\/ -->\n<title>HoReCa\u200b - PickAqua<\/title>\n<meta name=\"robots\" content=\"index, follow, max-snippet:-1, max-image-preview:large, max-video-preview:-1\" \/>\n<link rel=\"canonical\" href=\"https:\/\/pickaqua.com\/lv\/pakalpojumi\/horeca\/\" \/>\n<meta property=\"og:locale\" content=\"lv_LV\" \/>\n<meta property=\"og:type\" content=\"article\" \/>\n<meta property=\"og:title\" content=\"HoReCa\u200b - PickAqua\" \/>\n<meta property=\"og:description\" content=\"\u012apa\u0161i izstr\u0101d\u0101ta \u016bdens karte j\u016bsu organiz\u0101cijai. Daudzi restor\u0101ni iegulda lielus l\u012bdzek\u013cus, lai izv\u0113l\u0113tos ide\u0101lus v\u012bnus, kas papildin\u0101tu \u0113dienus, bet...\" \/>\n<meta property=\"og:url\" content=\"https:\/\/pickaqua.com\/lv\/pakalpojumi\/horeca\/\" \/>\n<meta property=\"og:site_name\" content=\"PickAqua\" \/>\n<meta property=\"article:publisher\" content=\"https:\/\/www.facebook.com\/pickaquaapp\/\" \/>\n<meta property=\"article:modified_time\" content=\"2023-05-11T06:40:36+00:00\" \/>\n<meta property=\"og:image\" content=\"https:\/\/pickaqua.com\/wp-content\/uploads\/2023\/04\/InShot_20230425_145348712-scaled.jpg\" \/>\n\t<meta property=\"og:image:width\" content=\"2560\" \/>\n\t<meta property=\"og:image:height\" content=\"2171\" \/>\n\t<meta property=\"og:image:type\" content=\"image\/jpeg\" \/>\n<meta name=\"twitter:card\" content=\"summary_large_image\" \/>\n<meta name=\"twitter:label1\" content=\"Est. reading time\" \/>\n\t<meta name=\"twitter:data1\" content=\"3 minutes\" \/>\n<script type=\"application\/ld+json\" class=\"yoast-schema-graph\">{\"@context\":\"https:\/\/schema.org\",\"@graph\":[{\"@type\":\"WebPage\",\"@id\":\"https:\/\/pickaqua.com\/lv\/pakalpojumi\/horeca\/\",\"url\":\"https:\/\/pickaqua.com\/lv\/pakalpojumi\/horeca\/\",\"name\":\"HoReCa\u200b - PickAqua\",\"isPartOf\":{\"@id\":\"https:\/\/pickaqua.com\/#website\"},\"datePublished\":\"2023-05-01T08:32:14+00:00\",\"dateModified\":\"2023-05-11T06:40:36+00:00\",\"breadcrumb\":{\"@id\":\"https:\/\/pickaqua.com\/lv\/pakalpojumi\/horeca\/#breadcrumb\"},\"inLanguage\":\"lv-LV\",\"potentialAction\":[{\"@type\":\"ReadAction\",\"target\":[\"https:\/\/pickaqua.com\/lv\/pakalpojumi\/horeca\/\"]}]},{\"@type\":\"BreadcrumbList\",\"@id\":\"https:\/\/pickaqua.com\/lv\/pakalpojumi\/horeca\/#breadcrumb\",\"itemListElement\":[{\"@type\":\"ListItem\",\"position\":1,\"name\":\"Home\",\"item\":\"https:\/\/pickaqua.com\/lv\/\"},{\"@type\":\"ListItem\",\"position\":2,\"name\":\"Pakalpojumi\",\"item\":\"https:\/\/pickaqua.com\/lv\/pakalpojumi\/\"},{\"@type\":\"ListItem\",\"position\":3,\"name\":\"HoReCa\u200b\"}]},{\"@type\":\"WebSite\",\"@id\":\"https:\/\/pickaqua.com\/#website\",\"url\":\"https:\/\/pickaqua.com\/\",\"name\":\"PickAqua\",\"description\":\"World&#039;s first water choice app\",\"publisher\":{\"@id\":\"https:\/\/pickaqua.com\/#organization\"},\"potentialAction\":[{\"@type\":\"SearchAction\",\"target\":{\"@type\":\"EntryPoint\",\"urlTemplate\":\"https:\/\/pickaqua.com\/?s={search_term_string}\"},\"query-input\":\"required name=search_term_string\"}],\"inLanguage\":\"lv-LV\"},{\"@type\":\"Organization\",\"@id\":\"https:\/\/pickaqua.com\/#organization\",\"name\":\"PickAqua\",\"url\":\"https:\/\/pickaqua.com\/\",\"logo\":{\"@type\":\"ImageObject\",\"inLanguage\":\"lv-LV\",\"@id\":\"https:\/\/pickaqua.com\/#\/schema\/logo\/image\/\",\"url\":\"https:\/\/pickaqua.com\/wp-content\/uploads\/2023\/03\/Horizontal-logo_blue1-1.png\",\"contentUrl\":\"https:\/\/pickaqua.com\/wp-content\/uploads\/2023\/03\/Horizontal-logo_blue1-1.png\",\"width\":177,\"height\":176,\"caption\":\"PickAqua\"},\"image\":{\"@id\":\"https:\/\/pickaqua.com\/#\/schema\/logo\/image\/\"},\"sameAs\":[\"https:\/\/www.facebook.com\/pickaquaapp\/\",\"https:\/\/www.instagram.com\/pickaqua\/\"]}]}<\/script>\n<!-- \/ Yoast SEO plugin. -->","yoast_head_json":{"title":"HoReCa\u200b - PickAqua","robots":{"index":"index","follow":"follow","max-snippet":"max-snippet:-1","max-image-preview":"max-image-preview:large","max-video-preview":"max-video-preview:-1"},"canonical":"https:\/\/pickaqua.com\/lv\/pakalpojumi\/horeca\/","og_locale":"lv_LV","og_type":"article","og_title":"HoReCa\u200b - PickAqua","og_description":"\u012apa\u0161i izstr\u0101d\u0101ta \u016bdens karte j\u016bsu organiz\u0101cijai. Daudzi restor\u0101ni iegulda lielus l\u012bdzek\u013cus, lai izv\u0113l\u0113tos ide\u0101lus v\u012bnus, kas papildin\u0101tu \u0113dienus, bet...","og_url":"https:\/\/pickaqua.com\/lv\/pakalpojumi\/horeca\/","og_site_name":"PickAqua","article_publisher":"https:\/\/www.facebook.com\/pickaquaapp\/","article_modified_time":"2023-05-11T06:40:36+00:00","og_image":[{"width":2560,"height":2171,"url":"https:\/\/pickaqua.com\/wp-content\/uploads\/2023\/04\/InShot_20230425_145348712-scaled.jpg","type":"image\/jpeg"}],"twitter_card":"summary_large_image","twitter_misc":{"Est. reading time":"3 minutes"},"schema":{"@context":"https:\/\/schema.org","@graph":[{"@type":"WebPage","@id":"https:\/\/pickaqua.com\/lv\/pakalpojumi\/horeca\/","url":"https:\/\/pickaqua.com\/lv\/pakalpojumi\/horeca\/","name":"HoReCa\u200b - PickAqua","isPartOf":{"@id":"https:\/\/pickaqua.com\/#website"},"datePublished":"2023-05-01T08:32:14+00:00","dateModified":"2023-05-11T06:40:36+00:00","breadcrumb":{"@id":"https:\/\/pickaqua.com\/lv\/pakalpojumi\/horeca\/#breadcrumb"},"inLanguage":"lv-LV","potentialAction":[{"@type":"ReadAction","target":["https:\/\/pickaqua.com\/lv\/pakalpojumi\/horeca\/"]}]},{"@type":"BreadcrumbList","@id":"https:\/\/pickaqua.com\/lv\/pakalpojumi\/horeca\/#breadcrumb","itemListElement":[{"@type":"ListItem","position":1,"name":"Home","item":"https:\/\/pickaqua.com\/lv\/"},{"@type":"ListItem","position":2,"name":"Pakalpojumi","item":"https:\/\/pickaqua.com\/lv\/pakalpojumi\/"},{"@type":"ListItem","position":3,"name":"HoReCa\u200b"}]},{"@type":"WebSite","@id":"https:\/\/pickaqua.com\/#website","url":"https:\/\/pickaqua.com\/","name":"PickAqua","description":"World&#039;s first water choice app","publisher":{"@id":"https:\/\/pickaqua.com\/#organization"},"potentialAction":[{"@type":"SearchAction","target":{"@type":"EntryPoint","urlTemplate":"https:\/\/pickaqua.com\/?s={search_term_string}"},"query-input":"required name=search_term_string"}],"inLanguage":"lv-LV"},{"@type":"Organization","@id":"https:\/\/pickaqua.com\/#organization","name":"PickAqua","url":"https:\/\/pickaqua.com\/","logo":{"@type":"ImageObject","inLanguage":"lv-LV","@id":"https:\/\/pickaqua.com\/#\/schema\/logo\/image\/","url":"https:\/\/pickaqua.com\/wp-content\/uploads\/2023\/03\/Horizontal-logo_blue1-1.png","contentUrl":"https:\/\/pickaqua.com\/wp-content\/uploads\/2023\/03\/Horizontal-logo_blue1-1.png","width":177,"height":176,"caption":"PickAqua"},"image":{"@id":"https:\/\/pickaqua.com\/#\/schema\/logo\/image\/"},"sameAs":["https:\/\/www.facebook.com\/pickaquaapp\/","https:\/\/www.instagram.com\/pickaqua\/"]}]}},"_links":{"self":[{"href":"https:\/\/pickaqua.com\/lv\/wp-json\/wp\/v2\/pages\/3526"}],"collection":[{"href":"https:\/\/pickaqua.com\/lv\/wp-json\/wp\/v2\/pages"}],"about":[{"href":"https:\/\/pickaqua.com\/lv\/wp-json\/wp\/v2\/types\/page"}],"author":[{"embeddable":true,"href":"https:\/\/pickaqua.com\/lv\/wp-json\/wp\/v2\/users\/1"}],"replies":[{"embeddable":true,"href":"https:\/\/pickaqua.com\/lv\/wp-json\/wp\/v2\/comments?post=3526"}],"version-history":[{"count":10,"href":"https:\/\/pickaqua.com\/lv\/wp-json\/wp\/v2\/pages\/3526\/revisions"}],"predecessor-version":[{"id":4101,"href":"https:\/\/pickaqua.com\/lv\/wp-json\/wp\/v2\/pages\/3526\/revisions\/4101"}],"up":[{"embeddable":true,"href":"https:\/\/pickaqua.com\/lv\/wp-json\/wp\/v2\/pages\/2648"}],"wp:featuredmedia":[{"embeddable":true,"href":"https:\/\/pickaqua.com\/lv\/wp-json\/wp\/v2\/media\/3428"}],"wp:attachment":[{"href":"https:\/\/pickaqua.com\/lv\/wp-json\/wp\/v2\/media?parent=3526"}],"curies":[{"name":"wp","href":"https:\/\/api.w.org\/{rel}","templated":true}]}}