{"id":3534,"date":"2023-05-01T11:32:59","date_gmt":"2023-05-01T08:32:59","guid":{"rendered":"https:\/\/pickaqua.com\/udens-analizes\/"},"modified":"2023-05-04T12:19:57","modified_gmt":"2023-05-04T09:19:57","slug":"udens-analizes","status":"publish","type":"page","link":"https:\/\/pickaqua.com\/lv\/pakalpojumi\/udens-analizes\/","title":{"rendered":"\u016adens anal\u012bzes"},"content":{"rendered":"\t\t<div data-elementor-type=\"wp-page\" data-elementor-id=\"3534\" class=\"elementor elementor-3534 elementor-3519\" data-elementor-post-type=\"page\">\n\t\t\t\t\t\t\t\t\t<section class=\"elementor-section elementor-top-section elementor-element elementor-element-3b1936a elementor-section-boxed elementor-section-height-default elementor-section-height-default\" data-id=\"3b1936a\" data-element_type=\"section\" data-settings=\"{&quot;jet_parallax_layout_list&quot;:[{&quot;jet_parallax_layout_image&quot;:{&quot;url&quot;:&quot;&quot;,&quot;id&quot;:&quot;&quot;,&quot;size&quot;:&quot;&quot;},&quot;_id&quot;:&quot;3874e30&quot;,&quot;jet_parallax_layout_image_tablet&quot;:{&quot;url&quot;:&quot;&quot;,&quot;id&quot;:&quot;&quot;,&quot;size&quot;:&quot;&quot;},&quot;jet_parallax_layout_image_mobile&quot;:{&quot;url&quot;:&quot;&quot;,&quot;id&quot;:&quot;&quot;,&quot;size&quot;:&quot;&quot;},&quot;jet_parallax_layout_speed&quot;:{&quot;unit&quot;:&quot;%&quot;,&quot;size&quot;:50,&quot;sizes&quot;:[]},&quot;jet_parallax_layout_type&quot;:&quot;scroll&quot;,&quot;jet_parallax_layout_direction&quot;:null,&quot;jet_parallax_layout_fx_direction&quot;:null,&quot;jet_parallax_layout_z_index&quot;:&quot;&quot;,&quot;jet_parallax_layout_bg_x&quot;:50,&quot;jet_parallax_layout_bg_x_tablet&quot;:&quot;&quot;,&quot;jet_parallax_layout_bg_x_mobile&quot;:&quot;&quot;,&quot;jet_parallax_layout_bg_y&quot;:50,&quot;jet_parallax_layout_bg_y_tablet&quot;:&quot;&quot;,&quot;jet_parallax_layout_bg_y_mobile&quot;:&quot;&quot;,&quot;jet_parallax_layout_bg_size&quot;:&quot;auto&quot;,&quot;jet_parallax_layout_bg_size_tablet&quot;:&quot;&quot;,&quot;jet_parallax_layout_bg_size_mobile&quot;:&quot;&quot;,&quot;jet_parallax_layout_animation_prop&quot;:&quot;transform&quot;,&quot;jet_parallax_layout_on&quot;:[&quot;desktop&quot;,&quot;tablet&quot;]}]}\">\n\t\t\t\t\t\t<div class=\"elementor-container elementor-column-gap-default\">\n\t\t\t\t\t<div class=\"elementor-column elementor-col-100 elementor-top-column elementor-element elementor-element-06c7070\" data-id=\"06c7070\" data-element_type=\"column\">\n\t\t\t<div class=\"elementor-widget-wrap elementor-element-populated\">\n\t\t\t\t\t\t\t\t<div class=\"elementor-element elementor-element-636a869 elementor-hidden-phone elementor-widget elementor-widget-heading\" data-id=\"636a869\" data-element_type=\"widget\" data-widget_type=\"heading.default\">\n\t\t\t\t<div class=\"elementor-widget-container\">\n\t\t\t<style>\/*! elementor - v3.14.0 - 26-06-2023 *\/\n.elementor-heading-title{padding:0;margin:0;line-height:1}.elementor-widget-heading .elementor-heading-title[class*=elementor-size-]>a{color:inherit;font-size:inherit;line-height:inherit}.elementor-widget-heading .elementor-heading-title.elementor-size-small{font-size:15px}.elementor-widget-heading .elementor-heading-title.elementor-size-medium{font-size:19px}.elementor-widget-heading .elementor-heading-title.elementor-size-large{font-size:29px}.elementor-widget-heading .elementor-heading-title.elementor-size-xl{font-size:39px}.elementor-widget-heading .elementor-heading-title.elementor-size-xxl{font-size:59px}<\/style><p class=\"elementor-heading-title elementor-size-default\">BIZNESS<\/p>\t\t<\/div>\n\t\t\t\t<\/div>\n\t\t\t\t<div class=\"elementor-element elementor-element-de5bea0 elementor-widget elementor-widget-heading\" data-id=\"de5bea0\" data-element_type=\"widget\" data-widget_type=\"heading.default\">\n\t\t\t\t<div class=\"elementor-widget-container\">\n\t\t\t<p class=\"elementor-heading-title elementor-size-default\">Pakalpojumi<\/p>\t\t<\/div>\n\t\t\t\t<\/div>\n\t\t\t\t<div class=\"elementor-element elementor-element-c06fdd6 elementor-widget__width-initial elementor-widget elementor-widget-heading\" data-id=\"c06fdd6\" data-element_type=\"widget\" data-widget_type=\"heading.default\">\n\t\t\t\t<div class=\"elementor-widget-container\">\n\t\t\t<h2 class=\"elementor-heading-title elementor-size-default\">\u016adens anal\u012bzes<\/h2>\t\t<\/div>\n\t\t\t\t<\/div>\n\t\t\t\t\t<\/div>\n\t\t<\/div>\n\t\t\t\t\t\t\t<\/div>\n\t\t<\/section>\n\t\t\t\t<section class=\"elementor-section elementor-top-section elementor-element elementor-element-ad6fe46 elementor-section-boxed elementor-section-height-default elementor-section-height-default\" data-id=\"ad6fe46\" data-element_type=\"section\" data-settings=\"{&quot;jet_parallax_layout_list&quot;:[]}\">\n\t\t\t\t\t\t<div class=\"elementor-container elementor-column-gap-default\">\n\t\t\t\t\t<div class=\"elementor-column elementor-col-50 elementor-top-column elementor-element elementor-element-a340e42\" data-id=\"a340e42\" data-element_type=\"column\">\n\t\t\t<div class=\"elementor-widget-wrap elementor-element-populated\">\n\t\t\t\t\t\t\t\t<div class=\"elementor-element elementor-element-915dd9f elementor-widget elementor-widget-heading\" data-id=\"915dd9f\" data-element_type=\"widget\" data-widget_type=\"heading.default\">\n\t\t\t\t<div class=\"elementor-widget-container\">\n\t\t\t<h3 class=\"elementor-heading-title elementor-size-default\">Kas ir tav\u0101 \u016bden\u012b? K\u0101du \u016bdens filtru izv\u0113l\u0113ties?  <\/h3>\t\t<\/div>\n\t\t\t\t<\/div>\n\t\t\t\t<div class=\"elementor-element elementor-element-2871769 elementor-widget elementor-widget-text-editor\" data-id=\"2871769\" data-element_type=\"widget\" data-widget_type=\"text-editor.default\">\n\t\t\t\t<div class=\"elementor-widget-container\">\n\t\t\t<style>\/*! elementor - v3.14.0 - 26-06-2023 *\/\n.elementor-widget-text-editor.elementor-drop-cap-view-stacked .elementor-drop-cap{background-color:#69727d;color:#fff}.elementor-widget-text-editor.elementor-drop-cap-view-framed .elementor-drop-cap{color:#69727d;border:3px solid;background-color:transparent}.elementor-widget-text-editor:not(.elementor-drop-cap-view-default) .elementor-drop-cap{margin-top:8px}.elementor-widget-text-editor:not(.elementor-drop-cap-view-default) .elementor-drop-cap-letter{width:1em;height:1em}.elementor-widget-text-editor .elementor-drop-cap{float:left;text-align:center;line-height:1;font-size:50px}.elementor-widget-text-editor .elementor-drop-cap-letter{display:inline-block}<\/style>\t\t\t\t<p>Viss s\u0101kas ar \u016bdens anal\u012bz\u0113m. S\u0101kum\u0101 ir j\u0101noskaidro no k\u0101 v\u0113lamies atbr\u012bvoties un vai ir nepiecie\u0161amas \u016bdens att\u012br\u012b\u0161anas iek\u0101rtas. <\/p>\n\t\t\t\t\t\t<\/div>\n\t\t\t\t<\/div>\n\t\t\t\t<div class=\"elementor-element elementor-element-01de1c4 elementor-widget elementor-widget-heading\" data-id=\"01de1c4\" data-element_type=\"widget\" data-widget_type=\"heading.default\">\n\t\t\t\t<div class=\"elementor-widget-container\">\n\t\t\t<h3 class=\"elementor-heading-title elementor-size-default\">Avota \u016bdens, vai tas ir dro\u0161s?<\/h3>\t\t<\/div>\n\t\t\t\t<\/div>\n\t\t\t\t<div class=\"elementor-element elementor-element-e78a47e elementor-widget elementor-widget-text-editor\" data-id=\"e78a47e\" data-element_type=\"widget\" data-widget_type=\"text-editor.default\">\n\t\t\t\t<div class=\"elementor-widget-container\">\n\t\t\t\t\t\t\t<p>Ja ikdien\u0101 dzerat \u016bdeni no avotiem, kas atrodas dab\u0101, \u016bdens anal\u012bzes veik\u0161ana ir oblig\u0101ta. To, ka pie avota regul\u0101ri ir cilv\u0113ku rindas nenoz\u012bm\u0113, ka \u016bdens ir t\u012brs no pies\u0101r\u0146ojuma un dro\u0161s dzer\u0161anai ilgtermi\u0146\u0101. Ne visi \u016bdens avoti Latvij\u0101 ir dro\u0161i. Liel\u0101k\u0101 da\u013ca no Latvijas avotiem ir mikrobilolo\u0123iski pies\u0101r\u0146oti. T\u0101p\u0113c noteikti ir v\u0113lams veikt \u016bdens anal\u012bzes.    <\/p>\n\t\t\t\t\t\t<\/div>\n\t\t\t\t<\/div>\n\t\t\t\t\t<\/div>\n\t\t<\/div>\n\t\t\t\t<div class=\"elementor-column elementor-col-50 elementor-top-column elementor-element elementor-element-29daf03\" data-id=\"29daf03\" data-element_type=\"column\">\n\t\t\t<div class=\"elementor-widget-wrap elementor-element-populated\">\n\t\t\t\t\t\t\t\t<div class=\"elementor-element elementor-element-ff0aad0 elementor-widget elementor-widget-heading\" data-id=\"ff0aad0\" data-element_type=\"widget\" data-widget_type=\"heading.default\">\n\t\t\t\t<div class=\"elementor-widget-container\">\n\t\t\t<h3 class=\"elementor-heading-title elementor-size-default\">\u016adens pies\u0101r\u0146ojums<\/h3>\t\t<\/div>\n\t\t\t\t<\/div>\n\t\t\t\t<div class=\"elementor-element elementor-element-7a59047 elementor-widget elementor-widget-text-editor\" data-id=\"7a59047\" data-element_type=\"widget\" data-widget_type=\"text-editor.default\">\n\t\t\t\t<div class=\"elementor-widget-container\">\n\t\t\t\t\t\t\t<p>\u016adens var satur\u0113t da\u017e\u0101dus pies\u0101r\u0146ojumus, tostarp bakt\u0113rijas, v\u012brusus, met\u0101lus un \u0137\u012bmiskas vielas no lab\u012bbas laukiem. \u0160ie pies\u0101r\u0146ojumi var nopietni apdraud\u0113t vesel\u012bbu, un vien\u012bgais veids, k\u0101 dro\u0161i p\u0101rbaud\u012bt, kas atrodas j\u016bsu \u016bden\u012b, ir \u0137\u012bmisk\u0101s anal\u012bzes. <\/p>\n<p>\u016adens \u0137\u012bmisk\u0101s anal\u012bzes ietver da\u017e\u0101du parametru test\u0113\u0161anu, tostarp pH, du\u013c\u0137ain\u012bbu, ciet\u012bbu, kop\u0113jo iz\u0161\u0137\u012bdu\u0161o cieto vielu daudzumu, pies\u0101r\u0146ojumu un specifiskus jonus. \u0160ie testi var atkl\u0101t inform\u0101ciju par \u016bdens kvalit\u0101ti, miner\u0101lvielu saturu un apstr\u0101des vajadz\u012bb\u0101m. <\/p>\n<p>Piem\u0113ram, ciets \u016bdens var izrais\u012bt katlakmens uzkr\u0101\u0161anos santehnik\u0101 un ier\u012bc\u0113s. \u0136\u012bmisk\u0101s anal\u012bzes var pal\u012bdz\u0113t noteikt \u0161\u012bs probl\u0113mas un noteikt atbilsto\u0161u \u016bdens apstr\u0101di. Lai zin\u0101tu, k\u0101di \u016bdens filtri jums ir nepiecie\u0161ami m\u0101jsaimniec\u012bbai s\u0101kum\u0101 ir j\u0101saprot, no k\u0101 ir j\u0101atbr\u012bvojas.  <\/p>\n\t\t\t\t\t\t<\/div>\n\t\t\t\t<\/div>\n\t\t\t\t\t<\/div>\n\t\t<\/div>\n\t\t\t\t\t\t\t<\/div>\n\t\t<\/section>\n\t\t\t\t<section class=\"elementor-section elementor-top-section elementor-element elementor-element-e948927 elementor-section-boxed elementor-section-height-default elementor-section-height-default\" data-id=\"e948927\" data-element_type=\"section\" data-settings=\"{&quot;jet_parallax_layout_list&quot;:[]}\">\n\t\t\t\t\t\t<div class=\"elementor-container elementor-column-gap-default\">\n\t\t\t\t\t<div class=\"elementor-column elementor-col-50 elementor-top-column elementor-element elementor-element-82b5b34\" data-id=\"82b5b34\" data-element_type=\"column\">\n\t\t\t<div class=\"elementor-widget-wrap elementor-element-populated\">\n\t\t\t\t\t\t\t\t<div class=\"elementor-element elementor-element-8041a22 elementor-widget elementor-widget-image\" data-id=\"8041a22\" data-element_type=\"widget\" data-widget_type=\"image.default\">\n\t\t\t\t<div class=\"elementor-widget-container\">\n\t\t\t<style>\/*! elementor - v3.14.0 - 26-06-2023 *\/\n.elementor-widget-image{text-align:center}.elementor-widget-image a{display:inline-block}.elementor-widget-image a img[src$=\".svg\"]{width:48px}.elementor-widget-image img{vertical-align:middle;display:inline-block}<\/style>\t\t\t\t\t\t\t\t\t\t\t\t<img decoding=\"async\" loading=\"lazy\" width=\"600\" height=\"400\" src=\"https:\/\/pickaqua.com\/wp-content\/uploads\/2023\/04\/shutterstock_128136776-scaled-600x400.jpg\" class=\"attachment-woocommerce_single size-woocommerce_single wp-image-3290\" alt=\"\" srcset=\"https:\/\/pickaqua.com\/wp-content\/uploads\/2023\/04\/shutterstock_128136776-scaled-600x400.jpg 600w, https:\/\/pickaqua.com\/wp-content\/uploads\/2023\/04\/shutterstock_128136776-300x200.jpg 300w, https:\/\/pickaqua.com\/wp-content\/uploads\/2023\/04\/shutterstock_128136776-1024x683.jpg 1024w, https:\/\/pickaqua.com\/wp-content\/uploads\/2023\/04\/shutterstock_128136776-768x512.jpg 768w, https:\/\/pickaqua.com\/wp-content\/uploads\/2023\/04\/shutterstock_128136776-1536x1024.jpg 1536w, https:\/\/pickaqua.com\/wp-content\/uploads\/2023\/04\/shutterstock_128136776-2048x1365.jpg 2048w\" sizes=\"(max-width: 600px) 100vw, 600px\" \/>\t\t\t\t\t\t\t\t\t\t\t\t\t\t\t<\/div>\n\t\t\t\t<\/div>\n\t\t\t\t\t<\/div>\n\t\t<\/div>\n\t\t\t\t<div class=\"elementor-column elementor-col-50 elementor-top-column elementor-element elementor-element-1b7a301\" data-id=\"1b7a301\" data-element_type=\"column\">\n\t\t\t<div class=\"elementor-widget-wrap elementor-element-populated\">\n\t\t\t\t\t\t\t\t<div class=\"elementor-element elementor-element-d380927 elementor-widget elementor-widget-heading\" data-id=\"d380927\" data-element_type=\"widget\" data-widget_type=\"heading.default\">\n\t\t\t\t<div class=\"elementor-widget-container\">\n\t\t\t<h3 class=\"elementor-heading-title elementor-size-default\">Paraugu nodo\u0161ana<\/h3>\t\t<\/div>\n\t\t\t\t<\/div>\n\t\t\t\t<div class=\"elementor-element elementor-element-f8ef07d elementor-widget elementor-widget-text-editor\" data-id=\"f8ef07d\" data-element_type=\"widget\" data-widget_type=\"text-editor.default\">\n\t\t\t\t<div class=\"elementor-widget-container\">\n\t\t\t\t\t\t\t<p>Atrodiet valsts sertific\u0113tu \u016bdens test\u0113\u0161anas laboratoriju sav\u0101 valst\u012b.<\/p>\n<\/p>\n<p>\u016adeni uz anal\u012bz\u0113m var nodot darba dien\u0101s no 9:30-16:00 R\u012bg\u0101, L\u0101\u010dpl\u0113\u0161a iel\u0101 87a. <br \/>\u016adens paraugs \u0137\u012bmiskajai anal\u012bzei 1,5 L <br \/>\u016adens paraugs mikrobiolo\u0123iskajai anal\u012bzei 0.5 L <br \/>T\u0101lrunis <a href=\"tel:+37167288249\">+371 67288249<\/a><\/p>\n\t\t\t\t\t\t<\/div>\n\t\t\t\t<\/div>\n\t\t\t\t\t<\/div>\n\t\t<\/div>\n\t\t\t\t\t\t\t<\/div>\n\t\t<\/section>\n\t\t\t\t<section class=\"elementor-section elementor-top-section elementor-element elementor-element-78a7b31 elementor-section-boxed elementor-section-height-default elementor-section-height-default\" data-id=\"78a7b31\" data-element_type=\"section\" data-settings=\"{&quot;jet_parallax_layout_list&quot;:[]}\">\n\t\t\t\t\t\t<div class=\"elementor-container elementor-column-gap-default\">\n\t\t\t\t\t<div class=\"elementor-column elementor-col-100 elementor-top-column elementor-element elementor-element-113ea88\" data-id=\"113ea88\" data-element_type=\"column\">\n\t\t\t<div class=\"elementor-widget-wrap elementor-element-populated\">\n\t\t\t\t\t\t\t\t<div class=\"elementor-element elementor-element-8b5c6c6 elementor-widget elementor-widget-heading\" data-id=\"8b5c6c6\" data-element_type=\"widget\" data-widget_type=\"heading.default\">\n\t\t\t\t<div class=\"elementor-widget-container\">\n\t\t\t<h3 class=\"elementor-heading-title elementor-size-default\">Paraugu \u0146em\u0161anas proced\u016bra<\/h3>\t\t<\/div>\n\t\t\t\t<\/div>\n\t\t\t\t<div class=\"elementor-element elementor-element-64c6604 elementor-widget elementor-widget-text-editor\" data-id=\"64c6604\" data-element_type=\"widget\" data-widget_type=\"text-editor.default\">\n\t\t\t\t<div class=\"elementor-widget-container\">\n\t\t\t\t\t\t\t<p>Uzpildot paraugu, \u016bdens nedr\u012bkst non\u0101kt saskar\u0113 ar \u0101r\u0113ju pies\u0101r\u0146ojumu (piem\u0113ram, putek\u013ciem, smilt\u012bm utt.). <br \/>\u016adens kr\u0101na \u0101r\u0113jai virsmai j\u0101b\u016bt t\u012brai, visi net\u012brumi, kas var\u0113tu nok\u013c\u016bt parauga trauk\u0101, j\u0101not\u012bra.<br \/>P\u0113c \u016bdens uzpildes pudele vai konteiners nekav\u0113joties j\u0101nosl\u0113dz. <br \/>V\u0113lams paraugu atdzes\u0113t l\u012bdz (5 \u00b1 3)\u00b0C temperat\u016brai.<br \/>Laikam no parauga \u0146em\u0161anas l\u012bdz anal\u012bzei j\u0101b\u016bt p\u0113c iesp\u0113jas \u012bs\u0101kam, v\u0113lams paraugu laboratorijai iesniegt parauga \u0146em\u0161anas dien\u0101.<\/p>\n\t\t\t\t\t\t<\/div>\n\t\t\t\t<\/div>\n\t\t\t\t\t<\/div>\n\t\t<\/div>\n\t\t\t\t\t\t\t<\/div>\n\t\t<\/section>\n\t\t\t\t\t\t\t<\/div>\n\t\t","protected":false},"excerpt":{"rendered":"<p>Kas ir tav\u0101 \u016bden\u012b? K\u0101du \u016bdens filtru izv\u0113l\u0113ties? Viss s\u0101kas ar \u016bdens anal\u012bz\u0113m. S\u0101kum\u0101 ir j\u0101noskaidro no k\u0101 v\u0113lamies atbr\u012bvoties un&#8230;   <\/p>\n","protected":false},"author":1,"featured_media":3290,"parent":2648,"menu_order":0,"comment_status":"closed","ping_status":"closed","template":"","meta":{"footnotes":""},"acf":[],"yoast_head":"<!-- This site is optimized with the Yoast SEO plugin v21.2 - https:\/\/yoast.com\/wordpress\/plugins\/seo\/ -->\n<title>\u016adens anal\u012bzes - PickAqua<\/title>\n<meta name=\"robots\" content=\"index, follow, max-snippet:-1, max-image-preview:large, max-video-preview:-1\" \/>\n<link rel=\"canonical\" href=\"https:\/\/pickaqua.com\/lv\/pakalpojumi\/udens-analizes\/\" \/>\n<meta property=\"og:locale\" content=\"lv_LV\" \/>\n<meta property=\"og:type\" content=\"article\" \/>\n<meta property=\"og:title\" content=\"\u016adens anal\u012bzes - PickAqua\" \/>\n<meta property=\"og:description\" content=\"Kas ir tav\u0101 \u016bden\u012b? K\u0101du \u016bdens filtru izv\u0113l\u0113ties? Viss s\u0101kas ar \u016bdens anal\u012bz\u0113m. S\u0101kum\u0101 ir j\u0101noskaidro no k\u0101 v\u0113lamies atbr\u012bvoties un...\" \/>\n<meta property=\"og:url\" content=\"https:\/\/pickaqua.com\/lv\/pakalpojumi\/udens-analizes\/\" \/>\n<meta property=\"og:site_name\" content=\"PickAqua\" \/>\n<meta property=\"article:publisher\" content=\"https:\/\/www.facebook.com\/pickaquaapp\/\" \/>\n<meta property=\"article:modified_time\" content=\"2023-05-04T09:19:57+00:00\" \/>\n<meta property=\"og:image\" content=\"https:\/\/pickaqua.com\/wp-content\/uploads\/2023\/04\/shutterstock_128136776-scaled.jpg\" \/>\n\t<meta property=\"og:image:width\" content=\"2560\" \/>\n\t<meta property=\"og:image:height\" content=\"1707\" \/>\n\t<meta property=\"og:image:type\" content=\"image\/jpeg\" \/>\n<meta name=\"twitter:card\" content=\"summary_large_image\" \/>\n<meta name=\"twitter:label1\" content=\"Est. reading time\" \/>\n\t<meta name=\"twitter:data1\" content=\"2 minutes\" \/>\n<script type=\"application\/ld+json\" class=\"yoast-schema-graph\">{\"@context\":\"https:\/\/schema.org\",\"@graph\":[{\"@type\":\"WebPage\",\"@id\":\"https:\/\/pickaqua.com\/lv\/pakalpojumi\/udens-analizes\/\",\"url\":\"https:\/\/pickaqua.com\/lv\/pakalpojumi\/udens-analizes\/\",\"name\":\"\u016adens anal\u012bzes - PickAqua\",\"isPartOf\":{\"@id\":\"https:\/\/pickaqua.com\/#website\"},\"datePublished\":\"2023-05-01T08:32:59+00:00\",\"dateModified\":\"2023-05-04T09:19:57+00:00\",\"breadcrumb\":{\"@id\":\"https:\/\/pickaqua.com\/lv\/pakalpojumi\/udens-analizes\/#breadcrumb\"},\"inLanguage\":\"lv-LV\",\"potentialAction\":[{\"@type\":\"ReadAction\",\"target\":[\"https:\/\/pickaqua.com\/lv\/pakalpojumi\/udens-analizes\/\"]}]},{\"@type\":\"BreadcrumbList\",\"@id\":\"https:\/\/pickaqua.com\/lv\/pakalpojumi\/udens-analizes\/#breadcrumb\",\"itemListElement\":[{\"@type\":\"ListItem\",\"position\":1,\"name\":\"Home\",\"item\":\"https:\/\/pickaqua.com\/lv\/\"},{\"@type\":\"ListItem\",\"position\":2,\"name\":\"Pakalpojumi\",\"item\":\"https:\/\/pickaqua.com\/lv\/pakalpojumi\/\"},{\"@type\":\"ListItem\",\"position\":3,\"name\":\"\u016adens anal\u012bzes\"}]},{\"@type\":\"WebSite\",\"@id\":\"https:\/\/pickaqua.com\/#website\",\"url\":\"https:\/\/pickaqua.com\/\",\"name\":\"PickAqua\",\"description\":\"World&#039;s first water choice app\",\"publisher\":{\"@id\":\"https:\/\/pickaqua.com\/#organization\"},\"potentialAction\":[{\"@type\":\"SearchAction\",\"target\":{\"@type\":\"EntryPoint\",\"urlTemplate\":\"https:\/\/pickaqua.com\/?s={search_term_string}\"},\"query-input\":\"required name=search_term_string\"}],\"inLanguage\":\"lv-LV\"},{\"@type\":\"Organization\",\"@id\":\"https:\/\/pickaqua.com\/#organization\",\"name\":\"PickAqua\",\"url\":\"https:\/\/pickaqua.com\/\",\"logo\":{\"@type\":\"ImageObject\",\"inLanguage\":\"lv-LV\",\"@id\":\"https:\/\/pickaqua.com\/#\/schema\/logo\/image\/\",\"url\":\"https:\/\/pickaqua.com\/wp-content\/uploads\/2023\/03\/Horizontal-logo_blue1-1.png\",\"contentUrl\":\"https:\/\/pickaqua.com\/wp-content\/uploads\/2023\/03\/Horizontal-logo_blue1-1.png\",\"width\":177,\"height\":176,\"caption\":\"PickAqua\"},\"image\":{\"@id\":\"https:\/\/pickaqua.com\/#\/schema\/logo\/image\/\"},\"sameAs\":[\"https:\/\/www.facebook.com\/pickaquaapp\/\",\"https:\/\/www.instagram.com\/pickaqua\/\"]}]}<\/script>\n<!-- \/ Yoast SEO plugin. -->","yoast_head_json":{"title":"\u016adens anal\u012bzes - PickAqua","robots":{"index":"index","follow":"follow","max-snippet":"max-snippet:-1","max-image-preview":"max-image-preview:large","max-video-preview":"max-video-preview:-1"},"canonical":"https:\/\/pickaqua.com\/lv\/pakalpojumi\/udens-analizes\/","og_locale":"lv_LV","og_type":"article","og_title":"\u016adens anal\u012bzes - PickAqua","og_description":"Kas ir tav\u0101 \u016bden\u012b? K\u0101du \u016bdens filtru izv\u0113l\u0113ties? Viss s\u0101kas ar \u016bdens anal\u012bz\u0113m. S\u0101kum\u0101 ir j\u0101noskaidro no k\u0101 v\u0113lamies atbr\u012bvoties un...","og_url":"https:\/\/pickaqua.com\/lv\/pakalpojumi\/udens-analizes\/","og_site_name":"PickAqua","article_publisher":"https:\/\/www.facebook.com\/pickaquaapp\/","article_modified_time":"2023-05-04T09:19:57+00:00","og_image":[{"width":2560,"height":1707,"url":"https:\/\/pickaqua.com\/wp-content\/uploads\/2023\/04\/shutterstock_128136776-scaled.jpg","type":"image\/jpeg"}],"twitter_card":"summary_large_image","twitter_misc":{"Est. reading time":"2 minutes"},"schema":{"@context":"https:\/\/schema.org","@graph":[{"@type":"WebPage","@id":"https:\/\/pickaqua.com\/lv\/pakalpojumi\/udens-analizes\/","url":"https:\/\/pickaqua.com\/lv\/pakalpojumi\/udens-analizes\/","name":"\u016adens anal\u012bzes - PickAqua","isPartOf":{"@id":"https:\/\/pickaqua.com\/#website"},"datePublished":"2023-05-01T08:32:59+00:00","dateModified":"2023-05-04T09:19:57+00:00","breadcrumb":{"@id":"https:\/\/pickaqua.com\/lv\/pakalpojumi\/udens-analizes\/#breadcrumb"},"inLanguage":"lv-LV","potentialAction":[{"@type":"ReadAction","target":["https:\/\/pickaqua.com\/lv\/pakalpojumi\/udens-analizes\/"]}]},{"@type":"BreadcrumbList","@id":"https:\/\/pickaqua.com\/lv\/pakalpojumi\/udens-analizes\/#breadcrumb","itemListElement":[{"@type":"ListItem","position":1,"name":"Home","item":"https:\/\/pickaqua.com\/lv\/"},{"@type":"ListItem","position":2,"name":"Pakalpojumi","item":"https:\/\/pickaqua.com\/lv\/pakalpojumi\/"},{"@type":"ListItem","position":3,"name":"\u016adens anal\u012bzes"}]},{"@type":"WebSite","@id":"https:\/\/pickaqua.com\/#website","url":"https:\/\/pickaqua.com\/","name":"PickAqua","description":"World&#039;s first water choice app","publisher":{"@id":"https:\/\/pickaqua.com\/#organization"},"potentialAction":[{"@type":"SearchAction","target":{"@type":"EntryPoint","urlTemplate":"https:\/\/pickaqua.com\/?s={search_term_string}"},"query-input":"required name=search_term_string"}],"inLanguage":"lv-LV"},{"@type":"Organization","@id":"https:\/\/pickaqua.com\/#organization","name":"PickAqua","url":"https:\/\/pickaqua.com\/","logo":{"@type":"ImageObject","inLanguage":"lv-LV","@id":"https:\/\/pickaqua.com\/#\/schema\/logo\/image\/","url":"https:\/\/pickaqua.com\/wp-content\/uploads\/2023\/03\/Horizontal-logo_blue1-1.png","contentUrl":"https:\/\/pickaqua.com\/wp-content\/uploads\/2023\/03\/Horizontal-logo_blue1-1.png","width":177,"height":176,"caption":"PickAqua"},"image":{"@id":"https:\/\/pickaqua.com\/#\/schema\/logo\/image\/"},"sameAs":["https:\/\/www.facebook.com\/pickaquaapp\/","https:\/\/www.instagram.com\/pickaqua\/"]}]}},"_links":{"self":[{"href":"https:\/\/pickaqua.com\/lv\/wp-json\/wp\/v2\/pages\/3534"}],"collection":[{"href":"https:\/\/pickaqua.com\/lv\/wp-json\/wp\/v2\/pages"}],"about":[{"href":"https:\/\/pickaqua.com\/lv\/wp-json\/wp\/v2\/types\/page"}],"author":[{"embeddable":true,"href":"https:\/\/pickaqua.com\/lv\/wp-json\/wp\/v2\/users\/1"}],"replies":[{"embeddable":true,"href":"https:\/\/pickaqua.com\/lv\/wp-json\/wp\/v2\/comments?post=3534"}],"version-history":[{"count":6,"href":"https:\/\/pickaqua.com\/lv\/wp-json\/wp\/v2\/pages\/3534\/revisions"}],"predecessor-version":[{"id":3956,"href":"https:\/\/pickaqua.com\/lv\/wp-json\/wp\/v2\/pages\/3534\/revisions\/3956"}],"up":[{"embeddable":true,"href":"https:\/\/pickaqua.com\/lv\/wp-json\/wp\/v2\/pages\/2648"}],"wp:featuredmedia":[{"embeddable":true,"href":"https:\/\/pickaqua.com\/lv\/wp-json\/wp\/v2\/media\/3290"}],"wp:attachment":[{"href":"https:\/\/pickaqua.com\/lv\/wp-json\/wp\/v2\/media?parent=3534"}],"curies":[{"name":"wp","href":"https:\/\/api.w.org\/{rel}","templated":true}]}}