{"id":860,"date":"2023-02-07T11:18:35","date_gmt":"2023-02-07T08:18:35","guid":{"rendered":"https:\/\/pickaqua.com\/atbalsts\/"},"modified":"2023-02-08T20:07:30","modified_gmt":"2023-02-08T17:07:30","slug":"atbalsts","status":"publish","type":"page","link":"https:\/\/pickaqua.com\/lv\/atbalsts\/","title":{"rendered":"Atbalsts"},"content":{"rendered":"\t\t<div data-elementor-type=\"wp-page\" data-elementor-id=\"860\" class=\"elementor elementor-860 elementor-245\" data-elementor-post-type=\"page\">\n\t\t\t\t\t\t\t\t\t<section class=\"elementor-section elementor-top-section elementor-element elementor-element-c757a28 elementor-section-boxed elementor-section-height-default elementor-section-height-default\" data-id=\"c757a28\" data-element_type=\"section\" data-settings=\"{&quot;jet_parallax_layout_list&quot;:[{&quot;jet_parallax_layout_image&quot;:{&quot;url&quot;:&quot;&quot;,&quot;id&quot;:&quot;&quot;,&quot;size&quot;:&quot;&quot;},&quot;_id&quot;:&quot;aeee2fb&quot;,&quot;jet_parallax_layout_image_tablet&quot;:{&quot;url&quot;:&quot;&quot;,&quot;id&quot;:&quot;&quot;,&quot;size&quot;:&quot;&quot;},&quot;jet_parallax_layout_image_mobile&quot;:{&quot;url&quot;:&quot;&quot;,&quot;id&quot;:&quot;&quot;,&quot;size&quot;:&quot;&quot;},&quot;jet_parallax_layout_speed&quot;:{&quot;unit&quot;:&quot;%&quot;,&quot;size&quot;:50,&quot;sizes&quot;:[]},&quot;jet_parallax_layout_type&quot;:&quot;scroll&quot;,&quot;jet_parallax_layout_direction&quot;:null,&quot;jet_parallax_layout_fx_direction&quot;:null,&quot;jet_parallax_layout_z_index&quot;:&quot;&quot;,&quot;jet_parallax_layout_bg_x&quot;:50,&quot;jet_parallax_layout_bg_y&quot;:50,&quot;jet_parallax_layout_bg_size&quot;:&quot;auto&quot;,&quot;jet_parallax_layout_animation_prop&quot;:&quot;transform&quot;,&quot;jet_parallax_layout_on&quot;:[&quot;desktop&quot;,&quot;tablet&quot;],&quot;jet_parallax_layout_bg_x_tablet&quot;:&quot;&quot;,&quot;jet_parallax_layout_bg_x_mobile&quot;:&quot;&quot;,&quot;jet_parallax_layout_bg_y_tablet&quot;:&quot;&quot;,&quot;jet_parallax_layout_bg_y_mobile&quot;:&quot;&quot;,&quot;jet_parallax_layout_bg_size_tablet&quot;:&quot;&quot;,&quot;jet_parallax_layout_bg_size_mobile&quot;:&quot;&quot;}]}\">\n\t\t\t\t\t\t<div class=\"elementor-container elementor-column-gap-default\">\n\t\t\t\t\t<div class=\"elementor-column elementor-col-100 elementor-top-column elementor-element elementor-element-b53f419\" data-id=\"b53f419\" data-element_type=\"column\">\n\t\t\t<div class=\"elementor-widget-wrap elementor-element-populated\">\n\t\t\t\t\t\t\t\t<div class=\"elementor-element elementor-element-422ba05 elementor-widget elementor-widget-text-editor\" data-id=\"422ba05\" data-element_type=\"widget\" data-widget_type=\"text-editor.default\">\n\t\t\t\t<div class=\"elementor-widget-container\">\n\t\t\t<style>\/*! elementor - v3.14.0 - 26-06-2023 *\/\n.elementor-widget-text-editor.elementor-drop-cap-view-stacked .elementor-drop-cap{background-color:#69727d;color:#fff}.elementor-widget-text-editor.elementor-drop-cap-view-framed .elementor-drop-cap{color:#69727d;border:3px solid;background-color:transparent}.elementor-widget-text-editor:not(.elementor-drop-cap-view-default) .elementor-drop-cap{margin-top:8px}.elementor-widget-text-editor:not(.elementor-drop-cap-view-default) .elementor-drop-cap-letter{width:1em;height:1em}.elementor-widget-text-editor .elementor-drop-cap{float:left;text-align:center;line-height:1;font-size:50px}.elementor-widget-text-editor .elementor-drop-cap-letter{display:inline-block}<\/style>\t\t\t\t<div class=\"container-2 w-container\">\n<p dir=\"ltr\">Ja jums nepiecie\u0161ama pal\u012bdz\u012bba vai atbalsts, l\u016bdzu, sazinieties ar <a href=\"mailto:hello@pickaqua.com?subject=Support%20Pickaqua\">hello@pickaqua.com<\/a><\/p>\n<p dir=\"ltr\">Ja nev\u0113laties, lai Pick Aqua izmantotu j\u016bsu personas datus m\u0101rketinga nol\u016bkos, j\u016bs jebkur\u0101 laik\u0101 varat atteikties no jebk\u0101diem turpm\u0101kiem zi\u0146ojumiem, noklik\u0161\u0137inot uz saites &#8220;atrakst\u012bties&#8221; \u0161\u0101da zi\u0146ojuma apak\u0161\u0101 vai izmantojot \u0161\u0101du izv\u0113li. funkcijas, kas ir pieejamas Pakalpojumu lietot\u0146u iestat\u012bjumos.<\/p>\n<p dir=\"ltr\">K\u0101 j\u016bs varat piek\u013c\u016bt saviem datiem, p\u0101rbaud\u012bt to pareiz\u012bbu un tos labot?<\/p>\n<p dir=\"ltr\">Jums ir ties\u012bbas jebkur\u0101 laik\u0101 piepras\u012bt savu personas datu kopiju, lai p\u0101rbaud\u012btu glab\u0101t\u0101s inform\u0101cijas pareiz\u012bbu un\/vai labotu vai atjaunin\u0101tu \u0161o inform\u0101ciju. Varat ar\u012b l\u016bgt piln\u012bb\u0101 dz\u0113st savu personisko inform\u0101ciju, ja vairs neizmantojat Pick Aqua pakalpojumus vai netiek sa\u0146emts neviens piepras\u012bjums no jums vai uz\u0146\u0113muma, kur\u0101 str\u0101d\u0101jat, nos\u016btot e-pastu uz <a href=\"mailto:hello@pickaqua.com?subject=Support%20Pickaqua\">hello@pickaqua.com<\/a><\/p>\n<\/div>\n<div class=\"footer-2 _2bloka\">\n<div class=\"div-block-99\">\n<div class=\"div-block-98 _220height\"> <\/div>\n<\/div>\n<\/div>\n\t\t\t\t\t\t<\/div>\n\t\t\t\t<\/div>\n\t\t\t\t\t<\/div>\n\t\t<\/div>\n\t\t\t\t\t\t\t<\/div>\n\t\t<\/section>\n\t\t\t\t\t\t\t<\/div>\n\t\t","protected":false},"excerpt":{"rendered":"<p>Ja jums nepiecie\u0161ama pal\u012bdz\u012bba vai atbalsts, l\u016bdzu, sazinieties ar hello@pickaqua.com Ja nev\u0113laties, lai Pick Aqua izmantotu j\u016bsu personas datus m\u0101rketinga nol\u016bkos, j\u016bs jebkur\u0101 laik\u0101 varat atteikties no jebk\u0101diem turpm\u0101kiem zi\u0146ojumiem, noklik\u0161\u0137inot uz saites &#8220;atrakst\u012bties&#8221; \u0161\u0101da zi\u0146ojuma apak\u0161\u0101 vai izmantojot \u0161\u0101du izv\u0113li. funkcijas, kas ir pieejamas Pakalpojumu lietot\u0146u iestat\u012bjumos. K\u0101 j\u016bs varat piek\u013c\u016bt saviem datiem, p\u0101rbaud\u012bt [&hellip;]<\/p>\n","protected":false},"author":1,"featured_media":0,"parent":0,"menu_order":0,"comment_status":"closed","ping_status":"closed","template":"","meta":{"footnotes":""},"acf":[],"yoast_head":"<!-- This site is optimized with the Yoast SEO plugin v21.2 - https:\/\/yoast.com\/wordpress\/plugins\/seo\/ -->\n<title>Atbalsts - PickAqua<\/title>\n<meta name=\"robots\" content=\"index, follow, max-snippet:-1, max-image-preview:large, max-video-preview:-1\" \/>\n<link rel=\"canonical\" href=\"https:\/\/pickaqua.com\/lv\/atbalsts\/\" \/>\n<meta property=\"og:locale\" content=\"lv_LV\" \/>\n<meta property=\"og:type\" content=\"article\" \/>\n<meta property=\"og:title\" content=\"Atbalsts - PickAqua\" \/>\n<meta property=\"og:description\" content=\"Ja jums nepiecie\u0161ama pal\u012bdz\u012bba vai atbalsts, l\u016bdzu, sazinieties ar hello@pickaqua.com Ja nev\u0113laties, lai Pick Aqua izmantotu j\u016bsu personas datus m\u0101rketinga nol\u016bkos, j\u016bs jebkur\u0101 laik\u0101 varat atteikties no jebk\u0101diem turpm\u0101kiem zi\u0146ojumiem, noklik\u0161\u0137inot uz saites &#8220;atrakst\u012bties&#8221; \u0161\u0101da zi\u0146ojuma apak\u0161\u0101 vai izmantojot \u0161\u0101du izv\u0113li. funkcijas, kas ir pieejamas Pakalpojumu lietot\u0146u iestat\u012bjumos. K\u0101 j\u016bs varat piek\u013c\u016bt saviem datiem, p\u0101rbaud\u012bt [&hellip;]\" \/>\n<meta property=\"og:url\" content=\"https:\/\/pickaqua.com\/lv\/atbalsts\/\" \/>\n<meta property=\"og:site_name\" content=\"PickAqua\" \/>\n<meta property=\"article:publisher\" content=\"https:\/\/www.facebook.com\/pickaquaapp\/\" \/>\n<meta property=\"article:modified_time\" content=\"2023-02-08T17:07:30+00:00\" \/>\n<meta property=\"og:image\" content=\"https:\/\/pickaqua.com\/wp-content\/uploads\/2023\/07\/watershop.jpg\" \/>\n\t<meta property=\"og:image:width\" content=\"867\" \/>\n\t<meta property=\"og:image:height\" content=\"528\" \/>\n\t<meta property=\"og:image:type\" content=\"image\/jpeg\" \/>\n<meta name=\"twitter:card\" content=\"summary_large_image\" \/>\n<meta name=\"twitter:label1\" content=\"Est. reading time\" \/>\n\t<meta name=\"twitter:data1\" content=\"1 minute\" \/>\n<script type=\"application\/ld+json\" class=\"yoast-schema-graph\">{\"@context\":\"https:\/\/schema.org\",\"@graph\":[{\"@type\":\"WebPage\",\"@id\":\"https:\/\/pickaqua.com\/lv\/atbalsts\/\",\"url\":\"https:\/\/pickaqua.com\/lv\/atbalsts\/\",\"name\":\"Atbalsts - PickAqua\",\"isPartOf\":{\"@id\":\"https:\/\/pickaqua.com\/#website\"},\"datePublished\":\"2023-02-07T08:18:35+00:00\",\"dateModified\":\"2023-02-08T17:07:30+00:00\",\"breadcrumb\":{\"@id\":\"https:\/\/pickaqua.com\/lv\/atbalsts\/#breadcrumb\"},\"inLanguage\":\"lv-LV\",\"potentialAction\":[{\"@type\":\"ReadAction\",\"target\":[\"https:\/\/pickaqua.com\/lv\/atbalsts\/\"]}]},{\"@type\":\"BreadcrumbList\",\"@id\":\"https:\/\/pickaqua.com\/lv\/atbalsts\/#breadcrumb\",\"itemListElement\":[{\"@type\":\"ListItem\",\"position\":1,\"name\":\"Home\",\"item\":\"https:\/\/pickaqua.com\/lv\/\"},{\"@type\":\"ListItem\",\"position\":2,\"name\":\"Atbalsts\"}]},{\"@type\":\"WebSite\",\"@id\":\"https:\/\/pickaqua.com\/#website\",\"url\":\"https:\/\/pickaqua.com\/\",\"name\":\"PickAqua\",\"description\":\"World&#039;s first water choice app\",\"publisher\":{\"@id\":\"https:\/\/pickaqua.com\/#organization\"},\"potentialAction\":[{\"@type\":\"SearchAction\",\"target\":{\"@type\":\"EntryPoint\",\"urlTemplate\":\"https:\/\/pickaqua.com\/?s={search_term_string}\"},\"query-input\":\"required name=search_term_string\"}],\"inLanguage\":\"lv-LV\"},{\"@type\":\"Organization\",\"@id\":\"https:\/\/pickaqua.com\/#organization\",\"name\":\"PickAqua\",\"url\":\"https:\/\/pickaqua.com\/\",\"logo\":{\"@type\":\"ImageObject\",\"inLanguage\":\"lv-LV\",\"@id\":\"https:\/\/pickaqua.com\/#\/schema\/logo\/image\/\",\"url\":\"https:\/\/pickaqua.com\/wp-content\/uploads\/2023\/03\/Horizontal-logo_blue1-1.png\",\"contentUrl\":\"https:\/\/pickaqua.com\/wp-content\/uploads\/2023\/03\/Horizontal-logo_blue1-1.png\",\"width\":177,\"height\":176,\"caption\":\"PickAqua\"},\"image\":{\"@id\":\"https:\/\/pickaqua.com\/#\/schema\/logo\/image\/\"},\"sameAs\":[\"https:\/\/www.facebook.com\/pickaquaapp\/\",\"https:\/\/www.instagram.com\/pickaqua\/\"]}]}<\/script>\n<!-- \/ Yoast SEO plugin. -->","yoast_head_json":{"title":"Atbalsts - PickAqua","robots":{"index":"index","follow":"follow","max-snippet":"max-snippet:-1","max-image-preview":"max-image-preview:large","max-video-preview":"max-video-preview:-1"},"canonical":"https:\/\/pickaqua.com\/lv\/atbalsts\/","og_locale":"lv_LV","og_type":"article","og_title":"Atbalsts - PickAqua","og_description":"Ja jums nepiecie\u0161ama pal\u012bdz\u012bba vai atbalsts, l\u016bdzu, sazinieties ar hello@pickaqua.com Ja nev\u0113laties, lai Pick Aqua izmantotu j\u016bsu personas datus m\u0101rketinga nol\u016bkos, j\u016bs jebkur\u0101 laik\u0101 varat atteikties no jebk\u0101diem turpm\u0101kiem zi\u0146ojumiem, noklik\u0161\u0137inot uz saites &#8220;atrakst\u012bties&#8221; \u0161\u0101da zi\u0146ojuma apak\u0161\u0101 vai izmantojot \u0161\u0101du izv\u0113li. funkcijas, kas ir pieejamas Pakalpojumu lietot\u0146u iestat\u012bjumos. K\u0101 j\u016bs varat piek\u013c\u016bt saviem datiem, p\u0101rbaud\u012bt [&hellip;]","og_url":"https:\/\/pickaqua.com\/lv\/atbalsts\/","og_site_name":"PickAqua","article_publisher":"https:\/\/www.facebook.com\/pickaquaapp\/","article_modified_time":"2023-02-08T17:07:30+00:00","og_image":[{"width":867,"height":528,"url":"https:\/\/pickaqua.com\/wp-content\/uploads\/2023\/07\/watershop.jpg","type":"image\/jpeg"}],"twitter_card":"summary_large_image","twitter_misc":{"Est. reading time":"1 minute"},"schema":{"@context":"https:\/\/schema.org","@graph":[{"@type":"WebPage","@id":"https:\/\/pickaqua.com\/lv\/atbalsts\/","url":"https:\/\/pickaqua.com\/lv\/atbalsts\/","name":"Atbalsts - PickAqua","isPartOf":{"@id":"https:\/\/pickaqua.com\/#website"},"datePublished":"2023-02-07T08:18:35+00:00","dateModified":"2023-02-08T17:07:30+00:00","breadcrumb":{"@id":"https:\/\/pickaqua.com\/lv\/atbalsts\/#breadcrumb"},"inLanguage":"lv-LV","potentialAction":[{"@type":"ReadAction","target":["https:\/\/pickaqua.com\/lv\/atbalsts\/"]}]},{"@type":"BreadcrumbList","@id":"https:\/\/pickaqua.com\/lv\/atbalsts\/#breadcrumb","itemListElement":[{"@type":"ListItem","position":1,"name":"Home","item":"https:\/\/pickaqua.com\/lv\/"},{"@type":"ListItem","position":2,"name":"Atbalsts"}]},{"@type":"WebSite","@id":"https:\/\/pickaqua.com\/#website","url":"https:\/\/pickaqua.com\/","name":"PickAqua","description":"World&#039;s first water choice app","publisher":{"@id":"https:\/\/pickaqua.com\/#organization"},"potentialAction":[{"@type":"SearchAction","target":{"@type":"EntryPoint","urlTemplate":"https:\/\/pickaqua.com\/?s={search_term_string}"},"query-input":"required name=search_term_string"}],"inLanguage":"lv-LV"},{"@type":"Organization","@id":"https:\/\/pickaqua.com\/#organization","name":"PickAqua","url":"https:\/\/pickaqua.com\/","logo":{"@type":"ImageObject","inLanguage":"lv-LV","@id":"https:\/\/pickaqua.com\/#\/schema\/logo\/image\/","url":"https:\/\/pickaqua.com\/wp-content\/uploads\/2023\/03\/Horizontal-logo_blue1-1.png","contentUrl":"https:\/\/pickaqua.com\/wp-content\/uploads\/2023\/03\/Horizontal-logo_blue1-1.png","width":177,"height":176,"caption":"PickAqua"},"image":{"@id":"https:\/\/pickaqua.com\/#\/schema\/logo\/image\/"},"sameAs":["https:\/\/www.facebook.com\/pickaquaapp\/","https:\/\/www.instagram.com\/pickaqua\/"]}]}},"_links":{"self":[{"href":"https:\/\/pickaqua.com\/lv\/wp-json\/wp\/v2\/pages\/860"}],"collection":[{"href":"https:\/\/pickaqua.com\/lv\/wp-json\/wp\/v2\/pages"}],"about":[{"href":"https:\/\/pickaqua.com\/lv\/wp-json\/wp\/v2\/types\/page"}],"author":[{"embeddable":true,"href":"https:\/\/pickaqua.com\/lv\/wp-json\/wp\/v2\/users\/1"}],"replies":[{"embeddable":true,"href":"https:\/\/pickaqua.com\/lv\/wp-json\/wp\/v2\/comments?post=860"}],"version-history":[{"count":1,"href":"https:\/\/pickaqua.com\/lv\/wp-json\/wp\/v2\/pages\/860\/revisions"}],"predecessor-version":[{"id":861,"href":"https:\/\/pickaqua.com\/lv\/wp-json\/wp\/v2\/pages\/860\/revisions\/861"}],"wp:attachment":[{"href":"https:\/\/pickaqua.com\/lv\/wp-json\/wp\/v2\/media?parent=860"}],"curies":[{"name":"wp","href":"https:\/\/api.w.org\/{rel}","templated":true}]}}