{"id":2061,"date":"2023-03-06T20:46:47","date_gmt":"2023-03-06T17:46:47","guid":{"rendered":"https:\/\/pickaqua.com\/product\/radenska-dabigais-mineraludens\/"},"modified":"2026-03-15T13:04:08","modified_gmt":"2026-03-15T10:04:08","slug":"radenska-natural-mineral-water","status":"publish","type":"product","link":"https:\/\/pickaqua.com\/lv\/shop\/dabigais-udens\/dabigais-mineraludens\/radenska-natural-mineral-water\/","title":{"rendered":"Radenska (1,5L)"},"content":{"rendered":"<p>Radenska Dab\u012bgais Miner\u0101l\u016bdens, G\u0101z\u0113ts <b>(ar dab\u012bgo g\u0101zi no atradnes)<\/b> Slov\u0113nija, PET 1,5L Izcils bag\u0101t\u012bgs l\u012bdzsvarotas mineraliz\u0101cijas \u016bdens ar pat\u012bkamu samtainu gar\u0161u, ko nodro\u0161ina dab\u012bg\u0101 g\u0101ze no \u016bdens ieguves avota. Dab\u012bg\u0101 g\u0101ze (CO2) no atradnes ir sp\u0113c\u012bgs konkur\u0113tsp\u0113j\u012bgs faktors, kas piem\u012bt tikai \u013coti retiem \u016bde\u0146iem. Bag\u0101t\u012bgs ar miner\u0101liem. Kop\u0113j\u0101 mineraliz\u0101cija 3064 mg\/l. Bag\u0101ts ar Kalciju un Magniju, ide\u0101la Ca + Mg proporcija 2:1. Bag\u0101ts ar Hidrog\u0113nkarbon\u0101tu (HCO3), kas labv\u0113l\u012bgi ietekm\u0113 gremo\u0161anas sist\u0113mu. Bag\u0101ts ar Sil\u012bciju (Si)- skaistuma miner\u0101lu. Radenska ir lielisks \u016bdens akt\u012bv\u0101 dz\u012bves veida cien\u012bt\u0101jiem, sportistiem, gr\u016btniec\u0113m, p\u0113c sv\u012b\u0161anas ikdien\u0101 un visiem, kam pat\u012bk patiess dabas sp\u0113ks. Lielisks \u016bdens organisma papildin\u0101\u0161anai ar miner\u0101lviel\u0101m, k\u0101 ar\u012b sp\u0113ku atg\u016b\u0161anai p\u0113c gar\u0101kas nakts. Radenska var pieskait\u012bt pie &#8220;Must drink&#8221; \u016bdens kategorijas. 1L Radenska papildina b\u016btiskos organismam nepiecie\u0161amos miner\u0101ls\u0101\u013cus, vid\u0113ji 20% no dienas normas Na, Ca, Mg. Vair\u0101k par \u016bdens \u012bpa\u0161\u012bb\u0101m uzzini \u016bdens izv\u0113les lietotn\u0113 PickAqua. Viens no popul\u0101r\u0101kajiemdab\u012bgajiem miner\u0101l\u016bde\u0146iem Balk\u0101nu apvid\u016b. Radenska ir pier\u0101d\u012bjis sevi jau kop\u0161 1869. gada ar savu izcilo gar\u0161u un sabalans\u0113to miner\u0101lvielu kompoz\u012bciju. Dab\u012bg\u0101 miner\u0101l\u016bdens izcelsme tiek nov\u0113rt\u0113ta k\u0101 12000 gadus veca.<\/p>\n<p><iframe style=\"display: none;\"><\/iframe><\/p>\n<p><iframe style=\"display: none;\"><\/iframe><\/p>\n<p><iframe style=\"display: none;\"><\/iframe><\/p>\n<p><iframe style=\"display: none;\"><\/iframe><\/p>\n<p><iframe style=\"display: none;\"><\/iframe><\/p>\n<p><iframe style=\"display: none;\"><\/iframe><\/p>\n<p><iframe style=\"display: none;\"><\/iframe><\/p>\n<p><iframe style=\"display: none;\"><\/iframe><\/p>\n<p><iframe style=\"display: none;\"><\/iframe><\/p>\n<p><iframe style=\"display: none;\"><\/iframe><\/p>\n","protected":false},"excerpt":{"rendered":"<p>Radenska Dab\u012bgais Miner\u0101l\u016bdens, G\u0101z\u0113ts (ar dab\u012bgo g\u0101zi no atradnes) Slov\u0113nija, PET 1,5L Izcils bag\u0101t\u012bgs l\u012bdzsvarotas mineraliz\u0101cijas \u016bdens ar pat\u012bkamu samtainu gar\u0161u, ko nodro\u0161ina dab\u012bg\u0101 g\u0101ze no \u016bdens ieguves avota. Dab\u012bg\u0101 g\u0101ze (CO2) no atradnes ir sp\u0113c\u012bgs konkur\u0113tsp\u0113j\u012bgs faktors, kas piem\u012bt tikai \u013coti retiem \u016bde\u0146iem. Bag\u0101t\u012bgs ar miner\u0101liem. Kop\u0113j\u0101 mineraliz\u0101cija 3064 mg\/l. Bag\u0101ts ar Kalciju un [&hellip;]<\/p>\n","protected":false},"featured_media":8079,"comment_status":"open","ping_status":"closed","template":"","meta":[],"product_cat":[60],"product_tag":[109,139,170,138,140],"acf":[],"yoast_head":"<!-- This site is optimized with the Yoast SEO plugin v21.2 - https:\/\/yoast.com\/wordpress\/plugins\/seo\/ -->\n<title>Radenska (1,5L) - PickAqua<\/title>\n<meta name=\"description\" content=\"Radenska Dab\u012bgais Miner\u0101l\u016bdens, G\u0101z\u0113ts (ar dab\u012bgo g\u0101zi no atradnes) Slov\u0113nija, PET 1,5L. Izcils bag\u0101t\u012bgs l\u012bdzsvarotas mineraliz\u0101cijas \u016bdens ar ...\" \/>\n<meta name=\"robots\" content=\"index, follow, max-snippet:-1, max-image-preview:large, max-video-preview:-1\" \/>\n<link rel=\"canonical\" href=\"https:\/\/pickaqua.com\/shop\/natural-water\/natural-mineral-water\/radenska-natural-mineral-water\/\" \/>\n<meta property=\"og:locale\" content=\"lv_LV\" \/>\n<meta property=\"og:type\" content=\"article\" \/>\n<meta property=\"og:title\" content=\"Radenska (1,5L) - PickAqua\" \/>\n<meta property=\"og:description\" content=\"Radenska Dab\u012bgais Miner\u0101l\u016bdens, G\u0101z\u0113ts (ar dab\u012bgo g\u0101zi no atradnes) Slov\u0113nija, PET 1,5L. Izcils bag\u0101t\u012bgs l\u012bdzsvarotas mineraliz\u0101cijas \u016bdens ar ...\" \/>\n<meta property=\"og:url\" content=\"https:\/\/pickaqua.com\/shop\/natural-water\/natural-mineral-water\/radenska-natural-mineral-water\/\" \/>\n<meta property=\"og:site_name\" content=\"PickAqua\" \/>\n<meta property=\"article:publisher\" content=\"https:\/\/www.facebook.com\/pickaquaapp\/\" \/>\n<meta property=\"article:modified_time\" content=\"2026-03-15T10:04:08+00:00\" \/>\n<meta property=\"og:image\" content=\"https:\/\/pickaqua.com\/wp-content\/uploads\/2023\/03\/radenska.webp\" \/>\n\t<meta property=\"og:image:width\" content=\"800\" \/>\n\t<meta property=\"og:image:height\" content=\"1030\" \/>\n\t<meta property=\"og:image:type\" content=\"image\/webp\" \/>\n<meta name=\"twitter:card\" content=\"summary_large_image\" \/>\n<meta name=\"twitter:label1\" content=\"Price\" \/>\n\t<meta name=\"twitter:data1\" content=\"&euro;1.65 (&euro;1.36 bez PVN)\" \/>\n\t<meta name=\"twitter:label2\" content=\"Availability\" \/>\n\t<meta name=\"twitter:data2\" content=\"In stock\" \/>\n<script type=\"application\/ld+json\" class=\"yoast-schema-graph\">{\"@context\":\"https:\/\/schema.org\",\"@graph\":[{\"@type\":\"WebPage\",\"@id\":\"https:\/\/pickaqua.com\/shop\/natural-water\/natural-mineral-water\/radenska-natural-mineral-water\/\",\"url\":\"https:\/\/pickaqua.com\/shop\/natural-water\/natural-mineral-water\/radenska-natural-mineral-water\/\",\"name\":\"Radenska (1,5L) - PickAqua\",\"isPartOf\":{\"@id\":\"https:\/\/pickaqua.com\/#website\"},\"datePublished\":\"2023-03-06T17:46:47+00:00\",\"dateModified\":\"2026-03-15T10:04:08+00:00\",\"description\":\"Radenska Dab\u012bgais Miner\u0101l\u016bdens, G\u0101z\u0113ts (ar dab\u012bgo g\u0101zi no atradnes) Slov\u0113nija, PET 1,5L. Izcils bag\u0101t\u012bgs l\u012bdzsvarotas mineraliz\u0101cijas \u016bdens ar ...\",\"breadcrumb\":{\"@id\":\"https:\/\/pickaqua.com\/shop\/natural-water\/natural-mineral-water\/radenska-natural-mineral-water\/#breadcrumb\"},\"inLanguage\":\"lv-LV\",\"potentialAction\":[{\"@type\":\"ReadAction\",\"target\":[\"https:\/\/pickaqua.com\/shop\/natural-water\/natural-mineral-water\/radenska-natural-mineral-water\/\"]}]},{\"@type\":\"BreadcrumbList\",\"@id\":\"https:\/\/pickaqua.com\/shop\/natural-water\/natural-mineral-water\/radenska-natural-mineral-water\/#breadcrumb\",\"itemListElement\":[{\"@type\":\"ListItem\",\"position\":1,\"name\":\"Home\",\"item\":\"https:\/\/pickaqua.com\/lv\/\"},{\"@type\":\"ListItem\",\"position\":2,\"name\":\"\u016adens veikals\",\"item\":\"https:\/\/pickaqua.com\/lv\/veikals\/\"},{\"@type\":\"ListItem\",\"position\":3,\"name\":\"Dab\u012bgais \u016bdens\",\"item\":\"https:\/\/pickaqua.com\/lv\/product-category\/dabigais-udens\/\"},{\"@type\":\"ListItem\",\"position\":4,\"name\":\"Dab\u012bgais miner\u0101l\u016bdens\",\"item\":\"https:\/\/pickaqua.com\/lv\/product-category\/dabigais-udens\/dabigais-mineraludens\/\"},{\"@type\":\"ListItem\",\"position\":5,\"name\":\"Radenska (1,5L)\"}]},{\"@type\":\"WebSite\",\"@id\":\"https:\/\/pickaqua.com\/#website\",\"url\":\"https:\/\/pickaqua.com\/\",\"name\":\"PickAqua\",\"description\":\"World&#039;s first water choice app\",\"publisher\":{\"@id\":\"https:\/\/pickaqua.com\/#organization\"},\"potentialAction\":[{\"@type\":\"SearchAction\",\"target\":{\"@type\":\"EntryPoint\",\"urlTemplate\":\"https:\/\/pickaqua.com\/?s={search_term_string}\"},\"query-input\":\"required name=search_term_string\"}],\"inLanguage\":\"lv-LV\"},{\"@type\":\"Organization\",\"@id\":\"https:\/\/pickaqua.com\/#organization\",\"name\":\"PickAqua\",\"url\":\"https:\/\/pickaqua.com\/\",\"logo\":{\"@type\":\"ImageObject\",\"inLanguage\":\"lv-LV\",\"@id\":\"https:\/\/pickaqua.com\/#\/schema\/logo\/image\/\",\"url\":\"https:\/\/pickaqua.com\/wp-content\/uploads\/2023\/03\/Horizontal-logo_blue1-1.png\",\"contentUrl\":\"https:\/\/pickaqua.com\/wp-content\/uploads\/2023\/03\/Horizontal-logo_blue1-1.png\",\"width\":177,\"height\":176,\"caption\":\"PickAqua\"},\"image\":{\"@id\":\"https:\/\/pickaqua.com\/#\/schema\/logo\/image\/\"},\"sameAs\":[\"https:\/\/www.facebook.com\/pickaquaapp\/\",\"https:\/\/www.instagram.com\/pickaqua\/\"]}]}<\/script>\n<meta property=\"product:price:amount\" content=\"1.65\" \/>\n<meta property=\"product:price:currency\" content=\"EUR\" \/>\n<meta property=\"og:availability\" content=\"instock\" \/>\n<meta property=\"product:availability\" content=\"instock\" \/>\n<meta property=\"product:condition\" content=\"new\" \/>\n<!-- \/ Yoast SEO plugin. -->","yoast_head_json":{"title":"Radenska (1,5L) - PickAqua","description":"Radenska Dab\u012bgais Miner\u0101l\u016bdens, G\u0101z\u0113ts (ar dab\u012bgo g\u0101zi no atradnes) Slov\u0113nija, PET 1,5L. Izcils bag\u0101t\u012bgs l\u012bdzsvarotas mineraliz\u0101cijas \u016bdens ar ...","robots":{"index":"index","follow":"follow","max-snippet":"max-snippet:-1","max-image-preview":"max-image-preview:large","max-video-preview":"max-video-preview:-1"},"canonical":"https:\/\/pickaqua.com\/shop\/natural-water\/natural-mineral-water\/radenska-natural-mineral-water\/","og_locale":"lv_LV","og_type":"article","og_title":"Radenska (1,5L) - PickAqua","og_description":"Radenska Dab\u012bgais Miner\u0101l\u016bdens, G\u0101z\u0113ts (ar dab\u012bgo g\u0101zi no atradnes) Slov\u0113nija, PET 1,5L. Izcils bag\u0101t\u012bgs l\u012bdzsvarotas mineraliz\u0101cijas \u016bdens ar ...","og_url":"https:\/\/pickaqua.com\/shop\/natural-water\/natural-mineral-water\/radenska-natural-mineral-water\/","og_site_name":"PickAqua","article_publisher":"https:\/\/www.facebook.com\/pickaquaapp\/","article_modified_time":"2026-03-15T10:04:08+00:00","og_image":[{"width":800,"height":1030,"url":"https:\/\/pickaqua.com\/wp-content\/uploads\/2023\/03\/radenska.webp","type":"image\/webp"}],"twitter_card":"summary_large_image","twitter_misc":{"Price":"&euro;1.65 (&euro;1.36 bez PVN)","Availability":"In stock"},"schema":{"@context":"https:\/\/schema.org","@graph":[{"@type":"WebPage","@id":"https:\/\/pickaqua.com\/shop\/natural-water\/natural-mineral-water\/radenska-natural-mineral-water\/","url":"https:\/\/pickaqua.com\/shop\/natural-water\/natural-mineral-water\/radenska-natural-mineral-water\/","name":"Radenska (1,5L) - PickAqua","isPartOf":{"@id":"https:\/\/pickaqua.com\/#website"},"datePublished":"2023-03-06T17:46:47+00:00","dateModified":"2026-03-15T10:04:08+00:00","description":"Radenska Dab\u012bgais Miner\u0101l\u016bdens, G\u0101z\u0113ts (ar dab\u012bgo g\u0101zi no atradnes) Slov\u0113nija, PET 1,5L. Izcils bag\u0101t\u012bgs l\u012bdzsvarotas mineraliz\u0101cijas \u016bdens ar ...","breadcrumb":{"@id":"https:\/\/pickaqua.com\/shop\/natural-water\/natural-mineral-water\/radenska-natural-mineral-water\/#breadcrumb"},"inLanguage":"lv-LV","potentialAction":[{"@type":"ReadAction","target":["https:\/\/pickaqua.com\/shop\/natural-water\/natural-mineral-water\/radenska-natural-mineral-water\/"]}]},{"@type":"BreadcrumbList","@id":"https:\/\/pickaqua.com\/shop\/natural-water\/natural-mineral-water\/radenska-natural-mineral-water\/#breadcrumb","itemListElement":[{"@type":"ListItem","position":1,"name":"Home","item":"https:\/\/pickaqua.com\/lv\/"},{"@type":"ListItem","position":2,"name":"\u016adens veikals","item":"https:\/\/pickaqua.com\/lv\/veikals\/"},{"@type":"ListItem","position":3,"name":"Dab\u012bgais \u016bdens","item":"https:\/\/pickaqua.com\/lv\/product-category\/dabigais-udens\/"},{"@type":"ListItem","position":4,"name":"Dab\u012bgais miner\u0101l\u016bdens","item":"https:\/\/pickaqua.com\/lv\/product-category\/dabigais-udens\/dabigais-mineraludens\/"},{"@type":"ListItem","position":5,"name":"Radenska (1,5L)"}]},{"@type":"WebSite","@id":"https:\/\/pickaqua.com\/#website","url":"https:\/\/pickaqua.com\/","name":"PickAqua","description":"World&#039;s first water choice app","publisher":{"@id":"https:\/\/pickaqua.com\/#organization"},"potentialAction":[{"@type":"SearchAction","target":{"@type":"EntryPoint","urlTemplate":"https:\/\/pickaqua.com\/?s={search_term_string}"},"query-input":"required name=search_term_string"}],"inLanguage":"lv-LV"},{"@type":"Organization","@id":"https:\/\/pickaqua.com\/#organization","name":"PickAqua","url":"https:\/\/pickaqua.com\/","logo":{"@type":"ImageObject","inLanguage":"lv-LV","@id":"https:\/\/pickaqua.com\/#\/schema\/logo\/image\/","url":"https:\/\/pickaqua.com\/wp-content\/uploads\/2023\/03\/Horizontal-logo_blue1-1.png","contentUrl":"https:\/\/pickaqua.com\/wp-content\/uploads\/2023\/03\/Horizontal-logo_blue1-1.png","width":177,"height":176,"caption":"PickAqua"},"image":{"@id":"https:\/\/pickaqua.com\/#\/schema\/logo\/image\/"},"sameAs":["https:\/\/www.facebook.com\/pickaquaapp\/","https:\/\/www.instagram.com\/pickaqua\/"]}]},"product_price_amount":"1.65","product_price_currency":"EUR","og_availability":"instock","product_availability":"instock","product_condition":"new"},"_links":{"self":[{"href":"https:\/\/pickaqua.com\/lv\/wp-json\/wp\/v2\/product\/2061"}],"collection":[{"href":"https:\/\/pickaqua.com\/lv\/wp-json\/wp\/v2\/product"}],"about":[{"href":"https:\/\/pickaqua.com\/lv\/wp-json\/wp\/v2\/types\/product"}],"replies":[{"embeddable":true,"href":"https:\/\/pickaqua.com\/lv\/wp-json\/wp\/v2\/comments?post=2061"}],"wp:featuredmedia":[{"embeddable":true,"href":"https:\/\/pickaqua.com\/lv\/wp-json\/wp\/v2\/media\/8079"}],"wp:attachment":[{"href":"https:\/\/pickaqua.com\/lv\/wp-json\/wp\/v2\/media?parent=2061"}],"wp:term":[{"taxonomy":"product_cat","embeddable":true,"href":"https:\/\/pickaqua.com\/lv\/wp-json\/wp\/v2\/product_cat?post=2061"},{"taxonomy":"product_tag","embeddable":true,"href":"https:\/\/pickaqua.com\/lv\/wp-json\/wp\/v2\/product_tag?post=2061"}],"curies":[{"name":"wp","href":"https:\/\/api.w.org\/{rel}","templated":true}]}}