{"id":7277,"date":"2023-08-24T18:44:18","date_gmt":"2023-08-24T15:44:18","guid":{"rendered":"https:\/\/pickaqua.com\/shop\/uncategorized\/hunyadi-janos-gyogyviz-0-7l\/"},"modified":"2025-10-07T11:15:05","modified_gmt":"2025-10-07T08:15:05","slug":"hunyadi-janos-gyogyviz-0-7l","status":"publish","type":"product","link":"https:\/\/pickaqua.com\/lv\/shop\/dabigais-udens\/dabigais-mineraludens\/hunyadi-janos-gyogyviz-0-7l\/","title":{"rendered":"Hunyadi Janos Gyogyviz 0.7L"},"content":{"rendered":"<p>Magnijs (Mg2+):2160 mg\/l<br \/>\nN\u0101trijs (Na+):5110 mg\/l<br \/>\nKalcijs (Ca2+):430 mg\/l<br \/>\n\u016ade\u0146radis-og\u013chidr\u0101ts. (HCO3): 738 mg\/l<br \/>\nSulf\u0101ts (SO42-):18700 mg\/l<br \/>\nHlor\u012bds (Cl-):660 mg\/l<br \/>\nSast\u0101vda\u013cu kopsumma: 30200 mg\/l<\/p>\n<p>&nbsp;<\/p>\n<p>RAKSTUROJUMS<br \/>\nDivas galven\u0101s Hunyadi J\u00e1nos \u0101rstniecisk\u0101 \u016bdens sast\u0101vda\u013cas, kas paz\u012bstamas un lietotas kop\u0161 1863. gada, ir n\u0101trija sulf\u0101ts un magnija sulf\u0101ts. \u0100rstniecisk\u0101 \u016bdens priek\u0161roc\u012bbas ir t\u0101das, ka tas neizraisa atkar\u012bbu, k\u0101 citas z\u0101les un t\u0113jas zarnu trakta att\u012br\u012b\u0161anai. <\/p>\n<p>INDIK\u0100CIJAS<br \/>\nGlauber s\u0101\u013cie (n\u0101trija sulf\u0101ta) \u0101rstnieciskie \u016bde\u0146i raksturojas ar caureju veicino\u0161u \u012bpa\u0161\u012bbu un to \u0101rstniecisko iedarb\u012bbu uz viegliem kol\u012bta gad\u012bjumiem. \u0100rstnieciskais \u016bdens izskalo zarnu sienas, iz\u0161\u0137\u012bdinot bakt\u0113rijas un iekaisu\u0161os izdal\u012bjumus, kas p\u0113c tam tiek iztuk\u0161oti ar izk\u0101rn\u012bjumiem. Nepat\u012bkamas s\u016bdz\u012bbas, piem\u0113ram, s\u0101pes un v\u0113dera uzp\u016b\u0161an\u0101s saj\u016bta, mazin\u0101s un p\u0113c tam izz\u016bd zarnu att\u012br\u012b\u0161anas rezult\u0101t\u0101. \u0100rstniecisko \u016bdeni var veiksm\u012bgi izmantot bez piep\u016bles zarnu kust\u012bbai, kas ir \u013coti svar\u012bga smadze\u0146u v\u0113nu slim\u012bb\u0101m, st\u0101vok\u013ciem p\u0113c insulta, hemoro\u012bdiem, aterosklerozes un tr\u016bces. \u0100rstnieciskais \u016bdens ir efekt\u012bva sast\u0101vda\u013ca noteiktu \u017eultsp\u016b\u0161\u013ca slim\u012bbu \u0101rst\u0113\u0161an\u0101; t\u0101 lieto\u0161ana samazina ar\u012b \u017eultsakme\u0146u veido\u0161an\u0101s risku. Ar n\u0101trija sulf\u0101ta un magnija sulf\u0101ta \u0101rstniecisk\u0101 \u016bdens iedarb\u012bbu saraujas \u017eultsp\u016bslis un palielin\u0101s \u017eults \u0161\u0137idruma pl\u016bsma zarn\u0101s. Ilgsto\u0161a n\u0101trija sulf\u0101ta \u0101rstniecisk\u0101 \u016bdens lieto\u0161ana pal\u012bdz regul\u0101ri iztuk\u0161ot \u017eultsp\u016bsli un palielin\u0101t \u017eults sekr\u0113ciju, k\u0101 rezult\u0101t\u0101 samazin\u0101s akme\u0146u veido\u0161an\u0101s \u017eultsp\u016bsl\u012b un iekaisuma risks. Lietojot p\u0113c \u0113\u0161anas, \u0101rstnieciskais \u016bdens kav\u0113 tauku un olbaltumvielu uzs\u016bk\u0161anos, t\u0101p\u0113c to var lietot k\u0101 uztura bag\u0101tin\u0101t\u0101ju.  <\/p>\n<p>DEVAS<br \/>\nVienreiz\u0113jai att\u012br\u012b\u0161anai nepiecie\u0161ams izlietot 200 ml \u0101rstniecisk\u0101 \u016bdens. Lietojot \u0101rstniecisko \u016bdeni koncentr\u0113t\u0101 veid\u0101, efekti par\u0101d\u012bsies tikai p\u0113c 12-24 stund\u0101m. <\/p>\n<p>\u0100TRAM EFEKTAM<br \/>\nJa lietojat to remdenu, tuk\u0161\u0101 d\u016b\u0161\u0101, at\u0161\u0137aidot 200 ml \u0101rstniecisk\u0101 \u016bdens ar 200 ml parastu \u016bdeni (50-50%), efekts par\u0101d\u012bsies 1-2 stundu laik\u0101. (To apstiprina ar\u012b Dr. Tam\u00e1s S\u00e1ndor p\u0113t\u012bjumi par p\u0113coper\u0101cijas zarnu darb\u012bbas uzs\u0101k\u0161anu \u0137irur\u0123iskiem pacientiem.)<\/p>\n<p>CITOS GAD\u012aJUMOS<br \/>\n\u0100rstnieciskais \u016bdens j\u0101lieto tuk\u0161\u0101 d\u016b\u0161\u0101, pusstundu pirms \u0113\u0161anas; zarnu katara \u0101rst\u0113\u0161anai ieteicama dienas deva 100-200 ml, k\u0101 da\u013ca no k\u016bres. \u017dultsp\u016b\u0161\u013ca funkcion\u0101lo trauc\u0113jumu, aknu slim\u012bbu un cukura diab\u0113ta gad\u012bjum\u0101 ieteicams lietot 200-300 ml dien\u0101, dzerot vair\u0101k\u0101s maz\u0101k\u0101s porcij\u0101s. <\/p>\n<p>TIEV\u0112\u0160ANAI<br \/>\nTiev\u0113\u0161anas \u0101rstniec\u012bbas nol\u016bkos, pret aptauko\u0161anos, dien\u0101 p\u0113c pamat\u0113dienreizes ieteicams lietot tr\u012bs reizes 100ml \u0101rstniecisk\u0101 \u016bdens.<\/p>\n<p>PRODUKTU NEVAR IZMANTOT \u0160\u0100D\u0112JOS GAD\u012aJUMOS<br \/>\nAk\u016bta ku\u0146\u0123a un zarnu katara, ku\u0146\u0123a sk\u0101bes tr\u016bkuma, asi\u0146o\u0161anas ku\u0146\u0123a un zarnu \u010d\u016blas, sirds v\u0101juma, k\u0101 ar\u012b caurejas, vem\u0161anas un iev\u0113rojama \u0161\u0137idruma zuduma gad\u012bjum\u0101.<\/p>\n<p><iframe style=\"display: none;\"><\/iframe><\/p>\n<p><iframe style=\"display: none;\"><\/iframe><\/p>\n","protected":false},"excerpt":{"rendered":"<p>Magnijs (Mg2+):2160 mg\/l N\u0101trijs (Na+):5110 mg\/l Kalcijs (Ca2+):430 mg\/l \u016ade\u0146radis-og\u013chidr\u0101ts. (HCO3): 738 mg\/l Sulf\u0101ts (SO42-):18700 mg\/l Hlor\u012bds (Cl-):660 mg\/l Sast\u0101vda\u013cu kopsumma: 30200 mg\/l &nbsp; RAKSTUROJUMS Divas galven\u0101s Hunyadi J\u00e1nos \u0101rstniecisk\u0101 \u016bdens sast\u0101vda\u013cas, kas paz\u012bstamas un lietotas kop\u0161 1863. gada, ir n\u0101trija sulf\u0101ts un magnija sulf\u0101ts. \u0100rstniecisk\u0101 \u016bdens priek\u0161roc\u012bbas ir t\u0101das, ka tas neizraisa atkar\u012bbu, k\u0101 [&hellip;]<\/p>\n","protected":false},"featured_media":8104,"comment_status":"open","ping_status":"closed","template":"","meta":[],"product_cat":[262,60],"product_tag":[],"acf":[],"yoast_head":"<!-- This site is optimized with the Yoast SEO plugin v21.2 - https:\/\/yoast.com\/wordpress\/plugins\/seo\/ -->\n<title>Hunyadi Janos Gyogyviz 0.7L - PickAqua<\/title>\n<meta name=\"robots\" content=\"index, follow, max-snippet:-1, max-image-preview:large, max-video-preview:-1\" \/>\n<link rel=\"canonical\" href=\"https:\/\/pickaqua.com\/shop\/natural-water\/medical-water\/hunyadi-janos-gyogyviz-0-7l\/\" \/>\n<meta property=\"og:locale\" content=\"lv_LV\" \/>\n<meta property=\"og:type\" content=\"article\" \/>\n<meta property=\"og:title\" content=\"Hunyadi Janos Gyogyviz 0.7L - PickAqua\" \/>\n<meta property=\"og:description\" content=\"Magnijs (Mg2+):2160 mg\/l N\u0101trijs (Na+):5110 mg\/l Kalcijs (Ca2+):430 mg\/l \u016ade\u0146radis-og\u013chidr\u0101ts. (HCO3): 738 mg\/l Sulf\u0101ts (SO42-):18700 mg\/l Hlor\u012bds (Cl-):660 mg\/l Sast\u0101vda\u013cu kopsumma: 30200 mg\/l &nbsp; RAKSTUROJUMS Divas galven\u0101s Hunyadi J\u00e1nos \u0101rstniecisk\u0101 \u016bdens sast\u0101vda\u013cas, kas paz\u012bstamas un lietotas kop\u0161 1863. gada, ir n\u0101trija sulf\u0101ts un magnija sulf\u0101ts. \u0100rstniecisk\u0101 \u016bdens priek\u0161roc\u012bbas ir t\u0101das, ka tas neizraisa atkar\u012bbu, k\u0101 [&hellip;]\" \/>\n<meta property=\"og:url\" content=\"https:\/\/pickaqua.com\/shop\/natural-water\/medical-water\/hunyadi-janos-gyogyviz-0-7l\/\" \/>\n<meta property=\"og:site_name\" content=\"PickAqua\" \/>\n<meta property=\"article:publisher\" content=\"https:\/\/www.facebook.com\/pickaquaapp\/\" \/>\n<meta property=\"article:modified_time\" content=\"2025-10-07T08:15:05+00:00\" \/>\n<meta property=\"og:image\" content=\"https:\/\/pickaqua.com\/wp-content\/uploads\/2023\/08\/hunyadi-janos.webp\" \/>\n\t<meta property=\"og:image:width\" content=\"637\" \/>\n\t<meta property=\"og:image:height\" content=\"832\" \/>\n\t<meta property=\"og:image:type\" content=\"image\/webp\" \/>\n<meta name=\"twitter:card\" content=\"summary_large_image\" \/>\n<meta name=\"twitter:label1\" content=\"Price\" \/>\n\t<meta name=\"twitter:data1\" content=\"&euro;4.90 (&euro;4.05 bez PVN)\" \/>\n\t<meta name=\"twitter:label2\" content=\"Availability\" \/>\n\t<meta name=\"twitter:data2\" content=\"In stock\" \/>\n<script type=\"application\/ld+json\" class=\"yoast-schema-graph\">{\"@context\":\"https:\/\/schema.org\",\"@graph\":[{\"@type\":\"WebPage\",\"@id\":\"https:\/\/pickaqua.com\/shop\/natural-water\/medical-water\/hunyadi-janos-gyogyviz-0-7l\/\",\"url\":\"https:\/\/pickaqua.com\/shop\/natural-water\/medical-water\/hunyadi-janos-gyogyviz-0-7l\/\",\"name\":\"Hunyadi Janos Gyogyviz 0.7L - PickAqua\",\"isPartOf\":{\"@id\":\"https:\/\/pickaqua.com\/#website\"},\"datePublished\":\"2023-08-24T15:44:18+00:00\",\"dateModified\":\"2025-10-07T08:15:05+00:00\",\"breadcrumb\":{\"@id\":\"https:\/\/pickaqua.com\/shop\/natural-water\/medical-water\/hunyadi-janos-gyogyviz-0-7l\/#breadcrumb\"},\"inLanguage\":\"lv-LV\",\"potentialAction\":[{\"@type\":\"ReadAction\",\"target\":[\"https:\/\/pickaqua.com\/shop\/natural-water\/medical-water\/hunyadi-janos-gyogyviz-0-7l\/\"]}]},{\"@type\":\"BreadcrumbList\",\"@id\":\"https:\/\/pickaqua.com\/shop\/natural-water\/medical-water\/hunyadi-janos-gyogyviz-0-7l\/#breadcrumb\",\"itemListElement\":[{\"@type\":\"ListItem\",\"position\":1,\"name\":\"Home\",\"item\":\"https:\/\/pickaqua.com\/lv\/\"},{\"@type\":\"ListItem\",\"position\":2,\"name\":\"\u016adens veikals\",\"item\":\"https:\/\/pickaqua.com\/lv\/veikals\/\"},{\"@type\":\"ListItem\",\"position\":3,\"name\":\"Dab\u012bgais \u016bdens\",\"item\":\"https:\/\/pickaqua.com\/lv\/product-category\/dabigais-udens\/\"},{\"@type\":\"ListItem\",\"position\":4,\"name\":\"\u0100rstnieciskais \u016bdens\",\"item\":\"https:\/\/pickaqua.com\/lv\/product-category\/dabigais-udens\/arstnieciskais-udens\/\"},{\"@type\":\"ListItem\",\"position\":5,\"name\":\"Hunyadi Janos Gyogyviz 0.7L\"}]},{\"@type\":\"WebSite\",\"@id\":\"https:\/\/pickaqua.com\/#website\",\"url\":\"https:\/\/pickaqua.com\/\",\"name\":\"PickAqua\",\"description\":\"World&#039;s first water choice app\",\"publisher\":{\"@id\":\"https:\/\/pickaqua.com\/#organization\"},\"potentialAction\":[{\"@type\":\"SearchAction\",\"target\":{\"@type\":\"EntryPoint\",\"urlTemplate\":\"https:\/\/pickaqua.com\/?s={search_term_string}\"},\"query-input\":\"required name=search_term_string\"}],\"inLanguage\":\"lv-LV\"},{\"@type\":\"Organization\",\"@id\":\"https:\/\/pickaqua.com\/#organization\",\"name\":\"PickAqua\",\"url\":\"https:\/\/pickaqua.com\/\",\"logo\":{\"@type\":\"ImageObject\",\"inLanguage\":\"lv-LV\",\"@id\":\"https:\/\/pickaqua.com\/#\/schema\/logo\/image\/\",\"url\":\"https:\/\/pickaqua.com\/wp-content\/uploads\/2023\/03\/Horizontal-logo_blue1-1.png\",\"contentUrl\":\"https:\/\/pickaqua.com\/wp-content\/uploads\/2023\/03\/Horizontal-logo_blue1-1.png\",\"width\":177,\"height\":176,\"caption\":\"PickAqua\"},\"image\":{\"@id\":\"https:\/\/pickaqua.com\/#\/schema\/logo\/image\/\"},\"sameAs\":[\"https:\/\/www.facebook.com\/pickaquaapp\/\",\"https:\/\/www.instagram.com\/pickaqua\/\"]}]}<\/script>\n<meta property=\"product:price:amount\" content=\"4.90\" \/>\n<meta property=\"product:price:currency\" content=\"EUR\" \/>\n<meta property=\"og:availability\" content=\"instock\" \/>\n<meta property=\"product:availability\" content=\"instock\" \/>\n<meta property=\"product:retailer_item_id\" content=\"HU700\" \/>\n<meta property=\"product:condition\" content=\"new\" \/>\n<!-- \/ Yoast SEO plugin. -->","yoast_head_json":{"title":"Hunyadi Janos Gyogyviz 0.7L - PickAqua","robots":{"index":"index","follow":"follow","max-snippet":"max-snippet:-1","max-image-preview":"max-image-preview:large","max-video-preview":"max-video-preview:-1"},"canonical":"https:\/\/pickaqua.com\/shop\/natural-water\/medical-water\/hunyadi-janos-gyogyviz-0-7l\/","og_locale":"lv_LV","og_type":"article","og_title":"Hunyadi Janos Gyogyviz 0.7L - PickAqua","og_description":"Magnijs (Mg2+):2160 mg\/l N\u0101trijs (Na+):5110 mg\/l Kalcijs (Ca2+):430 mg\/l \u016ade\u0146radis-og\u013chidr\u0101ts. (HCO3): 738 mg\/l Sulf\u0101ts (SO42-):18700 mg\/l Hlor\u012bds (Cl-):660 mg\/l Sast\u0101vda\u013cu kopsumma: 30200 mg\/l &nbsp; RAKSTUROJUMS Divas galven\u0101s Hunyadi J\u00e1nos \u0101rstniecisk\u0101 \u016bdens sast\u0101vda\u013cas, kas paz\u012bstamas un lietotas kop\u0161 1863. gada, ir n\u0101trija sulf\u0101ts un magnija sulf\u0101ts. \u0100rstniecisk\u0101 \u016bdens priek\u0161roc\u012bbas ir t\u0101das, ka tas neizraisa atkar\u012bbu, k\u0101 [&hellip;]","og_url":"https:\/\/pickaqua.com\/shop\/natural-water\/medical-water\/hunyadi-janos-gyogyviz-0-7l\/","og_site_name":"PickAqua","article_publisher":"https:\/\/www.facebook.com\/pickaquaapp\/","article_modified_time":"2025-10-07T08:15:05+00:00","og_image":[{"width":637,"height":832,"url":"https:\/\/pickaqua.com\/wp-content\/uploads\/2023\/08\/hunyadi-janos.webp","type":"image\/webp"}],"twitter_card":"summary_large_image","twitter_misc":{"Price":"&euro;4.90 (&euro;4.05 bez PVN)","Availability":"In stock"},"schema":{"@context":"https:\/\/schema.org","@graph":[{"@type":"WebPage","@id":"https:\/\/pickaqua.com\/shop\/natural-water\/medical-water\/hunyadi-janos-gyogyviz-0-7l\/","url":"https:\/\/pickaqua.com\/shop\/natural-water\/medical-water\/hunyadi-janos-gyogyviz-0-7l\/","name":"Hunyadi Janos Gyogyviz 0.7L - PickAqua","isPartOf":{"@id":"https:\/\/pickaqua.com\/#website"},"datePublished":"2023-08-24T15:44:18+00:00","dateModified":"2025-10-07T08:15:05+00:00","breadcrumb":{"@id":"https:\/\/pickaqua.com\/shop\/natural-water\/medical-water\/hunyadi-janos-gyogyviz-0-7l\/#breadcrumb"},"inLanguage":"lv-LV","potentialAction":[{"@type":"ReadAction","target":["https:\/\/pickaqua.com\/shop\/natural-water\/medical-water\/hunyadi-janos-gyogyviz-0-7l\/"]}]},{"@type":"BreadcrumbList","@id":"https:\/\/pickaqua.com\/shop\/natural-water\/medical-water\/hunyadi-janos-gyogyviz-0-7l\/#breadcrumb","itemListElement":[{"@type":"ListItem","position":1,"name":"Home","item":"https:\/\/pickaqua.com\/lv\/"},{"@type":"ListItem","position":2,"name":"\u016adens veikals","item":"https:\/\/pickaqua.com\/lv\/veikals\/"},{"@type":"ListItem","position":3,"name":"Dab\u012bgais \u016bdens","item":"https:\/\/pickaqua.com\/lv\/product-category\/dabigais-udens\/"},{"@type":"ListItem","position":4,"name":"\u0100rstnieciskais \u016bdens","item":"https:\/\/pickaqua.com\/lv\/product-category\/dabigais-udens\/arstnieciskais-udens\/"},{"@type":"ListItem","position":5,"name":"Hunyadi Janos Gyogyviz 0.7L"}]},{"@type":"WebSite","@id":"https:\/\/pickaqua.com\/#website","url":"https:\/\/pickaqua.com\/","name":"PickAqua","description":"World&#039;s first water choice app","publisher":{"@id":"https:\/\/pickaqua.com\/#organization"},"potentialAction":[{"@type":"SearchAction","target":{"@type":"EntryPoint","urlTemplate":"https:\/\/pickaqua.com\/?s={search_term_string}"},"query-input":"required name=search_term_string"}],"inLanguage":"lv-LV"},{"@type":"Organization","@id":"https:\/\/pickaqua.com\/#organization","name":"PickAqua","url":"https:\/\/pickaqua.com\/","logo":{"@type":"ImageObject","inLanguage":"lv-LV","@id":"https:\/\/pickaqua.com\/#\/schema\/logo\/image\/","url":"https:\/\/pickaqua.com\/wp-content\/uploads\/2023\/03\/Horizontal-logo_blue1-1.png","contentUrl":"https:\/\/pickaqua.com\/wp-content\/uploads\/2023\/03\/Horizontal-logo_blue1-1.png","width":177,"height":176,"caption":"PickAqua"},"image":{"@id":"https:\/\/pickaqua.com\/#\/schema\/logo\/image\/"},"sameAs":["https:\/\/www.facebook.com\/pickaquaapp\/","https:\/\/www.instagram.com\/pickaqua\/"]}]},"product_price_amount":"4.90","product_price_currency":"EUR","og_availability":"instock","product_availability":"instock","product_retailer_item_id":"HU700","product_condition":"new"},"_links":{"self":[{"href":"https:\/\/pickaqua.com\/lv\/wp-json\/wp\/v2\/product\/7277"}],"collection":[{"href":"https:\/\/pickaqua.com\/lv\/wp-json\/wp\/v2\/product"}],"about":[{"href":"https:\/\/pickaqua.com\/lv\/wp-json\/wp\/v2\/types\/product"}],"replies":[{"embeddable":true,"href":"https:\/\/pickaqua.com\/lv\/wp-json\/wp\/v2\/comments?post=7277"}],"wp:featuredmedia":[{"embeddable":true,"href":"https:\/\/pickaqua.com\/lv\/wp-json\/wp\/v2\/media\/8104"}],"wp:attachment":[{"href":"https:\/\/pickaqua.com\/lv\/wp-json\/wp\/v2\/media?parent=7277"}],"wp:term":[{"taxonomy":"product_cat","embeddable":true,"href":"https:\/\/pickaqua.com\/lv\/wp-json\/wp\/v2\/product_cat?post=7277"},{"taxonomy":"product_tag","embeddable":true,"href":"https:\/\/pickaqua.com\/lv\/wp-json\/wp\/v2\/product_tag?post=7277"}],"curies":[{"name":"wp","href":"https:\/\/api.w.org\/{rel}","templated":true}]}}