{"id":8344,"date":"2023-10-21T15:22:49","date_gmt":"2023-10-21T12:22:49","guid":{"rendered":"https:\/\/pickaqua.com\/shop\/uncategorized\/tiche-still-1-5l-2\/"},"modified":"2024-12-14T14:25:46","modified_gmt":"2024-12-14T11:25:46","slug":"tiche-still-1-5l-2","status":"publish","type":"product","link":"https:\/\/pickaqua.com\/lv\/shop\/dabigais-udens\/dabigais-mineraludens\/tiche-still-1-5l-2\/","title":{"rendered":"Tiche still 1.5l"},"content":{"rendered":"<div class=\"product attribute description\">\n<div class=\"value\">TICH\u0116 \u2013 a unique, mild-tasting, medium-mineralized, alkaline, sulfate-rich natural mineral water with a unique composition of minerals. More than 10 natural minerals are dissolved in one bottle. Nature&#8217;s balanced composition of minerals and sulfates allows you to enjoy the benefits of TICH\u0116 every day. water is harvested and bottled from a depth of 689 meters. At such a depth, the water retains its pristine, pure state created by nature itself. Components (mg\/l): Anions: SO2-4 834mg; HCO-3 108mg; CI- 46mg; Br- 4.9mg; F- 0.3mg; Cations: Ca2+ 220mg; Na+ 76mg; Mg2+ 73mg; K+ 19mg; Li+ 0.05mg. Distributor: SIA Trialto Latvia.<\/div>\n<\/div>\n<p><iframe style=\"display: none;\"><\/iframe><\/p>\n","protected":false},"excerpt":{"rendered":"<p>TICH\u0116 \u2013 a unique, mild-tasting, medium-mineralized, alkaline, sulfate-rich natural mineral water with a unique composition of minerals. More than 10 natural minerals are dissolved in one bottle. Nature&#8217;s balanced composition of minerals and sulfates allows you to enjoy the benefits of TICH\u0116 every day. water is harvested and bottled from a depth of 689 meters. [&hellip;]<\/p>\n","protected":false},"featured_media":8155,"comment_status":"open","ping_status":"closed","template":"","meta":[],"product_cat":[60],"product_tag":[],"acf":[],"yoast_head":"<!-- This site is optimized with the Yoast SEO plugin v21.2 - https:\/\/yoast.com\/wordpress\/plugins\/seo\/ -->\n<title>Tiche still 1.5l - PickAqua<\/title>\n<meta name=\"description\" content=\"TICH\u0116 \u2013 a unique, mild-tasting, medium-mineralized, alkaline, sulfate-rich natural mineral water with a unique composition of minerals. More than...\" \/>\n<meta name=\"robots\" content=\"index, follow, max-snippet:-1, max-image-preview:large, max-video-preview:-1\" \/>\n<link rel=\"canonical\" href=\"https:\/\/pickaqua.com\/lv\/shop\/dabigais-udens\/dabigais-mineraludens\/tiche-still-1-5l-2\/\" \/>\n<meta property=\"og:locale\" content=\"lv_LV\" \/>\n<meta property=\"og:type\" content=\"article\" \/>\n<meta property=\"og:title\" content=\"Tiche still 1.5l - PickAqua\" \/>\n<meta property=\"og:description\" content=\"TICH\u0116 \u2013 a unique, mild-tasting, medium-mineralized, alkaline, sulfate-rich natural mineral water with a unique composition of minerals. More than...\" \/>\n<meta property=\"og:url\" content=\"https:\/\/pickaqua.com\/lv\/shop\/dabigais-udens\/dabigais-mineraludens\/tiche-still-1-5l-2\/\" \/>\n<meta property=\"og:site_name\" content=\"PickAqua\" \/>\n<meta property=\"article:publisher\" content=\"https:\/\/www.facebook.com\/pickaquaapp\/\" \/>\n<meta property=\"article:modified_time\" content=\"2024-12-14T11:25:46+00:00\" \/>\n<meta property=\"og:image\" content=\"https:\/\/pickaqua.com\/wp-content\/uploads\/2023\/10\/1_5_neg_z_ts_jpg.jpg\" \/>\n\t<meta property=\"og:image:width\" content=\"700\" \/>\n\t<meta property=\"og:image:height\" content=\"700\" \/>\n\t<meta property=\"og:image:type\" content=\"image\/jpeg\" \/>\n<meta name=\"twitter:card\" content=\"summary_large_image\" \/>\n<meta name=\"twitter:label1\" content=\"Price\" \/>\n\t<meta name=\"twitter:data1\" content=\"&euro;0.79 (&euro;0.65 bez PVN)\" \/>\n\t<meta name=\"twitter:label2\" content=\"Availability\" \/>\n\t<meta name=\"twitter:data2\" content=\"Out of stock\" \/>\n<script type=\"application\/ld+json\" class=\"yoast-schema-graph\">{\"@context\":\"https:\/\/schema.org\",\"@graph\":[{\"@type\":\"WebPage\",\"@id\":\"https:\/\/pickaqua.com\/lv\/shop\/dabigais-udens\/dabigais-mineraludens\/tiche-still-1-5l-2\/\",\"url\":\"https:\/\/pickaqua.com\/lv\/shop\/dabigais-udens\/dabigais-mineraludens\/tiche-still-1-5l-2\/\",\"name\":\"Tiche still 1.5l - PickAqua\",\"isPartOf\":{\"@id\":\"https:\/\/pickaqua.com\/#website\"},\"datePublished\":\"2023-10-21T12:22:49+00:00\",\"dateModified\":\"2024-12-14T11:25:46+00:00\",\"description\":\"TICH\u0116 \u2013 a unique, mild-tasting, medium-mineralized, alkaline, sulfate-rich natural mineral water with a unique composition of minerals. More than...\",\"breadcrumb\":{\"@id\":\"https:\/\/pickaqua.com\/lv\/shop\/dabigais-udens\/dabigais-mineraludens\/tiche-still-1-5l-2\/#breadcrumb\"},\"inLanguage\":\"lv-LV\",\"potentialAction\":[{\"@type\":\"ReadAction\",\"target\":[\"https:\/\/pickaqua.com\/lv\/shop\/dabigais-udens\/dabigais-mineraludens\/tiche-still-1-5l-2\/\"]}]},{\"@type\":\"BreadcrumbList\",\"@id\":\"https:\/\/pickaqua.com\/lv\/shop\/dabigais-udens\/dabigais-mineraludens\/tiche-still-1-5l-2\/#breadcrumb\",\"itemListElement\":[{\"@type\":\"ListItem\",\"position\":1,\"name\":\"Home\",\"item\":\"https:\/\/pickaqua.com\/lv\/\"},{\"@type\":\"ListItem\",\"position\":2,\"name\":\"\u016adens veikals\",\"item\":\"https:\/\/pickaqua.com\/lv\/veikals\/\"},{\"@type\":\"ListItem\",\"position\":3,\"name\":\"Dab\u012bgais \u016bdens\",\"item\":\"https:\/\/pickaqua.com\/lv\/product-category\/dabigais-udens\/\"},{\"@type\":\"ListItem\",\"position\":4,\"name\":\"Dab\u012bgais miner\u0101l\u016bdens\",\"item\":\"https:\/\/pickaqua.com\/lv\/product-category\/dabigais-udens\/dabigais-mineraludens\/\"},{\"@type\":\"ListItem\",\"position\":5,\"name\":\"Tiche still 1.5l\"}]},{\"@type\":\"WebSite\",\"@id\":\"https:\/\/pickaqua.com\/#website\",\"url\":\"https:\/\/pickaqua.com\/\",\"name\":\"PickAqua\",\"description\":\"World&#039;s first water choice app\",\"publisher\":{\"@id\":\"https:\/\/pickaqua.com\/#organization\"},\"potentialAction\":[{\"@type\":\"SearchAction\",\"target\":{\"@type\":\"EntryPoint\",\"urlTemplate\":\"https:\/\/pickaqua.com\/?s={search_term_string}\"},\"query-input\":\"required name=search_term_string\"}],\"inLanguage\":\"lv-LV\"},{\"@type\":\"Organization\",\"@id\":\"https:\/\/pickaqua.com\/#organization\",\"name\":\"PickAqua\",\"url\":\"https:\/\/pickaqua.com\/\",\"logo\":{\"@type\":\"ImageObject\",\"inLanguage\":\"lv-LV\",\"@id\":\"https:\/\/pickaqua.com\/#\/schema\/logo\/image\/\",\"url\":\"https:\/\/pickaqua.com\/wp-content\/uploads\/2023\/03\/Horizontal-logo_blue1-1.png\",\"contentUrl\":\"https:\/\/pickaqua.com\/wp-content\/uploads\/2023\/03\/Horizontal-logo_blue1-1.png\",\"width\":177,\"height\":176,\"caption\":\"PickAqua\"},\"image\":{\"@id\":\"https:\/\/pickaqua.com\/#\/schema\/logo\/image\/\"},\"sameAs\":[\"https:\/\/www.facebook.com\/pickaquaapp\/\",\"https:\/\/www.instagram.com\/pickaqua\/\"]}]}<\/script>\n<meta property=\"product:price:amount\" content=\"0.79\" \/>\n<meta property=\"product:price:currency\" content=\"EUR\" \/>\n<meta property=\"og:availability\" content=\"out of stock\" \/>\n<meta property=\"product:availability\" content=\"out of stock\" \/>\n<meta property=\"product:condition\" content=\"new\" \/>\n<!-- \/ Yoast SEO plugin. -->","yoast_head_json":{"title":"Tiche still 1.5l - PickAqua","description":"TICH\u0116 \u2013 a unique, mild-tasting, medium-mineralized, alkaline, sulfate-rich natural mineral water with a unique composition of minerals. More than...","robots":{"index":"index","follow":"follow","max-snippet":"max-snippet:-1","max-image-preview":"max-image-preview:large","max-video-preview":"max-video-preview:-1"},"canonical":"https:\/\/pickaqua.com\/lv\/shop\/dabigais-udens\/dabigais-mineraludens\/tiche-still-1-5l-2\/","og_locale":"lv_LV","og_type":"article","og_title":"Tiche still 1.5l - PickAqua","og_description":"TICH\u0116 \u2013 a unique, mild-tasting, medium-mineralized, alkaline, sulfate-rich natural mineral water with a unique composition of minerals. More than...","og_url":"https:\/\/pickaqua.com\/lv\/shop\/dabigais-udens\/dabigais-mineraludens\/tiche-still-1-5l-2\/","og_site_name":"PickAqua","article_publisher":"https:\/\/www.facebook.com\/pickaquaapp\/","article_modified_time":"2024-12-14T11:25:46+00:00","og_image":[{"width":700,"height":700,"url":"https:\/\/pickaqua.com\/wp-content\/uploads\/2023\/10\/1_5_neg_z_ts_jpg.jpg","type":"image\/jpeg"}],"twitter_card":"summary_large_image","twitter_misc":{"Price":"&euro;0.79 (&euro;0.65 bez PVN)","Availability":"Out of stock"},"schema":{"@context":"https:\/\/schema.org","@graph":[{"@type":"WebPage","@id":"https:\/\/pickaqua.com\/lv\/shop\/dabigais-udens\/dabigais-mineraludens\/tiche-still-1-5l-2\/","url":"https:\/\/pickaqua.com\/lv\/shop\/dabigais-udens\/dabigais-mineraludens\/tiche-still-1-5l-2\/","name":"Tiche still 1.5l - PickAqua","isPartOf":{"@id":"https:\/\/pickaqua.com\/#website"},"datePublished":"2023-10-21T12:22:49+00:00","dateModified":"2024-12-14T11:25:46+00:00","description":"TICH\u0116 \u2013 a unique, mild-tasting, medium-mineralized, alkaline, sulfate-rich natural mineral water with a unique composition of minerals. More than...","breadcrumb":{"@id":"https:\/\/pickaqua.com\/lv\/shop\/dabigais-udens\/dabigais-mineraludens\/tiche-still-1-5l-2\/#breadcrumb"},"inLanguage":"lv-LV","potentialAction":[{"@type":"ReadAction","target":["https:\/\/pickaqua.com\/lv\/shop\/dabigais-udens\/dabigais-mineraludens\/tiche-still-1-5l-2\/"]}]},{"@type":"BreadcrumbList","@id":"https:\/\/pickaqua.com\/lv\/shop\/dabigais-udens\/dabigais-mineraludens\/tiche-still-1-5l-2\/#breadcrumb","itemListElement":[{"@type":"ListItem","position":1,"name":"Home","item":"https:\/\/pickaqua.com\/lv\/"},{"@type":"ListItem","position":2,"name":"\u016adens veikals","item":"https:\/\/pickaqua.com\/lv\/veikals\/"},{"@type":"ListItem","position":3,"name":"Dab\u012bgais \u016bdens","item":"https:\/\/pickaqua.com\/lv\/product-category\/dabigais-udens\/"},{"@type":"ListItem","position":4,"name":"Dab\u012bgais miner\u0101l\u016bdens","item":"https:\/\/pickaqua.com\/lv\/product-category\/dabigais-udens\/dabigais-mineraludens\/"},{"@type":"ListItem","position":5,"name":"Tiche still 1.5l"}]},{"@type":"WebSite","@id":"https:\/\/pickaqua.com\/#website","url":"https:\/\/pickaqua.com\/","name":"PickAqua","description":"World&#039;s first water choice app","publisher":{"@id":"https:\/\/pickaqua.com\/#organization"},"potentialAction":[{"@type":"SearchAction","target":{"@type":"EntryPoint","urlTemplate":"https:\/\/pickaqua.com\/?s={search_term_string}"},"query-input":"required name=search_term_string"}],"inLanguage":"lv-LV"},{"@type":"Organization","@id":"https:\/\/pickaqua.com\/#organization","name":"PickAqua","url":"https:\/\/pickaqua.com\/","logo":{"@type":"ImageObject","inLanguage":"lv-LV","@id":"https:\/\/pickaqua.com\/#\/schema\/logo\/image\/","url":"https:\/\/pickaqua.com\/wp-content\/uploads\/2023\/03\/Horizontal-logo_blue1-1.png","contentUrl":"https:\/\/pickaqua.com\/wp-content\/uploads\/2023\/03\/Horizontal-logo_blue1-1.png","width":177,"height":176,"caption":"PickAqua"},"image":{"@id":"https:\/\/pickaqua.com\/#\/schema\/logo\/image\/"},"sameAs":["https:\/\/www.facebook.com\/pickaquaapp\/","https:\/\/www.instagram.com\/pickaqua\/"]}]},"product_price_amount":"0.79","product_price_currency":"EUR","og_availability":"out of stock","product_availability":"out of stock","product_condition":"new"},"_links":{"self":[{"href":"https:\/\/pickaqua.com\/lv\/wp-json\/wp\/v2\/product\/8344"}],"collection":[{"href":"https:\/\/pickaqua.com\/lv\/wp-json\/wp\/v2\/product"}],"about":[{"href":"https:\/\/pickaqua.com\/lv\/wp-json\/wp\/v2\/types\/product"}],"replies":[{"embeddable":true,"href":"https:\/\/pickaqua.com\/lv\/wp-json\/wp\/v2\/comments?post=8344"}],"wp:featuredmedia":[{"embeddable":true,"href":"https:\/\/pickaqua.com\/lv\/wp-json\/wp\/v2\/media\/8155"}],"wp:attachment":[{"href":"https:\/\/pickaqua.com\/lv\/wp-json\/wp\/v2\/media?parent=8344"}],"wp:term":[{"taxonomy":"product_cat","embeddable":true,"href":"https:\/\/pickaqua.com\/lv\/wp-json\/wp\/v2\/product_cat?post=8344"},{"taxonomy":"product_tag","embeddable":true,"href":"https:\/\/pickaqua.com\/lv\/wp-json\/wp\/v2\/product_tag?post=8344"}],"curies":[{"name":"wp","href":"https:\/\/api.w.org\/{rel}","templated":true}]}}