{"id":8734,"date":"2023-10-24T01:29:09","date_gmt":"2023-10-23T22:29:09","guid":{"rendered":"https:\/\/pickaqua.com\/shop\/uncategorized\/amrita-still-1l\/"},"modified":"2024-12-14T14:24:19","modified_gmt":"2024-12-14T11:24:19","slug":"amrita-still-1l","status":"publish","type":"product","link":"https:\/\/pickaqua.com\/lv\/shop\/dabigais-udens\/dabigais-mineraludens\/amrita-still-1l\/","title":{"rendered":"Amrita still 1l"},"content":{"rendered":"<div class=\"product__list-wrapper\">\n<ul class=\"list\">\n<li class=\"item\">Country of origin\n<ul class=\"list\">\n<li class=\"item\">Latvia<\/li>\n<\/ul>\n<\/li>\n<li class=\"item\">Brand\n<ul class=\"list\">\n<li class=\"item\">Amrita<\/li>\n<\/ul>\n<\/li>\n<li class=\"item\">Producer\n<ul class=\"list\">\n<li class=\"item\">Amrita Water Europe SIA<\/li>\n<\/ul>\n<\/li>\n<li class=\"item\">Amount\n<ul class=\"list\">\n<li class=\"item\">1l<\/li>\n<\/ul>\n<\/li>\n<li class=\"item\">Ingredients\n<ul class=\"list\">\n<li class=\"item\">natural drinking water, still\n<div class=\"product__list-wrapper -simple\"><\/div>\n<\/li>\n<\/ul>\n<\/li>\n<\/ul>\n<\/div>\n","protected":false},"excerpt":{"rendered":"<p>Country of origin Latvia Brand Amrita Producer Amrita Water Europe SIA Amount 1l Ingredients natural drinking water, still<\/p>\n","protected":false},"featured_media":8697,"comment_status":"open","ping_status":"closed","template":"","meta":[],"product_cat":[60,247],"product_tag":[],"acf":[],"yoast_head":"<!-- This site is optimized with the Yoast SEO plugin v21.2 - https:\/\/yoast.com\/wordpress\/plugins\/seo\/ -->\n<title>Amrita still 1l - PickAqua<\/title>\n<meta name=\"description\" content=\"Drinking water Amrita with minerals still 1l. Country of origin: Latvia. Brand: Amrita. Producer: Amrita Water Europe SIA. Amount: 1l...\" \/>\n<meta name=\"robots\" content=\"index, follow, max-snippet:-1, max-image-preview:large, max-video-preview:-1\" \/>\n<link rel=\"canonical\" href=\"https:\/\/pickaqua.com\/lv\/shop\/dabigais-udens\/dabigais-mineraludens\/amrita-still-1l\/\" \/>\n<meta property=\"og:locale\" content=\"lv_LV\" \/>\n<meta property=\"og:type\" content=\"article\" \/>\n<meta property=\"og:title\" content=\"Amrita still 1l - PickAqua\" \/>\n<meta property=\"og:description\" content=\"Drinking water Amrita with minerals still 1l. Country of origin: Latvia. Brand: Amrita. Producer: Amrita Water Europe SIA. Amount: 1l...\" \/>\n<meta property=\"og:url\" content=\"https:\/\/pickaqua.com\/lv\/shop\/dabigais-udens\/dabigais-mineraludens\/amrita-still-1l\/\" \/>\n<meta property=\"og:site_name\" content=\"PickAqua\" \/>\n<meta property=\"article:publisher\" content=\"https:\/\/www.facebook.com\/pickaquaapp\/\" \/>\n<meta property=\"article:modified_time\" content=\"2024-12-14T11:24:19+00:00\" \/>\n<meta property=\"og:image\" content=\"https:\/\/pickaqua.com\/wp-content\/uploads\/2023\/10\/35.webp\" \/>\n\t<meta property=\"og:image:width\" content=\"480\" \/>\n\t<meta property=\"og:image:height\" content=\"480\" \/>\n\t<meta property=\"og:image:type\" content=\"image\/webp\" \/>\n<meta name=\"twitter:card\" content=\"summary_large_image\" \/>\n<meta name=\"twitter:label1\" content=\"Price\" \/>\n\t<meta name=\"twitter:data1\" content=\"&euro;1.49 (&euro;1.23 bez PVN)\" \/>\n\t<meta name=\"twitter:label2\" content=\"Availability\" \/>\n\t<meta name=\"twitter:data2\" content=\"Out of stock\" \/>\n<script type=\"application\/ld+json\" class=\"yoast-schema-graph\">{\"@context\":\"https:\/\/schema.org\",\"@graph\":[{\"@type\":\"WebPage\",\"@id\":\"https:\/\/pickaqua.com\/lv\/shop\/dabigais-udens\/dabigais-mineraludens\/amrita-still-1l\/\",\"url\":\"https:\/\/pickaqua.com\/lv\/shop\/dabigais-udens\/dabigais-mineraludens\/amrita-still-1l\/\",\"name\":\"Amrita still 1l - PickAqua\",\"isPartOf\":{\"@id\":\"https:\/\/pickaqua.com\/#website\"},\"datePublished\":\"2023-10-23T22:29:09+00:00\",\"dateModified\":\"2024-12-14T11:24:19+00:00\",\"description\":\"Drinking water Amrita with minerals still 1l. Country of origin: Latvia. Brand: Amrita. Producer: Amrita Water Europe SIA. Amount: 1l...\",\"breadcrumb\":{\"@id\":\"https:\/\/pickaqua.com\/lv\/shop\/dabigais-udens\/dabigais-mineraludens\/amrita-still-1l\/#breadcrumb\"},\"inLanguage\":\"lv-LV\",\"potentialAction\":[{\"@type\":\"ReadAction\",\"target\":[\"https:\/\/pickaqua.com\/lv\/shop\/dabigais-udens\/dabigais-mineraludens\/amrita-still-1l\/\"]}]},{\"@type\":\"BreadcrumbList\",\"@id\":\"https:\/\/pickaqua.com\/lv\/shop\/dabigais-udens\/dabigais-mineraludens\/amrita-still-1l\/#breadcrumb\",\"itemListElement\":[{\"@type\":\"ListItem\",\"position\":1,\"name\":\"Home\",\"item\":\"https:\/\/pickaqua.com\/lv\/\"},{\"@type\":\"ListItem\",\"position\":2,\"name\":\"\u016adens veikals\",\"item\":\"https:\/\/pickaqua.com\/lv\/veikals\/\"},{\"@type\":\"ListItem\",\"position\":3,\"name\":\"Dab\u012bgais \u016bdens\",\"item\":\"https:\/\/pickaqua.com\/lv\/product-category\/dabigais-udens\/\"},{\"@type\":\"ListItem\",\"position\":4,\"name\":\"Dab\u012bgais miner\u0101l\u016bdens\",\"item\":\"https:\/\/pickaqua.com\/lv\/product-category\/dabigais-udens\/dabigais-mineraludens\/\"},{\"@type\":\"ListItem\",\"position\":5,\"name\":\"Amrita still 1l\"}]},{\"@type\":\"WebSite\",\"@id\":\"https:\/\/pickaqua.com\/#website\",\"url\":\"https:\/\/pickaqua.com\/\",\"name\":\"PickAqua\",\"description\":\"World&#039;s first water choice app\",\"publisher\":{\"@id\":\"https:\/\/pickaqua.com\/#organization\"},\"potentialAction\":[{\"@type\":\"SearchAction\",\"target\":{\"@type\":\"EntryPoint\",\"urlTemplate\":\"https:\/\/pickaqua.com\/?s={search_term_string}\"},\"query-input\":\"required name=search_term_string\"}],\"inLanguage\":\"lv-LV\"},{\"@type\":\"Organization\",\"@id\":\"https:\/\/pickaqua.com\/#organization\",\"name\":\"PickAqua\",\"url\":\"https:\/\/pickaqua.com\/\",\"logo\":{\"@type\":\"ImageObject\",\"inLanguage\":\"lv-LV\",\"@id\":\"https:\/\/pickaqua.com\/#\/schema\/logo\/image\/\",\"url\":\"https:\/\/pickaqua.com\/wp-content\/uploads\/2023\/03\/Horizontal-logo_blue1-1.png\",\"contentUrl\":\"https:\/\/pickaqua.com\/wp-content\/uploads\/2023\/03\/Horizontal-logo_blue1-1.png\",\"width\":177,\"height\":176,\"caption\":\"PickAqua\"},\"image\":{\"@id\":\"https:\/\/pickaqua.com\/#\/schema\/logo\/image\/\"},\"sameAs\":[\"https:\/\/www.facebook.com\/pickaquaapp\/\",\"https:\/\/www.instagram.com\/pickaqua\/\"]}]}<\/script>\n<meta property=\"product:price:amount\" content=\"1.49\" \/>\n<meta property=\"product:price:currency\" content=\"EUR\" \/>\n<meta property=\"og:availability\" content=\"out of stock\" \/>\n<meta property=\"product:availability\" content=\"out of stock\" \/>\n<meta property=\"product:condition\" content=\"new\" \/>\n<!-- \/ Yoast SEO plugin. -->","yoast_head_json":{"title":"Amrita still 1l - PickAqua","description":"Drinking water Amrita with minerals still 1l. Country of origin: Latvia. Brand: Amrita. Producer: Amrita Water Europe SIA. Amount: 1l...","robots":{"index":"index","follow":"follow","max-snippet":"max-snippet:-1","max-image-preview":"max-image-preview:large","max-video-preview":"max-video-preview:-1"},"canonical":"https:\/\/pickaqua.com\/lv\/shop\/dabigais-udens\/dabigais-mineraludens\/amrita-still-1l\/","og_locale":"lv_LV","og_type":"article","og_title":"Amrita still 1l - PickAqua","og_description":"Drinking water Amrita with minerals still 1l. Country of origin: Latvia. Brand: Amrita. Producer: Amrita Water Europe SIA. Amount: 1l...","og_url":"https:\/\/pickaqua.com\/lv\/shop\/dabigais-udens\/dabigais-mineraludens\/amrita-still-1l\/","og_site_name":"PickAqua","article_publisher":"https:\/\/www.facebook.com\/pickaquaapp\/","article_modified_time":"2024-12-14T11:24:19+00:00","og_image":[{"width":480,"height":480,"url":"https:\/\/pickaqua.com\/wp-content\/uploads\/2023\/10\/35.webp","type":"image\/webp"}],"twitter_card":"summary_large_image","twitter_misc":{"Price":"&euro;1.49 (&euro;1.23 bez PVN)","Availability":"Out of stock"},"schema":{"@context":"https:\/\/schema.org","@graph":[{"@type":"WebPage","@id":"https:\/\/pickaqua.com\/lv\/shop\/dabigais-udens\/dabigais-mineraludens\/amrita-still-1l\/","url":"https:\/\/pickaqua.com\/lv\/shop\/dabigais-udens\/dabigais-mineraludens\/amrita-still-1l\/","name":"Amrita still 1l - PickAqua","isPartOf":{"@id":"https:\/\/pickaqua.com\/#website"},"datePublished":"2023-10-23T22:29:09+00:00","dateModified":"2024-12-14T11:24:19+00:00","description":"Drinking water Amrita with minerals still 1l. Country of origin: Latvia. Brand: Amrita. Producer: Amrita Water Europe SIA. Amount: 1l...","breadcrumb":{"@id":"https:\/\/pickaqua.com\/lv\/shop\/dabigais-udens\/dabigais-mineraludens\/amrita-still-1l\/#breadcrumb"},"inLanguage":"lv-LV","potentialAction":[{"@type":"ReadAction","target":["https:\/\/pickaqua.com\/lv\/shop\/dabigais-udens\/dabigais-mineraludens\/amrita-still-1l\/"]}]},{"@type":"BreadcrumbList","@id":"https:\/\/pickaqua.com\/lv\/shop\/dabigais-udens\/dabigais-mineraludens\/amrita-still-1l\/#breadcrumb","itemListElement":[{"@type":"ListItem","position":1,"name":"Home","item":"https:\/\/pickaqua.com\/lv\/"},{"@type":"ListItem","position":2,"name":"\u016adens veikals","item":"https:\/\/pickaqua.com\/lv\/veikals\/"},{"@type":"ListItem","position":3,"name":"Dab\u012bgais \u016bdens","item":"https:\/\/pickaqua.com\/lv\/product-category\/dabigais-udens\/"},{"@type":"ListItem","position":4,"name":"Dab\u012bgais miner\u0101l\u016bdens","item":"https:\/\/pickaqua.com\/lv\/product-category\/dabigais-udens\/dabigais-mineraludens\/"},{"@type":"ListItem","position":5,"name":"Amrita still 1l"}]},{"@type":"WebSite","@id":"https:\/\/pickaqua.com\/#website","url":"https:\/\/pickaqua.com\/","name":"PickAqua","description":"World&#039;s first water choice app","publisher":{"@id":"https:\/\/pickaqua.com\/#organization"},"potentialAction":[{"@type":"SearchAction","target":{"@type":"EntryPoint","urlTemplate":"https:\/\/pickaqua.com\/?s={search_term_string}"},"query-input":"required name=search_term_string"}],"inLanguage":"lv-LV"},{"@type":"Organization","@id":"https:\/\/pickaqua.com\/#organization","name":"PickAqua","url":"https:\/\/pickaqua.com\/","logo":{"@type":"ImageObject","inLanguage":"lv-LV","@id":"https:\/\/pickaqua.com\/#\/schema\/logo\/image\/","url":"https:\/\/pickaqua.com\/wp-content\/uploads\/2023\/03\/Horizontal-logo_blue1-1.png","contentUrl":"https:\/\/pickaqua.com\/wp-content\/uploads\/2023\/03\/Horizontal-logo_blue1-1.png","width":177,"height":176,"caption":"PickAqua"},"image":{"@id":"https:\/\/pickaqua.com\/#\/schema\/logo\/image\/"},"sameAs":["https:\/\/www.facebook.com\/pickaquaapp\/","https:\/\/www.instagram.com\/pickaqua\/"]}]},"product_price_amount":"1.49","product_price_currency":"EUR","og_availability":"out of stock","product_availability":"out of stock","product_condition":"new"},"_links":{"self":[{"href":"https:\/\/pickaqua.com\/lv\/wp-json\/wp\/v2\/product\/8734"}],"collection":[{"href":"https:\/\/pickaqua.com\/lv\/wp-json\/wp\/v2\/product"}],"about":[{"href":"https:\/\/pickaqua.com\/lv\/wp-json\/wp\/v2\/types\/product"}],"replies":[{"embeddable":true,"href":"https:\/\/pickaqua.com\/lv\/wp-json\/wp\/v2\/comments?post=8734"}],"wp:featuredmedia":[{"embeddable":true,"href":"https:\/\/pickaqua.com\/lv\/wp-json\/wp\/v2\/media\/8697"}],"wp:attachment":[{"href":"https:\/\/pickaqua.com\/lv\/wp-json\/wp\/v2\/media?parent=8734"}],"wp:term":[{"taxonomy":"product_cat","embeddable":true,"href":"https:\/\/pickaqua.com\/lv\/wp-json\/wp\/v2\/product_cat?post=8734"},{"taxonomy":"product_tag","embeddable":true,"href":"https:\/\/pickaqua.com\/lv\/wp-json\/wp\/v2\/product_tag?post=8734"}],"curies":[{"name":"wp","href":"https:\/\/api.w.org\/{rel}","templated":true}]}}