{"id":939,"date":"2023-02-08T18:18:03","date_gmt":"2023-02-08T15:18:03","guid":{"rendered":"https:\/\/pickaqua.com\/product\/airy-ph10-15l\/"},"modified":"2025-01-14T14:08:09","modified_gmt":"2025-01-14T11:08:09","slug":"airy-ph10-15l","status":"publish","type":"product","link":"https:\/\/pickaqua.com\/lv\/shop\/dabigais-udens\/dabigais-mineraludens\/airy-ph10-15l\/","title":{"rendered":"AIRY pH10 (1,5L)"},"content":{"rendered":"<p>AIRY pH10 ir s\u0101rmain\u0101kais dab\u012bgais miner\u0101l\u016bdens ar zemu s\u0101\u013cumu (TDS-124mg\/l) pasaul\u0113! Satur vesel\u012bbas miner\u0101lu sil\u012bciju 28 mg\/l. Gar\u0161a ir \u013coti viegla un ar saldenu nokr\u0101su. Lielisks \u016bdens katrai dienai cilv\u0113kiem, kas nov\u0113rt\u0113 dabas sp\u0113ku. \u016adens izpl\u016bst no zemes nepies\u0101r\u0146ot\u0101 teritorij\u0101 Bulg\u0101rij\u0101 no 700 metru dzi\u013cuma. \u0160is ir \u013coti rets, ekskluz\u012bvs \u016bdens, kas dab\u0101 ir \u013coti reti sastopams.<\/p>\n<p><iframe style=\"display: none;\"><\/iframe><\/p>\n","protected":false},"excerpt":{"rendered":"<p>AIRY pH10 ir s\u0101rmain\u0101kais dab\u012bgais miner\u0101l\u016bdens ar zemu s\u0101\u013cumu (TDS-124mg\/l) pasaul\u0113! Satur vesel\u012bbas miner\u0101lu sil\u012bciju 28 mg\/l. Gar\u0161a ir \u013coti viegla un ar saldenu nokr\u0101su. Lielisks \u016bdens katrai dienai cilv\u0113kiem, kas nov\u0113rt\u0113 dabas sp\u0113ku. \u016adens izpl\u016bst no zemes nepies\u0101r\u0146ot\u0101 teritorij\u0101 Bulg\u0101rij\u0101 no 700 metru dzi\u013cuma. \u0160is ir \u013coti rets, ekskluz\u012bvs \u016bdens, kas dab\u0101 ir \u013coti [&hellip;]<\/p>\n","protected":false},"featured_media":10877,"comment_status":"open","ping_status":"closed","template":"","meta":[],"product_cat":[60],"product_tag":[109,81,83],"acf":[],"yoast_head":"<!-- This site is optimized with the Yoast SEO plugin v21.2 - https:\/\/yoast.com\/wordpress\/plugins\/seo\/ -->\n<title>AIRY pH10 (1,5L) - PickAqua<\/title>\n<meta name=\"description\" content=\"AIRY pH10 ir pasaul\u0113 s\u0101rmain\u0101kais ar zemu mineraliz\u0101ciju (TDS-124mg\/l) dab\u012bgais miner\u0101l\u016bdens! Satur skaistumkop\u0161anas miner\u0101lu sil\u012bcija dioks\u012bdu 28mg\/l.\" \/>\n<meta name=\"robots\" content=\"index, follow, max-snippet:-1, max-image-preview:large, max-video-preview:-1\" \/>\n<link rel=\"canonical\" href=\"https:\/\/pickaqua.com\/shop\/natural-water\/natural-mineral-water\/airy-ph10-15l\/\" \/>\n<meta property=\"og:locale\" content=\"lv_LV\" \/>\n<meta property=\"og:type\" content=\"article\" \/>\n<meta property=\"og:title\" content=\"AIRY pH10 (1,5L) - PickAqua\" \/>\n<meta property=\"og:description\" content=\"AIRY pH10 ir pasaul\u0113 s\u0101rmain\u0101kais ar zemu mineraliz\u0101ciju (TDS-124mg\/l) dab\u012bgais miner\u0101l\u016bdens! Satur skaistumkop\u0161anas miner\u0101lu sil\u012bcija dioks\u012bdu 28mg\/l.\" \/>\n<meta property=\"og:url\" content=\"https:\/\/pickaqua.com\/shop\/natural-water\/natural-mineral-water\/airy-ph10-15l\/\" \/>\n<meta property=\"og:site_name\" content=\"PickAqua\" \/>\n<meta property=\"article:publisher\" content=\"https:\/\/www.facebook.com\/pickaquaapp\/\" \/>\n<meta property=\"article:modified_time\" content=\"2025-01-14T11:08:09+00:00\" \/>\n<meta property=\"og:image\" content=\"https:\/\/pickaqua.com\/wp-content\/uploads\/2023\/02\/692ff1d50296c250948937.jpg\" \/>\n\t<meta property=\"og:image:width\" content=\"1560\" \/>\n\t<meta property=\"og:image:height\" content=\"1560\" \/>\n\t<meta property=\"og:image:type\" content=\"image\/jpeg\" \/>\n<meta name=\"twitter:card\" content=\"summary_large_image\" \/>\n<meta name=\"twitter:label1\" content=\"Price\" \/>\n\t<meta name=\"twitter:data1\" content=\"&euro;1.65 (&euro;1.36 bez PVN)\" \/>\n\t<meta name=\"twitter:label2\" content=\"Availability\" \/>\n\t<meta name=\"twitter:data2\" content=\"In stock\" \/>\n<script type=\"application\/ld+json\" class=\"yoast-schema-graph\">{\"@context\":\"https:\/\/schema.org\",\"@graph\":[{\"@type\":\"WebPage\",\"@id\":\"https:\/\/pickaqua.com\/shop\/natural-water\/natural-mineral-water\/airy-ph10-15l\/\",\"url\":\"https:\/\/pickaqua.com\/shop\/natural-water\/natural-mineral-water\/airy-ph10-15l\/\",\"name\":\"AIRY pH10 (1,5L) - PickAqua\",\"isPartOf\":{\"@id\":\"https:\/\/pickaqua.com\/#website\"},\"datePublished\":\"2023-02-08T15:18:03+00:00\",\"dateModified\":\"2025-01-14T11:08:09+00:00\",\"description\":\"AIRY pH10 ir pasaul\u0113 s\u0101rmain\u0101kais ar zemu mineraliz\u0101ciju (TDS-124mg\/l) dab\u012bgais miner\u0101l\u016bdens! Satur skaistumkop\u0161anas miner\u0101lu sil\u012bcija dioks\u012bdu 28mg\/l.\",\"breadcrumb\":{\"@id\":\"https:\/\/pickaqua.com\/shop\/natural-water\/natural-mineral-water\/airy-ph10-15l\/#breadcrumb\"},\"inLanguage\":\"lv-LV\",\"potentialAction\":[{\"@type\":\"ReadAction\",\"target\":[\"https:\/\/pickaqua.com\/shop\/natural-water\/natural-mineral-water\/airy-ph10-15l\/\"]}]},{\"@type\":\"BreadcrumbList\",\"@id\":\"https:\/\/pickaqua.com\/shop\/natural-water\/natural-mineral-water\/airy-ph10-15l\/#breadcrumb\",\"itemListElement\":[{\"@type\":\"ListItem\",\"position\":1,\"name\":\"Home\",\"item\":\"https:\/\/pickaqua.com\/lv\/\"},{\"@type\":\"ListItem\",\"position\":2,\"name\":\"\u016adens veikals\",\"item\":\"https:\/\/pickaqua.com\/lv\/veikals\/\"},{\"@type\":\"ListItem\",\"position\":3,\"name\":\"Dab\u012bgais \u016bdens\",\"item\":\"https:\/\/pickaqua.com\/lv\/product-category\/dabigais-udens\/\"},{\"@type\":\"ListItem\",\"position\":4,\"name\":\"Dab\u012bgais miner\u0101l\u016bdens\",\"item\":\"https:\/\/pickaqua.com\/lv\/product-category\/dabigais-udens\/dabigais-mineraludens\/\"},{\"@type\":\"ListItem\",\"position\":5,\"name\":\"AIRY pH10 (1,5L)\"}]},{\"@type\":\"WebSite\",\"@id\":\"https:\/\/pickaqua.com\/#website\",\"url\":\"https:\/\/pickaqua.com\/\",\"name\":\"PickAqua\",\"description\":\"World&#039;s first water choice app\",\"publisher\":{\"@id\":\"https:\/\/pickaqua.com\/#organization\"},\"potentialAction\":[{\"@type\":\"SearchAction\",\"target\":{\"@type\":\"EntryPoint\",\"urlTemplate\":\"https:\/\/pickaqua.com\/?s={search_term_string}\"},\"query-input\":\"required name=search_term_string\"}],\"inLanguage\":\"lv-LV\"},{\"@type\":\"Organization\",\"@id\":\"https:\/\/pickaqua.com\/#organization\",\"name\":\"PickAqua\",\"url\":\"https:\/\/pickaqua.com\/\",\"logo\":{\"@type\":\"ImageObject\",\"inLanguage\":\"lv-LV\",\"@id\":\"https:\/\/pickaqua.com\/#\/schema\/logo\/image\/\",\"url\":\"https:\/\/pickaqua.com\/wp-content\/uploads\/2023\/03\/Horizontal-logo_blue1-1.png\",\"contentUrl\":\"https:\/\/pickaqua.com\/wp-content\/uploads\/2023\/03\/Horizontal-logo_blue1-1.png\",\"width\":177,\"height\":176,\"caption\":\"PickAqua\"},\"image\":{\"@id\":\"https:\/\/pickaqua.com\/#\/schema\/logo\/image\/\"},\"sameAs\":[\"https:\/\/www.facebook.com\/pickaquaapp\/\",\"https:\/\/www.instagram.com\/pickaqua\/\"]}]}<\/script>\n<meta property=\"product:price:amount\" content=\"1.65\" \/>\n<meta property=\"product:price:currency\" content=\"EUR\" \/>\n<meta property=\"og:availability\" content=\"instock\" \/>\n<meta property=\"product:availability\" content=\"instock\" \/>\n<meta property=\"product:retailer_item_id\" content=\"AY1500\" \/>\n<meta property=\"product:condition\" content=\"new\" \/>\n<!-- \/ Yoast SEO plugin. -->","yoast_head_json":{"title":"AIRY pH10 (1,5L) - PickAqua","description":"AIRY pH10 ir pasaul\u0113 s\u0101rmain\u0101kais ar zemu mineraliz\u0101ciju (TDS-124mg\/l) dab\u012bgais miner\u0101l\u016bdens! Satur skaistumkop\u0161anas miner\u0101lu sil\u012bcija dioks\u012bdu 28mg\/l.","robots":{"index":"index","follow":"follow","max-snippet":"max-snippet:-1","max-image-preview":"max-image-preview:large","max-video-preview":"max-video-preview:-1"},"canonical":"https:\/\/pickaqua.com\/shop\/natural-water\/natural-mineral-water\/airy-ph10-15l\/","og_locale":"lv_LV","og_type":"article","og_title":"AIRY pH10 (1,5L) - PickAqua","og_description":"AIRY pH10 ir pasaul\u0113 s\u0101rmain\u0101kais ar zemu mineraliz\u0101ciju (TDS-124mg\/l) dab\u012bgais miner\u0101l\u016bdens! Satur skaistumkop\u0161anas miner\u0101lu sil\u012bcija dioks\u012bdu 28mg\/l.","og_url":"https:\/\/pickaqua.com\/shop\/natural-water\/natural-mineral-water\/airy-ph10-15l\/","og_site_name":"PickAqua","article_publisher":"https:\/\/www.facebook.com\/pickaquaapp\/","article_modified_time":"2025-01-14T11:08:09+00:00","og_image":[{"width":1560,"height":1560,"url":"https:\/\/pickaqua.com\/wp-content\/uploads\/2023\/02\/692ff1d50296c250948937.jpg","type":"image\/jpeg"}],"twitter_card":"summary_large_image","twitter_misc":{"Price":"&euro;1.65 (&euro;1.36 bez PVN)","Availability":"In stock"},"schema":{"@context":"https:\/\/schema.org","@graph":[{"@type":"WebPage","@id":"https:\/\/pickaqua.com\/shop\/natural-water\/natural-mineral-water\/airy-ph10-15l\/","url":"https:\/\/pickaqua.com\/shop\/natural-water\/natural-mineral-water\/airy-ph10-15l\/","name":"AIRY pH10 (1,5L) - PickAqua","isPartOf":{"@id":"https:\/\/pickaqua.com\/#website"},"datePublished":"2023-02-08T15:18:03+00:00","dateModified":"2025-01-14T11:08:09+00:00","description":"AIRY pH10 ir pasaul\u0113 s\u0101rmain\u0101kais ar zemu mineraliz\u0101ciju (TDS-124mg\/l) dab\u012bgais miner\u0101l\u016bdens! Satur skaistumkop\u0161anas miner\u0101lu sil\u012bcija dioks\u012bdu 28mg\/l.","breadcrumb":{"@id":"https:\/\/pickaqua.com\/shop\/natural-water\/natural-mineral-water\/airy-ph10-15l\/#breadcrumb"},"inLanguage":"lv-LV","potentialAction":[{"@type":"ReadAction","target":["https:\/\/pickaqua.com\/shop\/natural-water\/natural-mineral-water\/airy-ph10-15l\/"]}]},{"@type":"BreadcrumbList","@id":"https:\/\/pickaqua.com\/shop\/natural-water\/natural-mineral-water\/airy-ph10-15l\/#breadcrumb","itemListElement":[{"@type":"ListItem","position":1,"name":"Home","item":"https:\/\/pickaqua.com\/lv\/"},{"@type":"ListItem","position":2,"name":"\u016adens veikals","item":"https:\/\/pickaqua.com\/lv\/veikals\/"},{"@type":"ListItem","position":3,"name":"Dab\u012bgais \u016bdens","item":"https:\/\/pickaqua.com\/lv\/product-category\/dabigais-udens\/"},{"@type":"ListItem","position":4,"name":"Dab\u012bgais miner\u0101l\u016bdens","item":"https:\/\/pickaqua.com\/lv\/product-category\/dabigais-udens\/dabigais-mineraludens\/"},{"@type":"ListItem","position":5,"name":"AIRY pH10 (1,5L)"}]},{"@type":"WebSite","@id":"https:\/\/pickaqua.com\/#website","url":"https:\/\/pickaqua.com\/","name":"PickAqua","description":"World&#039;s first water choice app","publisher":{"@id":"https:\/\/pickaqua.com\/#organization"},"potentialAction":[{"@type":"SearchAction","target":{"@type":"EntryPoint","urlTemplate":"https:\/\/pickaqua.com\/?s={search_term_string}"},"query-input":"required name=search_term_string"}],"inLanguage":"lv-LV"},{"@type":"Organization","@id":"https:\/\/pickaqua.com\/#organization","name":"PickAqua","url":"https:\/\/pickaqua.com\/","logo":{"@type":"ImageObject","inLanguage":"lv-LV","@id":"https:\/\/pickaqua.com\/#\/schema\/logo\/image\/","url":"https:\/\/pickaqua.com\/wp-content\/uploads\/2023\/03\/Horizontal-logo_blue1-1.png","contentUrl":"https:\/\/pickaqua.com\/wp-content\/uploads\/2023\/03\/Horizontal-logo_blue1-1.png","width":177,"height":176,"caption":"PickAqua"},"image":{"@id":"https:\/\/pickaqua.com\/#\/schema\/logo\/image\/"},"sameAs":["https:\/\/www.facebook.com\/pickaquaapp\/","https:\/\/www.instagram.com\/pickaqua\/"]}]},"product_price_amount":"1.65","product_price_currency":"EUR","og_availability":"instock","product_availability":"instock","product_retailer_item_id":"AY1500","product_condition":"new"},"_links":{"self":[{"href":"https:\/\/pickaqua.com\/lv\/wp-json\/wp\/v2\/product\/939"}],"collection":[{"href":"https:\/\/pickaqua.com\/lv\/wp-json\/wp\/v2\/product"}],"about":[{"href":"https:\/\/pickaqua.com\/lv\/wp-json\/wp\/v2\/types\/product"}],"replies":[{"embeddable":true,"href":"https:\/\/pickaqua.com\/lv\/wp-json\/wp\/v2\/comments?post=939"}],"wp:featuredmedia":[{"embeddable":true,"href":"https:\/\/pickaqua.com\/lv\/wp-json\/wp\/v2\/media\/10877"}],"wp:attachment":[{"href":"https:\/\/pickaqua.com\/lv\/wp-json\/wp\/v2\/media?parent=939"}],"wp:term":[{"taxonomy":"product_cat","embeddable":true,"href":"https:\/\/pickaqua.com\/lv\/wp-json\/wp\/v2\/product_cat?post=939"},{"taxonomy":"product_tag","embeddable":true,"href":"https:\/\/pickaqua.com\/lv\/wp-json\/wp\/v2\/product_tag?post=939"}],"curies":[{"name":"wp","href":"https:\/\/api.w.org\/{rel}","templated":true}]}}