{"id":940,"date":"2023-02-08T18:11:12","date_gmt":"2023-02-08T15:11:12","guid":{"rendered":"https:\/\/pickaqua.com\/product\/novoterskaya-celebnaya-15l\/"},"modified":"2025-01-27T10:12:09","modified_gmt":"2025-01-27T07:12:09","slug":"novoterskaya-celebnaya-15l","status":"publish","type":"product","link":"https:\/\/pickaqua.com\/lv\/shop\/dabigais-udens\/dabigais-mineraludens\/novoterskaya-celebnaya-15l\/","title":{"rendered":"Novoterskaya Celebnaya (1,5L)"},"content":{"rendered":"<p>Novoterskaya Celebnaya (no Novotersky ciema) &#8211; dab\u012bgs g\u0101z\u0113ts dzeramais miner\u0101l\u016bdens \u0101rstnieciskais galda \u016bdens. Pieder pie hidrokarbon\u0101ta-sulf\u0101ta kalcija-n\u0101trija \u016bde\u0146iem. Zmeikas kalna dienvidrietumu nog\u0101z\u0113, Kauk\u0101za miner\u0101l\u016bde\u0146u \u012bpa\u0161i aizsarg\u0101jam\u0101 ekolo\u0123isk\u0101 k\u016brorta re\u0123ion\u0101, atrodas Zmeykinskoje miner\u0101l\u016bdens atradne, no kuras tiek ieg\u016bts Novoterskaya Healing miner\u0101l\u016bdens. Novoterskaja celebnaja ir uz\u0146emta no 1482 m dzi\u013cuma. Novoterskaya \u016bdens viet\u0113j\u0101 tirg\u016b par\u0101d\u012bj\u0101s pavisam nesen &#8211; tikai 1955. gad\u0101. Novoterskas miner\u0101l\u016bdeni pudel\u0113s pilda ZAO KavMinVody.     <\/p>\n","protected":false},"excerpt":{"rendered":"<p>Novoterskaya Celebnaya (no Novotersky ciema) &#8211; dab\u012bgs g\u0101z\u0113ts dzeramais miner\u0101l\u016bdens \u0101rstnieciskais galda \u016bdens. Pieder pie hidrokarbon\u0101ta-sulf\u0101ta kalcija-n\u0101trija \u016bde\u0146iem. Zmeikas kalna dienvidrietumu nog\u0101z\u0113, Kauk\u0101za miner\u0101l\u016bde\u0146u \u012bpa\u0161i aizsarg\u0101jam\u0101 ekolo\u0123isk\u0101 k\u016brorta re\u0123ion\u0101, atrodas Zmeykinskoje miner\u0101l\u016bdens atradne, no kuras tiek ieg\u016bts Novoterskaya Healing miner\u0101l\u016bdens. Novoterskaja celebnaja ir uz\u0146emta no 1482 m dzi\u013cuma. Novoterskaya \u016bdens viet\u0113j\u0101 tirg\u016b par\u0101d\u012bj\u0101s pavisam nesen [&hellip;]<\/p>\n","protected":false},"featured_media":8069,"comment_status":"open","ping_status":"closed","template":"","meta":[],"product_cat":[60],"product_tag":[109],"acf":[],"yoast_head":"<!-- This site is optimized with the Yoast SEO plugin v21.2 - https:\/\/yoast.com\/wordpress\/plugins\/seo\/ -->\n<title>Novoterskaya Celebnaya (1,5L) - PickAqua<\/title>\n<meta name=\"description\" content=\"\u041d\u043e\u0432\u043e\u0442\u0435\u0440\u0441\u043a\u0430\u044f \u0446\u0435\u043b\u0435\u0431\u043d\u0430\u044f (no Novoterskas ciema) \u2014 dab\u012bgs g\u0101z\u0113ts dzeramais miner\u0101l\u016bdens \u0101rstnieciskais galda \u016bdens ....\" \/>\n<meta name=\"robots\" content=\"index, follow, max-snippet:-1, max-image-preview:large, max-video-preview:-1\" \/>\n<link rel=\"canonical\" href=\"https:\/\/pickaqua.com\/shop\/natural-water\/natural-mineral-water\/novoterskaya-celebnaya-15l\/\" \/>\n<meta property=\"og:locale\" content=\"lv_LV\" \/>\n<meta property=\"og:type\" content=\"article\" \/>\n<meta property=\"og:title\" content=\"Novoterskaya Celebnaya (1,5L) - PickAqua\" \/>\n<meta property=\"og:description\" content=\"\u041d\u043e\u0432\u043e\u0442\u0435\u0440\u0441\u043a\u0430\u044f \u0446\u0435\u043b\u0435\u0431\u043d\u0430\u044f (no Novoterskas ciema) \u2014 dab\u012bgs g\u0101z\u0113ts dzeramais miner\u0101l\u016bdens \u0101rstnieciskais galda \u016bdens ....\" \/>\n<meta property=\"og:url\" content=\"https:\/\/pickaqua.com\/shop\/natural-water\/natural-mineral-water\/novoterskaya-celebnaya-15l\/\" \/>\n<meta property=\"og:site_name\" content=\"PickAqua\" \/>\n<meta property=\"article:publisher\" content=\"https:\/\/www.facebook.com\/pickaquaapp\/\" \/>\n<meta property=\"article:modified_time\" content=\"2025-01-27T07:12:09+00:00\" \/>\n<meta property=\"og:image\" content=\"https:\/\/pickaqua.com\/wp-content\/uploads\/2023\/02\/novoterskaya-celebnaya.webp\" \/>\n\t<meta property=\"og:image:width\" content=\"307\" \/>\n\t<meta property=\"og:image:height\" content=\"497\" \/>\n\t<meta property=\"og:image:type\" content=\"image\/webp\" \/>\n<meta name=\"twitter:card\" content=\"summary_large_image\" \/>\n<meta name=\"twitter:label1\" content=\"Price\" \/>\n\t<meta name=\"twitter:data1\" content=\"&euro;1.10 (&euro;0.91 bez PVN)\" \/>\n\t<meta name=\"twitter:label2\" content=\"Availability\" \/>\n\t<meta name=\"twitter:data2\" content=\"Out of stock\" \/>\n<script type=\"application\/ld+json\" class=\"yoast-schema-graph\">{\"@context\":\"https:\/\/schema.org\",\"@graph\":[{\"@type\":\"WebPage\",\"@id\":\"https:\/\/pickaqua.com\/shop\/natural-water\/natural-mineral-water\/novoterskaya-celebnaya-15l\/\",\"url\":\"https:\/\/pickaqua.com\/shop\/natural-water\/natural-mineral-water\/novoterskaya-celebnaya-15l\/\",\"name\":\"Novoterskaya Celebnaya (1,5L) - PickAqua\",\"isPartOf\":{\"@id\":\"https:\/\/pickaqua.com\/#website\"},\"datePublished\":\"2023-02-08T15:11:12+00:00\",\"dateModified\":\"2025-01-27T07:12:09+00:00\",\"description\":\"\u041d\u043e\u0432\u043e\u0442\u0435\u0440\u0441\u043a\u0430\u044f \u0446\u0435\u043b\u0435\u0431\u043d\u0430\u044f (no Novoterskas ciema) \u2014 dab\u012bgs g\u0101z\u0113ts dzeramais miner\u0101l\u016bdens \u0101rstnieciskais galda \u016bdens ....\",\"breadcrumb\":{\"@id\":\"https:\/\/pickaqua.com\/shop\/natural-water\/natural-mineral-water\/novoterskaya-celebnaya-15l\/#breadcrumb\"},\"inLanguage\":\"lv-LV\",\"potentialAction\":[{\"@type\":\"ReadAction\",\"target\":[\"https:\/\/pickaqua.com\/shop\/natural-water\/natural-mineral-water\/novoterskaya-celebnaya-15l\/\"]}]},{\"@type\":\"BreadcrumbList\",\"@id\":\"https:\/\/pickaqua.com\/shop\/natural-water\/natural-mineral-water\/novoterskaya-celebnaya-15l\/#breadcrumb\",\"itemListElement\":[{\"@type\":\"ListItem\",\"position\":1,\"name\":\"Home\",\"item\":\"https:\/\/pickaqua.com\/lv\/\"},{\"@type\":\"ListItem\",\"position\":2,\"name\":\"\u016adens veikals\",\"item\":\"https:\/\/pickaqua.com\/lv\/veikals\/\"},{\"@type\":\"ListItem\",\"position\":3,\"name\":\"Dab\u012bgais \u016bdens\",\"item\":\"https:\/\/pickaqua.com\/lv\/product-category\/dabigais-udens\/\"},{\"@type\":\"ListItem\",\"position\":4,\"name\":\"Dab\u012bgais miner\u0101l\u016bdens\",\"item\":\"https:\/\/pickaqua.com\/lv\/product-category\/dabigais-udens\/dabigais-mineraludens\/\"},{\"@type\":\"ListItem\",\"position\":5,\"name\":\"Novoterskaya Celebnaya (1,5L)\"}]},{\"@type\":\"WebSite\",\"@id\":\"https:\/\/pickaqua.com\/#website\",\"url\":\"https:\/\/pickaqua.com\/\",\"name\":\"PickAqua\",\"description\":\"World&#039;s first water choice app\",\"publisher\":{\"@id\":\"https:\/\/pickaqua.com\/#organization\"},\"potentialAction\":[{\"@type\":\"SearchAction\",\"target\":{\"@type\":\"EntryPoint\",\"urlTemplate\":\"https:\/\/pickaqua.com\/?s={search_term_string}\"},\"query-input\":\"required name=search_term_string\"}],\"inLanguage\":\"lv-LV\"},{\"@type\":\"Organization\",\"@id\":\"https:\/\/pickaqua.com\/#organization\",\"name\":\"PickAqua\",\"url\":\"https:\/\/pickaqua.com\/\",\"logo\":{\"@type\":\"ImageObject\",\"inLanguage\":\"lv-LV\",\"@id\":\"https:\/\/pickaqua.com\/#\/schema\/logo\/image\/\",\"url\":\"https:\/\/pickaqua.com\/wp-content\/uploads\/2023\/03\/Horizontal-logo_blue1-1.png\",\"contentUrl\":\"https:\/\/pickaqua.com\/wp-content\/uploads\/2023\/03\/Horizontal-logo_blue1-1.png\",\"width\":177,\"height\":176,\"caption\":\"PickAqua\"},\"image\":{\"@id\":\"https:\/\/pickaqua.com\/#\/schema\/logo\/image\/\"},\"sameAs\":[\"https:\/\/www.facebook.com\/pickaquaapp\/\",\"https:\/\/www.instagram.com\/pickaqua\/\"]}]}<\/script>\n<meta property=\"product:price:amount\" content=\"1.10\" \/>\n<meta property=\"product:price:currency\" content=\"EUR\" \/>\n<meta property=\"og:availability\" content=\"out of stock\" \/>\n<meta property=\"product:availability\" content=\"out of stock\" \/>\n<meta property=\"product:retailer_item_id\" content=\"NO1500-1\" \/>\n<meta property=\"product:condition\" content=\"new\" \/>\n<!-- \/ Yoast SEO plugin. -->","yoast_head_json":{"title":"Novoterskaya Celebnaya (1,5L) - PickAqua","description":"\u041d\u043e\u0432\u043e\u0442\u0435\u0440\u0441\u043a\u0430\u044f \u0446\u0435\u043b\u0435\u0431\u043d\u0430\u044f (no Novoterskas ciema) \u2014 dab\u012bgs g\u0101z\u0113ts dzeramais miner\u0101l\u016bdens \u0101rstnieciskais galda \u016bdens ....","robots":{"index":"index","follow":"follow","max-snippet":"max-snippet:-1","max-image-preview":"max-image-preview:large","max-video-preview":"max-video-preview:-1"},"canonical":"https:\/\/pickaqua.com\/shop\/natural-water\/natural-mineral-water\/novoterskaya-celebnaya-15l\/","og_locale":"lv_LV","og_type":"article","og_title":"Novoterskaya Celebnaya (1,5L) - PickAqua","og_description":"\u041d\u043e\u0432\u043e\u0442\u0435\u0440\u0441\u043a\u0430\u044f \u0446\u0435\u043b\u0435\u0431\u043d\u0430\u044f (no Novoterskas ciema) \u2014 dab\u012bgs g\u0101z\u0113ts dzeramais miner\u0101l\u016bdens \u0101rstnieciskais galda \u016bdens ....","og_url":"https:\/\/pickaqua.com\/shop\/natural-water\/natural-mineral-water\/novoterskaya-celebnaya-15l\/","og_site_name":"PickAqua","article_publisher":"https:\/\/www.facebook.com\/pickaquaapp\/","article_modified_time":"2025-01-27T07:12:09+00:00","og_image":[{"width":307,"height":497,"url":"https:\/\/pickaqua.com\/wp-content\/uploads\/2023\/02\/novoterskaya-celebnaya.webp","type":"image\/webp"}],"twitter_card":"summary_large_image","twitter_misc":{"Price":"&euro;1.10 (&euro;0.91 bez PVN)","Availability":"Out of stock"},"schema":{"@context":"https:\/\/schema.org","@graph":[{"@type":"WebPage","@id":"https:\/\/pickaqua.com\/shop\/natural-water\/natural-mineral-water\/novoterskaya-celebnaya-15l\/","url":"https:\/\/pickaqua.com\/shop\/natural-water\/natural-mineral-water\/novoterskaya-celebnaya-15l\/","name":"Novoterskaya Celebnaya (1,5L) - PickAqua","isPartOf":{"@id":"https:\/\/pickaqua.com\/#website"},"datePublished":"2023-02-08T15:11:12+00:00","dateModified":"2025-01-27T07:12:09+00:00","description":"\u041d\u043e\u0432\u043e\u0442\u0435\u0440\u0441\u043a\u0430\u044f \u0446\u0435\u043b\u0435\u0431\u043d\u0430\u044f (no Novoterskas ciema) \u2014 dab\u012bgs g\u0101z\u0113ts dzeramais miner\u0101l\u016bdens \u0101rstnieciskais galda \u016bdens ....","breadcrumb":{"@id":"https:\/\/pickaqua.com\/shop\/natural-water\/natural-mineral-water\/novoterskaya-celebnaya-15l\/#breadcrumb"},"inLanguage":"lv-LV","potentialAction":[{"@type":"ReadAction","target":["https:\/\/pickaqua.com\/shop\/natural-water\/natural-mineral-water\/novoterskaya-celebnaya-15l\/"]}]},{"@type":"BreadcrumbList","@id":"https:\/\/pickaqua.com\/shop\/natural-water\/natural-mineral-water\/novoterskaya-celebnaya-15l\/#breadcrumb","itemListElement":[{"@type":"ListItem","position":1,"name":"Home","item":"https:\/\/pickaqua.com\/lv\/"},{"@type":"ListItem","position":2,"name":"\u016adens veikals","item":"https:\/\/pickaqua.com\/lv\/veikals\/"},{"@type":"ListItem","position":3,"name":"Dab\u012bgais \u016bdens","item":"https:\/\/pickaqua.com\/lv\/product-category\/dabigais-udens\/"},{"@type":"ListItem","position":4,"name":"Dab\u012bgais miner\u0101l\u016bdens","item":"https:\/\/pickaqua.com\/lv\/product-category\/dabigais-udens\/dabigais-mineraludens\/"},{"@type":"ListItem","position":5,"name":"Novoterskaya Celebnaya (1,5L)"}]},{"@type":"WebSite","@id":"https:\/\/pickaqua.com\/#website","url":"https:\/\/pickaqua.com\/","name":"PickAqua","description":"World&#039;s first water choice app","publisher":{"@id":"https:\/\/pickaqua.com\/#organization"},"potentialAction":[{"@type":"SearchAction","target":{"@type":"EntryPoint","urlTemplate":"https:\/\/pickaqua.com\/?s={search_term_string}"},"query-input":"required name=search_term_string"}],"inLanguage":"lv-LV"},{"@type":"Organization","@id":"https:\/\/pickaqua.com\/#organization","name":"PickAqua","url":"https:\/\/pickaqua.com\/","logo":{"@type":"ImageObject","inLanguage":"lv-LV","@id":"https:\/\/pickaqua.com\/#\/schema\/logo\/image\/","url":"https:\/\/pickaqua.com\/wp-content\/uploads\/2023\/03\/Horizontal-logo_blue1-1.png","contentUrl":"https:\/\/pickaqua.com\/wp-content\/uploads\/2023\/03\/Horizontal-logo_blue1-1.png","width":177,"height":176,"caption":"PickAqua"},"image":{"@id":"https:\/\/pickaqua.com\/#\/schema\/logo\/image\/"},"sameAs":["https:\/\/www.facebook.com\/pickaquaapp\/","https:\/\/www.instagram.com\/pickaqua\/"]}]},"product_price_amount":"1.10","product_price_currency":"EUR","og_availability":"out of stock","product_availability":"out of stock","product_retailer_item_id":"NO1500-1","product_condition":"new"},"_links":{"self":[{"href":"https:\/\/pickaqua.com\/lv\/wp-json\/wp\/v2\/product\/940"}],"collection":[{"href":"https:\/\/pickaqua.com\/lv\/wp-json\/wp\/v2\/product"}],"about":[{"href":"https:\/\/pickaqua.com\/lv\/wp-json\/wp\/v2\/types\/product"}],"replies":[{"embeddable":true,"href":"https:\/\/pickaqua.com\/lv\/wp-json\/wp\/v2\/comments?post=940"}],"wp:featuredmedia":[{"embeddable":true,"href":"https:\/\/pickaqua.com\/lv\/wp-json\/wp\/v2\/media\/8069"}],"wp:attachment":[{"href":"https:\/\/pickaqua.com\/lv\/wp-json\/wp\/v2\/media?parent=940"}],"wp:term":[{"taxonomy":"product_cat","embeddable":true,"href":"https:\/\/pickaqua.com\/lv\/wp-json\/wp\/v2\/product_cat?post=940"},{"taxonomy":"product_tag","embeddable":true,"href":"https:\/\/pickaqua.com\/lv\/wp-json\/wp\/v2\/product_tag?post=940"}],"curies":[{"name":"wp","href":"https:\/\/api.w.org\/{rel}","templated":true}]}}