{"id":948,"date":"2023-02-08T18:08:33","date_gmt":"2023-02-08T15:08:33","guid":{"rendered":"https:\/\/pickaqua.com\/product\/aqualar-ph9-19l\/"},"modified":"2025-07-14T17:18:18","modified_gmt":"2025-07-14T14:18:18","slug":"aqualar-ph9-19l","status":"publish","type":"product","link":"https:\/\/pickaqua.com\/lv\/shop\/dabigais-udens\/dabigais-mineraludens\/aqualar-ph9-19l\/","title":{"rendered":"AQUALAR pH9+ (19L)"},"content":{"rendered":"<p>Latvij\u0101 vien\u012bg\u0101s 19 L pudeles ar dab\u012bgo miner\u0101l\u016bdeni, kas izgatavotas no PET1 materi\u0101la.<br \/>\n19L pudeles ir vienreiz\u0113j\u0101s \u2013 vienm\u0113r t\u012bras un sterilas, bez mikroplais\u0101m, kas var rasties ar atk\u0101rtoti lietojam\u0101m pudel\u0113m.<br \/>\nNesatur BPA.<br \/>\nPirkums bez saist\u012bb\u0101m.<\/p>\n<p>&nbsp;<\/p>\n<p>Tas ir kalnu \u016bdens, kas n\u0101k no 425 m dzi\u013cuma no nepies\u0101r\u0146ot\u0101m viet\u0101m Bulg\u0101rij\u0101. L\u012bdz kalnam \u016bdens n\u0101k ar dabisku spiedienu.<br \/>\nSatur lielu daudzumu silikona (84mg\/l), kas ir \u013coti svar\u012bgs labas vesel\u012bbas un skaistuma elements.<br \/>\nZema mineraliz\u0101cija 256mg\/l un lielisks pH 9,4. Piem\u0113rots ikdienas lieto\u0161anai.<br \/>\n\u013boti viegla un pat\u012bkama gar\u0161a.<br \/>\nAQUALAR pH9+ ir viegli dzert, jo tas uzs\u016bcas organism\u0101 5 reizes \u0101tr\u0101k nek\u0101 parastais \u016bdens.<\/p>\n<p><iframe style=\"display: none;\"><\/iframe><\/p>\n<p><iframe style=\"display: none;\"><\/iframe><\/p>\n","protected":false},"excerpt":{"rendered":"<p>Latvij\u0101 vien\u012bg\u0101s 19 L pudeles ar dab\u012bgo miner\u0101l\u016bdeni, kas izgatavotas no PET1 materi\u0101la. 19L pudeles ir vienreiz\u0113j\u0101s \u2013 vienm\u0113r t\u012bras un sterilas, bez mikroplais\u0101m, kas var rasties ar atk\u0101rtoti lietojam\u0101m pudel\u0113m. Nesatur BPA. Pirkums bez saist\u012bb\u0101m. &nbsp; Tas ir kalnu \u016bdens, kas n\u0101k no 425 m dzi\u013cuma no nepies\u0101r\u0146ot\u0101m viet\u0101m Bulg\u0101rij\u0101. L\u012bdz kalnam \u016bdens n\u0101k [&hellip;]<\/p>\n","protected":false},"featured_media":8063,"comment_status":"open","ping_status":"closed","template":"","meta":[],"product_cat":[60],"product_tag":[101,99,100],"acf":[],"yoast_head":"<!-- This site is optimized with the Yoast SEO plugin v21.2 - https:\/\/yoast.com\/wordpress\/plugins\/seo\/ -->\n<title>AQUALAR pH9+ (19L) - PickAqua<\/title>\n<meta name=\"description\" content=\"Viens no s\u0101rmain\u0101kajiem dab\u012bgajiem miner\u0101l\u016bde\u0146iem pasaul\u0113! Tas ir kalnu \u016bdens, kas n\u0101k no 425 m dzi\u013cuma no nepies\u0101r\u0146otas vietas Bulg\u0101rij\u0101.\" \/>\n<meta name=\"robots\" content=\"index, follow, max-snippet:-1, max-image-preview:large, max-video-preview:-1\" \/>\n<link rel=\"canonical\" href=\"https:\/\/pickaqua.com\/shop\/natural-water\/natural-mineral-water\/aqualar-ph9-19l\/\" \/>\n<meta property=\"og:locale\" content=\"lv_LV\" \/>\n<meta property=\"og:type\" content=\"article\" \/>\n<meta property=\"og:title\" content=\"AQUALAR pH9+ (19L) - PickAqua\" \/>\n<meta property=\"og:description\" content=\"Viens no s\u0101rmain\u0101kajiem dab\u012bgajiem miner\u0101l\u016bde\u0146iem pasaul\u0113! Tas ir kalnu \u016bdens, kas n\u0101k no 425 m dzi\u013cuma no nepies\u0101r\u0146otas vietas Bulg\u0101rij\u0101.\" \/>\n<meta property=\"og:url\" content=\"https:\/\/pickaqua.com\/shop\/natural-water\/natural-mineral-water\/aqualar-ph9-19l\/\" \/>\n<meta property=\"og:site_name\" content=\"PickAqua\" \/>\n<meta property=\"article:publisher\" content=\"https:\/\/www.facebook.com\/pickaquaapp\/\" \/>\n<meta property=\"article:modified_time\" content=\"2025-07-14T14:18:18+00:00\" \/>\n<meta property=\"og:image\" content=\"https:\/\/pickaqua.com\/wp-content\/uploads\/2023\/02\/aqualar-ph9-19l.webp\" \/>\n\t<meta property=\"og:image:width\" content=\"440\" \/>\n\t<meta property=\"og:image:height\" content=\"717\" \/>\n\t<meta property=\"og:image:type\" content=\"image\/webp\" \/>\n<meta name=\"twitter:card\" content=\"summary_large_image\" \/>\n<meta name=\"twitter:label1\" content=\"Price\" \/>\n\t<meta name=\"twitter:data1\" content=\"&euro;19.00 (&euro;15.70 bez PVN)\" \/>\n\t<meta name=\"twitter:label2\" content=\"Availability\" \/>\n\t<meta name=\"twitter:data2\" content=\"In stock\" \/>\n<script type=\"application\/ld+json\" class=\"yoast-schema-graph\">{\"@context\":\"https:\/\/schema.org\",\"@graph\":[{\"@type\":\"WebPage\",\"@id\":\"https:\/\/pickaqua.com\/shop\/natural-water\/natural-mineral-water\/aqualar-ph9-19l\/\",\"url\":\"https:\/\/pickaqua.com\/shop\/natural-water\/natural-mineral-water\/aqualar-ph9-19l\/\",\"name\":\"AQUALAR pH9+ (19L) - PickAqua\",\"isPartOf\":{\"@id\":\"https:\/\/pickaqua.com\/#website\"},\"datePublished\":\"2023-02-08T15:08:33+00:00\",\"dateModified\":\"2025-07-14T14:18:18+00:00\",\"description\":\"Viens no s\u0101rmain\u0101kajiem dab\u012bgajiem miner\u0101l\u016bde\u0146iem pasaul\u0113! Tas ir kalnu \u016bdens, kas n\u0101k no 425 m dzi\u013cuma no nepies\u0101r\u0146otas vietas Bulg\u0101rij\u0101.\",\"breadcrumb\":{\"@id\":\"https:\/\/pickaqua.com\/shop\/natural-water\/natural-mineral-water\/aqualar-ph9-19l\/#breadcrumb\"},\"inLanguage\":\"lv-LV\",\"potentialAction\":[{\"@type\":\"ReadAction\",\"target\":[\"https:\/\/pickaqua.com\/shop\/natural-water\/natural-mineral-water\/aqualar-ph9-19l\/\"]}]},{\"@type\":\"BreadcrumbList\",\"@id\":\"https:\/\/pickaqua.com\/shop\/natural-water\/natural-mineral-water\/aqualar-ph9-19l\/#breadcrumb\",\"itemListElement\":[{\"@type\":\"ListItem\",\"position\":1,\"name\":\"Home\",\"item\":\"https:\/\/pickaqua.com\/lv\/\"},{\"@type\":\"ListItem\",\"position\":2,\"name\":\"\u016adens veikals\",\"item\":\"https:\/\/pickaqua.com\/lv\/veikals\/\"},{\"@type\":\"ListItem\",\"position\":3,\"name\":\"Dab\u012bgais \u016bdens\",\"item\":\"https:\/\/pickaqua.com\/lv\/product-category\/dabigais-udens\/\"},{\"@type\":\"ListItem\",\"position\":4,\"name\":\"Dab\u012bgais miner\u0101l\u016bdens\",\"item\":\"https:\/\/pickaqua.com\/lv\/product-category\/dabigais-udens\/dabigais-mineraludens\/\"},{\"@type\":\"ListItem\",\"position\":5,\"name\":\"AQUALAR pH9+ (19L)\"}]},{\"@type\":\"WebSite\",\"@id\":\"https:\/\/pickaqua.com\/#website\",\"url\":\"https:\/\/pickaqua.com\/\",\"name\":\"PickAqua\",\"description\":\"World&#039;s first water choice app\",\"publisher\":{\"@id\":\"https:\/\/pickaqua.com\/#organization\"},\"potentialAction\":[{\"@type\":\"SearchAction\",\"target\":{\"@type\":\"EntryPoint\",\"urlTemplate\":\"https:\/\/pickaqua.com\/?s={search_term_string}\"},\"query-input\":\"required name=search_term_string\"}],\"inLanguage\":\"lv-LV\"},{\"@type\":\"Organization\",\"@id\":\"https:\/\/pickaqua.com\/#organization\",\"name\":\"PickAqua\",\"url\":\"https:\/\/pickaqua.com\/\",\"logo\":{\"@type\":\"ImageObject\",\"inLanguage\":\"lv-LV\",\"@id\":\"https:\/\/pickaqua.com\/#\/schema\/logo\/image\/\",\"url\":\"https:\/\/pickaqua.com\/wp-content\/uploads\/2023\/03\/Horizontal-logo_blue1-1.png\",\"contentUrl\":\"https:\/\/pickaqua.com\/wp-content\/uploads\/2023\/03\/Horizontal-logo_blue1-1.png\",\"width\":177,\"height\":176,\"caption\":\"PickAqua\"},\"image\":{\"@id\":\"https:\/\/pickaqua.com\/#\/schema\/logo\/image\/\"},\"sameAs\":[\"https:\/\/www.facebook.com\/pickaquaapp\/\",\"https:\/\/www.instagram.com\/pickaqua\/\"]}]}<\/script>\n<meta property=\"product:price:amount\" content=\"19.00\" \/>\n<meta property=\"product:price:currency\" content=\"EUR\" \/>\n<meta property=\"og:availability\" content=\"instock\" \/>\n<meta property=\"product:availability\" content=\"instock\" \/>\n<meta property=\"product:retailer_item_id\" content=\"AQ19000\" \/>\n<meta property=\"product:condition\" content=\"new\" \/>\n<!-- \/ Yoast SEO plugin. -->","yoast_head_json":{"title":"AQUALAR pH9+ (19L) - PickAqua","description":"Viens no s\u0101rmain\u0101kajiem dab\u012bgajiem miner\u0101l\u016bde\u0146iem pasaul\u0113! Tas ir kalnu \u016bdens, kas n\u0101k no 425 m dzi\u013cuma no nepies\u0101r\u0146otas vietas Bulg\u0101rij\u0101.","robots":{"index":"index","follow":"follow","max-snippet":"max-snippet:-1","max-image-preview":"max-image-preview:large","max-video-preview":"max-video-preview:-1"},"canonical":"https:\/\/pickaqua.com\/shop\/natural-water\/natural-mineral-water\/aqualar-ph9-19l\/","og_locale":"lv_LV","og_type":"article","og_title":"AQUALAR pH9+ (19L) - PickAqua","og_description":"Viens no s\u0101rmain\u0101kajiem dab\u012bgajiem miner\u0101l\u016bde\u0146iem pasaul\u0113! Tas ir kalnu \u016bdens, kas n\u0101k no 425 m dzi\u013cuma no nepies\u0101r\u0146otas vietas Bulg\u0101rij\u0101.","og_url":"https:\/\/pickaqua.com\/shop\/natural-water\/natural-mineral-water\/aqualar-ph9-19l\/","og_site_name":"PickAqua","article_publisher":"https:\/\/www.facebook.com\/pickaquaapp\/","article_modified_time":"2025-07-14T14:18:18+00:00","og_image":[{"width":440,"height":717,"url":"https:\/\/pickaqua.com\/wp-content\/uploads\/2023\/02\/aqualar-ph9-19l.webp","type":"image\/webp"}],"twitter_card":"summary_large_image","twitter_misc":{"Price":"&euro;19.00 (&euro;15.70 bez PVN)","Availability":"In stock"},"schema":{"@context":"https:\/\/schema.org","@graph":[{"@type":"WebPage","@id":"https:\/\/pickaqua.com\/shop\/natural-water\/natural-mineral-water\/aqualar-ph9-19l\/","url":"https:\/\/pickaqua.com\/shop\/natural-water\/natural-mineral-water\/aqualar-ph9-19l\/","name":"AQUALAR pH9+ (19L) - PickAqua","isPartOf":{"@id":"https:\/\/pickaqua.com\/#website"},"datePublished":"2023-02-08T15:08:33+00:00","dateModified":"2025-07-14T14:18:18+00:00","description":"Viens no s\u0101rmain\u0101kajiem dab\u012bgajiem miner\u0101l\u016bde\u0146iem pasaul\u0113! Tas ir kalnu \u016bdens, kas n\u0101k no 425 m dzi\u013cuma no nepies\u0101r\u0146otas vietas Bulg\u0101rij\u0101.","breadcrumb":{"@id":"https:\/\/pickaqua.com\/shop\/natural-water\/natural-mineral-water\/aqualar-ph9-19l\/#breadcrumb"},"inLanguage":"lv-LV","potentialAction":[{"@type":"ReadAction","target":["https:\/\/pickaqua.com\/shop\/natural-water\/natural-mineral-water\/aqualar-ph9-19l\/"]}]},{"@type":"BreadcrumbList","@id":"https:\/\/pickaqua.com\/shop\/natural-water\/natural-mineral-water\/aqualar-ph9-19l\/#breadcrumb","itemListElement":[{"@type":"ListItem","position":1,"name":"Home","item":"https:\/\/pickaqua.com\/lv\/"},{"@type":"ListItem","position":2,"name":"\u016adens veikals","item":"https:\/\/pickaqua.com\/lv\/veikals\/"},{"@type":"ListItem","position":3,"name":"Dab\u012bgais \u016bdens","item":"https:\/\/pickaqua.com\/lv\/product-category\/dabigais-udens\/"},{"@type":"ListItem","position":4,"name":"Dab\u012bgais miner\u0101l\u016bdens","item":"https:\/\/pickaqua.com\/lv\/product-category\/dabigais-udens\/dabigais-mineraludens\/"},{"@type":"ListItem","position":5,"name":"AQUALAR pH9+ (19L)"}]},{"@type":"WebSite","@id":"https:\/\/pickaqua.com\/#website","url":"https:\/\/pickaqua.com\/","name":"PickAqua","description":"World&#039;s first water choice app","publisher":{"@id":"https:\/\/pickaqua.com\/#organization"},"potentialAction":[{"@type":"SearchAction","target":{"@type":"EntryPoint","urlTemplate":"https:\/\/pickaqua.com\/?s={search_term_string}"},"query-input":"required name=search_term_string"}],"inLanguage":"lv-LV"},{"@type":"Organization","@id":"https:\/\/pickaqua.com\/#organization","name":"PickAqua","url":"https:\/\/pickaqua.com\/","logo":{"@type":"ImageObject","inLanguage":"lv-LV","@id":"https:\/\/pickaqua.com\/#\/schema\/logo\/image\/","url":"https:\/\/pickaqua.com\/wp-content\/uploads\/2023\/03\/Horizontal-logo_blue1-1.png","contentUrl":"https:\/\/pickaqua.com\/wp-content\/uploads\/2023\/03\/Horizontal-logo_blue1-1.png","width":177,"height":176,"caption":"PickAqua"},"image":{"@id":"https:\/\/pickaqua.com\/#\/schema\/logo\/image\/"},"sameAs":["https:\/\/www.facebook.com\/pickaquaapp\/","https:\/\/www.instagram.com\/pickaqua\/"]}]},"product_price_amount":"19.00","product_price_currency":"EUR","og_availability":"instock","product_availability":"instock","product_retailer_item_id":"AQ19000","product_condition":"new"},"_links":{"self":[{"href":"https:\/\/pickaqua.com\/lv\/wp-json\/wp\/v2\/product\/948"}],"collection":[{"href":"https:\/\/pickaqua.com\/lv\/wp-json\/wp\/v2\/product"}],"about":[{"href":"https:\/\/pickaqua.com\/lv\/wp-json\/wp\/v2\/types\/product"}],"replies":[{"embeddable":true,"href":"https:\/\/pickaqua.com\/lv\/wp-json\/wp\/v2\/comments?post=948"}],"wp:featuredmedia":[{"embeddable":true,"href":"https:\/\/pickaqua.com\/lv\/wp-json\/wp\/v2\/media\/8063"}],"wp:attachment":[{"href":"https:\/\/pickaqua.com\/lv\/wp-json\/wp\/v2\/media?parent=948"}],"wp:term":[{"taxonomy":"product_cat","embeddable":true,"href":"https:\/\/pickaqua.com\/lv\/wp-json\/wp\/v2\/product_cat?post=948"},{"taxonomy":"product_tag","embeddable":true,"href":"https:\/\/pickaqua.com\/lv\/wp-json\/wp\/v2\/product_tag?post=948"}],"curies":[{"name":"wp","href":"https:\/\/api.w.org\/{rel}","templated":true}]}}