{"id":9727,"date":"2024-06-26T15:49:11","date_gmt":"2024-06-26T12:49:11","guid":{"rendered":"https:\/\/pickaqua.com\/shop\/uncategorized\/ledus-cepure\/"},"modified":"2024-06-26T16:22:17","modified_gmt":"2024-06-26T13:22:17","slug":"ledus-cepure","status":"publish","type":"product","link":"https:\/\/pickaqua.com\/lv\/shop\/gadzeti\/cepures\/ledus-cepure\/","title":{"rendered":"LEDUS CEPURE"},"content":{"rendered":"<h2 class=\"image-with-text__heading inline-richtext h2\">Sp\u0113les main\u012bt\u0101js!<\/h2>\n<div class=\"image-with-text__text rte body\">\n<p>Atv\u0113sino\u0161a svaiguma saj\u016bta. Nov\u0113r\u0161 smadze\u0146u p\u0101rkar\u0161anu. Uzlabo asinsriti. Labv\u0113l\u012bgi ietekm\u0113 nervu sist\u0113mu. Uzlabo miega kvalit\u0101ti.<\/p>\n<h2 class=\"image-with-text__heading inline-richtext h2\">Svaigi izkusis ledus<\/h2>\n<div class=\"image-with-text__text rte body\">\n<p><strong>Veicina smadze\u0146u vesel\u012bbu<\/strong><\/p>\n<p>Veido atv\u0113sino\u0161u efektu. T\u012bra atsvaidzin\u0101juma saj\u016bta, kas sniedz jums ener\u0123iju un \u013cauj piln\u012bb\u0101 izbaud\u012bt pirts pieredzi jaun\u0101 l\u012bmen\u012b.<\/p>\n<h2 class=\"image-with-text__heading inline-richtext h2\">P\u0101rm\u0113r\u012bga smadze\u0146u karstuma nov\u0113r\u0161ana<\/h2>\n<div class=\"image-with-text__text rte body\">\n<p>Galvas p\u0101rkar\u0161ana var izrais\u012bt diskomfortu, nogurumu un iesp\u0113jamas ar karstumu saist\u012btas saslim\u0161anas.<\/p>\n<h2 class=\"image-with-text__heading inline-richtext h2\">Gar\u012bg\u0101 skaidr\u012bba<\/h2>\n<div class=\"image-with-text__text rte body\">\n<p>V\u0113sas galvas uztur\u0113\u0161ana saun\u0101 var pal\u012bdz\u0113t uzlabot pr\u0101ta skaidr\u012bbu, koncentr\u0113\u0161anos un koncentr\u0113\u0161anos.<\/p>\n<h2 class=\"image-with-text__heading inline-richtext h2\">Prana pl\u016bsma<\/h2>\n<div class=\"image-with-text__text rte body\">\n<p><strong>Saska\u0146\u0101 ar \u0100jurv\u0113das<br \/>\n<\/strong>Pirts proced\u016bras laik\u0101 galvas atdzes\u0113\u0161ana nodro\u0161ina vienm\u0113r\u012bgu dz\u012bv\u012bbas ener\u0123ijas (pr\u0101nas) pl\u016bsmu vis\u0101 \u0137ermen\u012b.<\/p>\n<\/div>\n<\/div>\n<\/div>\n<\/div>\n<\/div>\n<p><iframe style=\"display: none;\"><\/iframe><\/p>\n<p><iframe style=\"display: none;\"><\/iframe><\/p>\n<p><iframe style=\"display: none;\"><\/iframe><\/p>\n<p><iframe style=\"display: none;\"><\/iframe><\/p>\n<p><iframe style=\"display: none;\"><\/iframe><\/p>\n","protected":false},"excerpt":{"rendered":"<p>Sp\u0113les main\u012bt\u0101js! Atv\u0113sino\u0161a svaiguma saj\u016bta. Nov\u0113r\u0161 smadze\u0146u p\u0101rkar\u0161anu. Uzlabo asinsriti. Labv\u0113l\u012bgi ietekm\u0113 nervu sist\u0113mu. Uzlabo miega kvalit\u0101ti. Svaigi izkusis ledus Veicina smadze\u0146u vesel\u012bbu Veido atv\u0113sino\u0161u efektu. T\u012bra atsvaidzin\u0101juma saj\u016bta, kas sniedz jums ener\u0123iju un \u013cauj piln\u012bb\u0101 izbaud\u012bt pirts pieredzi jaun\u0101 l\u012bmen\u012b. P\u0101rm\u0113r\u012bga smadze\u0146u karstuma nov\u0113r\u0161ana Galvas p\u0101rkar\u0161ana var izrais\u012bt diskomfortu, nogurumu un iesp\u0113jamas ar karstumu [&hellip;]<\/p>\n","protected":false},"featured_media":9697,"comment_status":"open","ping_status":"closed","template":"","meta":[],"product_cat":[272],"product_tag":[],"acf":[],"yoast_head":"<!-- This site is optimized with the Yoast SEO plugin v21.2 - https:\/\/yoast.com\/wordpress\/plugins\/seo\/ -->\n<title>LEDUS CEPURE - PickAqua<\/title>\n<meta name=\"description\" content=\"Sp\u0113les main\u012bt\u0101js! Atv\u0113sino\u0161a svaiguma saj\u016bta. Nov\u0113r\u0161 smadze\u0146u p\u0101rkar\u0161anu. Uzlabo asinsriti. Labv\u0113l\u012bgi ietekm\u0113 nervu sist\u0113mu. Uzlabo miega kvalit\u0101ti...\" \/>\n<meta name=\"robots\" content=\"index, follow, max-snippet:-1, max-image-preview:large, max-video-preview:-1\" \/>\n<link rel=\"canonical\" href=\"https:\/\/pickaqua.com\/shop\/gadgets\/hats\/ice-hat\/\" \/>\n<meta property=\"og:locale\" content=\"lv_LV\" \/>\n<meta property=\"og:type\" content=\"article\" \/>\n<meta property=\"og:title\" content=\"LEDUS CEPURE - PickAqua\" \/>\n<meta property=\"og:description\" content=\"Sp\u0113les main\u012bt\u0101js! Atv\u0113sino\u0161a svaiguma saj\u016bta. Nov\u0113r\u0161 smadze\u0146u p\u0101rkar\u0161anu. Uzlabo asinsriti. Labv\u0113l\u012bgi ietekm\u0113 nervu sist\u0113mu. Uzlabo miega kvalit\u0101ti...\" \/>\n<meta property=\"og:url\" content=\"https:\/\/pickaqua.com\/shop\/gadgets\/hats\/ice-hat\/\" \/>\n<meta property=\"og:site_name\" content=\"PickAqua\" \/>\n<meta property=\"article:publisher\" content=\"https:\/\/www.facebook.com\/pickaquaapp\/\" \/>\n<meta property=\"article:modified_time\" content=\"2024-06-26T13:22:17+00:00\" \/>\n<meta property=\"og:image\" content=\"https:\/\/pickaqua.com\/wp-content\/uploads\/2024\/06\/20240510_2036001-scaled.webp\" \/>\n\t<meta property=\"og:image:width\" content=\"1920\" \/>\n\t<meta property=\"og:image:height\" content=\"2560\" \/>\n\t<meta property=\"og:image:type\" content=\"image\/webp\" \/>\n<meta name=\"twitter:card\" content=\"summary_large_image\" \/>\n<meta name=\"twitter:label1\" content=\"Price\" \/>\n\t<meta name=\"twitter:data1\" content=\"&euro;45.00 (&euro;37.19 bez PVN)\" \/>\n\t<meta name=\"twitter:label2\" content=\"Availability\" \/>\n\t<meta name=\"twitter:data2\" content=\"In stock\" \/>\n<script type=\"application\/ld+json\" class=\"yoast-schema-graph\">{\"@context\":\"https:\/\/schema.org\",\"@graph\":[{\"@type\":\"WebPage\",\"@id\":\"https:\/\/pickaqua.com\/shop\/gadgets\/hats\/ice-hat\/\",\"url\":\"https:\/\/pickaqua.com\/shop\/gadgets\/hats\/ice-hat\/\",\"name\":\"LEDUS CEPURE - PickAqua\",\"isPartOf\":{\"@id\":\"https:\/\/pickaqua.com\/#website\"},\"datePublished\":\"2024-06-26T12:49:11+00:00\",\"dateModified\":\"2024-06-26T13:22:17+00:00\",\"description\":\"Sp\u0113les main\u012bt\u0101js! Atv\u0113sino\u0161a svaiguma saj\u016bta. Nov\u0113r\u0161 smadze\u0146u p\u0101rkar\u0161anu. Uzlabo asinsriti. Labv\u0113l\u012bgi ietekm\u0113 nervu sist\u0113mu. Uzlabo miega kvalit\u0101ti...\",\"breadcrumb\":{\"@id\":\"https:\/\/pickaqua.com\/shop\/gadgets\/hats\/ice-hat\/#breadcrumb\"},\"inLanguage\":\"lv-LV\",\"potentialAction\":[{\"@type\":\"ReadAction\",\"target\":[\"https:\/\/pickaqua.com\/shop\/gadgets\/hats\/ice-hat\/\"]}]},{\"@type\":\"BreadcrumbList\",\"@id\":\"https:\/\/pickaqua.com\/shop\/gadgets\/hats\/ice-hat\/#breadcrumb\",\"itemListElement\":[{\"@type\":\"ListItem\",\"position\":1,\"name\":\"Home\",\"item\":\"https:\/\/pickaqua.com\/lv\/\"},{\"@type\":\"ListItem\",\"position\":2,\"name\":\"\u016adens veikals\",\"item\":\"https:\/\/pickaqua.com\/lv\/veikals\/\"},{\"@type\":\"ListItem\",\"position\":3,\"name\":\"Gad\u017eeti\",\"item\":\"https:\/\/pickaqua.com\/lv\/product-category\/gadzeti\/\"},{\"@type\":\"ListItem\",\"position\":4,\"name\":\"Hats\",\"item\":\"https:\/\/pickaqua.com\/product-category\/gadgets\/hats\/\"},{\"@type\":\"ListItem\",\"position\":5,\"name\":\"LEDUS CEPURE\"}]},{\"@type\":\"WebSite\",\"@id\":\"https:\/\/pickaqua.com\/#website\",\"url\":\"https:\/\/pickaqua.com\/\",\"name\":\"PickAqua\",\"description\":\"World&#039;s first water choice app\",\"publisher\":{\"@id\":\"https:\/\/pickaqua.com\/#organization\"},\"potentialAction\":[{\"@type\":\"SearchAction\",\"target\":{\"@type\":\"EntryPoint\",\"urlTemplate\":\"https:\/\/pickaqua.com\/?s={search_term_string}\"},\"query-input\":\"required name=search_term_string\"}],\"inLanguage\":\"lv-LV\"},{\"@type\":\"Organization\",\"@id\":\"https:\/\/pickaqua.com\/#organization\",\"name\":\"PickAqua\",\"url\":\"https:\/\/pickaqua.com\/\",\"logo\":{\"@type\":\"ImageObject\",\"inLanguage\":\"lv-LV\",\"@id\":\"https:\/\/pickaqua.com\/#\/schema\/logo\/image\/\",\"url\":\"https:\/\/pickaqua.com\/wp-content\/uploads\/2023\/03\/Horizontal-logo_blue1-1.png\",\"contentUrl\":\"https:\/\/pickaqua.com\/wp-content\/uploads\/2023\/03\/Horizontal-logo_blue1-1.png\",\"width\":177,\"height\":176,\"caption\":\"PickAqua\"},\"image\":{\"@id\":\"https:\/\/pickaqua.com\/#\/schema\/logo\/image\/\"},\"sameAs\":[\"https:\/\/www.facebook.com\/pickaquaapp\/\",\"https:\/\/www.instagram.com\/pickaqua\/\"]}]}<\/script>\n<meta property=\"product:price:amount\" content=\"45.00\" \/>\n<meta property=\"product:price:currency\" content=\"EUR\" \/>\n<meta property=\"og:availability\" content=\"instock\" \/>\n<meta property=\"product:availability\" content=\"instock\" \/>\n<meta property=\"product:retailer_item_id\" content=\"ice-hat\" \/>\n<meta property=\"product:condition\" content=\"new\" \/>\n<!-- \/ Yoast SEO plugin. -->","yoast_head_json":{"title":"LEDUS CEPURE - PickAqua","description":"Sp\u0113les main\u012bt\u0101js! Atv\u0113sino\u0161a svaiguma saj\u016bta. Nov\u0113r\u0161 smadze\u0146u p\u0101rkar\u0161anu. Uzlabo asinsriti. Labv\u0113l\u012bgi ietekm\u0113 nervu sist\u0113mu. Uzlabo miega kvalit\u0101ti...","robots":{"index":"index","follow":"follow","max-snippet":"max-snippet:-1","max-image-preview":"max-image-preview:large","max-video-preview":"max-video-preview:-1"},"canonical":"https:\/\/pickaqua.com\/shop\/gadgets\/hats\/ice-hat\/","og_locale":"lv_LV","og_type":"article","og_title":"LEDUS CEPURE - PickAqua","og_description":"Sp\u0113les main\u012bt\u0101js! Atv\u0113sino\u0161a svaiguma saj\u016bta. Nov\u0113r\u0161 smadze\u0146u p\u0101rkar\u0161anu. Uzlabo asinsriti. Labv\u0113l\u012bgi ietekm\u0113 nervu sist\u0113mu. Uzlabo miega kvalit\u0101ti...","og_url":"https:\/\/pickaqua.com\/shop\/gadgets\/hats\/ice-hat\/","og_site_name":"PickAqua","article_publisher":"https:\/\/www.facebook.com\/pickaquaapp\/","article_modified_time":"2024-06-26T13:22:17+00:00","og_image":[{"width":1920,"height":2560,"url":"https:\/\/pickaqua.com\/wp-content\/uploads\/2024\/06\/20240510_2036001-scaled.webp","type":"image\/webp"}],"twitter_card":"summary_large_image","twitter_misc":{"Price":"&euro;45.00 (&euro;37.19 bez PVN)","Availability":"In stock"},"schema":{"@context":"https:\/\/schema.org","@graph":[{"@type":"WebPage","@id":"https:\/\/pickaqua.com\/shop\/gadgets\/hats\/ice-hat\/","url":"https:\/\/pickaqua.com\/shop\/gadgets\/hats\/ice-hat\/","name":"LEDUS CEPURE - PickAqua","isPartOf":{"@id":"https:\/\/pickaqua.com\/#website"},"datePublished":"2024-06-26T12:49:11+00:00","dateModified":"2024-06-26T13:22:17+00:00","description":"Sp\u0113les main\u012bt\u0101js! Atv\u0113sino\u0161a svaiguma saj\u016bta. Nov\u0113r\u0161 smadze\u0146u p\u0101rkar\u0161anu. Uzlabo asinsriti. Labv\u0113l\u012bgi ietekm\u0113 nervu sist\u0113mu. Uzlabo miega kvalit\u0101ti...","breadcrumb":{"@id":"https:\/\/pickaqua.com\/shop\/gadgets\/hats\/ice-hat\/#breadcrumb"},"inLanguage":"lv-LV","potentialAction":[{"@type":"ReadAction","target":["https:\/\/pickaqua.com\/shop\/gadgets\/hats\/ice-hat\/"]}]},{"@type":"BreadcrumbList","@id":"https:\/\/pickaqua.com\/shop\/gadgets\/hats\/ice-hat\/#breadcrumb","itemListElement":[{"@type":"ListItem","position":1,"name":"Home","item":"https:\/\/pickaqua.com\/lv\/"},{"@type":"ListItem","position":2,"name":"\u016adens veikals","item":"https:\/\/pickaqua.com\/lv\/veikals\/"},{"@type":"ListItem","position":3,"name":"Gad\u017eeti","item":"https:\/\/pickaqua.com\/lv\/product-category\/gadzeti\/"},{"@type":"ListItem","position":4,"name":"Hats","item":"https:\/\/pickaqua.com\/product-category\/gadgets\/hats\/"},{"@type":"ListItem","position":5,"name":"LEDUS CEPURE"}]},{"@type":"WebSite","@id":"https:\/\/pickaqua.com\/#website","url":"https:\/\/pickaqua.com\/","name":"PickAqua","description":"World&#039;s first water choice app","publisher":{"@id":"https:\/\/pickaqua.com\/#organization"},"potentialAction":[{"@type":"SearchAction","target":{"@type":"EntryPoint","urlTemplate":"https:\/\/pickaqua.com\/?s={search_term_string}"},"query-input":"required name=search_term_string"}],"inLanguage":"lv-LV"},{"@type":"Organization","@id":"https:\/\/pickaqua.com\/#organization","name":"PickAqua","url":"https:\/\/pickaqua.com\/","logo":{"@type":"ImageObject","inLanguage":"lv-LV","@id":"https:\/\/pickaqua.com\/#\/schema\/logo\/image\/","url":"https:\/\/pickaqua.com\/wp-content\/uploads\/2023\/03\/Horizontal-logo_blue1-1.png","contentUrl":"https:\/\/pickaqua.com\/wp-content\/uploads\/2023\/03\/Horizontal-logo_blue1-1.png","width":177,"height":176,"caption":"PickAqua"},"image":{"@id":"https:\/\/pickaqua.com\/#\/schema\/logo\/image\/"},"sameAs":["https:\/\/www.facebook.com\/pickaquaapp\/","https:\/\/www.instagram.com\/pickaqua\/"]}]},"product_price_amount":"45.00","product_price_currency":"EUR","og_availability":"instock","product_availability":"instock","product_retailer_item_id":"ice-hat","product_condition":"new"},"_links":{"self":[{"href":"https:\/\/pickaqua.com\/lv\/wp-json\/wp\/v2\/product\/9727"}],"collection":[{"href":"https:\/\/pickaqua.com\/lv\/wp-json\/wp\/v2\/product"}],"about":[{"href":"https:\/\/pickaqua.com\/lv\/wp-json\/wp\/v2\/types\/product"}],"replies":[{"embeddable":true,"href":"https:\/\/pickaqua.com\/lv\/wp-json\/wp\/v2\/comments?post=9727"}],"wp:featuredmedia":[{"embeddable":true,"href":"https:\/\/pickaqua.com\/lv\/wp-json\/wp\/v2\/media\/9697"}],"wp:attachment":[{"href":"https:\/\/pickaqua.com\/lv\/wp-json\/wp\/v2\/media?parent=9727"}],"wp:term":[{"taxonomy":"product_cat","embeddable":true,"href":"https:\/\/pickaqua.com\/lv\/wp-json\/wp\/v2\/product_cat?post=9727"},{"taxonomy":"product_tag","embeddable":true,"href":"https:\/\/pickaqua.com\/lv\/wp-json\/wp\/v2\/product_tag?post=9727"}],"curies":[{"name":"wp","href":"https:\/\/api.w.org\/{rel}","templated":true}]}}