{"id":9894,"date":"2024-07-31T22:06:20","date_gmt":"2024-07-31T19:06:20","guid":{"rendered":"https:\/\/pickaqua.com\/shop\/uncategorized\/mg-mivela-viegli-gazets-1-35l\/"},"modified":"2026-03-27T15:26:22","modified_gmt":"2026-03-27T12:26:22","slug":"mg-mivela-lightly-carbonated-1-35l","status":"publish","type":"product","link":"https:\/\/pickaqua.com\/lv\/shop\/dabigais-udens\/dabigais-mineraludens\/mg-mivela-lightly-carbonated-1-35l\/","title":{"rendered":"Mg Mivela viegli g\u0101z\u0113ts 1.75l"},"content":{"rendered":"<ul>\n<li>Dab\u012bgo miner\u0101l\u016bdeni Mg Mivela (Mg = 343mg\/l) var saukt par degvielu sirdij, tas ir \u012bsts magnija boosteris no Serbijas. <strong>Viens litrs satur 91% no ikdienas magnija devas, kas ir 343mg\/l<\/strong>. Viegli g\u0101z\u0113ts<\/li>\n<li>K\u0101 j\u016bs, iesp\u0113jams, zin\u0101t, magnijs ir viens no vislab\u0101k absorb\u0113tajiem miner\u0101liem organism\u0101 tie\u0161i no \u016bdens.<\/li>\n<li>J\u016bs sajut\u012bsiet magniju da\u017e\u0101dos veidos. Pirmk\u0101rt, j\u016bsu sirds komforts uzlabosies, \u012bpa\u0161i sportojot vai pirt\u012b ejot. Vienk\u0101r\u0161i iedzeriet labu daudzumu MgMivela da\u017eas stundas pirms tam.<\/li>\n<li>Miega kvalit\u0101te uzlabosies, un stress samazin\u0101sies, padarot dz\u012bvi laim\u012bg\u0101ku.<\/li>\n<li>Turkl\u0101t tas ir bag\u0101ts ar \u016bde\u0146ra\u017ea karbon\u0101tu (HCO3 &#8211; 2109mg\/l), kas pal\u012bdz l\u012bdzsvarot \u0137erme\u0146a pH un neitraliz\u0113t sk\u0101bumu. Tas ir ide\u0101ls \u016bdens akt\u012bviem cilv\u0113kiem, kuri v\u0113las uzlabot savas sirds komfortu. Magnijs ir viens no galvenajiem miner\u0101liem labas vesel\u012bbas nodro\u0161in\u0101\u0161anai, tas piedal\u0101s vair\u0101k nek\u0101 300 procesos organism\u0101.<\/li>\n<li>Gar\u0161a ir p\u0101rsteidzo\u0161a\u2014tas ir nedaudz salds magnija d\u0113\u013c un nedaudz s\u0101\u013c\u0161. Un tas ir piln\u012bgi t\u012brs no pies\u0101r\u0146ojuma; taj\u0101 nav nitr\u0101tu. Tas ir must-have \u016bdens. J\u016bsu sirds b\u016bs pateic\u012bga par r\u016bp\u0113m par to dabisk\u0101 veid\u0101.<\/li>\n<li>Mg Mivela ir lieliska d\u0101vana draugam!<\/li>\n<\/ul>\n<p><strong>Ieteikums:<\/strong> Lai sajustu efektu, vair\u0101kas stundas pirms treni\u0146a ieteicams izdzert lielu daudzumu MgMivela. Ja v\u0113lies uzlabot miega kvalit\u0101ti, tad dzer MgMivela dienas otraj\u0101 pus\u0113.<\/p>\n<p><iframe style=\"display: none;\"><\/iframe><\/p>\n<p><iframe style=\"display: none;\"><\/iframe><\/p>\n<p><iframe style=\"display: none;\"><\/iframe><\/p>\n<p><iframe style=\"display: none;\"><\/iframe><\/p>\n<p><iframe style=\"display: none;\"><\/iframe><\/p>\n<p><iframe style=\"display: none;\"><\/iframe><\/p>\n","protected":false},"excerpt":{"rendered":"<p>Dab\u012bgo miner\u0101l\u016bdeni Mg Mivela (Mg = 343mg\/l) var saukt par degvielu sirdij, tas ir \u012bsts magnija boosteris no Serbijas. Viens litrs satur 91% no ikdienas magnija devas, kas ir 343mg\/l. Viegli g\u0101z\u0113ts K\u0101 j\u016bs, iesp\u0113jams, zin\u0101t, magnijs ir viens no vislab\u0101k absorb\u0113tajiem miner\u0101liem organism\u0101 tie\u0161i no \u016bdens. J\u016bs sajut\u012bsiet magniju da\u017e\u0101dos veidos. Pirmk\u0101rt, j\u016bsu sirds [&hellip;]<\/p>\n","protected":false},"featured_media":9925,"comment_status":"open","ping_status":"closed","template":"","meta":[],"product_cat":[60],"product_tag":[288,283,289,287],"acf":[],"yoast_head":"<!-- This site is optimized with the Yoast SEO plugin v21.2 - https:\/\/yoast.com\/wordpress\/plugins\/seo\/ -->\n<title>Mg Mivela viegli g\u0101z\u0113ts 1.75l - PickAqua<\/title>\n<meta name=\"description\" content=\"Dab\u012bgo miner\u0101l\u016bdeni Mg Mivela (Mg = 343mg\/l) var saukt par degvielu sirdij, tas ir \u012bsts magnija boosteris no Serbijas...\" \/>\n<meta name=\"robots\" content=\"index, follow, max-snippet:-1, max-image-preview:large, max-video-preview:-1\" \/>\n<link rel=\"canonical\" href=\"https:\/\/pickaqua.com\/lv\/shop\/dabigais-udens\/dabigais-mineraludens\/mg-mivela-lightly-carbonated-1-35l\/\" \/>\n<meta property=\"og:locale\" content=\"lv_LV\" \/>\n<meta property=\"og:type\" content=\"article\" \/>\n<meta property=\"og:title\" content=\"Mg Mivela viegli g\u0101z\u0113ts 1.75l - PickAqua\" \/>\n<meta property=\"og:description\" content=\"Dab\u012bgo miner\u0101l\u016bdeni Mg Mivela (Mg = 343mg\/l) var saukt par degvielu sirdij, tas ir \u012bsts magnija boosteris no Serbijas...\" \/>\n<meta property=\"og:url\" content=\"https:\/\/pickaqua.com\/lv\/shop\/dabigais-udens\/dabigais-mineraludens\/mg-mivela-lightly-carbonated-1-35l\/\" \/>\n<meta property=\"og:site_name\" content=\"PickAqua\" \/>\n<meta property=\"article:publisher\" content=\"https:\/\/www.facebook.com\/pickaquaapp\/\" \/>\n<meta property=\"article:modified_time\" content=\"2026-03-27T12:26:22+00:00\" \/>\n<meta property=\"og:image\" content=\"https:\/\/pickaqua.com\/wp-content\/uploads\/2024\/07\/28dbc134a202334693f8acbcb1eb06d0.jpg\" \/>\n\t<meta property=\"og:image:width\" content=\"1200\" \/>\n\t<meta property=\"og:image:height\" content=\"1800\" \/>\n\t<meta property=\"og:image:type\" content=\"image\/jpeg\" \/>\n<meta name=\"twitter:card\" content=\"summary_large_image\" \/>\n<meta name=\"twitter:label1\" content=\"Price\" \/>\n\t<meta name=\"twitter:data1\" content=\"&euro;2.40 (&euro;1.98 bez PVN)\" \/>\n\t<meta name=\"twitter:label2\" content=\"Availability\" \/>\n\t<meta name=\"twitter:data2\" content=\"In stock\" \/>\n<script type=\"application\/ld+json\" class=\"yoast-schema-graph\">{\"@context\":\"https:\/\/schema.org\",\"@graph\":[{\"@type\":\"WebPage\",\"@id\":\"https:\/\/pickaqua.com\/lv\/shop\/dabigais-udens\/dabigais-mineraludens\/mg-mivela-lightly-carbonated-1-35l\/\",\"url\":\"https:\/\/pickaqua.com\/lv\/shop\/dabigais-udens\/dabigais-mineraludens\/mg-mivela-lightly-carbonated-1-35l\/\",\"name\":\"Mg Mivela viegli g\u0101z\u0113ts 1.75l - PickAqua\",\"isPartOf\":{\"@id\":\"https:\/\/pickaqua.com\/#website\"},\"datePublished\":\"2024-07-31T19:06:20+00:00\",\"dateModified\":\"2026-03-27T12:26:22+00:00\",\"description\":\"Dab\u012bgo miner\u0101l\u016bdeni Mg Mivela (Mg = 343mg\/l) var saukt par degvielu sirdij, tas ir \u012bsts magnija boosteris no Serbijas...\",\"breadcrumb\":{\"@id\":\"https:\/\/pickaqua.com\/lv\/shop\/dabigais-udens\/dabigais-mineraludens\/mg-mivela-lightly-carbonated-1-35l\/#breadcrumb\"},\"inLanguage\":\"lv-LV\",\"potentialAction\":[{\"@type\":\"ReadAction\",\"target\":[\"https:\/\/pickaqua.com\/lv\/shop\/dabigais-udens\/dabigais-mineraludens\/mg-mivela-lightly-carbonated-1-35l\/\"]}]},{\"@type\":\"BreadcrumbList\",\"@id\":\"https:\/\/pickaqua.com\/lv\/shop\/dabigais-udens\/dabigais-mineraludens\/mg-mivela-lightly-carbonated-1-35l\/#breadcrumb\",\"itemListElement\":[{\"@type\":\"ListItem\",\"position\":1,\"name\":\"Home\",\"item\":\"https:\/\/pickaqua.com\/lv\/\"},{\"@type\":\"ListItem\",\"position\":2,\"name\":\"\u016adens veikals\",\"item\":\"https:\/\/pickaqua.com\/lv\/veikals\/\"},{\"@type\":\"ListItem\",\"position\":3,\"name\":\"Dab\u012bgais \u016bdens\",\"item\":\"https:\/\/pickaqua.com\/lv\/product-category\/dabigais-udens\/\"},{\"@type\":\"ListItem\",\"position\":4,\"name\":\"Dab\u012bgais miner\u0101l\u016bdens\",\"item\":\"https:\/\/pickaqua.com\/lv\/product-category\/dabigais-udens\/dabigais-mineraludens\/\"},{\"@type\":\"ListItem\",\"position\":5,\"name\":\"Mg Mivela viegli g\u0101z\u0113ts 1.75l\"}]},{\"@type\":\"WebSite\",\"@id\":\"https:\/\/pickaqua.com\/#website\",\"url\":\"https:\/\/pickaqua.com\/\",\"name\":\"PickAqua\",\"description\":\"World&#039;s first water choice app\",\"publisher\":{\"@id\":\"https:\/\/pickaqua.com\/#organization\"},\"potentialAction\":[{\"@type\":\"SearchAction\",\"target\":{\"@type\":\"EntryPoint\",\"urlTemplate\":\"https:\/\/pickaqua.com\/?s={search_term_string}\"},\"query-input\":\"required name=search_term_string\"}],\"inLanguage\":\"lv-LV\"},{\"@type\":\"Organization\",\"@id\":\"https:\/\/pickaqua.com\/#organization\",\"name\":\"PickAqua\",\"url\":\"https:\/\/pickaqua.com\/\",\"logo\":{\"@type\":\"ImageObject\",\"inLanguage\":\"lv-LV\",\"@id\":\"https:\/\/pickaqua.com\/#\/schema\/logo\/image\/\",\"url\":\"https:\/\/pickaqua.com\/wp-content\/uploads\/2023\/03\/Horizontal-logo_blue1-1.png\",\"contentUrl\":\"https:\/\/pickaqua.com\/wp-content\/uploads\/2023\/03\/Horizontal-logo_blue1-1.png\",\"width\":177,\"height\":176,\"caption\":\"PickAqua\"},\"image\":{\"@id\":\"https:\/\/pickaqua.com\/#\/schema\/logo\/image\/\"},\"sameAs\":[\"https:\/\/www.facebook.com\/pickaquaapp\/\",\"https:\/\/www.instagram.com\/pickaqua\/\"]}]}<\/script>\n<meta property=\"product:price:amount\" content=\"2.40\" \/>\n<meta property=\"product:price:currency\" content=\"EUR\" \/>\n<meta property=\"og:availability\" content=\"instock\" \/>\n<meta property=\"product:availability\" content=\"instock\" \/>\n<meta property=\"product:retailer_item_id\" content=\"MgM_S_DIO\" \/>\n<meta property=\"product:condition\" content=\"new\" \/>\n<!-- \/ Yoast SEO plugin. -->","yoast_head_json":{"title":"Mg Mivela viegli g\u0101z\u0113ts 1.75l - PickAqua","description":"Dab\u012bgo miner\u0101l\u016bdeni Mg Mivela (Mg = 343mg\/l) var saukt par degvielu sirdij, tas ir \u012bsts magnija boosteris no Serbijas...","robots":{"index":"index","follow":"follow","max-snippet":"max-snippet:-1","max-image-preview":"max-image-preview:large","max-video-preview":"max-video-preview:-1"},"canonical":"https:\/\/pickaqua.com\/lv\/shop\/dabigais-udens\/dabigais-mineraludens\/mg-mivela-lightly-carbonated-1-35l\/","og_locale":"lv_LV","og_type":"article","og_title":"Mg Mivela viegli g\u0101z\u0113ts 1.75l - PickAqua","og_description":"Dab\u012bgo miner\u0101l\u016bdeni Mg Mivela (Mg = 343mg\/l) var saukt par degvielu sirdij, tas ir \u012bsts magnija boosteris no Serbijas...","og_url":"https:\/\/pickaqua.com\/lv\/shop\/dabigais-udens\/dabigais-mineraludens\/mg-mivela-lightly-carbonated-1-35l\/","og_site_name":"PickAqua","article_publisher":"https:\/\/www.facebook.com\/pickaquaapp\/","article_modified_time":"2026-03-27T12:26:22+00:00","og_image":[{"width":1200,"height":1800,"url":"https:\/\/pickaqua.com\/wp-content\/uploads\/2024\/07\/28dbc134a202334693f8acbcb1eb06d0.jpg","type":"image\/jpeg"}],"twitter_card":"summary_large_image","twitter_misc":{"Price":"&euro;2.40 (&euro;1.98 bez PVN)","Availability":"In stock"},"schema":{"@context":"https:\/\/schema.org","@graph":[{"@type":"WebPage","@id":"https:\/\/pickaqua.com\/lv\/shop\/dabigais-udens\/dabigais-mineraludens\/mg-mivela-lightly-carbonated-1-35l\/","url":"https:\/\/pickaqua.com\/lv\/shop\/dabigais-udens\/dabigais-mineraludens\/mg-mivela-lightly-carbonated-1-35l\/","name":"Mg Mivela viegli g\u0101z\u0113ts 1.75l - PickAqua","isPartOf":{"@id":"https:\/\/pickaqua.com\/#website"},"datePublished":"2024-07-31T19:06:20+00:00","dateModified":"2026-03-27T12:26:22+00:00","description":"Dab\u012bgo miner\u0101l\u016bdeni Mg Mivela (Mg = 343mg\/l) var saukt par degvielu sirdij, tas ir \u012bsts magnija boosteris no Serbijas...","breadcrumb":{"@id":"https:\/\/pickaqua.com\/lv\/shop\/dabigais-udens\/dabigais-mineraludens\/mg-mivela-lightly-carbonated-1-35l\/#breadcrumb"},"inLanguage":"lv-LV","potentialAction":[{"@type":"ReadAction","target":["https:\/\/pickaqua.com\/lv\/shop\/dabigais-udens\/dabigais-mineraludens\/mg-mivela-lightly-carbonated-1-35l\/"]}]},{"@type":"BreadcrumbList","@id":"https:\/\/pickaqua.com\/lv\/shop\/dabigais-udens\/dabigais-mineraludens\/mg-mivela-lightly-carbonated-1-35l\/#breadcrumb","itemListElement":[{"@type":"ListItem","position":1,"name":"Home","item":"https:\/\/pickaqua.com\/lv\/"},{"@type":"ListItem","position":2,"name":"\u016adens veikals","item":"https:\/\/pickaqua.com\/lv\/veikals\/"},{"@type":"ListItem","position":3,"name":"Dab\u012bgais \u016bdens","item":"https:\/\/pickaqua.com\/lv\/product-category\/dabigais-udens\/"},{"@type":"ListItem","position":4,"name":"Dab\u012bgais miner\u0101l\u016bdens","item":"https:\/\/pickaqua.com\/lv\/product-category\/dabigais-udens\/dabigais-mineraludens\/"},{"@type":"ListItem","position":5,"name":"Mg Mivela viegli g\u0101z\u0113ts 1.75l"}]},{"@type":"WebSite","@id":"https:\/\/pickaqua.com\/#website","url":"https:\/\/pickaqua.com\/","name":"PickAqua","description":"World&#039;s first water choice app","publisher":{"@id":"https:\/\/pickaqua.com\/#organization"},"potentialAction":[{"@type":"SearchAction","target":{"@type":"EntryPoint","urlTemplate":"https:\/\/pickaqua.com\/?s={search_term_string}"},"query-input":"required name=search_term_string"}],"inLanguage":"lv-LV"},{"@type":"Organization","@id":"https:\/\/pickaqua.com\/#organization","name":"PickAqua","url":"https:\/\/pickaqua.com\/","logo":{"@type":"ImageObject","inLanguage":"lv-LV","@id":"https:\/\/pickaqua.com\/#\/schema\/logo\/image\/","url":"https:\/\/pickaqua.com\/wp-content\/uploads\/2023\/03\/Horizontal-logo_blue1-1.png","contentUrl":"https:\/\/pickaqua.com\/wp-content\/uploads\/2023\/03\/Horizontal-logo_blue1-1.png","width":177,"height":176,"caption":"PickAqua"},"image":{"@id":"https:\/\/pickaqua.com\/#\/schema\/logo\/image\/"},"sameAs":["https:\/\/www.facebook.com\/pickaquaapp\/","https:\/\/www.instagram.com\/pickaqua\/"]}]},"product_price_amount":"2.40","product_price_currency":"EUR","og_availability":"instock","product_availability":"instock","product_retailer_item_id":"MgM_S_DIO","product_condition":"new"},"_links":{"self":[{"href":"https:\/\/pickaqua.com\/lv\/wp-json\/wp\/v2\/product\/9894"}],"collection":[{"href":"https:\/\/pickaqua.com\/lv\/wp-json\/wp\/v2\/product"}],"about":[{"href":"https:\/\/pickaqua.com\/lv\/wp-json\/wp\/v2\/types\/product"}],"replies":[{"embeddable":true,"href":"https:\/\/pickaqua.com\/lv\/wp-json\/wp\/v2\/comments?post=9894"}],"wp:featuredmedia":[{"embeddable":true,"href":"https:\/\/pickaqua.com\/lv\/wp-json\/wp\/v2\/media\/9925"}],"wp:attachment":[{"href":"https:\/\/pickaqua.com\/lv\/wp-json\/wp\/v2\/media?parent=9894"}],"wp:term":[{"taxonomy":"product_cat","embeddable":true,"href":"https:\/\/pickaqua.com\/lv\/wp-json\/wp\/v2\/product_cat?post=9894"},{"taxonomy":"product_tag","embeddable":true,"href":"https:\/\/pickaqua.com\/lv\/wp-json\/wp\/v2\/product_tag?post=9894"}],"curies":[{"name":"wp","href":"https:\/\/api.w.org\/{rel}","templated":true}]}}