{"id":7381,"date":"2023-07-07T19:14:28","date_gmt":"2023-07-07T16:14:28","guid":{"rendered":"https:\/\/pickaqua.com\/shop\/uncategorized\/gemstone-vial-aqualibrium\/"},"modified":"2023-07-07T19:14:28","modified_gmt":"2023-07-07T16:14:28","slug":"gemstone-vial-aqualibrium","status":"publish","type":"product","link":"https:\/\/pickaqua.com\/ru\/shop\/gadzhety\/vials-ru\/gemstone-vial-aqualibrium\/","title":{"rendered":"Gemstone Vial Aqualibrium"},"content":{"rendered":"<p>AQUALIBRIUM. Die fr\u00f6hlich frische Kombination aus Peridot und Lapislazuli ist laut Steinheilkunde ein wahrer Booster f\u00fcr pers\u00f6nliche Neustarts und Projekte. Ob berufliche Ver\u00e4nderung oder pers\u00f6nliche Weiterentwicklung, aqualibrium wird dir dabei helfen, den ersten Schritt zu tun und deine Kr\u00e4fte zu mobilisieren. Verwirkliche deine Ziele und lass dich dabei von einer positiven Lebenseinstellung und heiterer Gelassenheit tragen.<\/p>\n<p>QUALIT\u00c4T. Die VitaJuwel Edelsteinst\u00e4be werden aus hochwertigem, schadstofffreiem Glas von Meisterhand in einem patentierten Herstellungsverfahren handgefertigt. Gef\u00fcllt werden die Glasphiolen ausschlie\u00dflich mit fair gehandelten, handverlesenen und sorgf\u00e4ltig gereinigten Edelsteinen.<\/p>\n<p>GEBRAUCH. Befestige den Edelsteinstab einfach in der optional erh\u00e4ltlichen, mit Trinkwasser gef\u00fcllten Karaffe era oder dem Wasserspender grande und schon nach etwa 10 Minuten kannst du dein Edelsteinwasser genie\u00dfen. Erlebe dabei den vorz\u00fcglichen Geschmack von Edelsteinwasser und eine Wasserqualit\u00e4t, die vergleichbar ist mit frischem, lebendigem Quellwasser.<\/p>\n<p>REINIGUNG. F\u00fcr die Reinigung der Phiole verwendest du bitte lauwarmes Wasser und gegebenenfalls etwas Essigessenz oder Zitronens\u00e4ure zur Entfernung von Kalkr\u00fcckst\u00e4nden. Bitte beachte, dass die Glasphiole nicht sp\u00fclmaschinenfest ist und hohe Temperaturunterschiede zu Spannungsrissen f\u00fchren k\u00f6nnen.<\/p>\n<p>HYGIENE. Mit den Edelsteinst\u00e4ben von VitaJuwel musst du die Steine nicht mehr direkt ins Trinkwasser legen. Somit kannst du sicher sein, dass keine Verunreinigungen oder Gesteinssplitter in dein Trinkwasser gelangen. Au\u00dferdem entf\u00e4llt die aufwendige Reinigung der Edelsteine, bei der die Steine allm\u00e4hlich ihren Glanz verlieren und von Zeit zu Zeit ausgetauscht werden m\u00fcssen. Mit den Glasphiolen von VitaJuwel kannst du dich dein Leben lang am Glanz der wertvollen Edelsteine erfreuen und dein Edelsteinwasser auf hygienische und nachhaltige Weise herstellen.<\/p>\n<p>&nbsp;<\/p>\n<p>&nbsp;<\/p>\n<div class=\"additional-attributes-wrapper table-wrapper\">\n<table id=\"product-attribute-specs-table\" class=\"data table additional-attributes\">\n<tbody>\n<tr>\n<th class=\"col label\" scope=\"row\">EAN<\/th>\n<td class=\"col data\" data-th=\"EAN\">4260228313436<\/td>\n<\/tr>\n<tr>\n<th class=\"col label\" scope=\"row\">Comes With<\/th>\n<td class=\"col data\" data-th=\"Comes With\">Edelsteinstab<\/td>\n<\/tr>\n<tr>\n<th class=\"col label\" scope=\"row\">Dimensions &amp; Weight<\/th>\n<td class=\"col data\" data-th=\"Dimensions &amp; Weight\">H\u00f6he 350 mm | Durchmesser 50 mm<\/td>\n<\/tr>\n<tr>\n<th class=\"col label\" scope=\"row\">Material<\/th>\n<td class=\"col data\" data-th=\"Material\">Glas | Edelsteine<\/td>\n<\/tr>\n<tr>\n<th class=\"col label\" scope=\"row\">Care<\/th>\n<td class=\"col data\" data-th=\"Care\">Bitte per Hand mit lauwarmem Wasser reinigen.<\/td>\n<\/tr>\n<\/tbody>\n<\/table>\n<\/div>\n<p><iframe style=\"display: none;\"><\/iframe><\/p>\n<p><iframe style=\"display: none;\"><\/iframe><\/p>\n<p><iframe style=\"display: none;\"><\/iframe><\/p>\n<p><iframe style=\"display: none;\"><\/iframe><\/p>\n<p><iframe style=\"display: none;\"><\/iframe><\/p>\n<p><iframe style=\"display: none;\"><\/iframe><\/p>\n<p><iframe style=\"display: none;\"><\/iframe><\/p>\n<p><iframe style=\"display: none;\"><\/iframe><\/p>\n<p><iframe style=\"display: none;\"><\/iframe><\/p>\n<p><iframe style=\"display: none;\"><\/iframe><\/p>\n<p><iframe style=\"display: none;\"><\/iframe><\/p>\n<p><iframe style=\"display: none;\"><\/iframe><\/p>\n<p><iframe style=\"display: none;\"><\/iframe><\/p>\n<p><iframe style=\"display: none;\"><\/iframe><\/p>\n","protected":false},"excerpt":{"rendered":"<p><strong>Peridot \u2013 Lapislazuli \u2013 Bergkristall <\/strong><\/p>\n<p><strong>\u00a0<\/strong>LOVE WHAT YOU DRINK. Genie\u00dfe frisches und lebendiges Edelsteinwasser wie frisch von der Quelle. Der nach alter Tradition handgefertigte Edelsteinstab belebt dein Trinkwasser und verleiht ihm einen unvergleichlich sanften Geschmack. Erfreue dich t\u00e4glich am Glanz der handverlesenen Edelsteine und erschaffe dir damit deine eigene, kleine Wohlf\u00fchloase.<\/p>\n<p>AQUALIBRIUM. Bringe K\u00f6rper und Geist in Balance mit dem unvergleichlichen Wasser der aqualibrium Kollektion \u2013 powered by Metabolic Balance, unserem Partner f\u00fcr eine dauerhaft gesunde Ern\u00e4hrung. Begleite dein individuelles Ern\u00e4hrungsprogramm mit dem frischen und lebendigen Wasser dieser Edelsteinmischung. Die fein aufeinander abgestimmten Steine f\u00f6rdern laut Steinheilkunde eine positive Lebenseinstellung und das Vertrauen in die eigenen Kr\u00e4fte.<\/p>\n","protected":false},"featured_media":5029,"comment_status":"closed","ping_status":"closed","template":"","meta":[],"product_cat":[233,195],"product_tag":[],"acf":[],"yoast_head":"<!-- This site is optimized with the Yoast SEO plugin v21.2 - https:\/\/yoast.com\/wordpress\/plugins\/seo\/ -->\n<title>Gemstone Vial Aqualibrium - PickAqua<\/title>\n<meta name=\"robots\" content=\"index, follow, max-snippet:-1, max-image-preview:large, max-video-preview:-1\" \/>\n<link rel=\"canonical\" href=\"https:\/\/pickaqua.com\/shop\/gadgets\/vials\/gemstone-vial-aqualibrium\/\" \/>\n<meta property=\"og:locale\" content=\"ru_RU\" \/>\n<meta property=\"og:type\" content=\"article\" \/>\n<meta property=\"og:title\" content=\"Gemstone Vial Aqualibrium - PickAqua\" \/>\n<meta property=\"og:description\" content=\"Peridot \u2013 Lapislazuli \u2013 Bergkristall   \u00a0LOVE WHAT YOU DRINK. Genie\u00dfe frisches und lebendiges Edelsteinwasser wie frisch von der Quelle. Der nach alter Tradition handgefertigte Edelsteinstab belebt dein Trinkwasser und verleiht ihm einen unvergleichlich sanften Geschmack. Erfreue dich t\u00e4glich am Glanz der handverlesenen Edelsteine und erschaffe dir damit deine eigene, kleine Wohlf\u00fchloase.  AQUALIBRIUM. Bringe K\u00f6rper und Geist in Balance mit dem unvergleichlichen Wasser der aqualibrium Kollektion \u2013 powered by Metabolic Balance, unserem Partner f\u00fcr eine dauerhaft gesunde Ern\u00e4hrung. Begleite dein individuelles Ern\u00e4hrungsprogramm mit dem frischen und lebendigen Wasser dieser Edelsteinmischung. Die fein aufeinander abgestimmten Steine f\u00f6rdern laut Steinheilkunde eine positive Lebenseinstellung und das Vertrauen in die eigenen Kr\u00e4fte.\" \/>\n<meta property=\"og:url\" content=\"https:\/\/pickaqua.com\/shop\/gadgets\/vials\/gemstone-vial-aqualibrium\/\" \/>\n<meta property=\"og:site_name\" content=\"PickAqua\" \/>\n<meta property=\"article:publisher\" content=\"https:\/\/www.facebook.com\/pickaquaapp\/\" \/>\n<meta property=\"og:image\" content=\"https:\/\/pickaqua.com\/wp-content\/uploads\/2023\/07\/1.jpg\" \/>\n\t<meta property=\"og:image:width\" content=\"600\" \/>\n\t<meta property=\"og:image:height\" content=\"800\" \/>\n\t<meta property=\"og:image:type\" content=\"image\/jpeg\" \/>\n<meta name=\"twitter:card\" content=\"summary_large_image\" \/>\n<meta name=\"twitter:label1\" content=\"\u0426\u0435\u043d\u0430\" \/>\n\t<meta name=\"twitter:data1\" content=\"&euro;139.00 (&euro;114.88 \u0431\u0435\u0437 \u041d\u0414\u0421)\" \/>\n\t<meta name=\"twitter:label2\" content=\"\u0414\u043e\u0441\u0442\u0443\u043f\u043d\u043e\u0441\u0442\u044c\" \/>\n\t<meta name=\"twitter:data2\" content=\"\u0412 \u043d\u0430\u043b\u0438\u0447\u0438\u0438\" \/>\n<script type=\"application\/ld+json\" class=\"yoast-schema-graph\">{\"@context\":\"https:\/\/schema.org\",\"@graph\":[{\"@type\":\"WebPage\",\"@id\":\"https:\/\/pickaqua.com\/shop\/gadgets\/vials\/gemstone-vial-aqualibrium\/\",\"url\":\"https:\/\/pickaqua.com\/shop\/gadgets\/vials\/gemstone-vial-aqualibrium\/\",\"name\":\"Gemstone Vial Aqualibrium - PickAqua\",\"isPartOf\":{\"@id\":\"https:\/\/pickaqua.com\/#website\"},\"datePublished\":\"2023-07-07T16:14:28+00:00\",\"dateModified\":\"2023-07-07T16:14:28+00:00\",\"breadcrumb\":{\"@id\":\"https:\/\/pickaqua.com\/shop\/gadgets\/vials\/gemstone-vial-aqualibrium\/#breadcrumb\"},\"inLanguage\":\"ru-RU\",\"potentialAction\":[{\"@type\":\"ReadAction\",\"target\":[\"https:\/\/pickaqua.com\/shop\/gadgets\/vials\/gemstone-vial-aqualibrium\/\"]}]},{\"@type\":\"BreadcrumbList\",\"@id\":\"https:\/\/pickaqua.com\/shop\/gadgets\/vials\/gemstone-vial-aqualibrium\/#breadcrumb\",\"itemListElement\":[{\"@type\":\"ListItem\",\"position\":1,\"name\":\"Home\",\"item\":\"https:\/\/pickaqua.com\/ru\/\"},{\"@type\":\"ListItem\",\"position\":2,\"name\":\"\u041c\u0430\u0433\u0430\u0437\u0438\u043d \u0432\u043e\u0434\u044b\",\"item\":\"https:\/\/pickaqua.com\/ru\/shop\/\"},{\"@type\":\"ListItem\",\"position\":3,\"name\":\"Gadgets\",\"item\":\"https:\/\/pickaqua.com\/product-category\/gadgets\/\"},{\"@type\":\"ListItem\",\"position\":4,\"name\":\"Vials\",\"item\":\"https:\/\/pickaqua.com\/product-category\/gadgets\/vials\/\"},{\"@type\":\"ListItem\",\"position\":5,\"name\":\"Gemstone Vial Aqualibrium\"}]},{\"@type\":\"WebSite\",\"@id\":\"https:\/\/pickaqua.com\/#website\",\"url\":\"https:\/\/pickaqua.com\/\",\"name\":\"PickAqua\",\"description\":\"World&#039;s first water choice app\",\"publisher\":{\"@id\":\"https:\/\/pickaqua.com\/#organization\"},\"potentialAction\":[{\"@type\":\"SearchAction\",\"target\":{\"@type\":\"EntryPoint\",\"urlTemplate\":\"https:\/\/pickaqua.com\/?s={search_term_string}\"},\"query-input\":\"required name=search_term_string\"}],\"inLanguage\":\"ru-RU\"},{\"@type\":\"Organization\",\"@id\":\"https:\/\/pickaqua.com\/#organization\",\"name\":\"PickAqua\",\"url\":\"https:\/\/pickaqua.com\/\",\"logo\":{\"@type\":\"ImageObject\",\"inLanguage\":\"ru-RU\",\"@id\":\"https:\/\/pickaqua.com\/#\/schema\/logo\/image\/\",\"url\":\"https:\/\/pickaqua.com\/wp-content\/uploads\/2023\/03\/Horizontal-logo_blue1-1.png\",\"contentUrl\":\"https:\/\/pickaqua.com\/wp-content\/uploads\/2023\/03\/Horizontal-logo_blue1-1.png\",\"width\":177,\"height\":176,\"caption\":\"PickAqua\"},\"image\":{\"@id\":\"https:\/\/pickaqua.com\/#\/schema\/logo\/image\/\"},\"sameAs\":[\"https:\/\/www.facebook.com\/pickaquaapp\/\",\"https:\/\/www.instagram.com\/pickaqua\/\"]}]}<\/script>\n<meta property=\"product:price:amount\" content=\"139.00\" \/>\n<meta property=\"product:price:currency\" content=\"EUR\" \/>\n<meta property=\"og:availability\" content=\"instock\" \/>\n<meta property=\"product:availability\" content=\"instock\" \/>\n<meta property=\"product:condition\" content=\"new\" \/>\n<!-- \/ Yoast SEO plugin. -->","yoast_head_json":{"title":"Gemstone Vial Aqualibrium - PickAqua","robots":{"index":"index","follow":"follow","max-snippet":"max-snippet:-1","max-image-preview":"max-image-preview:large","max-video-preview":"max-video-preview:-1"},"canonical":"https:\/\/pickaqua.com\/shop\/gadgets\/vials\/gemstone-vial-aqualibrium\/","og_locale":"ru_RU","og_type":"article","og_title":"Gemstone Vial Aqualibrium - PickAqua","og_description":"Peridot \u2013 Lapislazuli \u2013 Bergkristall   \u00a0LOVE WHAT YOU DRINK. Genie\u00dfe frisches und lebendiges Edelsteinwasser wie frisch von der Quelle. Der nach alter Tradition handgefertigte Edelsteinstab belebt dein Trinkwasser und verleiht ihm einen unvergleichlich sanften Geschmack. Erfreue dich t\u00e4glich am Glanz der handverlesenen Edelsteine und erschaffe dir damit deine eigene, kleine Wohlf\u00fchloase.  AQUALIBRIUM. Bringe K\u00f6rper und Geist in Balance mit dem unvergleichlichen Wasser der aqualibrium Kollektion \u2013 powered by Metabolic Balance, unserem Partner f\u00fcr eine dauerhaft gesunde Ern\u00e4hrung. Begleite dein individuelles Ern\u00e4hrungsprogramm mit dem frischen und lebendigen Wasser dieser Edelsteinmischung. Die fein aufeinander abgestimmten Steine f\u00f6rdern laut Steinheilkunde eine positive Lebenseinstellung und das Vertrauen in die eigenen Kr\u00e4fte.","og_url":"https:\/\/pickaqua.com\/shop\/gadgets\/vials\/gemstone-vial-aqualibrium\/","og_site_name":"PickAqua","article_publisher":"https:\/\/www.facebook.com\/pickaquaapp\/","og_image":[{"width":600,"height":800,"url":"https:\/\/pickaqua.com\/wp-content\/uploads\/2023\/07\/1.jpg","type":"image\/jpeg"}],"twitter_card":"summary_large_image","twitter_misc":{"\u0426\u0435\u043d\u0430":"&euro;139.00 (&euro;114.88 \u0431\u0435\u0437 \u041d\u0414\u0421)","\u0414\u043e\u0441\u0442\u0443\u043f\u043d\u043e\u0441\u0442\u044c":"\u0412 \u043d\u0430\u043b\u0438\u0447\u0438\u0438"},"schema":{"@context":"https:\/\/schema.org","@graph":[{"@type":"WebPage","@id":"https:\/\/pickaqua.com\/shop\/gadgets\/vials\/gemstone-vial-aqualibrium\/","url":"https:\/\/pickaqua.com\/shop\/gadgets\/vials\/gemstone-vial-aqualibrium\/","name":"Gemstone Vial Aqualibrium - PickAqua","isPartOf":{"@id":"https:\/\/pickaqua.com\/#website"},"datePublished":"2023-07-07T16:14:28+00:00","dateModified":"2023-07-07T16:14:28+00:00","breadcrumb":{"@id":"https:\/\/pickaqua.com\/shop\/gadgets\/vials\/gemstone-vial-aqualibrium\/#breadcrumb"},"inLanguage":"ru-RU","potentialAction":[{"@type":"ReadAction","target":["https:\/\/pickaqua.com\/shop\/gadgets\/vials\/gemstone-vial-aqualibrium\/"]}]},{"@type":"BreadcrumbList","@id":"https:\/\/pickaqua.com\/shop\/gadgets\/vials\/gemstone-vial-aqualibrium\/#breadcrumb","itemListElement":[{"@type":"ListItem","position":1,"name":"Home","item":"https:\/\/pickaqua.com\/ru\/"},{"@type":"ListItem","position":2,"name":"\u041c\u0430\u0433\u0430\u0437\u0438\u043d \u0432\u043e\u0434\u044b","item":"https:\/\/pickaqua.com\/ru\/shop\/"},{"@type":"ListItem","position":3,"name":"Gadgets","item":"https:\/\/pickaqua.com\/product-category\/gadgets\/"},{"@type":"ListItem","position":4,"name":"Vials","item":"https:\/\/pickaqua.com\/product-category\/gadgets\/vials\/"},{"@type":"ListItem","position":5,"name":"Gemstone Vial Aqualibrium"}]},{"@type":"WebSite","@id":"https:\/\/pickaqua.com\/#website","url":"https:\/\/pickaqua.com\/","name":"PickAqua","description":"World&#039;s first water choice app","publisher":{"@id":"https:\/\/pickaqua.com\/#organization"},"potentialAction":[{"@type":"SearchAction","target":{"@type":"EntryPoint","urlTemplate":"https:\/\/pickaqua.com\/?s={search_term_string}"},"query-input":"required name=search_term_string"}],"inLanguage":"ru-RU"},{"@type":"Organization","@id":"https:\/\/pickaqua.com\/#organization","name":"PickAqua","url":"https:\/\/pickaqua.com\/","logo":{"@type":"ImageObject","inLanguage":"ru-RU","@id":"https:\/\/pickaqua.com\/#\/schema\/logo\/image\/","url":"https:\/\/pickaqua.com\/wp-content\/uploads\/2023\/03\/Horizontal-logo_blue1-1.png","contentUrl":"https:\/\/pickaqua.com\/wp-content\/uploads\/2023\/03\/Horizontal-logo_blue1-1.png","width":177,"height":176,"caption":"PickAqua"},"image":{"@id":"https:\/\/pickaqua.com\/#\/schema\/logo\/image\/"},"sameAs":["https:\/\/www.facebook.com\/pickaquaapp\/","https:\/\/www.instagram.com\/pickaqua\/"]}]},"product_price_amount":"139.00","product_price_currency":"EUR","og_availability":"instock","product_availability":"instock","product_condition":"new"},"_links":{"self":[{"href":"https:\/\/pickaqua.com\/ru\/wp-json\/wp\/v2\/product\/7381"}],"collection":[{"href":"https:\/\/pickaqua.com\/ru\/wp-json\/wp\/v2\/product"}],"about":[{"href":"https:\/\/pickaqua.com\/ru\/wp-json\/wp\/v2\/types\/product"}],"replies":[{"embeddable":true,"href":"https:\/\/pickaqua.com\/ru\/wp-json\/wp\/v2\/comments?post=7381"}],"wp:featuredmedia":[{"embeddable":true,"href":"https:\/\/pickaqua.com\/ru\/wp-json\/wp\/v2\/media\/5029"}],"wp:attachment":[{"href":"https:\/\/pickaqua.com\/ru\/wp-json\/wp\/v2\/media?parent=7381"}],"wp:term":[{"taxonomy":"product_cat","embeddable":true,"href":"https:\/\/pickaqua.com\/ru\/wp-json\/wp\/v2\/product_cat?post=7381"},{"taxonomy":"product_tag","embeddable":true,"href":"https:\/\/pickaqua.com\/ru\/wp-json\/wp\/v2\/product_tag?post=7381"}],"curies":[{"name":"wp","href":"https:\/\/api.w.org\/{rel}","templated":true}]}}